{"id":11796,"date":"2015-11-22T21:06:17","date_gmt":"2015-11-22T19:06:17","guid":{"rendered":"http:\/\/www.oguztansel.org\/?page_id=11796"},"modified":"2017-03-20T10:56:22","modified_gmt":"2017-03-20T07:56:22","slug":"cagri","status":"publish","type":"page","link":"http:\/\/www.oguztansel.org\/de\/cagri\/","title":{"rendered":"AUFRUF I"},"content":{"rendered":"<p><a class=\"group1\" title=\"Picasso\" href=\"http:\/\/www.oguztansel.org\/wp-content\/uploads\/2015\/11\/\u00c7a\u011fr\u0131-I.jpg\"><img decoding=\"async\" loading=\"lazy\" class=\"  wp-image-12995 alignright\" style=\"margin-right: 20%;\" src=\"http:\/\/www.oguztansel.org\/wp-content\/uploads\/2015\/11\/\u00c7a\u011fr\u0131-I.jpg\" alt=\"\u00c7A\u011eRI I\" width=\"238\" height=\"364\" \/><\/a><\/p>\n<div style=\"margin-left: 20%;\">\n<p style=\"text-align: left;\">\n<strong>AUFRUF I<\/strong><\/p>\n<p>So wie Wandern ein Gef\u00fchl f\u00fcr Entfernungen und Wege gibt<br \/>\nWie Fliegen des Vogels Freiheit mit jedem Flug mehrt<br \/>\nWie Galoppieren Pferden und Gazellen ihren Lauf l\u00e4\u00dft<br \/>\nWie die Wasser ihren Lauf im Flie\u00dfen finden<br \/>\nWie die \u00d6lweide frei wird, wenn Bl\u00e4tter und Bl\u00fcten sprie\u00dfen<br \/>\nSo wird der Mensch frei beim Denken und Tun<br \/>\nbis der Mond untergeht und der Tag anbricht.<br \/>\nDu sollst wissen: Ich denke st\u00e4ndig an dich,<br \/>\nvier Jahreszeiten und zw\u00f6lf Monate lang.<\/p>\n<p><strong>O\u011fuz Tansel<\/strong><br \/>\n<em>\u00dcbersetzt von Thomas Balkenhol<\/em>\n<\/p>\n<\/div>\n<p><\/p>","protected":false},"excerpt":{"rendered":"<p>AUFRUF I So wie Wandern ein Gef\u00fchl f\u00fcr Entfernungen und Wege gibt Wie Fliegen des Vogels Freiheit mit jedem Flug mehrt Wie Galoppieren Pferden und Gazellen ihren Lauf l\u00e4\u00dft Wie die Wasser ihren Lauf im Flie\u00dfen finden Wie die \u00d6lweide frei wird, wenn Bl\u00e4tter und Bl\u00fcten sprie\u00dfen So wird der Mensch frei beim Denken und [&hellip;]<\/p>\n","protected":false},"author":1,"featured_media":0,"parent":0,"menu_order":0,"comment_status":"open","ping_status":"open","template":"","meta":[],"_links":{"self":[{"href":"http:\/\/www.oguztansel.org\/de\/wp-json\/wp\/v2\/pages\/11796"}],"collection":[{"href":"http:\/\/www.oguztansel.org\/de\/wp-json\/wp\/v2\/pages"}],"about":[{"href":"http:\/\/www.oguztansel.org\/de\/wp-json\/wp\/v2\/types\/page"}],"author":[{"embeddable":true,"href":"http:\/\/www.oguztansel.org\/de\/wp-json\/wp\/v2\/users\/1"}],"replies":[{"embeddable":true,"href":"http:\/\/www.oguztansel.org\/de\/wp-json\/wp\/v2\/comments?post=11796"}],"version-history":[{"count":12,"href":"http:\/\/www.oguztansel.org\/de\/wp-json\/wp\/v2\/pages\/11796\/revisions"}],"predecessor-version":[{"id":13374,"href":"http:\/\/www.oguztansel.org\/de\/wp-json\/wp\/v2\/pages\/11796\/revisions\/13374"}],"wp:attachment":[{"href":"http:\/\/www.oguztansel.org\/de\/wp-json\/wp\/v2\/media?parent=11796"}],"curies":[{"name":"wp","href":"https:\/\/api.w.org\/{rel}","templated":true}]}}