{"id":11798,"date":"2015-11-22T21:07:08","date_gmt":"2015-11-22T19:07:08","guid":{"rendered":"http:\/\/www.oguztansel.org\/?page_id=11798"},"modified":"2017-03-20T10:35:42","modified_gmt":"2017-03-20T07:35:42","slug":"adamlar","status":"publish","type":"page","link":"http:\/\/www.oguztansel.org\/de\/adamlar\/","title":{"rendered":"M\u00e4nner"},"content":{"rendered":"<p><a class=\"group1\" title=\"Nuri \u0130yem\" href=\"http:\/\/www.oguztansel.org\/wp-content\/uploads\/2015\/11\/adamlar.jpg\"><img decoding=\"async\" loading=\"lazy\" class=\"wp-image-12995 alignright\" style=\"margin-right: 20%;\" src=\"http:\/\/www.oguztansel.org\/wp-content\/uploads\/2015\/11\/adamlar.jpg\" alt=\"Adamlar\" width=\"302\" height=\"463\" \/><\/a><\/p>\n<div style=\"margin-left: 20%;\">\n<p style=\"text-align: left;\">\n<strong>M\u00e4nner<\/strong><\/p>\n<p>M\u00e4nner, ein H\u00e4ufchen Elend am Wegesrand<br \/>\nRunzeln an der Stirn<br \/>\nRunzeln an den H\u00e4nden<br \/>\ndie Gedanken in Fesseln<\/p>\n<p>die Gesichter voller Kummer<br \/>\nUnd doch lodert Feuer in ihren Herzen?<br \/>\nUnd doch gl\u00e4nzt in ihren Augen die Sehnsucht nach Ackerland.<br \/>\nAber die Jahre flie\u00dfen dahin,<\/p>\n<p>Zerrinnen in ihren H\u00e4nden wie Wasser.<br \/>\nEiner der M\u00e4nner jedoch entdeckt die Sonne in seinem Herzen,<br \/>\nsteht auf wie ein Berg aus dem Nebel<br \/>\nund schreit es heraus:<br \/>\n\u201eSich h\u00e4ngen lassen, das pa\u00dft nicht zu uns!<br \/>\nWir sollten es ausleben, unser Leben,<\/p>\n<p>Gutes und das Sch\u00f6nes erbauen!<br \/>\nDazu sind wir auf der Welt.\u201d<br \/>\nUnd mit einem Male war der Weg voll Sonne<br \/>\nund die Augen der M\u00e4nner voller Lebensmut.<\/p>\n<p><strong>O\u011fuz Tansel<\/strong><br \/>\n<em>\u00dcbersetzt von Thomas Balkenhol<\/em>\n<\/p>\n<\/div>\n<p><\/p>","protected":false},"excerpt":{"rendered":"<p>M\u00e4nner M\u00e4nner, ein H\u00e4ufchen Elend am Wegesrand Runzeln an der Stirn Runzeln an den H\u00e4nden die Gedanken in Fesseln die Gesichter voller Kummer Und doch lodert Feuer in ihren Herzen? Und doch gl\u00e4nzt in ihren Augen die Sehnsucht nach Ackerland. Aber die Jahre flie\u00dfen dahin, Zerrinnen in ihren H\u00e4nden wie Wasser. Einer der M\u00e4nner jedoch [&hellip;]<\/p>\n","protected":false},"author":1,"featured_media":0,"parent":0,"menu_order":0,"comment_status":"closed","ping_status":"open","template":"","meta":[],"_links":{"self":[{"href":"http:\/\/www.oguztansel.org\/de\/wp-json\/wp\/v2\/pages\/11798"}],"collection":[{"href":"http:\/\/www.oguztansel.org\/de\/wp-json\/wp\/v2\/pages"}],"about":[{"href":"http:\/\/www.oguztansel.org\/de\/wp-json\/wp\/v2\/types\/page"}],"author":[{"embeddable":true,"href":"http:\/\/www.oguztansel.org\/de\/wp-json\/wp\/v2\/users\/1"}],"replies":[{"embeddable":true,"href":"http:\/\/www.oguztansel.org\/de\/wp-json\/wp\/v2\/comments?post=11798"}],"version-history":[{"count":12,"href":"http:\/\/www.oguztansel.org\/de\/wp-json\/wp\/v2\/pages\/11798\/revisions"}],"predecessor-version":[{"id":13366,"href":"http:\/\/www.oguztansel.org\/de\/wp-json\/wp\/v2\/pages\/11798\/revisions\/13366"}],"wp:attachment":[{"href":"http:\/\/www.oguztansel.org\/de\/wp-json\/wp\/v2\/media?parent=11798"}],"curies":[{"name":"wp","href":"https:\/\/api.w.org\/{rel}","templated":true}]}}