{"id":11804,"date":"2015-12-03T10:36:53","date_gmt":"2015-12-03T08:36:53","guid":{"rendered":"http:\/\/www.oguztansel.org\/?page_id=11804"},"modified":"2018-09-29T16:37:09","modified_gmt":"2018-09-29T13:37:09","slug":"siirleri","status":"publish","type":"page","link":"http:\/\/www.oguztansel.org\/de\/siirleri\/","title":{"rendered":"Gedicht"},"content":{"rendered":"<p><a href=\"http:\/\/www.oguztansel.org\/de\/coban-dugmesi\/\"><b>Die Blume<\/b><\/a><b> <\/b><span style=\"font-family: Arial, sans-serif;\">(vor 1940)<\/span><br \/>\n<a href=\"http:\/\/www.oguztansel.org\/de\/bildircin\/\"><b>Die Wachtel<\/b><\/a> (vor 1940)<br \/>\n<a href=\"http:\/\/www.oguztansel.org\/de\/adamlar\/\"><span style=\"font-family: Arial, sans-serif;\"><b>Manner <\/b><\/span><\/a><span style=\"font-family: Arial, sans-serif;\">(1953, aus <\/span><span style=\"font-family: Arial, sans-serif;\"><i>Savrulmay\u0131 Bekleyen Harman<\/i><\/span><span style=\"font-family: Arial, sans-serif;\"> )<\/span><br \/>\n<a href=\"http:\/\/www.oguztansel.org\/de\/mayku-i\/\"><span style=\"font-family: Arial, sans-serif;\"><b>Mayku I, Geliebte <\/b><\/span><\/a><span style=\"font-family: Arial, sans-serif;\">(1953<\/span><span style=\"font-family: Arial, sans-serif;\"><b>, <\/b><\/span><span style=\"font-family: Arial, sans-serif;\">aus <\/span><span style=\"font-family: Arial, sans-serif;\"><i>Savrulmay\u0131 Bekleyen Harman <\/i><\/span><span style=\"font-family: Arial, sans-serif;\">)<\/span><br \/>\n<a href=\"http:\/\/www.oguztansel.org\/de\/salkim-sogut\/\"><span style=\"font-family: Arial, sans-serif;\"><b>Trauerweide <\/b><\/span><\/a><span style=\"font-family: Arial, sans-serif;\">(1953, aus <\/span><span style=\"font-family: Arial, sans-serif;\"><i>Savrulmay\u0131 Bekleyen Harman <\/i><\/span><span style=\"font-family: Arial, sans-serif;\">)<\/span><br \/>\n<a href=\"http:\/\/www.oguztansel.org\/de\/tutsagin-turkusu\/\"><span style=\"font-family: Arial, sans-serif;\"><b>Das Lied des Gefangenen <\/b><\/span><\/a><span style=\"font-family: Arial, sans-serif;\">(1953, aus <\/span><span style=\"font-family: Arial, sans-serif;\"><i>Savrulmay\u0131 Bekleyen Harman <\/i><\/span><span style=\"font-family: Arial, sans-serif;\">)<\/span><br \/>\n<b><a href=\"http:\/\/www.oguztansel.org\/de\/mayis-yagmuru\"><span style=\"font-family: Arial, sans-serif;\">Mairegen<\/span><\/a>\u00a0<\/b><span style=\"font-family: Arial, sans-serif;\">(1953, aus <\/span><span style=\"font-family: Arial, sans-serif;\"><i>Savrulmay\u0131 Bekleyen Harman <\/i><\/span><span style=\"font-family: Arial, sans-serif;\">)<\/span><br \/>\n<a href=\"http:\/\/www.oguztansel.org\/de\/mavu-bogaz\/\"><span style=\"font-family: Arial, sans-serif;\"><b>Der blaue Bergpass <\/b><\/span><\/a><span style=\"font-family: Arial, sans-serif;\">(1953, aus <\/span><span style=\"font-family: Arial, sans-serif;\"><i>Savrulmay\u0131 Bekleyen <\/i><\/span><span style=\"font-family: Arial, sans-serif;\">)<\/span><br \/>\n<a href=\"http:\/\/www.oguztansel.org\/de\/mutluluk-pesinde\/\"><span style=\"font-family: Arial, sans-serif;\"><b>Die Jagd nach dem Gl\u00fcck <\/b><\/span><\/a><span style=\"font-family: Arial, sans-serif;\">(1962, aus <\/span><span style=\"font-family: Arial, sans-serif;\"><i>G\u00f6z\u00fcn\u00fc Sevdi\u011fim <\/i><\/span><span style=\"font-family: Arial, sans-serif;\">)<\/span><br \/>\n<a href=\"http:\/\/www.oguztansel.org\/de\/cagri\/\"><span style=\"font-family: Arial, sans-serif;\"><b>Aufruf I <\/b><\/span><\/a><span style=\"font-family: Arial, sans-serif;\">(1962, aus <\/span><span style=\"font-family: Arial, sans-serif;\"><i>G\u00f6z\u00fcn\u00fc Sevdi\u011fim <\/i><\/span><span style=\"font-family: Arial, sans-serif;\">)<\/span><br \/>\n<a href=\"http:\/\/www.oguztansel.org\/de\/cagri-ii\/\"><span style=\"font-family: Arial, sans-serif;\"><b>Aufruf II <\/b><\/span><\/a><span style=\"font-family: Arial, sans-serif;\">( 1962, aus <\/span><span style=\"font-family: Arial, sans-serif;\"><i>G\u00f6z\u00fcn\u00fc Sevdi\u011fim <\/i><\/span><span style=\"font-family: Arial, sans-serif;\">)<\/span><br \/>\n<a href=\"http:\/\/www.oguztansel.org\/de\/cocuklar-ii\/\"><span style=\"font-family: Arial, sans-serif;\"><b>Kinder II<\/b><\/span><\/a><span style=\"font-family: Arial, sans-serif;\">( 1986. aus <\/span><span style=\"font-family: Arial, sans-serif;\"><i>Sar\u0131k\u0131z Yolu<\/i><\/span><span style=\"font-family: Arial, sans-serif;\">)<\/span><br \/>\n<a href=\"http:\/\/www.oguztansel.org\/de\/antalya-viii\/\"><span style=\"font-family: Arial, sans-serif;\"><b>Antalya VIII <\/b><\/span><\/a><span style=\"font-family: Arial, sans-serif;\">(1999, aus <\/span><span style=\"font-family: Arial, sans-serif;\"><i>Da\u011f\u0131 \u00d6pmeler <\/i><\/span><span style=\"font-family: Arial, sans-serif;\">)<\/span><br \/>\n<a href=\"http:\/\/www.oguztansel.org\/de\/bilitis-i\/\"><span style=\"font-family: Arial, sans-serif;\"><b>Bilitis I <\/b><\/span><\/a><span style=\"font-family: Arial, sans-serif;\">(1999, aus <\/span><span style=\"font-family: Arial, sans-serif;\"><i>Da\u011f\u0131 \u00d6pmeler <\/i><\/span><span style=\"font-family: Arial, sans-serif;\">)<\/span><br \/>\n<a href=\"http:\/\/www.oguztansel.org\/de\/kindam-i\/\"><span style=\"font-family: Arial, sans-serif;\"><b>K\u0131ndam I, Sch\u00f6nheit <\/b><\/span><\/a><span style=\"font-family: Arial, sans-serif;\">(1999, aus <\/span><span style=\"font-family: Arial, sans-serif;\"><i>Da\u011f\u0131 \u00d6pmeler <\/i><\/span><span style=\"font-family: Arial, sans-serif;\">)<\/span><br \/>\n<a href=\"http:\/\/www.oguztansel.org\/de\/savasa-hayir\/\"><span style=\"font-family: Arial, sans-serif;\"><b>Nie wieder Krieg <\/b><\/span><\/a><span style=\"font-family: Arial, sans-serif;\">(1999, aus, <\/span><span style=\"font-family: Arial, sans-serif;\"><i>Da\u011f\u0131 \u00d6pmeler <\/i><\/span><span style=\"font-family: Arial, sans-serif;\">)<\/span><br \/>\n<a href=\"http:\/\/www.oguztansel.org\/de\/usa-saygi\/\"><span style=\"font-family: Arial, sans-serif;\"><b>Respekt der Vernunft <\/b><\/span><\/a><span style=\"font-family: Arial, sans-serif;\">(1999, aus <\/span><span style=\"font-family: Arial, sans-serif;\"><i>Da\u011f\u0131 \u00d6pmeler <\/i><\/span><span style=\"font-family: Arial, sans-serif;\">)<\/span><br \/>\n<a href=\"http:\/\/www.oguztansel.org\/de\/bir-yanardag-ortadogu\/\"><span style=\"font-family: Arial, sans-serif;\"><b>Der Nahe Ost ist ein Vulkan <\/b><\/span><\/a><span style=\"font-family: Arial, sans-serif;\">(1999, aus <\/span><span style=\"font-family: Arial, sans-serif;\"><i>Da\u011f\u0131 \u00d6pmeler <\/i><\/span><span style=\"font-family: Arial, sans-serif;\">)<\/span><br \/>\n<a href=\"http:\/\/www.oguztansel.org\/de\/bilinc-isigi\/\"><span style=\"font-family: Arial, sans-serif;\"><b>Licht des Bewusstseins <\/b><\/span><\/a><span style=\"font-family: Arial, sans-serif;\">(1999, aus <\/span><span style=\"font-family: Arial, sans-serif;\"><i>Da\u011f\u0131 \u00d6pmeler <\/i><\/span><span style=\"font-family: Arial, sans-serif;\">)<\/span><\/p>","protected":false},"excerpt":{"rendered":"<p>Die Blume (vor 1940) Die Wachtel (vor 1940) Manner (1953, aus Savrulmay\u0131 Bekleyen Harman ) Mayku I, Geliebte (1953, aus Savrulmay\u0131 Bekleyen Harman ) Trauerweide (1953, aus Savrulmay\u0131 Bekleyen Harman ) Das Lied des Gefangenen (1953, aus Savrulmay\u0131 Bekleyen Harman ) Mairegen\u00a0(1953, aus Savrulmay\u0131 Bekleyen Harman ) Der blaue Bergpass (1953, aus Savrulmay\u0131 Bekleyen ) [&hellip;]<\/p>\n","protected":false},"author":1,"featured_media":0,"parent":0,"menu_order":0,"comment_status":"open","ping_status":"open","template":"","meta":[],"_links":{"self":[{"href":"http:\/\/www.oguztansel.org\/de\/wp-json\/wp\/v2\/pages\/11804"}],"collection":[{"href":"http:\/\/www.oguztansel.org\/de\/wp-json\/wp\/v2\/pages"}],"about":[{"href":"http:\/\/www.oguztansel.org\/de\/wp-json\/wp\/v2\/types\/page"}],"author":[{"embeddable":true,"href":"http:\/\/www.oguztansel.org\/de\/wp-json\/wp\/v2\/users\/1"}],"replies":[{"embeddable":true,"href":"http:\/\/www.oguztansel.org\/de\/wp-json\/wp\/v2\/comments?post=11804"}],"version-history":[{"count":46,"href":"http:\/\/www.oguztansel.org\/de\/wp-json\/wp\/v2\/pages\/11804\/revisions"}],"predecessor-version":[{"id":13583,"href":"http:\/\/www.oguztansel.org\/de\/wp-json\/wp\/v2\/pages\/11804\/revisions\/13583"}],"wp:attachment":[{"href":"http:\/\/www.oguztansel.org\/de\/wp-json\/wp\/v2\/media?parent=11804"}],"curies":[{"name":"wp","href":"https:\/\/api.w.org\/{rel}","templated":true}]}}