{"id":11817,"date":"2015-12-03T13:32:07","date_gmt":"2015-12-03T11:32:07","guid":{"rendered":"http:\/\/www.oguztansel.org\/?page_id=11817"},"modified":"2017-03-20T11:05:46","modified_gmt":"2017-03-20T08:05:46","slug":"mayku-i","status":"publish","type":"page","link":"http:\/\/www.oguztansel.org\/de\/mayku-i\/","title":{"rendered":"MAYKU, DIE GELIEBTE I"},"content":{"rendered":"<p><a class=\"group1\" title=\"Metin Elo\u011flu\" href=\"http:\/\/www.oguztansel.org\/wp-content\/uploads\/2015\/12\/mayku-1.jpg\"><img decoding=\"async\" loading=\"lazy\" class=\" size-medium wp-image-12995 alignright\" style=\"margin-right: 20%;\" src=\"http:\/\/www.oguztansel.org\/wp-content\/uploads\/2015\/12\/mayku-1.jpg\" alt=\"mutluluk pesinde\" width=\"196\" height=\"300\" \/><\/a><\/p>\n<div style=\"margin-left: 20%;\">\n<p style=\"text-align: left;\">\n<strong>MAYKU, DIE GELIEBTE I<\/strong><\/p>\n<p>Im Kirschenmonat<br \/>\nfiel in meine Augen kein Schlaf.<br \/>\nDas Schaudern der Finsternis fiel in mein Herz.<br \/>\nAber Feuer fing es doch, mein Herz, Mayku, Geliebte.<\/p>\n<p>Wenn Gold regnet von der \u00d6lweide,<br \/>\nund sie daherkommt, den Krug auf ihrer Schulter, die Hand an der Lende,<br \/>\nder Schwalben Lebensfreude am Saum ihres Rockes,<br \/>\ndann sollen die Berge erz\u00e4hlen,<br \/>\nvon Lebensfreude und Lebenslust.<\/p>\n<p>Wie versteinert sind hier Jungfrau und Braut,<br \/>\n\u201eTrennung droht immerdar\u201c liegt auf ihren Lippen.<br \/>\nJa, la\u00df nur deine Haare wehen im Wind!<br \/>\nDas bringt mich um,<br \/>\nnimmt mir den Verstand.<\/p>\n<p>S\u00fc\u00df ist der Regen am Fr\u00fchlingsmorgen.<br \/>\nBei dir liegt so sch\u00f6n ein \u201eWas soll es bedeuten?\u201c.<br \/>\nUnd der Mond verbringt den Abend in deinen Augen.<\/p>\n<p><strong>O\u011fuz Tansel<\/strong><br \/>\n<em>\u00dcbersetzt von Thomas Balkenhol<\/em>\n<\/p>\n<\/div>\n<p><\/p>","protected":false},"excerpt":{"rendered":"<p>MAYKU, DIE GELIEBTE I Im Kirschenmonat fiel in meine Augen kein Schlaf. Das Schaudern der Finsternis fiel in mein Herz. Aber Feuer fing es doch, mein Herz, Mayku, Geliebte. Wenn Gold regnet von der \u00d6lweide, und sie daherkommt, den Krug auf ihrer Schulter, die Hand an der Lende, der Schwalben Lebensfreude am Saum ihres Rockes, [&hellip;]<\/p>\n","protected":false},"author":1,"featured_media":0,"parent":0,"menu_order":0,"comment_status":"open","ping_status":"open","template":"","meta":[],"_links":{"self":[{"href":"http:\/\/www.oguztansel.org\/de\/wp-json\/wp\/v2\/pages\/11817"}],"collection":[{"href":"http:\/\/www.oguztansel.org\/de\/wp-json\/wp\/v2\/pages"}],"about":[{"href":"http:\/\/www.oguztansel.org\/de\/wp-json\/wp\/v2\/types\/page"}],"author":[{"embeddable":true,"href":"http:\/\/www.oguztansel.org\/de\/wp-json\/wp\/v2\/users\/1"}],"replies":[{"embeddable":true,"href":"http:\/\/www.oguztansel.org\/de\/wp-json\/wp\/v2\/comments?post=11817"}],"version-history":[{"count":11,"href":"http:\/\/www.oguztansel.org\/de\/wp-json\/wp\/v2\/pages\/11817\/revisions"}],"predecessor-version":[{"id":13380,"href":"http:\/\/www.oguztansel.org\/de\/wp-json\/wp\/v2\/pages\/11817\/revisions\/13380"}],"wp:attachment":[{"href":"http:\/\/www.oguztansel.org\/de\/wp-json\/wp\/v2\/media?parent=11817"}],"curies":[{"name":"wp","href":"https:\/\/api.w.org\/{rel}","templated":true}]}}