{"id":11823,"date":"2015-12-03T13:34:09","date_gmt":"2015-12-03T11:34:09","guid":{"rendered":"http:\/\/www.oguztansel.org\/?page_id=11823"},"modified":"2017-03-20T11:12:51","modified_gmt":"2017-03-20T08:12:51","slug":"tutsagin-turkusu","status":"publish","type":"page","link":"http:\/\/www.oguztansel.org\/de\/tutsagin-turkusu\/","title":{"rendered":"DAS LIED DES GEFANGENEN"},"content":{"rendered":"<p><a class=\"group1\" title=\"Matisse\" href=\"http:\/\/www.oguztansel.org\/wp-content\/uploads\/2016\/08\/index-2.jpg\"><img decoding=\"async\" loading=\"lazy\" class=\"  wp-image-12995 alignright\" style=\"margin-right: 20%;\" src=\"http:\/\/www.oguztansel.org\/wp-content\/uploads\/2016\/08\/index-2.jpg\" alt=\"antalya 8\" width=\"265\" height=\"242\" \/><\/a><\/p>\n<div style=\"margin-left: 20%;\">\n<p style=\"text-align: left;\"><strong>DAS LIED DES GEFANGENEN<\/strong><\/p>\n<p>Schauerlich ist es zu wissen,<br \/>\nda\u00df es m\u00f6glich ist, in L\u00fcften zu schweben,<br \/>\nda\u00df ein Vogel nach Herzenslust fliegen kann.<br \/>\nLiegt etwa darin der Sinn allen Menschseins?<br \/>\nSchauerlich ist es,<br \/>\nin einer Gebirgsgegend hinzuziehen ohne Pfad, ohne Stimmengewirr,<br \/>\nzum Fels der W\u00fcnsche, wie ein Gott<br \/>\nund die Berge in mir aneinander krachen zu lassen;<br \/>\nAbseits zu stehen wie ein herzloser Gott;<br \/>\nnicht ersehnt zu sein, vielleicht gesucht, aber nicht gefunden.<\/p>\n<p><strong>O\u011fuz Tansel<\/strong><br \/>\n<em>\u00dcbersetzt von Thomas Balkenhol<\/em>\n<\/p>\n<\/div>\n<p><\/p>","protected":false},"excerpt":{"rendered":"<p>DAS LIED DES GEFANGENEN Schauerlich ist es zu wissen, da\u00df es m\u00f6glich ist, in L\u00fcften zu schweben, da\u00df ein Vogel nach Herzenslust fliegen kann. Liegt etwa darin der Sinn allen Menschseins? Schauerlich ist es, in einer Gebirgsgegend hinzuziehen ohne Pfad, ohne Stimmengewirr, zum Fels der W\u00fcnsche, wie ein Gott und die Berge in mir aneinander [&hellip;]<\/p>\n","protected":false},"author":1,"featured_media":0,"parent":0,"menu_order":0,"comment_status":"closed","ping_status":"open","template":"","meta":[],"_links":{"self":[{"href":"http:\/\/www.oguztansel.org\/de\/wp-json\/wp\/v2\/pages\/11823"}],"collection":[{"href":"http:\/\/www.oguztansel.org\/de\/wp-json\/wp\/v2\/pages"}],"about":[{"href":"http:\/\/www.oguztansel.org\/de\/wp-json\/wp\/v2\/types\/page"}],"author":[{"embeddable":true,"href":"http:\/\/www.oguztansel.org\/de\/wp-json\/wp\/v2\/users\/1"}],"replies":[{"embeddable":true,"href":"http:\/\/www.oguztansel.org\/de\/wp-json\/wp\/v2\/comments?post=11823"}],"version-history":[{"count":12,"href":"http:\/\/www.oguztansel.org\/de\/wp-json\/wp\/v2\/pages\/11823\/revisions"}],"predecessor-version":[{"id":13384,"href":"http:\/\/www.oguztansel.org\/de\/wp-json\/wp\/v2\/pages\/11823\/revisions\/13384"}],"wp:attachment":[{"href":"http:\/\/www.oguztansel.org\/de\/wp-json\/wp\/v2\/media?parent=11823"}],"curies":[{"name":"wp","href":"https:\/\/api.w.org\/{rel}","templated":true}]}}