{"id":11825,"date":"2015-12-03T13:35:23","date_gmt":"2015-12-03T11:35:23","guid":{"rendered":"http:\/\/www.oguztansel.org\/?page_id=11825"},"modified":"2017-03-20T11:03:44","modified_gmt":"2017-03-20T08:03:44","slug":"mayis-yagmuru","status":"publish","type":"page","link":"http:\/\/www.oguztansel.org\/de\/mayis-yagmuru\/","title":{"rendered":"MAIREGEN"},"content":{"rendered":"<p><a class=\"group1\" title=\"Picasso\" href=\"http:\/\/www.oguztansel.org\/wp-content\/uploads\/2015\/12\/May\u0131s-Ya\u011fmuru.jpg\"><img decoding=\"async\" loading=\"lazy\" class=\"  wp-image-12995 alignright\" style=\"margin-right: 20%;\" src=\"http:\/\/www.oguztansel.org\/wp-content\/uploads\/2015\/12\/May\u0131s-Ya\u011fmuru.jpg\" alt=\"mutluluk pesinde\" width=\"282\" height=\"432\" \/><\/a><\/p>\n<div style=\"margin-left: 20%;\">\n<p style=\"text-align: left;\">\n<strong>MAIREGEN<\/strong><\/p>\n<p>Wie ein goldner Wagen mit silbernen R\u00e4dern,<br \/>\ndie Pferde mit Schaum vorm Maul:<br \/>\nso trifft Himmel auf Erde,<br \/>\ntropfenweise, behutsam und langsam,<br \/>\nkehrt zur\u00fcck zur Welt und steigt empor.<\/p>\n<p>Wie ein goldner Wagen mit silbernen R\u00e4dern!<br \/>\nJa, freut euch Kinder!<br \/>\nDenn nichts n\u00e4hrt so gut das Leben wie die Sonne mit ihrer Liebe.<br \/>\nDreht sich auch krumm und holprig die Welt,<br \/>\nbestehen bleibt unwandelbar das Naturgesetz.<\/p>\n<p>Wie ein goldner Wagen mit silbernen R\u00e4dern.<br \/>\nBlitzblank, Hand in Hand, h\u00e4ngen die Zweige.<br \/>\nDie Luft und der Himmel mit den Sternen \u00fcber jedem Dach<br \/>\ngeh\u00f6rt doch allen.<br \/>\nSo la\u00dft Freundschaft sprie\u00dfen und Zweige treiben.<\/p>\n<p>Wie ein goldner Wagen mit silbernen R\u00e4dern,<br \/>\nwie das Innere der Erde duftet die Geliebte.<br \/>\nOb Berg ob Tal ist einerlei.<br \/>\nAlles Leben findet hier Nahrung,<br \/>\nist gerecht verteilt, und das sei uns Beispiel.<\/p>\n<p>Wie ein goldner Wagen mit silbernen R\u00e4dern<br \/>\nverbrennt Feuer jede Hand.<br \/>\nKein Finger gleicht dem anderen.<br \/>\nDoch an jeder Hand sind f\u00fcnf Finger.<br \/>\nSch\u00f6ne Tage verhei\u00dft der Regen.<\/p>\n<p>Wie ein goldner Wagen mit silbernen R\u00e4dern<br \/>\nSprie\u00dfen W\u00fcnsche, Blatt um Blatt.<br \/>\nAlles B\u00f6se wird dann ausgewaschen.<br \/>\nRein wie ein Maimorgen im Regen<br \/>\nist dann unsere Welt, wie neugeboren.<\/p>\n<p><strong>O\u011fuz Tansel<\/strong><br \/>\n<em>\u00fcbersetzt von Thomas Balkenhol<\/em>\n<\/p>\n<\/div>\n<p><\/p>","protected":false},"excerpt":{"rendered":"<p>MAIREGEN Wie ein goldner Wagen mit silbernen R\u00e4dern, die Pferde mit Schaum vorm Maul: so trifft Himmel auf Erde, tropfenweise, behutsam und langsam, kehrt zur\u00fcck zur Welt und steigt empor. Wie ein goldner Wagen mit silbernen R\u00e4dern! Ja, freut euch Kinder! Denn nichts n\u00e4hrt so gut das Leben wie die Sonne mit ihrer Liebe. Dreht [&hellip;]<\/p>\n","protected":false},"author":1,"featured_media":0,"parent":0,"menu_order":0,"comment_status":"closed","ping_status":"open","template":"","meta":[],"_links":{"self":[{"href":"http:\/\/www.oguztansel.org\/de\/wp-json\/wp\/v2\/pages\/11825"}],"collection":[{"href":"http:\/\/www.oguztansel.org\/de\/wp-json\/wp\/v2\/pages"}],"about":[{"href":"http:\/\/www.oguztansel.org\/de\/wp-json\/wp\/v2\/types\/page"}],"author":[{"embeddable":true,"href":"http:\/\/www.oguztansel.org\/de\/wp-json\/wp\/v2\/users\/1"}],"replies":[{"embeddable":true,"href":"http:\/\/www.oguztansel.org\/de\/wp-json\/wp\/v2\/comments?post=11825"}],"version-history":[{"count":16,"href":"http:\/\/www.oguztansel.org\/de\/wp-json\/wp\/v2\/pages\/11825\/revisions"}],"predecessor-version":[{"id":13379,"href":"http:\/\/www.oguztansel.org\/de\/wp-json\/wp\/v2\/pages\/11825\/revisions\/13379"}],"wp:attachment":[{"href":"http:\/\/www.oguztansel.org\/de\/wp-json\/wp\/v2\/media?parent=11825"}],"curies":[{"name":"wp","href":"https:\/\/api.w.org\/{rel}","templated":true}]}}