{"id":11828,"date":"2015-12-03T13:36:37","date_gmt":"2015-12-03T11:36:37","guid":{"rendered":"http:\/\/www.oguztansel.org\/?page_id=11828"},"modified":"2017-03-20T11:02:12","modified_gmt":"2017-03-20T08:02:12","slug":"mavu-bogaz","status":"publish","type":"page","link":"http:\/\/www.oguztansel.org\/de\/mavu-bogaz\/","title":{"rendered":"DER BLAUE BERGPASS"},"content":{"rendered":"<p><a class=\"group1\" title=\"\" href=\"http:\/\/www.oguztansel.org\/wp-content\/uploads\/2015\/12\/Mavu-Bo\u011faz.jpg\"><img decoding=\"async\" loading=\"lazy\" class=\" size-medium wp-image-12995 alignright\" style=\"margin-right: 20%;\" src=\"http:\/\/www.oguztansel.org\/wp-content\/uploads\/2015\/12\/Mavu-Bo\u011faz.jpg\" alt=\"mutluluk pesinde\" width=\"196\" height=\"300\" \/><\/a><\/p>\n<div style=\"margin-left: 20%;\">\n<p style=\"text-align: left;\">\n<strong>DER BLAUE BERGPASS<\/strong><\/p>\n<p>Am Saume der Berge, die man \u201cVogelgleich\u201d nennt,<br \/>\ngleicht der Morgen der Erde, dem Meer.<br \/>\nBlau ist der Fluss, blau das Dorf<br \/>\nSchwarz ist die Polizeiwache, blau der Kanal.<br \/>\nDer Wald, der Pfad, die Br\u00fccke: blau.<br \/>\nFr\u00fcher wanderten die Wanderer in Blau.<br \/>\ndie zum Kampf<br \/>\ngegen Unterdr\u00fcckung in die Berge gingen,<br \/>\ndie Wegelagerer der Freiheit,<br \/>\nauch die waren einst blaufarbene R\u00e4uber.<br \/>\nBlau ist der Vogel, der Baum ist blau,<br \/>\nblau der Berg, blau die Liebe,<br \/>\nin Blau getaucht ist die Welt<br \/>\nund blaue Lieder kommen mir in den Sinn.<\/p>\n<p><strong>O\u011fuz Tansel<\/strong><br \/>\n<em>\u00dcbersetzt von Thomas Balkenhol<\/em>\n<\/p>\n<\/div>\n<p><\/p>","protected":false},"excerpt":{"rendered":"<p>DER BLAUE BERGPASS Am Saume der Berge, die man \u201cVogelgleich\u201d nennt, gleicht der Morgen der Erde, dem Meer. Blau ist der Fluss, blau das Dorf Schwarz ist die Polizeiwache, blau der Kanal. Der Wald, der Pfad, die Br\u00fccke: blau. Fr\u00fcher wanderten die Wanderer in Blau. die zum Kampf gegen Unterdr\u00fcckung in die Berge gingen, die [&hellip;]<\/p>\n","protected":false},"author":1,"featured_media":0,"parent":0,"menu_order":0,"comment_status":"closed","ping_status":"open","template":"","meta":[],"_links":{"self":[{"href":"http:\/\/www.oguztansel.org\/de\/wp-json\/wp\/v2\/pages\/11828"}],"collection":[{"href":"http:\/\/www.oguztansel.org\/de\/wp-json\/wp\/v2\/pages"}],"about":[{"href":"http:\/\/www.oguztansel.org\/de\/wp-json\/wp\/v2\/types\/page"}],"author":[{"embeddable":true,"href":"http:\/\/www.oguztansel.org\/de\/wp-json\/wp\/v2\/users\/1"}],"replies":[{"embeddable":true,"href":"http:\/\/www.oguztansel.org\/de\/wp-json\/wp\/v2\/comments?post=11828"}],"version-history":[{"count":6,"href":"http:\/\/www.oguztansel.org\/de\/wp-json\/wp\/v2\/pages\/11828\/revisions"}],"predecessor-version":[{"id":13378,"href":"http:\/\/www.oguztansel.org\/de\/wp-json\/wp\/v2\/pages\/11828\/revisions\/13378"}],"wp:attachment":[{"href":"http:\/\/www.oguztansel.org\/de\/wp-json\/wp\/v2\/media?parent=11828"}],"curies":[{"name":"wp","href":"https:\/\/api.w.org\/{rel}","templated":true}]}}