{"id":11830,"date":"2015-12-03T13:37:50","date_gmt":"2015-12-03T11:37:50","guid":{"rendered":"http:\/\/www.oguztansel.org\/?page_id=11830"},"modified":"2017-04-01T08:27:47","modified_gmt":"2017-04-01T05:27:47","slug":"mutluluk-pesinde","status":"publish","type":"page","link":"http:\/\/www.oguztansel.org\/de\/mutluluk-pesinde\/","title":{"rendered":"DIE JAGD NACH DEM GL\u00dcCK"},"content":{"rendered":"<p><a class=\"group1\" title=\"Sava\u015f \u00c7evik\" href=\"http:\/\/www.oguztansel.org\/wp-content\/uploads\/2015\/12\/mutluluk-pesinde.jpg\"><img decoding=\"async\" loading=\"lazy\" class=\" size-medium wp-image-12995 alignright\" style=\"margin-right: 20%;\" src=\"http:\/\/www.oguztansel.org\/wp-content\/uploads\/2015\/12\/mutluluk-pesinde-196x300.jpg\" alt=\"mutluluk pesinde\" width=\"196\" height=\"300\" srcset=\"http:\/\/www.oguztansel.org\/wp-content\/uploads\/2015\/12\/mutluluk-pesinde-196x300.jpg 196w, http:\/\/www.oguztansel.org\/wp-content\/uploads\/2015\/12\/mutluluk-pesinde.jpg 502w\" sizes=\"(max-width: 196px) 100vw, 196px\" \/><\/a><\/p>\n<div style=\"margin-left: 20%; text-align: left; font-size: medium; color:#000;\">\n<p><strong>DIE JAGD NACH DEM GL\u00dcCK<\/strong><\/p>\n<p>1<br \/>\nEs war einmal eine dunkle Welt<br \/>\nund ich darin das j\u00fcngste der Geschwister.<br \/>\nIch stieg in den Brunnenschacht,<br \/>\nin den der verwundete Riese hinabzusteigen pflegte,<br \/>\num nach seinen Sch\u00e4tzen unter der Erde zu schauen.<br \/>\nSollte ich jemals heil zur\u00fcckkommem,<br \/>\nbekommt ihr den ganzen Perlenschatz.<br \/>\nIch brannte darauf, hinabzusteigen,<br \/>\nund je tiefer ich kam, desto hei\u00dfer brannte die Neugier.<br \/>\nUnd als ich, die Taue aller Schiffe um meine Lende gezurrt,<br \/>\nin die erste der finsteren Welten eintrat,<br \/>\ntraf ich drei sch\u00f6ne M\u00e4dchen,<br \/>\ngebunden wie ein Bund Nelken,<br \/>\ndie befreite ich.<br \/>\nDer Schah der Schafe ist ein schwarzes Schaf.<br \/>\nDas wei\u00dfe Schaf ist der Kummer der Herzen.<br \/>\nDas Zentrum der Welt ist ein fl\u00fcssiges Feuer<br \/>\nund genau in der Mitte<br \/>\nmuss ein Kern sein,<br \/>\ndas Samenkorn aller Samen,<br \/>\ndas nicht schmilzt, nicht brennt.<br \/>\nGel\u00e4nge es uns, dieses herauf zur Erde zu bringen,<br \/>\nwir ben\u00f6tigten keine Sonne mehr.<br \/>\nDer Samen der Br\u00fcderlichkeit, der G\u00fcte und Sch\u00f6nheit<br \/>\nfl\u00f6ge von alleine mit dem Wind<br \/>\nwie Farnsamen \u00fcber unsere Welt.<br \/>\nAber sei\u2019s drum! Lassen wir den Riesen, wo er ist!<br \/>\nMan schie\u00dft keinen Pfeil auf einen wunden Adler.<br \/>\nLasst uns weiterziehen auf leidvoller Reise!<\/p>\n<p>2<br \/>\nZuerst erlegte ich einen Salamander.<br \/>\nMit ihm tauschte ich die Organe.<br \/>\nNunmehr in Panzerr\u00fcstung geh\u00fcllt, wanderte ich<br \/>\nin Feuern, die sich kein Traum ertr\u00e4umen kann.<br \/>\nBeim ersten Mal fand ich im Morgengrauen<br \/>\nmeine verlorenen Augen in den Korallen wieder.<br \/>\nWahrhaftig, meine H\u00e4nde fassten Sonnen<br \/>\nmeine Arme reichten kilometerweit.<br \/>\nAuf goldene Berge, Diamantenberge<br \/>\nwarf ich kein Auge.<br \/>\nRoter Topas, blaugr\u00fcner Rubin,<br \/>\nSmaragd und Jaspis,<br \/>\nSonnenaugen und Mondsteine<br \/>\nstreute ich wie Vulkane \u00fcber die Erde.<br \/>\nKiefernst\u00e4mme sind wie Schlangen<br \/>\ndie mir kalt in die Augen blicken.<br \/>\nIn einer Welt ohne Tag und Nacht<br \/>\nauf dem R\u00fccken eines Krokodils, am Hals eines Fisches,<br \/>\nein- und auftauchend wie ein Kormoran<br \/>\nsuchte ich nach dem Kern,<br \/>\nachtete nicht auf Farb- und Gr\u00f6\u00dfenunterschiede.<br \/>\nJene Welt gleicht unserer Welt aufs Haar.<br \/>\nNur sah ich dort nie jemanden etwas anbeten.<br \/>\nDie Begriffe Krieg und Frieden gab es nicht.<br \/>\nEs tat mir leid, den Salamander als ersten get\u00f6tet zu haben.<br \/>\nDer Panzer des Krokodils und die Schuppen des Fisches fielen mir ein<br \/>\nund ich bat die Tiere um Vergebung.<\/p>\n<p>3<br \/>\nDer kurzen Rede Sinn:<br \/>\nEs war einmal,<br \/>\nals wir wanderten in die N\u00e4he, die so weit,<br \/>\nund in die Weite, die so tief,<br \/>\nund schlie\u00dflich des Gl\u00fcckes Kern erreichten.<br \/>\nEr sieht aus wie ein Herz, genau wie ein Herz.<br \/>\nWie ein Fisch schwimmt auch er.<br \/>\nDas Feuer aller Liebenden hat er,<br \/>\nsein Licht str\u00f6mt wie die Flut,<br \/>\nbeim Ber\u00fchren wird Hand zu Hand und Auge in Auge<br \/>\nFische bekommen Goldaugen, V\u00f6gel Smaragdaugen,<br \/>\nSchlangen Diamantaugen, B\u00e4ume sind aus Rubin.<br \/>\nUnd alles kam da zur Sprache mit Freude:<br \/>\nWir reichten einander die Hand, kamen \u00fcberein,<br \/>\nunsere Welt in ein Paradies zu verwandeln,<br \/>\nund unsere Botschaft zu verk\u00fcnden \u00fcber das Erdenrund.<\/p>\n<p><strong>O\u011fuz Tansel<\/strong><br \/>\n<i>\u00dcbersetzt von Thomas Balkenhol<\/i><\/p>\n<\/div>\n<p><\/p>","protected":false},"excerpt":{"rendered":"<p>DIE JAGD NACH DEM GL\u00dcCK 1 Es war einmal eine dunkle Welt und ich darin das j\u00fcngste der Geschwister. Ich stieg in den Brunnenschacht, in den der verwundete Riese hinabzusteigen pflegte, um nach seinen Sch\u00e4tzen unter der Erde zu schauen. Sollte ich jemals heil zur\u00fcckkommem, bekommt ihr den ganzen Perlenschatz. Ich brannte darauf, hinabzusteigen, und [&hellip;]<\/p>\n","protected":false},"author":1,"featured_media":0,"parent":0,"menu_order":0,"comment_status":"closed","ping_status":"open","template":"","meta":[],"_links":{"self":[{"href":"http:\/\/www.oguztansel.org\/de\/wp-json\/wp\/v2\/pages\/11830"}],"collection":[{"href":"http:\/\/www.oguztansel.org\/de\/wp-json\/wp\/v2\/pages"}],"about":[{"href":"http:\/\/www.oguztansel.org\/de\/wp-json\/wp\/v2\/types\/page"}],"author":[{"embeddable":true,"href":"http:\/\/www.oguztansel.org\/de\/wp-json\/wp\/v2\/users\/1"}],"replies":[{"embeddable":true,"href":"http:\/\/www.oguztansel.org\/de\/wp-json\/wp\/v2\/comments?post=11830"}],"version-history":[{"count":31,"href":"http:\/\/www.oguztansel.org\/de\/wp-json\/wp\/v2\/pages\/11830\/revisions"}],"predecessor-version":[{"id":13392,"href":"http:\/\/www.oguztansel.org\/de\/wp-json\/wp\/v2\/pages\/11830\/revisions\/13392"}],"wp:attachment":[{"href":"http:\/\/www.oguztansel.org\/de\/wp-json\/wp\/v2\/media?parent=11830"}],"curies":[{"name":"wp","href":"https:\/\/api.w.org\/{rel}","templated":true}]}}