{"id":11835,"date":"2015-12-03T13:39:32","date_gmt":"2015-12-03T11:39:32","guid":{"rendered":"http:\/\/www.oguztansel.org\/?page_id=11835"},"modified":"2017-03-20T11:00:32","modified_gmt":"2017-03-20T08:00:32","slug":"cocuklar-ii","status":"publish","type":"page","link":"http:\/\/www.oguztansel.org\/de\/cocuklar-ii\/","title":{"rendered":"KINDER II"},"content":{"rendered":"<p><a class=\"group1\" title=\"Picasso\" href=\"http:\/\/www.oguztansel.org\/wp-content\/uploads\/2015\/12\/\u00c7ocuklar.jpg\"><img decoding=\"async\" loading=\"lazy\" class=\" size-medium wp-image-12995 alignright\" style=\"margin-right: 20%;\" src=\"http:\/\/www.oguztansel.org\/wp-content\/uploads\/2015\/12\/\u00c7ocuklar.jpg\" alt=\"mutluluk pesinde\" width=\"196\" height=\"300\" \/><\/a><\/p>\n<div style=\"margin-left: 20%;\">\n<p style=\"text-align: left;\"><strong>KINDER II<\/strong><\/p>\n<p>Kinder spielen Blinde Kuh,<br \/>\nschw\u00e4rmen aus, zu zehnt, zu Hunderten, Millionen Erdenb\u00fcrgern,<br \/>\nt\u00fcrkische, koreanische, vietnamesische Kinder<br \/>\nteilen die Sonne unter sich auf, wie die Schwalben,<br \/>\nSternchen, die sich die Taschen mit \u00c4pfeln, mit Sonnenblumenkernen vollstopfen.<br \/>\nViolette Wolken lassen sie gerinnen zu Seen, zu Fl\u00fcssen,<br \/>\ndie Kinder; lie\u00dfe man sie allein am Ufer der Fl\u00fcsse,<br \/>\n\u00fcber Nacht entst\u00fcnden Br\u00fccken hin\u00fcber.<br \/>\nFiele ihnen ein, zur Milchstra\u00dfe emporzusteigen,<br \/>\nsofort \u00f6ffneten sich ihnen goldene Treppen hinauf.<br \/>\nDen Mond w\u00fcrden sie besuchen, keine Angst dabei haben,<br \/>\nw\u00fcrden den gro\u00dfen und kleinen B\u00e4ren vom Polarstern l\u00f6sen.<br \/>\nKinder, die nie verderbenden Kerne der Zukunft,<br \/>\nmit Liedern von Freiheit und Frieden auf euren Lippen,<br \/>\nKinder, aus Vietnam, aus der ganzen Welt, aus der T\u00fcrkei&#8230;.<\/p>\n<p><strong>O\u011fuz Tansel<\/strong><br \/>\n<em>\u00dcbersetzt von Thomas Balkenhol<\/em><\/p>\n<\/div>\n<p><\/p>","protected":false},"excerpt":{"rendered":"<p>KINDER II Kinder spielen Blinde Kuh, schw\u00e4rmen aus, zu zehnt, zu Hunderten, Millionen Erdenb\u00fcrgern, t\u00fcrkische, koreanische, vietnamesische Kinder teilen die Sonne unter sich auf, wie die Schwalben, Sternchen, die sich die Taschen mit \u00c4pfeln, mit Sonnenblumenkernen vollstopfen. Violette Wolken lassen sie gerinnen zu Seen, zu Fl\u00fcssen, die Kinder; lie\u00dfe man sie allein am Ufer der [&hellip;]<\/p>\n","protected":false},"author":1,"featured_media":0,"parent":0,"menu_order":0,"comment_status":"closed","ping_status":"open","template":"","meta":[],"_links":{"self":[{"href":"http:\/\/www.oguztansel.org\/de\/wp-json\/wp\/v2\/pages\/11835"}],"collection":[{"href":"http:\/\/www.oguztansel.org\/de\/wp-json\/wp\/v2\/pages"}],"about":[{"href":"http:\/\/www.oguztansel.org\/de\/wp-json\/wp\/v2\/types\/page"}],"author":[{"embeddable":true,"href":"http:\/\/www.oguztansel.org\/de\/wp-json\/wp\/v2\/users\/1"}],"replies":[{"embeddable":true,"href":"http:\/\/www.oguztansel.org\/de\/wp-json\/wp\/v2\/comments?post=11835"}],"version-history":[{"count":7,"href":"http:\/\/www.oguztansel.org\/de\/wp-json\/wp\/v2\/pages\/11835\/revisions"}],"predecessor-version":[{"id":13376,"href":"http:\/\/www.oguztansel.org\/de\/wp-json\/wp\/v2\/pages\/11835\/revisions\/13376"}],"wp:attachment":[{"href":"http:\/\/www.oguztansel.org\/de\/wp-json\/wp\/v2\/media?parent=11835"}],"curies":[{"name":"wp","href":"https:\/\/api.w.org\/{rel}","templated":true}]}}