{"id":11841,"date":"2015-12-03T13:43:12","date_gmt":"2015-12-03T11:43:12","guid":{"rendered":"http:\/\/www.oguztansel.org\/?page_id=11841"},"modified":"2017-03-20T11:01:22","modified_gmt":"2017-03-20T08:01:22","slug":"kindam-i","status":"publish","type":"page","link":"http:\/\/www.oguztansel.org\/de\/kindam-i\/","title":{"rendered":"Sch\u00f6nheit I"},"content":{"rendered":"<p><a class=\"group1\" title=\"Orhan Taylan\" href=\"http:\/\/www.oguztansel.org\/wp-content\/uploads\/2015\/12\/kindam-1.jpg\"><img decoding=\"async\" loading=\"lazy\" class=\" size-medium wp-image-12995 alignright\" style=\"margin-right: 20%;\" src=\"http:\/\/www.oguztansel.org\/wp-content\/uploads\/2015\/12\/kindam-1.jpg\" alt=\"mutluluk pesinde\" width=\"196\" height=\"300\" \/><\/a><\/p>\n<div style=\"margin-left: 20%;\">\n<p style=\"text-align: left;\"><strong>Sch\u00f6nheit I<\/strong><\/p>\n<p>Am Anbeginn aller Anbeginne<br \/>\nals die Welt noch keine Form hatte,<br \/>\nnur ein chaotisch Ganzes war,<br \/>\nlag die Sch\u00f6nheit noch im Halbschlaf,<br \/>\nwar ungeschminkte Einheit, zornig, feurig, hochgewachsen.<br \/>\nSonnen, Sterne, Monde waren gerade erst geboren,<br \/>\nFeuerklumpen, ein Kosmos in st\u00e4ndigem Werden.<br \/>\nFarben, Jahreszeiten verliefen wie eine Einheit<br \/>\nund im Kern der Planeten tobte der Krieg ums Werden.<br \/>\nMilliarden Lichtjahre vergingen, da spaltet<br \/>\nsich in diesem Chaos sehns\u00fcchtig etwas ab.<br \/>\nDa akkumuliert es sich freudig<br \/>\nund nach Jahrtausenden endlich<br \/>\nerh\u00e4lt das sonnige Leben einen Platz.<br \/>\nIn einer der Urzeiten entstand die Welt der Sch\u00f6nheit<br \/>\nflog umher wie Bl\u00fctenstaub, in Wolken, taumelnd,<br \/>\nSternzeichen wurden fixiert, Planeten erhielten ihren Lauf,<br \/>\nerst viel sp\u00e4ter kamen lichte Tage und schwarze N\u00e4chte dazu.<br \/>\nUnd irgendwann schuf der Kosmos aus seinem Kern das Wasser,<br \/>\nWolken aus Sch\u00f6nheit und wehm\u00fctige Blitze.<br \/>\nUnd dann l\u00f6sten sich die Knoten der Naturgesetze,<br \/>\nBerge strahlten in Sch\u00f6nheit, sch\u00f6n wie M\u00fcndungen rei\u00dfender Str\u00f6me.<br \/>\nUnd dann verm\u00e4hlten sich Pflanzen mit anderen Lebewesen,<br \/>\neine Hochzeit wie im M\u00e4rchen.<br \/>\nSch\u00f6nheit, Sinnlichkeit, Liebe g\u00e4rte,<br \/>\ndie Vernunft kam sp\u00e4ter.<br \/>\nVom See namens \u201cOhne-Grund-und-Boden\u201d wanderten wir herab im Juli<br \/>\nund Kindam die Sch\u00f6nheit war unsere Begleiterin.<\/p>\n<p><strong>O\u011fuz Tansel<\/strong><br \/>\n<em>\u00dcbersetzt von Thomas Balkenhol<\/em><\/p>\n<\/div>\n<p><\/p>","protected":false},"excerpt":{"rendered":"<p>Sch\u00f6nheit I Am Anbeginn aller Anbeginne als die Welt noch keine Form hatte, nur ein chaotisch Ganzes war, lag die Sch\u00f6nheit noch im Halbschlaf, war ungeschminkte Einheit, zornig, feurig, hochgewachsen. Sonnen, Sterne, Monde waren gerade erst geboren, Feuerklumpen, ein Kosmos in st\u00e4ndigem Werden. Farben, Jahreszeiten verliefen wie eine Einheit und im Kern der Planeten tobte [&hellip;]<\/p>\n","protected":false},"author":1,"featured_media":0,"parent":0,"menu_order":0,"comment_status":"closed","ping_status":"open","template":"","meta":[],"_links":{"self":[{"href":"http:\/\/www.oguztansel.org\/de\/wp-json\/wp\/v2\/pages\/11841"}],"collection":[{"href":"http:\/\/www.oguztansel.org\/de\/wp-json\/wp\/v2\/pages"}],"about":[{"href":"http:\/\/www.oguztansel.org\/de\/wp-json\/wp\/v2\/types\/page"}],"author":[{"embeddable":true,"href":"http:\/\/www.oguztansel.org\/de\/wp-json\/wp\/v2\/users\/1"}],"replies":[{"embeddable":true,"href":"http:\/\/www.oguztansel.org\/de\/wp-json\/wp\/v2\/comments?post=11841"}],"version-history":[{"count":10,"href":"http:\/\/www.oguztansel.org\/de\/wp-json\/wp\/v2\/pages\/11841\/revisions"}],"predecessor-version":[{"id":13377,"href":"http:\/\/www.oguztansel.org\/de\/wp-json\/wp\/v2\/pages\/11841\/revisions\/13377"}],"wp:attachment":[{"href":"http:\/\/www.oguztansel.org\/de\/wp-json\/wp\/v2\/media?parent=11841"}],"curies":[{"name":"wp","href":"https:\/\/api.w.org\/{rel}","templated":true}]}}