{"id":11843,"date":"2015-12-03T13:43:51","date_gmt":"2015-12-03T11:43:51","guid":{"rendered":"http:\/\/www.oguztansel.org\/?page_id=11843"},"modified":"2017-03-20T11:10:29","modified_gmt":"2017-03-20T08:10:29","slug":"savasa-hayir","status":"publish","type":"page","link":"http:\/\/www.oguztansel.org\/de\/savasa-hayir\/","title":{"rendered":"NIE WIEDER KRIEG!"},"content":{"rendered":"<p><a class=\"group1\" title=\"Orhan Taylan\" href=\"http:\/\/www.oguztansel.org\/wp-content\/uploads\/2015\/12\/sava\u015fa-hay\u0131r.jpg\"><img decoding=\"async\" loading=\"lazy\" class=\" size-medium wp-image-12995 alignright\" style=\"margin-right: 20%;\" src=\"http:\/\/www.oguztansel.org\/wp-content\/uploads\/2015\/12\/sava\u015fa-hay\u0131r.jpg\" alt=\"mutluluk pesinde\" width=\"196\" height=\"300\" \/><\/a><\/p>\n<div style=\"margin-left: 20%;\">\n<p style=\"text-align: left;\">\n<strong>NIE WIEDER KRIEG!<\/strong><\/p>\n<p>Ein Volk in seinem Vier-W\u00e4nde-Verlie\u00df<br \/>\ndenkt nicht an Freiheit, mit leerem Magen<br \/>\nund im Blick Taubenfl\u00fcgel,<br \/>\nf\u00e4hrt Vorstellungskraft die F\u00fchler aus.<br \/>\nEs sieht nur sich selbst.<br \/>\nDoch eines Tages f\u00e4llt Licht auf die Wege.<br \/>\nDie dunklen W\u00e4nde st\u00fcrzen ein,<br \/>\njedes Lebewesen erh\u00e4lt seinen Platz.<br \/>\nWenn arbeitende Handgelenke,<br \/>\nerst recht wenn liebende Herzen es w\u00fcnschen,<br \/>\nsteht Frieden geschrieben am Himmel,<br \/>\ndenn die Welt soll in Frieden leben.<br \/>\nGeb\u00e4ren und sterben geschehe dann in Freundschaft!<br \/>\nDas sei das edelste Gesetz des Lebens:<br \/>\nFriede, Liebe, Friede, Liebe, Friede<\/p>\n<p><strong>O\u011fuz Tansel<\/strong><br \/>\n<em>\u00dcbersetzt von Thomas Balkenhol<br \/>\n\u00c7N \u2013 \u00c7eviri Edebiyat\u0131, September, 2007, Volume: 1, No: 4, p.137.<\/em>\n<\/p>\n<\/div>\n<p><\/p>","protected":false},"excerpt":{"rendered":"<p>NIE WIEDER KRIEG! Ein Volk in seinem Vier-W\u00e4nde-Verlie\u00df denkt nicht an Freiheit, mit leerem Magen und im Blick Taubenfl\u00fcgel, f\u00e4hrt Vorstellungskraft die F\u00fchler aus. Es sieht nur sich selbst. Doch eines Tages f\u00e4llt Licht auf die Wege. Die dunklen W\u00e4nde st\u00fcrzen ein, jedes Lebewesen erh\u00e4lt seinen Platz. Wenn arbeitende Handgelenke, erst recht wenn liebende Herzen [&hellip;]<\/p>\n","protected":false},"author":1,"featured_media":0,"parent":0,"menu_order":0,"comment_status":"closed","ping_status":"open","template":"","meta":[],"_links":{"self":[{"href":"http:\/\/www.oguztansel.org\/de\/wp-json\/wp\/v2\/pages\/11843"}],"collection":[{"href":"http:\/\/www.oguztansel.org\/de\/wp-json\/wp\/v2\/pages"}],"about":[{"href":"http:\/\/www.oguztansel.org\/de\/wp-json\/wp\/v2\/types\/page"}],"author":[{"embeddable":true,"href":"http:\/\/www.oguztansel.org\/de\/wp-json\/wp\/v2\/users\/1"}],"replies":[{"embeddable":true,"href":"http:\/\/www.oguztansel.org\/de\/wp-json\/wp\/v2\/comments?post=11843"}],"version-history":[{"count":7,"href":"http:\/\/www.oguztansel.org\/de\/wp-json\/wp\/v2\/pages\/11843\/revisions"}],"predecessor-version":[{"id":13383,"href":"http:\/\/www.oguztansel.org\/de\/wp-json\/wp\/v2\/pages\/11843\/revisions\/13383"}],"wp:attachment":[{"href":"http:\/\/www.oguztansel.org\/de\/wp-json\/wp\/v2\/media?parent=11843"}],"curies":[{"name":"wp","href":"https:\/\/api.w.org\/{rel}","templated":true}]}}