{"id":11845,"date":"2015-12-03T13:44:42","date_gmt":"2015-12-03T11:44:42","guid":{"rendered":"http:\/\/www.oguztansel.org\/?page_id=11845"},"modified":"2017-03-20T11:13:58","modified_gmt":"2017-03-20T08:13:58","slug":"usa-saygi","status":"publish","type":"page","link":"http:\/\/www.oguztansel.org\/de\/usa-saygi\/","title":{"rendered":"Respekt der Vernunft"},"content":{"rendered":"<p><a class=\"group1\" title=\"Orhan Taylan\" href=\"http:\/\/www.oguztansel.org\/wp-content\/uploads\/2015\/12\/usa-sayg\u0131.jpg\"><img decoding=\"async\" loading=\"lazy\" class=\" size-medium wp-image-12995 alignright\" style=\"margin-right: 20%;\" src=\"http:\/\/www.oguztansel.org\/wp-content\/uploads\/2015\/12\/usa-sayg\u0131.jpg\" alt=\"mutluluk pesinde\" width=\"196\" height=\"300\" \/><\/a><\/p>\n<div style=\"margin-left: 20%;\">\n<p style=\"text-align: left;\"><strong>Respekt der Vernunft<\/strong><\/p>\n<p>Heut ist wahrlich ein Feiertag.<br \/>\nGeschafft ist\u2019s! Eine neue Stufe ist erreicht,<br \/>\nunsere Hand hat im blauen All den Mond gefa\u00dft,<br \/>\nunsere Vernunft reicht an die Sterne,<br \/>\nan den Widerstreit der kosmischen Felder,<br \/>\nder im M\u00e4rchen noch als \u00fcbernat\u00fcrlich galt.<br \/>\nFriede und Freundschaft zwingt in die Knie<br \/>\ndie Feinde der Menschheit,<br \/>\ndie blutsaugenden Parasiten &#8211;<br \/>\nihre R\u00e4nke, ihre falschen Spiele sind vergebens.<br \/>\nSie wollten den Kosmos ins Inferno st\u00fcrzen,<br \/>\naber eines Tages wird sich der Schleier vor den Augen heben<br \/>\nund falsche Konventionen zu Schim\u00e4ren werden.<br \/>\nJa doch, aus der H\u00f6lle kann man Sch\u00f6nheit erschaffen.<\/p>\n<p>Das sei hohes Gesetz: wetteifernd um Frieden,<br \/>\nmit allen Lebewesen als Kampfgenossen,<br \/>\nwerden wir froh sein, in diese Welt geboren zu sein.<br \/>\nSchuld wird dann nicht mehr sein, nur Friede, Liebe,<br \/>\nzusammenbrechen wird dies Geb\u00e4ude aus L\u00fcgen.<br \/>\nRespekt der Vernunft, dem gesunden Schaffen,<br \/>\ntrunken werden wir sein, Freunde,<br \/>\nund das Herz wird zerspringen vor Freude.<br \/>\nDer Traum wird wahr und wir k\u00fcssen die Sterne.<br \/>\nWie Lichtstrahlen wird sich Zivilisation ausbreiten<br \/>\nund wir werden Teil sein dieser Entwicklung.<br \/>\nDer Mensch wird das R\u00e4tsel l\u00f6sen<br \/>\nund ich bin dabei, froh wie eine aufbl\u00fchende Blume.<\/p>\n<p><strong>O\u011fuz Tansel<\/strong><br \/>\n<em>\u00dcbersetzt von Thomas Balkenhol<\/em><\/p>\n<\/div>\n<p><\/p>","protected":false},"excerpt":{"rendered":"<p>Respekt der Vernunft Heut ist wahrlich ein Feiertag. Geschafft ist\u2019s! Eine neue Stufe ist erreicht, unsere Hand hat im blauen All den Mond gefa\u00dft, unsere Vernunft reicht an die Sterne, an den Widerstreit der kosmischen Felder, der im M\u00e4rchen noch als \u00fcbernat\u00fcrlich galt. Friede und Freundschaft zwingt in die Knie die Feinde der Menschheit, die [&hellip;]<\/p>\n","protected":false},"author":1,"featured_media":0,"parent":0,"menu_order":0,"comment_status":"closed","ping_status":"open","template":"","meta":[],"_links":{"self":[{"href":"http:\/\/www.oguztansel.org\/de\/wp-json\/wp\/v2\/pages\/11845"}],"collection":[{"href":"http:\/\/www.oguztansel.org\/de\/wp-json\/wp\/v2\/pages"}],"about":[{"href":"http:\/\/www.oguztansel.org\/de\/wp-json\/wp\/v2\/types\/page"}],"author":[{"embeddable":true,"href":"http:\/\/www.oguztansel.org\/de\/wp-json\/wp\/v2\/users\/1"}],"replies":[{"embeddable":true,"href":"http:\/\/www.oguztansel.org\/de\/wp-json\/wp\/v2\/comments?post=11845"}],"version-history":[{"count":10,"href":"http:\/\/www.oguztansel.org\/de\/wp-json\/wp\/v2\/pages\/11845\/revisions"}],"predecessor-version":[{"id":13385,"href":"http:\/\/www.oguztansel.org\/de\/wp-json\/wp\/v2\/pages\/11845\/revisions\/13385"}],"wp:attachment":[{"href":"http:\/\/www.oguztansel.org\/de\/wp-json\/wp\/v2\/media?parent=11845"}],"curies":[{"name":"wp","href":"https:\/\/api.w.org\/{rel}","templated":true}]}}