{"id":11851,"date":"2015-12-03T13:46:39","date_gmt":"2015-12-03T11:46:39","guid":{"rendered":"http:\/\/www.oguztansel.org\/?page_id=11851"},"modified":"2017-04-01T08:28:44","modified_gmt":"2017-04-01T05:28:44","slug":"bir-yanardag-ortadogu","status":"publish","type":"page","link":"http:\/\/www.oguztansel.org\/de\/bir-yanardag-ortadogu\/","title":{"rendered":"DER NAHEN OSTEN IST EIN VULKAN"},"content":{"rendered":"<p><a class=\"group1\" title=\"Orhan Taylan\" href=\"http:\/\/www.oguztansel.org\/wp-content\/uploads\/2016\/08\/dsadas.jpg\"><img decoding=\"async\" loading=\"lazy\" class=\"  wp-image-12995 alignright\" style=\"margin-right: 10%;\" src=\"http:\/\/www.oguztansel.org\/wp-content\/uploads\/2016\/08\/dsadas.jpg\" alt=\"B\u0130R YANARDA\u011e ORTADO\u011eU\" width=\"196\" height=\"300\" \/><\/a><\/p>\n<div style=\"margin-left: 20%;\">\n<p style=\"text-align: left;\">\n<strong>DER NAHEN OSTEN IST EIN VULKAN<\/strong><\/p>\n<p>Befehle, die den Wahnsinn anfachen,<br \/>\nhundertfacher, tausendfacher Verrat &#8211;<br \/>\ndas ist unser Erfolgsrezept.<br \/>\nEin Kn\u00e4uel Sterne um die F\u00fcsse gewickelt,<br \/>\nso kommen sie daher, die Todesengel in schwarzen Schleiern.<br \/>\nUnser Heim habt ihr vermint.<br \/>\nIhr r\u00fchmt euch blut str\u00f6mender Fl\u00fcsse,<br \/>\ndas Laken unserer Natur<br \/>\nhabt ihr unter Lawinen begraben<br \/>\nzu Hunderten, zu Tausenden.<\/p>\n<p>Im Wasser der Sonne sollte man Monde waschen!<br \/>\nHat einer je aus Giftplanzen Honig gewonnen?<br \/>\nGeteilt wird nun Festtag und Hochzeitsfeier,<br \/>\ngeteilt werden auch Lieder.<br \/>\nIhr hab alles ver\u00e4ndert,<br \/>\nden schwarzen Schleier verkauft<br \/>\nmit euren hundertfach tausenfachen Lawinen.<\/p>\n<p>Ihr Urenkel von Adam und Eva<br \/>\nbl\u00e4ttert nur Seite um Seite<br \/>\nim Buch der Geschichte, das voller Wehklagen ist,<br \/>\nin den Ruhmesbl\u00e4ttern der Gefallenen!<br \/>\nHat einer je aus Giftplanzen Honig gewonnen?<br \/>\nMein Haus und alle meine Lieben<br \/>\nhabt ihr mie euren Hunderttausenden<br \/>\nunter Lawinen begraben.<\/p>\n<p>Wie von Ziegen angeknabberte B\u00e4ume<br \/>\nhabt ihr unsere Geschichte verdorren lassen.<br \/>\nAber schon d\u00e4mmert der Morgen.<br \/>\nSpiel auf der Fl\u00f6te, Hirte!<br \/>\nLass Blumen aufbl\u00fchen aus unseren H\u00e4nden!<\/p>\n<p>Der kleine Soldat wird nie mehr Mutters Sohn werden.<br \/>\nEine Lawine ging ab \u00fcber unser Leben<br \/>\nund das f\u00fchrt eines Tages zu Waffengewalt.<br \/>\nD\u00f6rfer werden von der Landkarte gestrichen werden:<br \/>\nWohlauf, spiel auf der Fl\u00f6te, Hirte!<br \/>\nLass Blumen aufbl\u00fchen auf unseren Zungen!<\/p>\n<p><strong>O\u011fuz Tansel<\/strong><br \/>\n<em>\u00dcbersetzt von Thomas Balkenhol<\/em>\n<\/p>\n<\/div>\n<p><\/p>","protected":false},"excerpt":{"rendered":"<p>DER NAHEN OSTEN IST EIN VULKAN Befehle, die den Wahnsinn anfachen, hundertfacher, tausendfacher Verrat &#8211; das ist unser Erfolgsrezept. Ein Kn\u00e4uel Sterne um die F\u00fcsse gewickelt, so kommen sie daher, die Todesengel in schwarzen Schleiern. Unser Heim habt ihr vermint. Ihr r\u00fchmt euch blut str\u00f6mender Fl\u00fcsse, das Laken unserer Natur habt ihr unter Lawinen begraben [&hellip;]<\/p>\n","protected":false},"author":1,"featured_media":0,"parent":0,"menu_order":0,"comment_status":"open","ping_status":"open","template":"","meta":[],"_links":{"self":[{"href":"http:\/\/www.oguztansel.org\/de\/wp-json\/wp\/v2\/pages\/11851"}],"collection":[{"href":"http:\/\/www.oguztansel.org\/de\/wp-json\/wp\/v2\/pages"}],"about":[{"href":"http:\/\/www.oguztansel.org\/de\/wp-json\/wp\/v2\/types\/page"}],"author":[{"embeddable":true,"href":"http:\/\/www.oguztansel.org\/de\/wp-json\/wp\/v2\/users\/1"}],"replies":[{"embeddable":true,"href":"http:\/\/www.oguztansel.org\/de\/wp-json\/wp\/v2\/comments?post=11851"}],"version-history":[{"count":12,"href":"http:\/\/www.oguztansel.org\/de\/wp-json\/wp\/v2\/pages\/11851\/revisions"}],"predecessor-version":[{"id":13393,"href":"http:\/\/www.oguztansel.org\/de\/wp-json\/wp\/v2\/pages\/11851\/revisions\/13393"}],"wp:attachment":[{"href":"http:\/\/www.oguztansel.org\/de\/wp-json\/wp\/v2\/media?parent=11851"}],"curies":[{"name":"wp","href":"https:\/\/api.w.org\/{rel}","templated":true}]}}