{"id":11914,"date":"2015-12-16T08:52:08","date_gmt":"2015-12-16T06:52:08","guid":{"rendered":"http:\/\/www.oguztansel.org\/?page_id=11914"},"modified":"2018-09-29T12:05:20","modified_gmt":"2018-09-29T09:05:20","slug":"odul-torenlerinden","status":"publish","type":"page","link":"http:\/\/www.oguztansel.org\/de\/odul-torenlerinden\/","title":{"rendered":"Fotos Der Feiern"},"content":{"rendered":"<div class=\"fusion-recent-posts avada-container layout-default layout-columns-1\"><section class=\"fusion-columns columns fusion-columns-1 columns-1\"><div class=\"fusion-column column col col-lg-12 col-md-12 col-sm-12\"><div class=\"recent-posts-content\"><span class=\"vcard\" style=\"display: none;\"><span class=\"fn\"><a href=\"http:\/\/www.oguztansel.org\/de\/author\/yonetim\/\" title=\"Beitr\u00e4ge von yonetim\" rel=\"author\">yonetim<\/a><\/span><\/span><span class=\"updated\" style=\"display:none;\">2019-11-25T16:57:40+00:00<\/span><h4 class=\"entry-title\"><a href=\"http:\/\/www.oguztansel.org\/de\/2-kasim-2019-oguz-tansel-aramizdan-ayrilisinin-25-yil-donumu-anma-toplantisi\/\">2 Kas\u0131m 2019 &#8211; O\u011fuz Tansel Aram\u0131zdan  Ayr\u0131l\u0131\u015f\u0131n\u0131n 25. Y\u0131l D\u00f6n\u00fcm\u00fc Anma Toplant\u0131s\u0131<\/a><\/h4><\/div><\/div><div class=\"fusion-clearfix\"><\/div><div class=\"fusion-column column col col-lg-12 col-md-12 col-sm-12\"><div class=\"recent-posts-content\"><span class=\"vcard\" style=\"display: none;\"><span class=\"fn\"><a href=\"http:\/\/www.oguztansel.org\/de\/author\/yonetim\/\" title=\"Beitr\u00e4ge von yonetim\" rel=\"author\">yonetim<\/a><\/span><\/span><span class=\"updated\" style=\"display:none;\">2019-11-05T06:20:10+00:00<\/span><h4 class=\"entry-title\"><a href=\"http:\/\/www.oguztansel.org\/de\/18-nisan-2019-oguz-tansel-siir-odul-toreni\/\">18 Nisan 2019 &#8211; O\u011fuz Tansel \u015eiir \u00d6d\u00fcl T\u00f6reni<\/a><\/h4><\/div><\/div><div class=\"fusion-clearfix\"><\/div><div class=\"fusion-column column col col-lg-12 col-md-12 col-sm-12\"><div class=\"recent-posts-content\"><span class=\"vcard\" style=\"display: none;\"><span class=\"fn\"><a href=\"http:\/\/www.oguztansel.org\/de\/author\/yonetim\/\" title=\"Beitr\u00e4ge von yonetim\" rel=\"author\">yonetim<\/a><\/span><\/span><span class=\"updated\" style=\"display:none;\">2018-09-29T12:58:58+00:00<\/span><h4 class=\"entry-title\"><a href=\"http:\/\/www.oguztansel.org\/de\/27-nisan-2018-oguz-tansel-halkbilim-odul-toreni\/\">FOTOS DER O\u011eUZ TANSEL LITERATURE PREIS FEIERN F\u00dcR DIE FOLGENDEN JAHREN FINDET MAN NUR IN DEN T\u00dcRKISCHEN TEIL<\/a><\/h4><\/div><\/div><div class=\"fusion-clearfix\"><\/div><div class=\"fusion-column column col col-lg-12 col-md-12 col-sm-12\"><div class=\"recent-posts-content\"><span class=\"vcard\" style=\"display: none;\"><span class=\"fn\"><a href=\"http:\/\/www.oguztansel.org\/de\/author\/yonetim\/\" title=\"Beitr\u00e4ge von yonetim\" rel=\"author\">yonetim<\/a><\/span><\/span><span class=\"updated\" style=\"display:none;\">2019-10-27T10:46:31+00:00<\/span><h4 class=\"entry-title\"><a href=\"http:\/\/www.oguztansel.org\/de\/14-nisan-2017-oguz-tansel-cocuk-yazini-odul-toreni-2017\/\">14 April, 2017 &#8211; O\u011fuz Tansel 2017 Kinder Literatur Preis Zeremonie<\/a><\/h4><\/div><\/div><div class=\"fusion-clearfix\"><\/div><div class=\"fusion-column column col col-lg-12 col-md-12 col-sm-12\"><div class=\"recent-posts-content\"><span class=\"vcard\" style=\"display: none;\"><span class=\"fn\"><a href=\"http:\/\/www.oguztansel.org\/de\/author\/yonetim\/\" title=\"Beitr\u00e4ge von yonetim\" rel=\"author\">yonetim<\/a><\/span><\/span><span class=\"updated\" style=\"display:none;\">2019-11-26T07:14:27+00:00<\/span><h4 class=\"entry-title\"><a href=\"http:\/\/www.oguztansel.org\/de\/15-nisan-2016-oguz-tansel-2016-siir-odul-toreni\/\">15 April, 2016 &#8211; O\u011fuz Tansel 2016 Dichtkunst Preis Zeremonie<\/a><\/h4><\/div><\/div><div class=\"fusion-clearfix\"><\/div><div class=\"fusion-column column col col-lg-12 col-md-12 col-sm-12\"><div class=\"recent-posts-content\"><span class=\"vcard\" style=\"display: none;\"><span class=\"fn\"><a href=\"http:\/\/www.oguztansel.org\/de\/author\/yonetim\/\" title=\"Beitr\u00e4ge von yonetim\" rel=\"author\">yonetim<\/a><\/span><\/span><span class=\"updated\" style=\"display:none;\">2017-07-25T09:06:03+00:00<\/span><h4 class=\"entry-title\"><a href=\"http:\/\/www.oguztansel.org\/de\/24-mayis-2015-oguz-tansel-2015-siir-odulu-toreni\/\">10 April, 2015 &#8211; O\u011fuz Tansel 2015 Volkskunde Preis Zeremonie<\/a><\/h4><\/div><\/div><div class=\"fusion-clearfix\"><\/div><div class=\"fusion-column column col col-lg-12 col-md-12 col-sm-12\"><div class=\"recent-posts-content\"><span class=\"vcard\" style=\"display: none;\"><span class=\"fn\"><a href=\"http:\/\/www.oguztansel.org\/de\/author\/yonetim\/\" title=\"Beitr\u00e4ge von yonetim\" rel=\"author\">yonetim<\/a><\/span><\/span><span class=\"updated\" style=\"display:none;\">2017-07-25T09:06:27+00:00<\/span><h4 class=\"entry-title\"><a href=\"http:\/\/www.oguztansel.org\/de\/24-mayis-2014-oguz-tansel-2014-siir-odulu-toreni\/\">18 April, 2014 &#8211; O\u011fuz Tansel 2014 Kinder Literatur Preis Zeremonie<\/a><\/h4><\/div><\/div><div class=\"fusion-clearfix\"><\/div><div class=\"fusion-column column col col-lg-12 col-md-12 col-sm-12\"><div class=\"recent-posts-content\"><span class=\"vcard\" style=\"display: none;\"><span class=\"fn\"><a href=\"http:\/\/www.oguztansel.org\/de\/author\/yonetim\/\" title=\"Beitr\u00e4ge von yonetim\" rel=\"author\">yonetim<\/a><\/span><\/span><span class=\"updated\" style=\"display:none;\">2017-07-25T09:06:51+00:00<\/span><h4 class=\"entry-title\"><a href=\"http:\/\/www.oguztansel.org\/de\/30-mayis-2013-oguz-tansel-2013-siir-odulu-toreni\/\">30 Mai, 2013 &#8211; O\u011fuz Tansel 2013 Dichtkunst Preis Zeremonie<\/a><\/h4><\/div><\/div><div class=\"fusion-clearfix\"><\/div><div class=\"fusion-column column col col-lg-12 col-md-12 col-sm-12\"><div class=\"recent-posts-content\"><span class=\"vcard\" style=\"display: none;\"><span class=\"fn\"><a href=\"http:\/\/www.oguztansel.org\/de\/author\/yonetim\/\" title=\"Beitr\u00e4ge von yonetim\" rel=\"author\">yonetim<\/a><\/span><\/span><span class=\"updated\" style=\"display:none;\">2017-07-25T09:07:20+00:00<\/span><h4 class=\"entry-title\"><a href=\"http:\/\/www.oguztansel.org\/de\/24-mayis-2012-oguz-tansel-2012-siir-odulu-toreni\/\">24 Mai, 2012 &#8211; O\u011fuz Tansel 2012 Volkskunde Preis Zeremonie<\/a><\/h4><\/div><\/div><div class=\"fusion-clearfix\"><\/div><div class=\"fusion-column column col col-lg-12 col-md-12 col-sm-12\"><div class=\"recent-posts-content\"><span class=\"vcard\" style=\"display: none;\"><span class=\"fn\"><a href=\"http:\/\/www.oguztansel.org\/de\/author\/yonetim\/\" title=\"Beitr\u00e4ge von yonetim\" rel=\"author\">yonetim<\/a><\/span><\/span><span class=\"updated\" style=\"display:none;\">2017-07-25T09:07:39+00:00<\/span><h4 class=\"entry-title\"><a href=\"http:\/\/www.oguztansel.org\/de\/23-mayis-2011-oguz-tansel-2011-siir-odulu-toreni\/\">23 Mai, 2011 &#8211; O\u011fuz Tansel 2011 Kinder Literatur Preis Zeremonie<\/a><\/h4><\/div><\/div><div class=\"fusion-clearfix\"><\/div><div class=\"fusion-column column col col-lg-12 col-md-12 col-sm-12\"><div class=\"recent-posts-content\"><span class=\"vcard\" style=\"display: none;\"><span class=\"fn\"><a href=\"http:\/\/www.oguztansel.org\/de\/author\/yonetim\/\" title=\"Beitr\u00e4ge von yonetim\" rel=\"author\">yonetim<\/a><\/span><\/span><span class=\"updated\" style=\"display:none;\">2017-07-25T09:58:48+00:00<\/span><h4 class=\"entry-title\"><a href=\"http:\/\/www.oguztansel.org\/de\/22-mayis-2010-oguz-tansel-2010-halkbilim-odul-toreni\/\">22 Mai, 2010 &#8211; O\u011fuz Tansel 2010 Volkskunde Preis Zeremonie<\/a><\/h4><\/div><\/div><div class=\"fusion-clearfix\"><\/div><div class=\"fusion-column column col col-lg-12 col-md-12 col-sm-12\"><div class=\"recent-posts-content\"><span class=\"vcard\" style=\"display: none;\"><span class=\"fn\"><a href=\"http:\/\/www.oguztansel.org\/de\/author\/yonetim\/\" title=\"Beitr\u00e4ge von yonetim\" rel=\"author\">yonetim<\/a><\/span><\/span><span class=\"updated\" style=\"display:none;\">2017-07-25T09:08:19+00:00<\/span><h4 class=\"entry-title\"><a href=\"http:\/\/www.oguztansel.org\/de\/23-mart-2009-oguz-tansel-2009-siir-odulu-toreni\/\">23 Mai, 2009 &#8211; O\u011fuz Tansel 2009  Dichtkunst  Preis Zeremonie<\/a><\/h4><\/div><\/div><div class=\"fusion-clearfix\"><\/div><\/section><\/div>\n","protected":false},"excerpt":{"rendered":"","protected":false},"author":1,"featured_media":0,"parent":0,"menu_order":0,"comment_status":"closed","ping_status":"open","template":"","meta":[],"_links":{"self":[{"href":"http:\/\/www.oguztansel.org\/de\/wp-json\/wp\/v2\/pages\/11914"}],"collection":[{"href":"http:\/\/www.oguztansel.org\/de\/wp-json\/wp\/v2\/pages"}],"about":[{"href":"http:\/\/www.oguztansel.org\/de\/wp-json\/wp\/v2\/types\/page"}],"author":[{"embeddable":true,"href":"http:\/\/www.oguztansel.org\/de\/wp-json\/wp\/v2\/users\/1"}],"replies":[{"embeddable":true,"href":"http:\/\/www.oguztansel.org\/de\/wp-json\/wp\/v2\/comments?post=11914"}],"version-history":[{"count":11,"href":"http:\/\/www.oguztansel.org\/de\/wp-json\/wp\/v2\/pages\/11914\/revisions"}],"predecessor-version":[{"id":13562,"href":"http:\/\/www.oguztansel.org\/de\/wp-json\/wp\/v2\/pages\/11914\/revisions\/13562"}],"wp:attachment":[{"href":"http:\/\/www.oguztansel.org\/de\/wp-json\/wp\/v2\/media?parent=11914"}],"curies":[{"name":"wp","href":"https:\/\/api.w.org\/{rel}","templated":true}]}}