{"id":11931,"date":"2015-12-20T22:00:35","date_gmt":"2015-12-20T20:00:35","guid":{"rendered":"http:\/\/www.oguztansel.org\/?page_id=11931"},"modified":"2018-04-30T08:02:03","modified_gmt":"2018-04-30T05:02:03","slug":"inanclari-ve-dusunceleri","status":"publish","type":"page","link":"http:\/\/www.oguztansel.org\/de\/inanclari-ve-dusunceleri\/","title":{"rendered":"Seine Weltanschaung"},"content":{"rendered":"<div class=\"fusion-recent-posts avada-container layout-default layout-columns-1\"><section class=\"fusion-columns columns fusion-columns-1 columns-1\"><div class=\"fusion-column column col col-lg-12 col-md-12 col-sm-12\"><div class=\"recent-posts-content\"><span class=\"vcard\" style=\"display: none;\"><span class=\"fn\"><a href=\"http:\/\/www.oguztansel.org\/de\/author\/yonetim\/\" title=\"Beitr\u00e4ge von yonetim\" rel=\"author\">yonetim<\/a><\/span><\/span><span class=\"updated\" style=\"display:none;\">2020-10-29T18:50:55+00:00<\/span><h4 class=\"entry-title\"><a href=\"http:\/\/www.oguztansel.org\/de\/fakir-baykurt-cile-eri-oguz-tansel\/\">Fakir BAYKURT, \u00c7\u0130LE ER\u0130 O\u011eUZ TANSEL<\/a><\/h4><\/div><\/div><div class=\"fusion-clearfix\"><\/div><\/section><\/div>\n","protected":false},"excerpt":{"rendered":"","protected":false},"author":1,"featured_media":0,"parent":0,"menu_order":0,"comment_status":"closed","ping_status":"open","template":"","meta":[],"_links":{"self":[{"href":"http:\/\/www.oguztansel.org\/de\/wp-json\/wp\/v2\/pages\/11931"}],"collection":[{"href":"http:\/\/www.oguztansel.org\/de\/wp-json\/wp\/v2\/pages"}],"about":[{"href":"http:\/\/www.oguztansel.org\/de\/wp-json\/wp\/v2\/types\/page"}],"author":[{"embeddable":true,"href":"http:\/\/www.oguztansel.org\/de\/wp-json\/wp\/v2\/users\/1"}],"replies":[{"embeddable":true,"href":"http:\/\/www.oguztansel.org\/de\/wp-json\/wp\/v2\/comments?post=11931"}],"version-history":[{"count":4,"href":"http:\/\/www.oguztansel.org\/de\/wp-json\/wp\/v2\/pages\/11931\/revisions"}],"predecessor-version":[{"id":13511,"href":"http:\/\/www.oguztansel.org\/de\/wp-json\/wp\/v2\/pages\/11931\/revisions\/13511"}],"wp:attachment":[{"href":"http:\/\/www.oguztansel.org\/de\/wp-json\/wp\/v2\/media?parent=11931"}],"curies":[{"name":"wp","href":"https:\/\/api.w.org\/{rel}","templated":true}]}}