{"id":11966,"date":"2015-12-23T20:53:46","date_gmt":"2015-12-23T18:53:46","guid":{"rendered":"http:\/\/www.oguztansel.org\/?page_id=11966"},"modified":"2018-09-29T12:11:20","modified_gmt":"2018-09-29T09:11:20","slug":"secici-kurul-uyeleri","status":"publish","type":"page","link":"http:\/\/www.oguztansel.org\/de\/secici-kurul-uyeleri\/","title":{"rendered":"DIE MITGLIEDERN DES PREISGERICT DES LITERATUR PREIS IM NAMEN O\u011eUZ  TANSEL"},"content":{"rendered":"<p><strong>DIE MITGLIEDERN DES PREISGERICHT DES O\u011eUZ TANSEL LITERATURE<br \/>\nPREIS F\u00dcR DEN FOLGENDEN JAHREN FINDET MAN NUR IN DER T\u00dcRKISCHE TEIL<\/strong><\/p>\n<p>&nbsp;<\/p>\n<p>Die Mitgliedern des Preisgericht im Jahr 2018 f\u00fcr Folklore:<\/p>\n<p><strong>Prof. Dr. Serpil Ayg\u00fcn Cengiz, Prof. Dr. Cevat Geray (Ba\u015fkan), \u0130lhan G\u00fclek, Prof. Dr. Metin Karada\u011f, Metin Turan\u00a0<\/strong><\/p>\n<p>&nbsp;<\/p>\n<p>Die Mitgliedern des Preisgericht im Jahr 2017 f\u00fcr Kinder Literatur:<\/p>\n<p><strong>Prof. Dr. Cevat Geray (Ba\u015fkan), Prof. Dr. Sedat Sever, Prof. Dr. Medine Sivri, \u0130lhan G\u00fclek, Metin Turan<\/strong><\/p>\n<p>&nbsp;<\/p>\n<p>Die Mitgliedern des Preisgerict im Jahr 2016 f\u00fcr Poesie:<\/p>\n<p><strong>M\u00fcslim \u00c7elik, Erg\u00fcl \u00c7etin, Prof. Dr. Cevat Geray (Ba\u015fkan), \u0130lhan G\u00fclek <\/strong>ve<strong> Metin\u00a0Turan<\/strong><\/p>\n<p>&nbsp;<\/p>\n<p>Die Mitgliedern des Preisgericht im Jahr 2015 f\u00fcr Folklore:<\/p>\n<p><strong>Prof. Dr. Cevat Geray (Ba\u015fkan), \u0130lhan G\u00fclek, Prof. Dr. Aynur Ko\u00e7ak, Prof. Dr.\u00a0Muhtar Kutlu, Prof. Dr. Ali Yak\u0131c\u0131 <\/strong>ve<strong> Metin Turan<\/strong><\/p>\n<p>&nbsp;<\/p>\n<p>Die Mitgliedern des Preisgericht im Jahr 2014 f\u00fcr Kinder Literatur:<\/p>\n<p><strong>Prof. Dr. Cevat Geray (Ba\u015fkan), Prof. Dr. Sedat Sever, Do\u00e7. Dr. Medine Sivri,\u00a0\u0130lhan G\u00fclek <\/strong>ve<strong> Metin Turan.<\/strong><\/p>\n<p>&nbsp;<\/p>\n<p>Die Mitgliedern des Preisgericht im Jahr 2013 f\u00fcr Poesie:<\/p>\n<p><strong>Eray Canberk, Refik Durba\u015f, Prof. Dr. Cevat Geray (Ba\u015fkan), \u0130lhan G\u00fclek, <\/strong>ve<strong>\u00a0Metin Turan.<\/strong><\/p>\n<p>&nbsp;<\/p>\n<p>Die Mitgliedern des Preisgericht im Jahr 2012 f\u00fcr Folklore:<\/p>\n<p><strong>Prof. Dr. Ali R\u0131za Balaman, Prof. Dr. \u0130lhan Ba\u015fg\u00f6z, Prof. Dr. Cevat Geray\u00a0(Ba\u015fkan), \u0130lhan G\u00fclek, Prof. Dr. Muhtar Kutlu, Prof. Dr. Arzu \u00d6zt\u00fcrkmen <\/strong>ve<strong> Metin\u00a0Turan.<\/strong><\/p>\n<p>&nbsp;<\/p>\n<p>Die Mitgliedern des Preisgericht im Jahr 2011f\u00fcr Kinder Literatur:<\/p>\n<p><strong>Alper Ak\u00e7am, Prof. Dr. Cevat Geray (Ba\u015fkan), Hidayet Karaku\u015f, Prof. Dr. Sedat\u00a0Sever <\/strong>ve<strong> Metin Turan<\/strong><\/p>\n<p>&nbsp;<\/p>\n<p>Die Mitgliedern des Preisgericht im Jahr 2010 f\u00fcr Folklore:<\/p>\n<p><strong>Prof. Dr. Ali R\u0131za Balaman, Prof. Dr. \u0130lhan Ba\u015fg\u00f6z, Prof. Dr. Cevat Geray\u00a0(Ba\u015fkan), \u0130lhan G\u00fclek, Do\u00e7. Dr. Muhtar Kutlu, Do\u00e7 Dr. N\u00fcket T\u00f6r <\/strong>ve<strong> Metin Turan.<\/strong><\/p>\n<p>&nbsp;<\/p>\n<p>Die Mitgliedern desPreisgericht im Jahr 2009 f\u00fcr Poesie:<\/p>\n<p><strong>Prof. Dr. Cevat Geray (Ba\u015fkan), G\u00fcnay G\u00fcner, Remzi \u0130nan\u00e7, Naz\u0131m Mutlu,\u00a0Ahmet \u00d6zer, Ertu\u011frul \u00d6z\u00fcayd\u0131n, A. Kadir Paksoy, Prof. Dr. Sedat Sever <\/strong>ve<strong> Metin\u00a0Turan.<\/strong><\/p>\n<p>&nbsp;<\/p>","protected":false},"excerpt":{"rendered":"<p>DIE MITGLIEDERN DES PREISGERICHT DES O\u011eUZ TANSEL LITERATURE PREIS F\u00dcR DEN FOLGENDEN JAHREN FINDET MAN NUR IN DER T\u00dcRKISCHE TEIL &nbsp; Die Mitgliedern des Preisgericht im Jahr 2018 f\u00fcr Folklore: Prof. Dr. Serpil Ayg\u00fcn Cengiz, Prof. Dr. Cevat Geray (Ba\u015fkan), \u0130lhan G\u00fclek, Prof. Dr. Metin Karada\u011f, Metin Turan\u00a0 &nbsp; Die Mitgliedern des Preisgericht im Jahr [&hellip;]<\/p>\n","protected":false},"author":1,"featured_media":0,"parent":0,"menu_order":0,"comment_status":"closed","ping_status":"open","template":"","meta":[],"_links":{"self":[{"href":"http:\/\/www.oguztansel.org\/de\/wp-json\/wp\/v2\/pages\/11966"}],"collection":[{"href":"http:\/\/www.oguztansel.org\/de\/wp-json\/wp\/v2\/pages"}],"about":[{"href":"http:\/\/www.oguztansel.org\/de\/wp-json\/wp\/v2\/types\/page"}],"author":[{"embeddable":true,"href":"http:\/\/www.oguztansel.org\/de\/wp-json\/wp\/v2\/users\/1"}],"replies":[{"embeddable":true,"href":"http:\/\/www.oguztansel.org\/de\/wp-json\/wp\/v2\/comments?post=11966"}],"version-history":[{"count":15,"href":"http:\/\/www.oguztansel.org\/de\/wp-json\/wp\/v2\/pages\/11966\/revisions"}],"predecessor-version":[{"id":13565,"href":"http:\/\/www.oguztansel.org\/de\/wp-json\/wp\/v2\/pages\/11966\/revisions\/13565"}],"wp:attachment":[{"href":"http:\/\/www.oguztansel.org\/de\/wp-json\/wp\/v2\/media?parent=11966"}],"curies":[{"name":"wp","href":"https:\/\/api.w.org\/{rel}","templated":true}]}}