{"id":12049,"date":"2015-12-27T12:23:52","date_gmt":"2015-12-27T10:23:52","guid":{"rendered":"http:\/\/www.oguztansel.org\/?page_id=12049"},"modified":"2019-11-29T09:38:41","modified_gmt":"2019-11-29T06:38:41","slug":"ozgecmis","status":"publish","type":"page","link":"http:\/\/www.oguztansel.org\/de\/ozgecmis\/","title":{"rendered":"\u00dcBER O\u011eUZ TANSEL"},"content":{"rendered":"<p><audio id=\"bgsound\" autoplay=\"autoplay\" loop=\"loop\"><source src=\"http:\/\/www.oguztansel.org\/otbs.mp3\" type=\"audio\/mp3\" codecs=\"vorbis&quot;&gt;\" \/><\/audio><\/p>\n<p style=\"position: absolute; right: 230px; top: 13px; z-index: 10013;\" align=\"left\"><button style=\"border-radius: 10px; -moz-border-radius: 10px; -webkit-border-radius: 10px;\" type=\"button\">Pause<\/button> <button style=\"border-radius: 10px; -moz-border-radius: 10px; -webkit-border-radius: 10px;\" type=\"button\">Spielen<\/button><\/p>\n<p><strong>\u00dcber O\u011fuz Tansel<\/strong><\/p>\n<p>Dichter und M\u00e4rchenerz\u00e4hler, geb. in Meyre (Bozk\u0131r \u2013 Konya) am 15. Februar 1915,<\/p>\n<p>gest. in Ankara am 30. Oktober 1994.<\/p>\n<p>Mittelschule in Davutpa\u015fa, anschlie\u00dfend Pertevniyal Gymnasium in Istanbul.<\/p>\n<p>Noch w\u00e4hrend des Studiums der Literatur und der T\u00fcrkischen Sprache an der Universit\u00e4t Istanbul (1935 -39) T\u00e4tigkeit als Lehrer, bis er aus gesundheitlichen Gr\u00fcnden in Rente ging.<\/p>\n<p>Als Lehrer und Schulleiter war er an Realschulen und Gymnasien in Mardin, Akhisar, Eski\u015fehir (am \u00c7ifteler Dorf Institut), Amasya und Konya t\u00e4tig.<\/p>\n<p>Erste Gedichte in gereimten Versen wurden 1937 in den Zeitschriften \u201cServetif\u00fcnun\u201d und \u201cVarl\u0131k\u201d ver\u00f6ffentlicht, erste Artikel in der Zeitschrift \u201cHalk Bilgisi Haberleri\u201d.<\/p>\n<p>Ab 1940 \u00dcbergang ins freie Versma\u00df. Er geh\u00f6rte damit zur Generation der 1940er Dichter.<\/p>\n<p>Anerkennung als Dichter erlangte er durch seine Gedichte in den Zeitschriften Varl\u0131k, Ayd\u0131nl\u0131k, Yelken, Yeditepe, Kaynak, Dost, G\u00fcney, T\u00fcrk Sanat\u0131, K\u0131y\u0131 und T\u00fcrk Dili.<\/p>\n<p>O\u011fuz Tansel ist eine lyrisch eigenst\u00e4ndige Stimme der \u201c40er\u201d. Adnan Binyazar verglich ihn mit \u201cdem Vogel mit drei Fl\u00fcgeln\u201d aus dem M\u00e4rchen und schrieb \u00fcber ihn: \u201cer wurde bekannt, weil er unvergleichlich war, unverwechselbar war. Er verband Volkskunde mit Modernit\u00e4t und schuf so eine eigene Philosophie.\u201d<\/p>\n<p>Kemal \u00d6zer schrieb: \u201cEr ging weit \u00fcber das gemeinhin \u00dcbliche in der Poesie hinaus und unterschied sich so von Dichtern mit vergleichbaren Inhalten und Formen aus der Generation der 1940er\u201d.<\/p>\n<p>Eray Canberk beschrieb die Poesie Tansels folgenderma\u00dfen: \u201cDiese Gedichte kommen einem vor wie eine neue Stimme einer alten Welt. Seine Gedichte sind nicht nur Naturgedichte. Er ist jemand, der die Natur liebt und im Einklang und Frieden mit der Natur leben will, der die Natur wie einen Menschen behandelt. Tansels Besonderheit ist, da\u00df er eine Verbindung herstellt zwischen unserer Volkspoesie und antiken Kulturen, die auf dem gleichen Boden gewachsen sind. In seinen Gedichten pulsieren die Liebe zum Menschen, zu Friede und Freiheit, zur Kultur unseres Volkes in einer einzigen Schlagader.\u201d<\/p>\n<p>Neben seiner Poesie sammelte er zusammen mit den Professoren Pertev Nail Boratav und Wolfram Eberhard in den Jahren 1942-48 in Amasya Volksm\u00e4rchen und gab sie unter dem Titel \u201eT\u00fcrk Masal Tipleri Katalo\u011fu\u201d<em> (Typen T\u00fcrkischer Volksm\u00e4rchen) <\/em>heraus.<\/p>\n<p>Seine Gedichte wurden von Professor Bruce Reiprich in den USA vertont. Diese vertonten Gedichte erschienen auf dem Album \u201cSalk\u0131m S\u00f6\u011f\u00fct<strong>\u201d (Die Trauerweide)<\/strong> als CD. Zu seinem ersten Todestag erschien 1995 ein Buch mit Widmungen <em>\u00dc\u00e7 Kanatl\u0131 Masal Ku\u015fu: O\u011fuz Tansel (<strong>O\u011fuz Tansel &#8211; ein Vogel mit drei Fl\u00fcgeln).<\/strong><\/em><\/p>\n<p>Tansel war Ehrenmitglied des Vereins der Literaten (Edebiyat\u00e7\u0131lar Derne\u011fi) und der Schriftstellergewerkschaft der T\u00fcrkei.<\/p>\n<p><strong>Die Bibliothek von O\u011fuz Tansel und Frau Kalbiye Tansel<\/strong> wurde an die T\u00fcrkische Sprache Abteilung\u00a0 der Universitaet der Mittlerer Osten geschenkt.<\/p>\n<p>Nach seinem Tod wurde ein\u00a0 Preis nach seiner Name begr\u00fcndet der jedes Jahr abwechselnd wiederholt\u00a0 wird f\u00fcr Poesie, Folklore und Kinder Literature.<\/p>\n<p>Stadtverwaltung Burhaniye hat ihn geehrt mit <strong>eeinem Wald<\/strong> die nach seiner Name eingepflanzt wurde. ( <a href=\"http:\/\/www.oguztansel.org\/wp-content\/uploads\/2016\/01\/DSC_6266.jpg\" target=\"_blank\" rel=\"noopener\">Bitte Klicken Sie f\u00fcr das Photo hier<\/a>)<\/p>\n<p>Die Wohngegend \u00c7i\u011fdem von der Stadtverwaltung \u00c7ankaya hat den Name <strong>O\u011fuz Tansel an der hiesige Bibliothek<\/strong> gegeben. (<a href=\"http:\/\/www.oguztansel.org\/wp-content\/uploads\/2016\/01\/DSCN9526.jpg\" target=\"_blank\" rel=\"noopener\">Bitte hier Klicken f\u00fcr das Photo<\/a>)<\/p>\n<p>Die Stadtverwaltung \u00c7ankaya von Ankara hat den Name <strong>&#8222;Dichter O\u011fuz Tansel&#8220;\u00a0<\/strong> gegeben an den Park der Wohnbezirk Beysukent\u00a0 (<a href=\"http:\/\/www.oguztansel.org\/wp-content\/uploads\/2018\/04\/OT-park\u0131-Beysukent-2017.jpg\">Bitte hier klicken f\u00fcr das Photo<\/a>).<\/p>\n<p><strong>PREIS:<\/strong><\/p>\n<p>Im Jahr 1977 hat er den Preis der Verenigung Der T\u00fcrkische Sprache f\u00fcr Kinder Literatur erhalten.<\/p>\n<p><strong>WERKE<\/strong><\/p>\n<p><strong><em>Gedichtb\u00e4nde: <\/em><\/strong><\/p>\n<p>Tansel, O\u011fuz (1953) <strong><em>Savrulmay\u0131 Bekleyen Harman, <\/em><\/strong>\u0130stanbul: Yeni Matbaa (<a href=\"http:\/\/www.oguztansel.org\/wp-content\/uploads\/2015\/12\/savrulmay%C4%B1-bekleyen-harman.jpg\">Bitte hier klicken f\u00fcr den Einband<\/a>),<\/p>\n<p>Tansel, O\u011fuz (1962)<strong> <em>G\u00f6z\u00fcn\u00fc Sevdi\u011fim, <\/em><\/strong>Ankara:\u00a0 Dost Yay\u0131nlar\u0131 (<a href=\"http:\/\/www.oguztansel.org\/wp-content\/uploads\/2015\/12\/g%C3%B6z%C3%BCn%C3%BC-sevdi%C4%9Fim.jpg\">Bitte hier klicken f\u00fcr den Einband<\/a>),<\/p>\n<p>Tansel, O\u011fuz (1986)<strong> <em>Sar\u0131k\u0131z Yolu<\/em><\/strong> (S\u00e4mtliche Gedichte) Ankara: Yaz Yay\u0131nlar\u0131 (<a href=\"http:\/\/www.oguztansel.org\/wp-content\/uploads\/2015\/12\/Sar%C4%B1k%C4%B1z-Yolu.jpg\">Bitte hier klicken f\u00fcr den Einband<\/a>),<\/p>\n<p>Tansel, O\u011fuz und Metin Elo\u011flu (1970)<strong> <em>Bekta\u015fi Dedikleri<\/em><\/strong> \u00a0(illustriert von Abidin Dino) \u00a0\u0130stanbul: \u0130\u015f Bankas\u0131 K\u00fclt\u00fcr Yay\u0131nlar\u0131 (<a href=\"http:\/\/www.oguztansel.org\/wp-content\/uploads\/2015\/12\/Bekta%C5%9Fi-Dedikleri-1.jpg\">Bitte hier klicken f\u00fcr den Einband<\/a> ); \u00a0(1977) \u0130stanbul: Sander Yay\u0131nlar\u0131 (<a href=\"http:\/\/www.oguztansel.org\/wp-content\/uploads\/2015\/12\/bekta%C5%9F-dedikleri-sander-yayinlari-kapak-1.jpg\">Bitte hier klicken f\u00fcr den Einband<\/a>); (1983) \u0130stanbul: Miyatro Yay\u0131nlar\u0131 (<a href=\"http:\/\/www.oguztansel.org\/wp-content\/uploads\/2015\/12\/Bekta%C5%9Fi-Dedikleri-2.jpg\">Bitte hier klicken fur den Einband<\/a>); (1995) \u0130stanbul: Adam Yay\u0131nlar\u0131 (<a href=\"http:\/\/www.oguztansel.org\/wp-content\/uploads\/2015\/12\/Bekta%C5%9Fi-Dedikleri.jpg\">Bitte hier klicken f\u00fcr den Einband<\/a>); (2004; 2008) \u0130stanbul: Evrensel Bas\u0131m Yay\u0131n (2004 <a href=\"http:\/\/www.oguztansel.org\/wp-content\/uploads\/2017\/06\/Bekta%C5%9Fi-2004.jpg\">Bitte hier klicken f\u00fcr den Einband <\/a>\u2013 2008 <a href=\"http:\/\/www.oguztansel.org\/wp-content\/uploads\/2017\/06\/bekta%C5%9Fi-2008.jpg\">Bitte hier klicken f\u00fcr den Einband <\/a><u>)<\/u>,<\/p>\n<p>Tansel, O\u011fuz (1999; 2006; 2013)<strong> <em>Da\u011f\u0131 \u00d6pmeler<\/em><\/strong> (posthum ver\u00f6ffentlicht von A. Tansel) \u0130stanbul: Yap\u0131 Kredi Yay\u0131nlar\u0131 (<a href=\"http:\/\/www.oguztansel.org\/wp-content\/uploads\/2015\/12\/Da%C4%9F%C4%B1-%C3%96pmeler-Kapak.jpg\">Bitte hier klicken f\u00fcr den Einband<\/a>),<\/p>\n<p>Tansel, O\u011fuz (2005; 2013)<strong> <em>Mutluluk Pe\u015finde<\/em><\/strong> (Ausgew\u00e4hlte Gedichte) \u0130stanbul: Evrensel Bas\u0131m Yay\u0131n (2005 <a href=\"http:\/\/www.oguztansel.org\/wp-content\/uploads\/2015\/12\/Mutluluk-Pe%C5%9Finde-Kapak.jpg\">Bitte hier klicken f\u00fcr den Einband <\/a>\u2013 2013 <a href=\"http:\/\/www.oguztansel.org\/wp-content\/uploads\/2017\/06\/mutluluk-2013.jpg\">Bitte hier klicken f\u00fcr den Einband)<\/a>,<\/p>\n<p>Tansel, O\u011fuz (2011)<strong> <em>At the Dawn of Oleander Blossoms <\/em><\/strong>(Gedichte \u00fcber Umgebung von Antalya in T\u00fcrkisch und Englisch) Antalya:\u00a0Suna-\u0130nan K\u0131ra\u00e7 Akdeniz Medeniyetleri Ara\u015ft\u0131rma Enstit\u00fcs\u00fc (<a href=\"http:\/\/www.oguztansel.org\/wp-content\/uploads\/2016\/01\/zakkum%C3%A7i%C3%A7e%C4%9Fi.jpg\">Bitte hier klicken f\u00fcr den Einband<\/a>),<\/p>\n<p>Tansel, O\u011fuz (2012)<strong> <em>World of Tales <\/em><\/strong>(Ausgewahlte Gedichte in T\u00fcrkisch und Englisch) Ankara: Elips Kitap (<a href=\"http:\/\/www.oguztansel.org\/wp-content\/uploads\/2015\/12\/Masal-D%C3%BCnyas%C4%B1.jpg\">Bitte hier klicken f\u00fcr den Einband<\/a>),<\/p>\n<p>Tansel, O\u011fuz (2017) <strong><em>G\u00f6kdeniz-Das Meer am Himmel<\/em> <\/strong>(Ausgewahlte Gedichte in T\u00fcrkisch und Deutsch), Wassenberg, Almanya: Schulbuchverlag Anadolu (<a href=\"http:\/\/www.oguztansel.org\/wp-content\/uploads\/2018\/04\/G\u00f6kdeniz-kapak-jpec.jpg\">Bitte hier klicken f\u00fcr den Einband<\/a>).<\/p>\n<p>&nbsp;<\/p>\n<p><strong><em>Volksm\u00e4rchen:<\/em><\/strong><\/p>\n<p>Tansel, O\u011fuz (1959)<strong> <em>Alt\u0131 Karde\u015fler<\/em><\/strong><em> (Sech Geschwister) Ankara: <\/em>Dost Yay\u0131nlar\u0131 (<a href=\"http:\/\/www.oguztansel.org\/wp-content\/uploads\/2015\/12\/alt%C4%B1-karde%C5%9Fler.jpg\">Bitte hier klicken fur den Einband<\/a>); (2003) Ankara: Ver\u00f6ffentlichungen des Erziehungsministeriums (<a href=\"http:\/\/www.oguztansel.org\/wp-content\/uploads\/2015\/12\/alt%C4%B1-karde%C5%9Fler-3.jpg\">Bitte hier klicken fur den Einband<\/a>); (2011) \u0130stanbul: Yap\u0131 Kredi Yay\u0131nlar\u0131 \u00a0(<a href=\"http:\/\/www.oguztansel.org\/wp-content\/uploads\/2015\/12\/alti-kardesler2.jpg\">Bitte hier klicken f\u00fcr den Einband<\/a>),<\/p>\n<p>Tansel, O\u011fuz (1960) <strong><em>Yedi Devler<\/em><\/strong><em> (Sieben Riesen)<strong>\u00a0<\/strong><\/em>\u0130stanbul: Kutulmu\u015f Matbaas\u0131 (<a href=\"http:\/\/www.oguztansel.org\/wp-content\/uploads\/2015\/12\/yedi-devler.jpg\">Bitte hier klicken fur den Einband<\/a>); (2003) Ankara: Ver\u00f6ffentlichungen des Erziehungsministeriums (<a href=\"http:\/\/www.oguztansel.org\/wp-content\/uploads\/2015\/12\/yedi-devlerrr.jpg\">Bitte hier klicken fur den Einband<\/a>); (2011) \u0130stanbul: Yap\u0131 Kredi Yay\u0131nlar\u0131 \u00a0(<a href=\"http:\/\/www.oguztansel.org\/wp-content\/uploads\/2015\/12\/Yedi-Devler-YKY.jpg\">Bitte hier klicken f\u00fcr den Einband<\/a>),<\/p>\n<p>Tansel, O\u011fuz (1963)<strong> <em>\u00dc\u00e7 K\u0131zlar<\/em><\/strong><em> (Drei M\u00e4dchen) <\/em>Ankara: Dernek Yay\u0131nlar\u0131 (<a href=\"http:\/\/www.oguztansel.org\/wp-content\/uploads\/2015\/12\/%C3%9C%C3%A7-K%C4%B1zlar.jpg\">Bitte hier klicken fur den Einband<\/a>); (2003) Ankara: Ver\u00f6ffentlichungen des Erziehungsministeriums (<a href=\"http:\/\/www.oguztansel.org\/wp-content\/uploads\/2015\/12\/u%C3%BC%C3%A7-k%C4%B1zlar.jpg\">Bitte hier klicken fur den Einband<\/a>); ( 2011) \u0130stanbul: Yap\u0131 Kredi Yay\u0131nlar\u0131\u00a0(<a href=\"http:\/\/www.oguztansel.org\/wp-content\/uploads\/2015\/12\/uc-kizlar.jpg\">Bitte hier klicken f\u00fcr den Einband<\/a>),<\/p>\n<p>Tansel, O\u011fuz (1966)<strong> <em>Mavi Gelin<\/em><\/strong><em> (Die Braut in Blau)<\/em>\u00a0 Ankara: Yaz Yay\u0131nlar\u0131 (<a href=\"http:\/\/www.oguztansel.org\/wp-content\/uploads\/2016\/01\/mavi-gelinnn.jpg\">Bitte hier klicken fur den Einband<\/a>); (2003) Ankara: Ver\u00f6ffentlichungen des Erziehungsministeriums (<a href=\"http:\/\/www.oguztansel.org\/wp-content\/uploads\/2015\/12\/mavi-gelin.jpg\">Bitte hier klicken f\u00fcr den Einband<\/a>); (2011) \u0130stanbul: Yap\u0131 Kredi Yay\u0131nlar\u0131 (<a href=\"http:\/\/www.oguztansel.org\/wp-content\/uploads\/2015\/12\/Mavi-Gelin-YKY.jpg\">Bitte hier klicken f\u00fcr den Einband<\/a>),<\/p>\n<p>Tansel, O\u011fuz (1976) <strong><em>\u00a0Al\u2019l\u0131 ile F\u0131rf\u0131r\u0131<\/em><\/strong> 2 B\u00e4nde \u00a0(erhielt 1977 den Preis f\u00fcr Kinderliteratur der T\u00fcrkischen Gesellschaft f\u00fcr Sprache TDK) Ankara: Yaz Yayinlar\u0131 (<a href=\"http:\/\/www.oguztansel.org\/wp-content\/uploads\/2015\/12\/All%C4%B1-ile-F%C4%B1rf%C4%B1r%C4%B1-1.jpg\">Bitte hier Klicken f\u00fcr den Einband<\/a>); (2009; 2012; 2016) Ankara: Elips Kitap ( 2009 <a href=\"http:\/\/www.oguztansel.org\/wp-content\/uploads\/2016\/01\/ali-ile-f%C4%B1rf%C4%B1rl%C4%B1-cilt-1.jpg\">Bitte hier klicken f\u00fcr den Einband 1<\/a>\u00a0\u2013 2009\u00a0<a href=\"http:\/\/www.oguztansel.org\/wp-content\/uploads\/2016\/01\/ali-ile-f%C4%B1rf%C4%B1rl%C4%B1-cilt2.jpg\">Bitte hier klicken f\u00fcr den Einband 2<\/a>\u00a0\u2013\u00a02012; 2016 <a href=\"http:\/\/www.oguztansel.org\/wp-content\/uploads\/2017\/06\/al-l%C4%B1-ile-2016.jpg\">Bitte hier klicken f\u00fcr den Einband)<\/a>,<\/p>\n<p>Tansel, O\u011fuz, Adnan \u00d6zyal\u00e7iner et al. (1979; 2006)<strong><em>\u00a0Bir de Varm\u0131\u015f \u0130ki de Varm\u0131\u015f<\/em><\/strong><em> (Es war sowohl einmal wie auch zweimal) \u00a0<\/em>\u0130stanbul: Boyut Yay\u0131n (<a href=\"http:\/\/www.oguztansel.org\/wp-content\/uploads\/2016\/01\/birdevarm%C4%B1%C5%9F.jpg\">Bitte hier klicken f\u00fcr den Einband<\/a>),<\/p>\n<p>Tansel, O\u011fuz (1985)<strong> <em>\u00c7obanla Bey K\u0131z\u0131<\/em><\/strong><em> (Der Sch\u00e4fer und die Tochter des Bey) <\/em>Ankara: Yaz Yayinlar\u0131 (<a href=\"http:\/\/www.oguztansel.org\/wp-content\/uploads\/2015\/12\/%C3%87oban-ile-Bey-K%C4%B1z%C4%B1.jpg\">Bitte hier klicken f\u00fcr den Einband<\/a>),<\/p>\n<p>Tansel, O\u011fuz (1985)<strong> <em>Konu\u015fan Bal\u0131kla Yaln\u0131z K\u0131z<\/em><\/strong><em> (Der sprechende Fisch und das einsame M\u00e4dchen) <\/em>Ankara: Yaz Yayinlar\u0131 (<a href=\"http:\/\/www.oguztansel.org\/wp-content\/uploads\/2015\/12\/konu%C5%9Fan-bal%C4%B1kla-yaln%C4%B1z-k%C4%B1z.jpg\">Bitte hier klicken f\u00fcr den Einband<\/a>),<\/p>\n<p>Tansel, O\u011fuz (2018) <strong><em>Al\u2019l\u0131 ile F\u0131rf\u0131r\u0131<\/em><\/strong> (\u00dcbersetzung ins Russisch: Anastasia M. Zherdeva) die Krim: Tarpan Yay\u0131nevi (<a href=\"http:\/\/www.oguztansel.org\/wp-content\/uploads\/2019\/11\/kapak-alli-ile-firfiri-Rusca.jpg\">Bitte hier klicken fur den Einband<\/a>).<\/p>\n<p>Tansel, O\u011fuz (2019) <strong><em>Masallar<\/em><\/strong> (Volksm\u00e4rchen) \u0130stanbul: Yap\u0131 Kredi Yay\u0131nlar\u0131 (<a href=\"http:\/\/www.oguztansel.org\/wp-content\/uploads\/2019\/11\/kapak-masallar-kitabi-2019.jpg\">Bitte hier klicken fur den Einband<\/a>).<\/p>\n<p><strong>LITERATUR \u00a0\u00dcBER:<\/strong><\/p>\n<p>Turan, Metin (1996)\u00a0 <strong><em>\u00dc\u00e7 Kanatl\u0131 Masal Ku\u015fu: O\u011fuz Tansel<\/em><\/strong><em>,\u00a0(O\u011fuz Tansel: Der Vogel mit Drei Fl\u00fcgeln) <\/em>Ankara: \u00dcr\u00fcn Yay\u0131nlar\u0131. (<a href=\"http:\/\/www.oguztansel.org\/wp-content\/uploads\/2016\/01\/%C3%BC%C3%A7kanatl%C4%B1masalku%C5%9Fu.jpg\">Bitte hier klicken f\u00fcr den Einband<\/a>).Dezember 2018: die erweiterte, zweite Aufgabe, \u00dcr\u00fcn Yay\u0131nlar\u0131.  September 2019: Erweiterte, dritte Aufgab, \u00dcr\u00fcn Yay\u0131nlar\u0131 (<a href=\"http:\/\/www.oguztansel.org\/wp-content\/uploads\/2019\/11\/kapak2019pdf.jpg\">Bitte hier klicken f\u00fcr den Einband<\/a>),<\/p>\n<p>Elo\u011flu, Metin (2012) <strong><em>Can\u0131m O\u011fuzcu\u011fum<\/em><\/strong><em>\u2013 <\/em>Briefe an O\u011fuz Tansel, \u0130stanbul: Yap\u0131 Kredi Yay\u0131nlar\u0131. (<a href=\"http:\/\/www.oguztansel.org\/wp-content\/uploads\/2016\/01\/can%C4%B1m-o%C4%9Fuzcu%C4%9Fum.jpg\">Bitte hier klicken f\u00fcr den Einband<\/a>),<\/p>\n<p><strong>SEKUND\u00c4RLITERATUR:<\/strong><\/p>\n<p>Alt\u0131nkaynak, Hikmet (2008) <strong><em>T\u00fcrk Edebiyat\u0131nda Yazarlar ve \u015eairler S\u00f6zl\u00fcg\u00fc<\/em><\/strong> (Lexikon der T\u00fcrkischen Schriftsteller und Dichter) verbesserte zweite Auflage, \u0130stanbul: \u00a0Do\u011fan Kitap,\u00a0 pp. 669-670.<\/p>\n<p><em>\u00dcbersetzt von Thomas Balkenhol<\/em><\/p>\n<p><a href=\"http:\/\/www.oguztansel.org\/wp-content\/uploads\/2015\/12\/TDK-odul-belgesi.jpg\"><img decoding=\"async\" loading=\"lazy\" class=\" size-full wp-image-12113 alignnone\" src=\"http:\/\/www.oguztansel.org\/wp-content\/uploads\/2015\/12\/TDK-odul-belgesi.jpg\" alt=\"TDK odul belgesi\" width=\"962\" height=\"768\" srcset=\"http:\/\/www.oguztansel.org\/wp-content\/uploads\/2015\/12\/TDK-odul-belgesi.jpg 962w, http:\/\/www.oguztansel.org\/wp-content\/uploads\/2015\/12\/TDK-odul-belgesi-300x240.jpg 300w, http:\/\/www.oguztansel.org\/wp-content\/uploads\/2015\/12\/TDK-odul-belgesi-177x142.jpg 177w, http:\/\/www.oguztansel.org\/wp-content\/uploads\/2015\/12\/TDK-odul-belgesi-147x118.jpg 147w\" sizes=\"(max-width: 962px) 100vw, 962px\" \/><\/a><a href=\"http:\/\/www.oguztansel.org\/wp-content\/uploads\/2015\/12\/Edebiyatcilar-Dernegi-Belgesi.jpg\"><img decoding=\"async\" loading=\"lazy\" class=\"alignleft wp-image-12235 size-large\" src=\"http:\/\/www.oguztansel.org\/wp-content\/uploads\/2015\/12\/Tarihte-Bug\u00fcn-1024x322.jpg\" alt=\"Tarihte Bug\u00fcn\" width=\"669\" height=\"210\" srcset=\"http:\/\/www.oguztansel.org\/wp-content\/uploads\/2015\/12\/Tarihte-Bug\u00fcn-1024x322.jpg 1024w, http:\/\/www.oguztansel.org\/wp-content\/uploads\/2015\/12\/Tarihte-Bug\u00fcn-300x94.jpg 300w\" sizes=\"(max-width: 669px) 100vw, 669px\" \/><img decoding=\"async\" loading=\"lazy\" class=\"alignleft size-full wp-image-12900\" src=\"http:\/\/www.oguztansel.org\/wp-content\/uploads\/2015\/12\/Edebiyatcilar-Dernegi-Belgesi.jpg\" alt=\"Edebiyatcilar Dernegi Belgesi\" width=\"534\" height=\"768\" srcset=\"http:\/\/www.oguztansel.org\/wp-content\/uploads\/2015\/12\/Edebiyatcilar-Dernegi-Belgesi.jpg 534w, http:\/\/www.oguztansel.org\/wp-content\/uploads\/2015\/12\/Edebiyatcilar-Dernegi-Belgesi-209x300.jpg 209w\" sizes=\"(max-width: 534px) 100vw, 534px\" \/><br \/>\n<\/a><\/p>","protected":false},"excerpt":{"rendered":"<p>Pause Spielen \u00dcber O\u011fuz Tansel Dichter und M\u00e4rchenerz\u00e4hler, geb. in Meyre (Bozk\u0131r \u2013 Konya) am 15. Februar 1915, gest. in Ankara am 30. Oktober 1994. Mittelschule in Davutpa\u015fa, anschlie\u00dfend Pertevniyal Gymnasium in Istanbul. Noch w\u00e4hrend des Studiums der Literatur und der T\u00fcrkischen Sprache an der Universit\u00e4t Istanbul (1935 -39) T\u00e4tigkeit als Lehrer, bis er aus [&hellip;]<\/p>\n","protected":false},"author":1,"featured_media":0,"parent":0,"menu_order":0,"comment_status":"closed","ping_status":"open","template":"","meta":[],"_links":{"self":[{"href":"http:\/\/www.oguztansel.org\/de\/wp-json\/wp\/v2\/pages\/12049"}],"collection":[{"href":"http:\/\/www.oguztansel.org\/de\/wp-json\/wp\/v2\/pages"}],"about":[{"href":"http:\/\/www.oguztansel.org\/de\/wp-json\/wp\/v2\/types\/page"}],"author":[{"embeddable":true,"href":"http:\/\/www.oguztansel.org\/de\/wp-json\/wp\/v2\/users\/1"}],"replies":[{"embeddable":true,"href":"http:\/\/www.oguztansel.org\/de\/wp-json\/wp\/v2\/comments?post=12049"}],"version-history":[{"count":59,"href":"http:\/\/www.oguztansel.org\/de\/wp-json\/wp\/v2\/pages\/12049\/revisions"}],"predecessor-version":[{"id":13977,"href":"http:\/\/www.oguztansel.org\/de\/wp-json\/wp\/v2\/pages\/12049\/revisions\/13977"}],"wp:attachment":[{"href":"http:\/\/www.oguztansel.org\/de\/wp-json\/wp\/v2\/media?parent=12049"}],"curies":[{"name":"wp","href":"https:\/\/api.w.org\/{rel}","templated":true}]}}