{"id":12833,"date":"2016-03-27T23:09:26","date_gmt":"2016-03-27T20:09:26","guid":{"rendered":"http:\/\/www.oguztansel.org\/?page_id=12833"},"modified":"2016-05-05T19:13:15","modified_gmt":"2016-05-05T16:13:15","slug":"muzikkavak-agaci","status":"publish","type":"page","link":"http:\/\/www.oguztansel.org\/de\/muzikkavak-agaci\/","title":{"rendered":"Muzik:Kavak A\u011fac\u0131"},"content":{"rendered":"<p><embed hidden=\"true\" src=\"http:\/\/www.oguztansel.org\/Kavak_Agaci_Poplar_Tree.mp3\" width=\"1\" height=\"1\"><\/embed><br \/>\n<strong>Playing : Die Papel<\/strong><br \/>\n<img decoding=\"async\" loading=\"lazy\" class=\"alignleft size-full wp-image-12747\" src=\"http:\/\/www.oguztansel.org\/wp-content\/uploads\/2016\/03\/salkimsogutson.jpg\" alt=\"salkimsogutson\" width=\"297\" height=\"788\" srcset=\"http:\/\/www.oguztansel.org\/wp-content\/uploads\/2016\/03\/salkimsogutson.jpg 297w, http:\/\/www.oguztansel.org\/wp-content\/uploads\/2016\/03\/salkimsogutson-113x300.jpg 113w\" sizes=\"(max-width: 297px) 100vw, 297px\" \/><\/p>\n<p><strong>TRAUERWEIDE<\/strong><\/p>\n<p><strong>Gedichte von: O\u011fuz Tansel<\/strong><\/p>\n<p><strong>Komponiert von: Prof. Dr. Bruce Reiprich <\/strong><\/p>\n<p><strong>Project und Realisierung von: \u015eefik Kahramankaptan <\/strong><\/p>\n<p><strong>Copyright: <\/strong>The Copyright in these sound recordings is owned by YESA Ltd.They cannot be copied without written permissin.<\/p>\n<p><strong>Der Blaue Bergpass\u00a0\u00a0<\/strong><\/p>\n<ul style=\"list-style: none !important;\">\n<li>1)Der Blaue Bergpass\u00a0(<a href=\"http:\/\/www.oguztansel.org\/de\/muzikmavu-bogaz\/\">bitte knopfen<\/a>)<\/li>\n<li>2)Maerchenwelt\u00a0(<a href=\"http:\/\/www.oguztansel.org\/de\/muzikmasal-dunyasiii\/\">bitte knopfen<\/a>)<\/li>\n<li>3)Aufruf\u00a0(<a href=\"http:\/\/www.oguztansel.org\/de\/muzikcagri\/ \">bitte knopfen<\/a>)<\/li>\n<li>Soprano: Feryal T\u00fcrko\u011flu, Piano: F\u00fcgen Serbest<\/li>\n<\/ul>\n<p><strong>Trauerweide<\/strong><\/p>\n<ul style=\"list-style: none !important;\">\n<li>4)Maenner\u00a0(<a href=\"http:\/\/www.oguztansel.org\/de\/muzikadamlar\/\">bitte knopfen<\/a>)<\/li>\n<li>5)Das Lied des Gefangenen\u00a0(<a href=\"http:\/\/www.oguztansel.org\/de\/muziktutsagin-turkusu\/\">bitte knopfen<\/a>)<\/li>\n<li>6)Trauerweide\u00a0(<a href=\"http:\/\/www.oguztansel.org\/de\/muziksaklim-sogut\/\">bitte knopfen<\/a>)<\/li>\n<li>Soprano: Feryal T\u00fcrko\u011flu, Ankara Opera Quinte<\/li>\n<li>28 November-10 December 2000. Aufnahme in den Praesident\u2019s Symphony Orchestra Halle, Ankara)<\/li>\n<\/ul>\n<p><strong>\u00a0Zwei T\u00fcrkische Lieder<\/strong><\/p>\n<ul style=\"list-style: none !important;\">\n<li>7)Regen im Mai\u00a0(<a href=\" http:\/\/www.oguztansel.org\/de\/muzikmayis-yagmuru\/\">bitte knopfen<\/a>)<\/li>\n<li>8)\u00a0 Die Papel\u00a0(<a href=\"http:\/\/www.oguztansel.org\/de\/muzikkavak-agaci\/\">bitte knopfen<\/a>)<\/li>\n<li>Soprano: Feryal T\u00fcrko\u011flu, Querfl\u00f6te: Ata Aytu\u011f Oral, Piano: F\u00fcgen Serbest<\/li>\n<li>9) Trauerweide (<a href=\"http:\/\/www.oguztansel.org\/de\/muziksalkim-sogut-2\/\">bitte knopfen<\/a>)<\/li>\n<li>Soprano: Susan Kelly. Dirigent: Victor Liva. The Performing Arts Institute Chamber Orchestra<\/li>\n<li>10)\u00a0 \u00a0Die Jagd nach dem Gl\u00fcck (<a href=\"http:\/\/www.oguztansel.org\/de\/muzikmutluluk-pesinde\/\">bitte knopfen<\/a>)<\/li>\n<li>Dirigent: Jerome Campbell. Wilkes University Wind Ensemble and Chorus<\/li>\n<\/ul>\n<p><\/p>","protected":false},"excerpt":{"rendered":"<p>Playing : Die Papel TRAUERWEIDE Gedichte von: O\u011fuz Tansel Komponiert von: Prof. Dr. Bruce Reiprich Project und Realisierung von: \u015eefik Kahramankaptan Copyright: The Copyright in these sound recordings is owned by YESA Ltd.They cannot be copied without written permissin. Der Blaue Bergpass\u00a0\u00a0 1)Der Blaue Bergpass\u00a0(bitte knopfen) 2)Maerchenwelt\u00a0(bitte knopfen) 3)Aufruf\u00a0(bitte knopfen) Soprano: Feryal T\u00fcrko\u011flu, Piano: F\u00fcgen [&hellip;]<\/p>\n","protected":false},"author":1,"featured_media":0,"parent":0,"menu_order":0,"comment_status":"closed","ping_status":"open","template":"","meta":[],"_links":{"self":[{"href":"http:\/\/www.oguztansel.org\/de\/wp-json\/wp\/v2\/pages\/12833"}],"collection":[{"href":"http:\/\/www.oguztansel.org\/de\/wp-json\/wp\/v2\/pages"}],"about":[{"href":"http:\/\/www.oguztansel.org\/de\/wp-json\/wp\/v2\/types\/page"}],"author":[{"embeddable":true,"href":"http:\/\/www.oguztansel.org\/de\/wp-json\/wp\/v2\/users\/1"}],"replies":[{"embeddable":true,"href":"http:\/\/www.oguztansel.org\/de\/wp-json\/wp\/v2\/comments?post=12833"}],"version-history":[{"count":4,"href":"http:\/\/www.oguztansel.org\/de\/wp-json\/wp\/v2\/pages\/12833\/revisions"}],"predecessor-version":[{"id":12974,"href":"http:\/\/www.oguztansel.org\/de\/wp-json\/wp\/v2\/pages\/12833\/revisions\/12974"}],"wp:attachment":[{"href":"http:\/\/www.oguztansel.org\/de\/wp-json\/wp\/v2\/media?parent=12833"}],"curies":[{"name":"wp","href":"https:\/\/api.w.org\/{rel}","templated":true}]}}