{"id":13632,"date":"2019-10-26T21:46:55","date_gmt":"2019-10-26T18:46:55","guid":{"rendered":"http:\/\/www.oguztansel.org\/?page_id=13632"},"modified":"2019-11-30T06:11:07","modified_gmt":"2019-11-30T03:11:07","slug":"siir-cevirileri","status":"publish","type":"page","link":"http:\/\/www.oguztansel.org\/de\/siir-cevirileri\/","title":{"rendered":"Gedichte \u00fcbersetzt von O\u011fuz Tansel"},"content":{"rendered":"<p><a href=\"http:\/\/www.oguztansel.org\/barbara\/\"><b>Barbara<\/b> (Jacques Pr\u00e9vert\u2019den  \u00e7eviren O\u011fuz Tansel) T\u0131klay\u0131n\u0131z<\/a><br \/>\n<a href=\"http:\/\/www.oguztansel.org\/haylaz-ogrenci\/\"><b>Haylaz \u00d6\u011frenci<\/b> (Jacques Pr\u00e9vert\u2019den  \u00e7eviren O\u011fuz Tansel) T\u0131klay\u0131n\u0131z<\/a><br \/>\n<a href=\"http:\/\/www.oguztansel.org\/masal-tuccari\/\"><b>Masal T\u00fcccar\u0131<\/b> (Charles Dobzynsky\u2019den  \u00c7eviren O\u011fuz Tansel) T\u0131klay\u0131n\u0131z<\/a><\/p>\n","protected":false},"excerpt":{"rendered":"<p>Barbara (Jacques Pr\u00e9vert\u2019den \u00e7eviren O\u011fuz Tansel) T\u0131klay\u0131n\u0131z Haylaz \u00d6\u011frenci (Jacques Pr\u00e9vert\u2019den \u00e7eviren O\u011fuz Tansel) T\u0131klay\u0131n\u0131z Masal T\u00fcccar\u0131 (Charles Dobzynsky\u2019den \u00c7eviren O\u011fuz Tansel) T\u0131klay\u0131n\u0131z<\/p>\n","protected":false},"author":1,"featured_media":0,"parent":0,"menu_order":0,"comment_status":"closed","ping_status":"closed","template":"","meta":[],"_links":{"self":[{"href":"http:\/\/www.oguztansel.org\/de\/wp-json\/wp\/v2\/pages\/13632"}],"collection":[{"href":"http:\/\/www.oguztansel.org\/de\/wp-json\/wp\/v2\/pages"}],"about":[{"href":"http:\/\/www.oguztansel.org\/de\/wp-json\/wp\/v2\/types\/page"}],"author":[{"embeddable":true,"href":"http:\/\/www.oguztansel.org\/de\/wp-json\/wp\/v2\/users\/1"}],"replies":[{"embeddable":true,"href":"http:\/\/www.oguztansel.org\/de\/wp-json\/wp\/v2\/comments?post=13632"}],"version-history":[{"count":7,"href":"http:\/\/www.oguztansel.org\/de\/wp-json\/wp\/v2\/pages\/13632\/revisions"}],"predecessor-version":[{"id":13980,"href":"http:\/\/www.oguztansel.org\/de\/wp-json\/wp\/v2\/pages\/13632\/revisions\/13980"}],"wp:attachment":[{"href":"http:\/\/www.oguztansel.org\/de\/wp-json\/wp\/v2\/media?parent=13632"}],"curies":[{"name":"wp","href":"https:\/\/api.w.org\/{rel}","templated":true}]}}