{"id":11796,"date":"2015-11-22T21:06:17","date_gmt":"2015-11-22T19:06:17","guid":{"rendered":"http:\/\/www.oguztansel.org\/?page_id=11796"},"modified":"2017-03-20T10:56:22","modified_gmt":"2017-03-20T07:56:22","slug":"cagri","status":"publish","type":"page","link":"http:\/\/www.oguztansel.org\/en\/cagri\/","title":{"rendered":"INVITATION I"},"content":{"rendered":"<p><a class=\"group1\" title=\"Picasso\" href=\"http:\/\/www.oguztansel.org\/wp-content\/uploads\/2015\/11\/\u00c7a\u011fr\u0131-I.jpg\"><img decoding=\"async\" loading=\"lazy\" class=\"  wp-image-12995 alignright\" style=\"margin-right: 20%;\" src=\"http:\/\/www.oguztansel.org\/wp-content\/uploads\/2015\/11\/\u00c7a\u011fr\u0131-I.jpg\" alt=\"\u00c7A\u011eRI I\" width=\"238\" height=\"364\" \/><\/a><\/p>\n<div style=\"margin-left: 20%;\">\n<p style=\"text-align: left;\">\n<strong>INVITATION I<\/strong><\/p>\n<p>Walking teaches form and dexterity<br \/>\nAs grows the freedom of the birds while they fly<br \/>\nOf the horses and the fawns while they run<br \/>\nOf the jujubes when they grow leaves and bloom<br \/>\nOf the rapids while they tumble<br \/>\nOf the people when they think and do<br \/>\nFrom moonset till dawn<br \/>\nThe four seasons and twelve months<br \/>\nKnow that I think of you<\/p>\n<p><strong>O\u011fuz Tansel<\/strong><br \/>\n<em>Translated by Ays\u0131t Tansel<br \/>\nWorld of Tales, Elips Kitap, 2012<\/em>\n<\/p>\n<\/div>\n<p><\/p>","protected":false},"excerpt":{"rendered":"<p>INVITATION I Walking teaches form and dexterity As grows the freedom of the birds while they fly Of the horses and the fawns while they run Of the jujubes when they grow leaves and bloom Of the rapids while they tumble Of the people when they think and do From moonset till dawn The four [&hellip;]<\/p>\n","protected":false},"author":1,"featured_media":0,"parent":0,"menu_order":0,"comment_status":"open","ping_status":"open","template":"","meta":[],"_links":{"self":[{"href":"http:\/\/www.oguztansel.org\/en\/wp-json\/wp\/v2\/pages\/11796"}],"collection":[{"href":"http:\/\/www.oguztansel.org\/en\/wp-json\/wp\/v2\/pages"}],"about":[{"href":"http:\/\/www.oguztansel.org\/en\/wp-json\/wp\/v2\/types\/page"}],"author":[{"embeddable":true,"href":"http:\/\/www.oguztansel.org\/en\/wp-json\/wp\/v2\/users\/1"}],"replies":[{"embeddable":true,"href":"http:\/\/www.oguztansel.org\/en\/wp-json\/wp\/v2\/comments?post=11796"}],"version-history":[{"count":12,"href":"http:\/\/www.oguztansel.org\/en\/wp-json\/wp\/v2\/pages\/11796\/revisions"}],"predecessor-version":[{"id":13374,"href":"http:\/\/www.oguztansel.org\/en\/wp-json\/wp\/v2\/pages\/11796\/revisions\/13374"}],"wp:attachment":[{"href":"http:\/\/www.oguztansel.org\/en\/wp-json\/wp\/v2\/media?parent=11796"}],"curies":[{"name":"wp","href":"https:\/\/api.w.org\/{rel}","templated":true}]}}