{"id":11820,"date":"2015-12-03T13:33:15","date_gmt":"2015-12-03T11:33:15","guid":{"rendered":"http:\/\/www.oguztansel.org\/?page_id=11820"},"modified":"2017-03-20T11:09:21","modified_gmt":"2017-03-20T08:09:21","slug":"salkim-sogut","status":"publish","type":"page","link":"http:\/\/www.oguztansel.org\/en\/salkim-sogut\/","title":{"rendered":"WEEPING WILLOW"},"content":{"rendered":"<p><a class=\"group1\" title=\"Claude Monet\" href=\"http:\/\/www.oguztansel.org\/wp-content\/uploads\/2015\/12\/Salk\u0131m-S\u00f6\u011f\u00fct.jpg\"><img decoding=\"async\" loading=\"lazy\" class=\" size-medium wp-image-12995 alignright\" style=\"margin-right: 20%;\" src=\"http:\/\/www.oguztansel.org\/wp-content\/uploads\/2015\/12\/Salk\u0131m-S\u00f6\u011f\u00fct.jpg\" alt=\"mutluluk pesinde\" width=\"196\" height=\"300\" \/><\/a><\/p>\n<div style=\"margin-left: 20%;\">\n<p style=\"text-align: left;\"><strong>WEEPING WILLOW<\/strong><\/p>\n<p>Your branches are droopy with longing,<br \/>\nYou are deep in dark thoughts.<br \/>\nWhy hold your head down? Did you lose your eyes?<br \/>\nYour shadow rests on soil, your thoughts on water.<\/p>\n<p>You stand like a man of the soil,<br \/>\nBeloved tree, lend me your patience,<br \/>\nFresh moonlight shines on your leaves,<br \/>\nYou are not weary of life.<\/p>\n<p>Do not disparage the dreams of good people,<br \/>\nSinging soulful laments at night,<br \/>\nDecent folk and rowdy pass along this road,<br \/>\nNo one can stand longing only.<\/p>\n<p>Your delicate branches<br \/>\nAre threads of embroidery, Ah! Beloved tree!<br \/>\nTell no one,<br \/>\nMan\u2019s suffering at the hands of man<br \/>\nTortures my heart with grief.<\/p>\n<p>Your branches are bewildering.<br \/>\nA lover\u2019s closeness fills me in<br \/>\nCome my beloved, forsake everything,<br \/>\nAs one would bread and water, I miss you.<\/p>\n<p><strong>O\u011fuz Tansel<\/strong><br \/>\n<em>Translated by Ays\u0131t Tansel<br \/>\nWorld of Tales, Elips Kitap, 2012<\/em><\/p>\n<\/div>\n<p><\/p>","protected":false},"excerpt":{"rendered":"<p>WEEPING WILLOW Your branches are droopy with longing, You are deep in dark thoughts. Why hold your head down? Did you lose your eyes? Your shadow rests on soil, your thoughts on water. You stand like a man of the soil, Beloved tree, lend me your patience, Fresh moonlight shines on your leaves, You are [&hellip;]<\/p>\n","protected":false},"author":1,"featured_media":0,"parent":0,"menu_order":0,"comment_status":"closed","ping_status":"open","template":"","meta":[],"_links":{"self":[{"href":"http:\/\/www.oguztansel.org\/en\/wp-json\/wp\/v2\/pages\/11820"}],"collection":[{"href":"http:\/\/www.oguztansel.org\/en\/wp-json\/wp\/v2\/pages"}],"about":[{"href":"http:\/\/www.oguztansel.org\/en\/wp-json\/wp\/v2\/types\/page"}],"author":[{"embeddable":true,"href":"http:\/\/www.oguztansel.org\/en\/wp-json\/wp\/v2\/users\/1"}],"replies":[{"embeddable":true,"href":"http:\/\/www.oguztansel.org\/en\/wp-json\/wp\/v2\/comments?post=11820"}],"version-history":[{"count":12,"href":"http:\/\/www.oguztansel.org\/en\/wp-json\/wp\/v2\/pages\/11820\/revisions"}],"predecessor-version":[{"id":13382,"href":"http:\/\/www.oguztansel.org\/en\/wp-json\/wp\/v2\/pages\/11820\/revisions\/13382"}],"wp:attachment":[{"href":"http:\/\/www.oguztansel.org\/en\/wp-json\/wp\/v2\/media?parent=11820"}],"curies":[{"name":"wp","href":"https:\/\/api.w.org\/{rel}","templated":true}]}}