{"id":11963,"date":"2015-12-23T20:50:01","date_gmt":"2015-12-23T18:50:01","guid":{"rendered":"http:\/\/www.oguztansel.org\/?page_id=11963"},"modified":"2019-07-26T22:35:34","modified_gmt":"2019-07-26T19:35:34","slug":"odul-kazananlar","status":"publish","type":"page","link":"http:\/\/www.oguztansel.org\/en\/odul-kazananlar\/","title":{"rendered":"Those Who Have Previously Received The O\u011fuz Tansel Literature Award"},"content":{"rendered":"<p><strong> O\u011fuz Tansel Literature Award Winners for Later Years is Available Only in Turkish<\/strong><\/p>\n<p>&nbsp;<\/p>\n<p><strong>2017<\/strong> Children\u2019s Literature Award:<\/p>\n<p><strong>Yalva\u00e7 Ural<\/strong><\/p>\n<p>S\u00fcmer Hayvan Masallar\u0131 Yaban\u00f6k\u00fcz\u00fc Boynuzlu Tilki (Published by YKY)<\/p>\n<p>&nbsp;<\/p>\n<p><strong>2016<\/strong> Poetry Award:<\/p>\n<p><strong>P\u0131nar Aka<\/strong><\/p>\n<p>Tenhalar Teni (Published by Hayal Yay\u0131nlar\u0131)<\/p>\n<p>&nbsp;<\/p>\n<p><strong>2015<\/strong> Folklore Award:<\/p>\n<p><strong>M\u00fcmtaz F\u0131rat<\/strong><\/p>\n<p>Kaybolan \u0130zler\u00a0(Published by YKY)<\/p>\n<p>&nbsp;<\/p>\n<p><strong>2014<\/strong> Children\u2019s Literature Award:<\/p>\n<p><strong>Nilay Y\u0131lmaz<\/strong><\/p>\n<p>T\u00fcrk \u00c7ocuk Edebiyat\u0131 Kitaplar\u0131nda \u00c7ocuk Ger\u00e7ekli\u011fine Ele\u015ftirel Bir Bak\u0131\u015f<\/p>\n<p>&nbsp;<\/p>\n<p><strong>2013<\/strong> Poetry Award:<\/p>\n<p><strong>\u0130hsan Top\u00e7u<\/strong><\/p>\n<p>Kalbinden Kan\u0131yor Zaman<\/p>\n<p>&nbsp;<\/p>\n<p><strong>2012<\/strong> Folklore Award:<\/p>\n<p><strong>G\u00fcls\u00fcm Cengiz<\/strong><\/p>\n<p>Kad\u0131nlar \u0130\u00e7in S\u00f6ylenmi\u015ftir (Published by Evrensel Bas\u0131m Yay\u0131n).<\/p>\n<p>&nbsp;<\/p>\n<p><strong>2011<\/strong> Children\u2019s Literature Award:<\/p>\n<p><strong>Ayfer G\u00fcrdal \u00dcnal<\/strong><\/p>\n<p>T\u00fcrk \u00c7ocuk Yaz\u0131n\u0131nda Engellilik, (Published by Evrensel Bas\u0131m Yay\u0131n)<\/p>\n<p>&nbsp;<\/p>\n<p><strong>2010<\/strong> Folklore Award:<\/p>\n<p><strong>Melek \u00d6zlem Sezer<\/strong><\/p>\n<p>Masallar ve Toplumsal Cinsiyet (Published by Evrensel Bas\u0131m Yay\u0131n)<\/p>\n<p>&nbsp;<\/p>\n<p><strong>2009<\/strong> Poetry Award:<\/p>\n<p><strong>Erg\u00fcl \u00c7etin<\/strong><\/p>\n<p>\u00dclke Dilsiz kapan\u0131p Y\u00fcz\u00fcst\u00fc (Published by Edebiyat ve Ele\u015ftiri Kitapl\u0131\u011f\u0131).<\/p>","protected":false},"excerpt":{"rendered":"<p>O\u011fuz Tansel Literature Award Winners for Later Years is Available Only in Turkish &nbsp; 2017 Children\u2019s Literature Award: Yalva\u00e7 Ural S\u00fcmer Hayvan Masallar\u0131 Yaban\u00f6k\u00fcz\u00fc Boynuzlu Tilki (Published by YKY) &nbsp; 2016 Poetry Award: P\u0131nar Aka Tenhalar Teni (Published by Hayal Yay\u0131nlar\u0131) &nbsp; 2015 Folklore Award: M\u00fcmtaz F\u0131rat Kaybolan \u0130zler\u00a0(Published by YKY) &nbsp; 2014 Children\u2019s Literature [&hellip;]<\/p>\n","protected":false},"author":1,"featured_media":0,"parent":0,"menu_order":0,"comment_status":"closed","ping_status":"open","template":"","meta":[],"_links":{"self":[{"href":"http:\/\/www.oguztansel.org\/en\/wp-json\/wp\/v2\/pages\/11963"}],"collection":[{"href":"http:\/\/www.oguztansel.org\/en\/wp-json\/wp\/v2\/pages"}],"about":[{"href":"http:\/\/www.oguztansel.org\/en\/wp-json\/wp\/v2\/types\/page"}],"author":[{"embeddable":true,"href":"http:\/\/www.oguztansel.org\/en\/wp-json\/wp\/v2\/users\/1"}],"replies":[{"embeddable":true,"href":"http:\/\/www.oguztansel.org\/en\/wp-json\/wp\/v2\/comments?post=11963"}],"version-history":[{"count":14,"href":"http:\/\/www.oguztansel.org\/en\/wp-json\/wp\/v2\/pages\/11963\/revisions"}],"predecessor-version":[{"id":13613,"href":"http:\/\/www.oguztansel.org\/en\/wp-json\/wp\/v2\/pages\/11963\/revisions\/13613"}],"wp:attachment":[{"href":"http:\/\/www.oguztansel.org\/en\/wp-json\/wp\/v2\/media?parent=11963"}],"curies":[{"name":"wp","href":"https:\/\/api.w.org\/{rel}","templated":true}]}}