{"id":11966,"date":"2015-12-23T20:53:46","date_gmt":"2015-12-23T18:53:46","guid":{"rendered":"http:\/\/www.oguztansel.org\/?page_id=11966"},"modified":"2018-09-29T12:11:20","modified_gmt":"2018-09-29T09:11:20","slug":"secici-kurul-uyeleri","status":"publish","type":"page","link":"http:\/\/www.oguztansel.org\/en\/secici-kurul-uyeleri\/","title":{"rendered":"JURY MEMBERS OF O\u011eUZ TANSEL LITERATURE AWARD"},"content":{"rendered":"<p><strong>JURY MEMBERS OF O\u011eUZ TANSEL LITERATURE AWARD FOR LATER YEARS IS <br \/>\nAVAILABLE ONLY IN TURKISH<\/strong><\/p>\n<p>&nbsp;<\/p>\n<p>Jury Members of O\u011fuz Tansel Literature Award for Folklore in 2018:<br \/>\n<strong>Prof. Dr. Serpil Ayg\u00fcn Cengiz, Prof. Dr. Cevat Geray (Ba\u015fkan), \u0130lhan G\u00fclek, Prof. Dr. Metin Karada\u011f, Metin Turan\u00a0<\/strong><\/p>\n<p>&nbsp;<\/p>\n<p>Jury Members of O\u011fuz Tansel Literature Award for Children\u2019s Literature in\u00a02017:<strong><br \/>\nProf. Dr. Cevat Geray (Ba\u015fkan), Prof. Dr. Sedat Sever, Prof. Dr. Medine Sivri, \u0130lhan G\u00fclek, Metin Turan\u00a0<\/strong><\/p>\n<p>&nbsp;<\/p>\n<p>Jury Members of O\u011fuz Tansel Literature Award for Poetry in 2016:<\/p>\n<p><strong>M\u00fcslim \u00c7elik, Erg\u00fcl \u00c7etin, Prof. Dr. Cevat Geray (Ba\u015fkan), \u0130lhan G\u00fclek ve Metin\u00a0Turan<\/strong><\/p>\n<p>&nbsp;<\/p>\n<p>Jury Members of O\u011fuz Tansel Literature Award for Folklore in 2015;<\/p>\n<p><strong>Prof. Dr. Cevat Geray (Ba\u015fkan), \u0130lhan G\u00fclek, Prof. Dr. Aynur Ko\u00e7ak, Prof. Dr.\u00a0Muhtar Kutlu, Prof. Dr. Ali Yak\u0131c\u0131 ve Metin Turan<\/strong><\/p>\n<p>&nbsp;<\/p>\n<p>Jury Members of O\u011fuz Tansel Literature Award for Children\u2019s Literature in\u00a02014:<\/p>\n<p><strong>Prof. Dr. Cevat Geray (Ba\u015fkan), Prof. Dr. Sedat Sever, Do\u00e7. Dr. Medine Sivri,\u00a0\u0130lhan G\u00fclek ve Metin Turan.<\/strong><\/p>\n<p>&nbsp;<\/p>\n<p>Jury Members of O\u011fuz Tansel Literature Award for Poetry in 2013:<\/p>\n<p><strong>Eray Canberk, Refik Durba\u015f, Prof. Dr. Cevat Geray (Ba\u015fkan), \u0130lhan G\u00fclek, ve\u00a0Metin Turan.<\/strong><\/p>\n<p>&nbsp;<\/p>\n<p>Jury Members of O\u011fuz Tansel Literature Award for Folklore in 2012:<\/p>\n<p><strong>Prof. Dr. Ali R\u0131za Balaman, Prof. Dr. \u0130lhan Ba\u015fg\u00f6z, Prof. Dr. Cevat Geray\u00a0(Ba\u015fkan), \u0130lhan G\u00fclek, Prof. Dr. Muhtar Kutlu, Prof. Dr. Arzu \u00d6zt\u00fcrkmen ve Metin\u00a0Turan.<\/strong><\/p>\n<p>&nbsp;<\/p>\n<p>Jury Members of O\u011fuz Tansel Literature Award for Children\u2019s Literature in\u00a02011:<\/p>\n<p><strong>Alper Ak\u00e7am, Prof. Dr. Cevat Geray (Ba\u015fkan), Hidayet Karaku\u015f, Prof. Dr. Sedat\u00a0Sever ve Metin Turan<\/strong><\/p>\n<p>&nbsp;<\/p>\n<p>Jury Members of O\u011fuz Tansel Literature Award for Folklore in 2010<\/p>\n<p><strong>Prof. Dr. Ali R\u0131za Balaman, Prof. Dr. \u0130lhan Ba\u015fg\u00f6z, Prof. Dr. Cevat Geray\u00a0(Ba\u015fkan), \u0130lhan G\u00fclek, Do\u00e7. Dr. Muhtar Kutlu, Do\u00e7 Dr. N\u00fcket T\u00f6r ve Metin Turan.<\/strong><\/p>\n<p>&nbsp;<\/p>\n<p>Jury Members of O\u011fuz Tansel Literature Award for Poetry in 2009:<\/p>\n<p><strong>Prof. Dr. Cevat Geray (Ba\u015fkan), G\u00fcnay G\u00fcner, Remzi \u0130nan\u00e7, Naz\u0131m Mutlu,\u00a0Ahmet \u00d6zer, Ertu\u011frul \u00d6z\u00fcayd\u0131n, A. Kadir Paksoy, Prof. Dr. Sedat Sever ve Metin\u00a0Turan.<\/strong><\/p>","protected":false},"excerpt":{"rendered":"<p>JURY MEMBERS OF O\u011eUZ TANSEL LITERATURE AWARD FOR LATER YEARS IS AVAILABLE ONLY IN TURKISH &nbsp; Jury Members of O\u011fuz Tansel Literature Award for Folklore in 2018: Prof. Dr. Serpil Ayg\u00fcn Cengiz, Prof. Dr. Cevat Geray (Ba\u015fkan), \u0130lhan G\u00fclek, Prof. Dr. Metin Karada\u011f, Metin Turan\u00a0 &nbsp; Jury Members of O\u011fuz Tansel Literature Award for Children\u2019s [&hellip;]<\/p>\n","protected":false},"author":1,"featured_media":0,"parent":0,"menu_order":0,"comment_status":"closed","ping_status":"open","template":"","meta":[],"_links":{"self":[{"href":"http:\/\/www.oguztansel.org\/en\/wp-json\/wp\/v2\/pages\/11966"}],"collection":[{"href":"http:\/\/www.oguztansel.org\/en\/wp-json\/wp\/v2\/pages"}],"about":[{"href":"http:\/\/www.oguztansel.org\/en\/wp-json\/wp\/v2\/types\/page"}],"author":[{"embeddable":true,"href":"http:\/\/www.oguztansel.org\/en\/wp-json\/wp\/v2\/users\/1"}],"replies":[{"embeddable":true,"href":"http:\/\/www.oguztansel.org\/en\/wp-json\/wp\/v2\/comments?post=11966"}],"version-history":[{"count":15,"href":"http:\/\/www.oguztansel.org\/en\/wp-json\/wp\/v2\/pages\/11966\/revisions"}],"predecessor-version":[{"id":13565,"href":"http:\/\/www.oguztansel.org\/en\/wp-json\/wp\/v2\/pages\/11966\/revisions\/13565"}],"wp:attachment":[{"href":"http:\/\/www.oguztansel.org\/en\/wp-json\/wp\/v2\/media?parent=11966"}],"curies":[{"name":"wp","href":"https:\/\/api.w.org\/{rel}","templated":true}]}}