{"id":12049,"date":"2015-12-27T12:23:52","date_gmt":"2015-12-27T10:23:52","guid":{"rendered":"http:\/\/www.oguztansel.org\/?page_id=12049"},"modified":"2019-11-29T09:38:41","modified_gmt":"2019-11-29T06:38:41","slug":"ozgecmis","status":"publish","type":"page","link":"http:\/\/www.oguztansel.org\/en\/ozgecmis\/","title":{"rendered":"On O\u011fuz Tansel"},"content":{"rendered":"<p><audio id=\"bgsound\" autoplay=\"autoplay\" loop=\"loop\"><source src=\"http:\/\/www.oguztansel.org\/otbs.mp3\" type=\"audio\/mp3\" codecs=\"vorbis&quot;&gt;\" \/><\/audio><\/p>\n<p style=\"position: absolute; right: 230px; top: 13px; z-index: 10013;\" align=\"left\"><button style=\"border-radius: 10px; -moz-border-radius: 10px; -webkit-border-radius: 10px;\" type=\"button\">Pause<\/button> <button style=\"border-radius: 10px; -moz-border-radius: 10px; -webkit-border-radius: 10px;\" type=\"button\">Play<\/button><\/p>\n<p><strong>O\u011eUZ TANSEL<\/strong><\/p>\n<p>Poet and Folklorist (b. February 15, 1915 &#8211; d. October 30, 1994,)<\/p>\n<p>He graduated from the Davut Pa\u015fa Middle School \u00a0in \u0130stanbul and Pertev Niyal High School in \u0130stanbul. He took up teaching as a profession as early as 1938 while studying at the Department of the Turkish Language and Literature of the Faculty of Literature at the University of \u0130stanbul and gave it up in 1969\u00a0 when he retired for\u00a0 health reasons.<\/p>\n<p>His early poems employing rhyme and rhythm were published in the periodicals <em>Servetif\u00fcnun <\/em>and<em> Varl\u0131k <\/em>\u00a0and\u00a0 his first article appeared in <em>Halk Bilgisi Haberleri <\/em>(1937). After 1940 he was seen to turn to free verse and was noted among Turkish poets of the 1940 generation.\u00a0 He gained recognition with the poems and articles\u00a0 published in numerous literary periodicals such as <em>Varl\u0131k, Ayd\u0131nl\u0131k,Yelken, Yeditepe, Kaynak, Dost, G\u00fcney, T\u00fcrk Sanat\u0131, K\u0131y\u0131, T\u00fcrk Dili.<\/em><\/p>\n<p>O\u011fuz Tansel is a uniquely lyrical voice among the Turkish poets of the 1940 generation. Adnan Binyazar compares him to\u00a0 \u201ca mythical bird with three wings,\u201d and goes on to say \u201cthat he stands out not due to his similarities, but due to his dissimilarities to others in having assimilated folklore together with modern human thought to create wisdom of his own.\u201d<\/p>\n<p>Kemal \u00d6zer says that, \u201camong the poets of the 1940 generation who underwent an invasion in the artistic and political sense resulting in a common style and content, we see O\u011fuz Tansel as one of those to stands most, outside this general framework.\u201d<\/p>\n<p>Eray Canberk\u00a0 had the following to say about O\u011fuz Tansel\u2019s poetry: \u201c. . .These poems sound to me like a new voice from an ancient world. Not only does nature exist in those poems, but also, a nature loving person wishing to live in peace with nature while in strife and treating nature as if it were human. . . What is most unique about Tansel is, that he has fused the poetry of ancient civilizations and our own folk poetry which have both flourished over the same tract of land. In this poetry, the veins of humanism, struggle for peace and freedom and socialism\u00a0 eventually converge in a main artery.<\/p>\n<p>Alongside writing poetry, Tansel was the scholar who, with his collection of Turkish folk tales he had recorded between the years of 1942 and 1948\u00a0 in the province of Amasya, made the highest contribution-over forty types of Turkish folk tales- to the <em>Typen T\u00fcrkischer Volksmarchen <\/em>catalog prepared by professors Pertev Naili Boratav and Wolfram Eberhard.<\/p>\n<p>O\u011fuz Tansel was first to receive the Children\u2019s Literature Award given for the first time in 1977\u00a0 by the Turkish Linguistics Society. He made an important contribution to Turkish national culture with those folk tales published as children\u2019s books. With the mastery and meticulousness derived from his poetic skill, he formed a unique, fluent narrative style.<\/p>\n<p>His poems were composed to music by the American composer Prof. Bruce Reiprich. And recorded live on a CD titled <strong><em>Salk\u0131m S\u00f6\u011f\u00fct, <\/em><\/strong>or <em>\u00a0Weeping Willow. <\/em>On the first anniversary of his death in 1995, his friends had a book <strong><em>The Mythical Bird with Three Wings: O\u011fuz Tansel <\/em>\u00a0<\/strong>(\u00dc\u00e7 Kanatl\u0131 Masal Ku\u015fu: O\u011fuz Tansel) published for him.<\/p>\n<p>He was a member of the Turkish Writers\u2019 Union and honorary member of the Literary Society in Ankara.<\/p>\n<p><strong>O\u011fuz Tansel-Kalbiye Tansel Library<\/strong> donated by the\u00a0 his Family to the Department of Turkish Language of METU was inaugurated.<\/p>\n<p>O\u011fuz Tansel Award for Poetry, Folklore and Children\u2019s Literature is being given\u00a0 in alternate years. The award was established\u00a0 jointly by the Tansel Family Ankara Enlightenment \u0130nitiative, Folklore\/Literature quarterly, and Troya Folklore Association.<\/p>\n<p>Municipality of Burhaniye in the province of Bal\u0131kesir had the <strong>pine forest<\/strong>\u00a0 seen in the adjacent photo, planted in O\u011fuz Tansel\u2019s name (<a href=\"http:\/\/www.oguztansel.org\/wp-content\/uploads\/2016\/01\/DSC_6266.jpg\" target=\"_blank\" rel=\"noopener\">Please click for the photo<\/a>).<\/p>\n<p>Upon a decision by the \u00c7i\u011fdem Neighbourhood\u00a0 of the \u00c7ankaya Municipalty,\u00a0 the local library was given the name <strong>\u201cO\u011fuz Tansel Library of \u00c7i\u011fdemim Association\u201d<\/strong> (<a href=\"http:\/\/www.oguztansel.org\/wp-content\/uploads\/2016\/01\/DSCN9526.jpg\" target=\"_blank\" rel=\"noopener\">Please click for the photo<\/a>).<\/p>\n<p>Ankara \u00c7ankaya Municipality,\u00a0 named the Beysukent Neighbourhood park after \u00a0 <strong>Poet O\u011fuz Tansel <\/strong>(<a href=\"http:\/\/www.oguztansel.org\/wp-content\/uploads\/2018\/04\/OT-park\u0131-Beysukent-2017.jpg\">Please click here to see the photo<\/a>).<\/p>\n<p><strong>HIS PRIZES:<\/strong><\/p>\n<p>He won the 1977 Turkish Language association Children\u2019s Literature Award<\/p>\n<p><strong>HIS WORKS:<\/strong><\/p>\n<p><strong>Poetry:<\/strong><\/p>\n<p><strong><em>\u00a0<\/em><\/strong>Tansel, O\u011fuz (1953<strong>)<em> Savrulmay\u0131 Bekleyen Harman, \u00a0<\/em><\/strong>\u0130stanbul: Yeni Matbaa\u00a0 (<a href=\"http:\/\/www.oguztansel.org\/wp-content\/uploads\/2015\/12\/savrulmay%C4%B1-bekleyen-harman.jpg\">pls click for the cover<\/a>),<\/p>\n<p>Tansel, O\u011fuz (1962)<strong><em> G\u00f6z\u00fcn\u00fc Sevdi\u011fim, <\/em><\/strong>Ankara: Dost Yay\u0131nlar\u0131 (<a href=\"http:\/\/www.oguztansel.org\/wp-content\/uploads\/2015\/12\/g%C3%B6z%C3%BCn%C3%BC-sevdi%C4%9Fim.jpg\">pls click for the cover<\/a>),<\/p>\n<p>Tansel, O\u011fuz (1986)<strong><em> Sar\u0131k\u0131z Yolu<\/em><\/strong> (complete poems), Ankara: Yaz Yay\u0131nlar\u0131 (<a href=\"http:\/\/www.oguztansel.org\/wp-content\/uploads\/2015\/12\/Sar%C4%B1k%C4%B1z-Yolu.jpg\">pls click for the cover<\/a>),<\/p>\n<p>Tansel, O\u011fuz ve Metin Elo\u011flu (1970)<strong><em> Bekta\u015fi Dedikleri<\/em><\/strong> (Desenler: Abidin Dino), \u0130stanbul: \u0130\u015f Bankas\u0131 K\u00fclt\u00fcr Yay\u0131nlar\u0131 (<a href=\"http:\/\/www.oguztansel.org\/wp-content\/uploads\/2015\/12\/Bekta%C5%9Fi-Dedikleri-1.jpg\">pls click for the cover<\/a>); (1977) \u0130stanbul: Sander Yay\u0131nlar\u0131 (<a href=\"http:\/\/www.oguztansel.org\/wp-content\/uploads\/2015\/12\/bekta%C5%9F-dedikleri-sander-yayinlari-kapak-1.jpg\">pls click for the cover<\/a>); \u00a0(1983) \u0130stanbul: \u00a0Miyatro Yay\u0131nlar\u0131 (<a href=\"http:\/\/www.oguztansel.org\/wp-content\/uploads\/2015\/12\/Bekta%C5%9Fi-Dedikleri-2.jpg\">pls click for the cover<\/a>); (1995) \u00a0\u0130stanbul: Adam Yay\u0131nlar\u0131 (<a href=\"http:\/\/www.oguztansel.org\/wp-content\/uploads\/2015\/12\/Bekta%C5%9Fi-Dedikleri.jpg\">pls click for the cover<\/a>); (2004; 2008) \u00a0\u0130stanbul: Evrensel Bas\u0131m Yay\u0131n (2004 <a href=\"http:\/\/www.oguztansel.org\/wp-content\/uploads\/2017\/06\/Bekta%C5%9Fi-2004.jpg\">pls click for the cover <\/a>\u2013 2008 <a href=\"http:\/\/www.oguztansel.org\/wp-content\/uploads\/2017\/06\/bekta%C5%9Fi-2008.jpg\">pls click for the cover <\/a>),<\/p>\n<p>Tansel, O\u011fuz (1999; 2006; 2013)<strong><em> Da\u011f\u0131 \u00d6pmeler<\/em><\/strong> (ed. Ays\u0131t Tansel), \u0130stanbul: Yap\u0131 Kredi Yay\u0131nlar\u0131 (<a href=\"http:\/\/www.oguztansel.org\/wp-content\/uploads\/2015\/12\/Da%C4%9F%C4%B1-%C3%96pmeler-Kapak.jpg\">pls click for the cover<\/a>),<\/p>\n<p>Tansel, O\u011fuz (2005; 2013)<strong><em> Mutluluk Pe\u015finde<\/em><\/strong> (Selected Poems), \u0130stanbul: Evrensel Bas\u0131m Yay\u0131n (2005 <a href=\"http:\/\/www.oguztansel.org\/wp-content\/uploads\/2015\/12\/Mutluluk-Pe%C5%9Finde-Kapak.jpg\">pls click for the cover <\/a>\u2013 2013 <a href=\"http:\/\/www.oguztansel.org\/wp-content\/uploads\/2017\/06\/mutluluk-2013.jpg\">pls click for the cover<\/a><u>)<\/u>,<\/p>\n<p>Tansel, O\u011fuz (2011<strong>)<em> At the Dawn of Oleander Blossoms<\/em><\/strong> (Poems on Antalya Environs in Turkish and English), Antalya: Suna-\u0130nan K\u0131ra\u00e7 Akdeniz Medeniyetleri Ara\u015ft\u0131rma Enstit\u00fcs\u00fc (<a href=\"http:\/\/www.oguztansel.org\/wp-content\/uploads\/2016\/01\/zakkum%C3%A7i%C3%A7e%C4%9Fi.jpg\">pls click for the cover<\/a>),<\/p>\n<p>Tansel, O\u011fuz (2012<strong>)<em> Masal D\u00fcnyas\u0131-World of Tales<\/em><\/strong> (Selected Poems in\u00a0 Turkish and English), Ankara: Elips Kitap (<a href=\"http:\/\/www.oguztansel.org\/wp-content\/uploads\/2015\/12\/Masal-D%C3%BCnyas%C4%B1.jpg\">pls click for the cover<\/a>),<\/p>\n<p>Tansel, O\u011fuz (2017) <strong><em>G\u00f6kdeniz-Das Meer am Himmel<\/em> <\/strong>(Selected Poems in Turkish and German\/ Ausgewahlte Gedichte), Wassenberg, Almanya: Schulbuchverlag Anadolu (<a href=\"http:\/\/www.oguztansel.org\/wp-content\/uploads\/2018\/04\/G\u00f6kdeniz-kapak-jpec.jpg\">pls click for the cover<\/a>).<\/p>\n<p>&nbsp;<\/p>\n<p><strong>Folk Tales:<\/strong><\/p>\n<p>Tansel, O\u011fuz (1959)<strong><em> Alt\u0131 Karde\u015fler <\/em><\/strong>(Six Siblings), Ankara: Dost Yay\u0131nlar\u0131 (<a href=\"http:\/\/www.oguztansel.org\/wp-content\/uploads\/2015\/12\/alt%C4%B1-karde%C5%9Fler.jpg\">pls click for the cover<\/a>); (2003), \u00a0Ankara: Ministry of Education\u00a0(<a href=\"http:\/\/www.oguztansel.org\/wp-content\/uploads\/2015\/12\/alt%C4%B1-karde%C5%9Fler-3.jpg\">pls click for the cover<\/a>); (2011) \u0130stanbul: Yap\u0131 Kredi Yay\u0131nlar\u0131 \u00a0(<a href=\"http:\/\/www.oguztansel.org\/wp-content\/uploads\/2015\/12\/alti-kardesler2.jpg\">pls click for the cover<\/a>),<\/p>\n<p>Tansel, O\u011fuz (1960)<strong><em> Yedi Devler <\/em><\/strong>(Seven Giants)<strong><em>, <\/em><\/strong>Istanbul: Kutulmu\u015f Matbaas\u0131\u00a0 (<a href=\"http:\/\/www.oguztansel.org\/wp-content\/uploads\/2015\/12\/yedi-devler.jpg\">pls click for the cover<\/a>); (2003) Ankara: Ministry of Education\u00a0(<a href=\"http:\/\/www.oguztansel.org\/wp-content\/uploads\/2015\/12\/yedi-devlerrr.jpg\">pls click for the cover<\/a>), (2011) \u0130stanbul: Yap\u0131 Kredi Yay\u0131nlar\u0131 \u00a0(<a href=\"http:\/\/www.oguztansel.org\/wp-content\/uploads\/2015\/12\/Yedi-Devler-YKY.jpg\">pls click for the cover<\/a>),<\/p>\n<p>Tansel, O\u011fuz (1963)<strong><em> \u00dc\u00e7 K\u0131zlar <\/em><\/strong>(Threee Sisters)<strong><em>, <\/em><\/strong>Ankara: Dernek Yay\u0131nlar\u0131 (<a href=\"http:\/\/www.oguztansel.org\/wp-content\/uploads\/2015\/12\/%C3%9C%C3%A7-K%C4%B1zlar.jpg\">pls click for the cover<\/a>); (2003) Ankara: Ministry of Education\u00a0(<a href=\"http:\/\/www.oguztansel.org\/wp-content\/uploads\/2015\/12\/u%C3%BC%C3%A7-k%C4%B1zlar.jpg\">pls click for the cover<\/a>); ( 2011) \u0130stanbul: Yap\u0131 Kredi Yay\u0131nlar\u0131\u00a0(<a href=\"http:\/\/www.oguztansel.org\/wp-content\/uploads\/2015\/12\/uc-kizlar.jpg\">pls click for the cover<\/a>),<\/p>\n<p>Tansel, O\u011fuz (1966)<strong><em> Mavi Gelin <\/em><\/strong>(Blue Bride), Ankara: Yaz Yay\u0131nlar\u0131 (<a href=\"http:\/\/www.oguztansel.org\/wp-content\/uploads\/2016\/01\/mavi-gelinnn.jpg\">pls click for the cover<\/a>); (2003) Ankara: Ministry of Education\u00a0(<a href=\"http:\/\/www.oguztansel.org\/wp-content\/uploads\/2015\/12\/mavi-gelin.jpg\">pls click for the cover<\/a>); (2011) \u0130stanbul: Yap\u0131 Kredi Yay\u0131nlar\u0131 \u00a0(<a href=\"http:\/\/www.oguztansel.org\/wp-content\/uploads\/2015\/12\/Mavi-Gelin-YKY.jpg\">pls click for the cover<\/a>),<\/p>\n<p>Tansel, O\u011fuz (1976)<strong><em> Al\u2019l\u0131 ile F\u0131rf\u0131r\u0131, <\/em><\/strong>2 Volumes (Children\u2019s Literature Award by the Turkish Linguistics Society, 1977) Ankara:Yaz Yay\u0131nlar\u0131 ((<a href=\"http:\/\/www.oguztansel.org\/wp-content\/uploads\/2015\/12\/All%C4%B1-ile-F%C4%B1rf%C4%B1r%C4%B1-1.jpg\">pls click for the cover<\/a>); (2009: 2012; 2016) Ankara: Elips Kitap (2009 <a href=\"http:\/\/www.oguztansel.org\/wp-content\/uploads\/2016\/01\/ali-ile-f%C4%B1rf%C4%B1rl%C4%B1-cilt-1.jpg\">pls click for the cover 1<\/a>\u00a0\u2013\u00a02009 <a href=\"http:\/\/www.oguztansel.org\/wp-content\/uploads\/2016\/01\/ali-ile-f%C4%B1rf%C4%B1rl%C4%B1-cilt2.jpg\">pls click for the cover 2<\/a>\u00a0\u2013\u00a02012; 2016 <a href=\"http:\/\/www.oguztansel.org\/wp-content\/uploads\/2017\/06\/al-l%C4%B1-ile-2016.jpg\">pls click for the <\/a>cover),<\/p>\n<p>Tansel, O\u011fuz, A. \u00d6zyal\u00e7\u0131ner et al. (1979: 2006<strong>) <em>\u00a0Bir de Varm\u0131\u015f \u0130ki de Varm\u0131\u015f, \u00a0<\/em><\/strong>\u0130stanbul:\u00a0Boyut Yay\u0131n\u00a0 (<a href=\"http:\/\/www.oguztansel.org\/wp-content\/uploads\/2016\/01\/birdevarm%C4%B1%C5%9F.jpg\">pls click for the cover<\/a>),<\/p>\n<p>Tansel, O\u011fuz (1985)<strong><em> \u00c7obanla Bey K\u0131z\u0131 <\/em><\/strong>(The Sepherd and Chief\u2019s Daughter), Ankara: Yaz Yay\u0131nlar\u0131 (<a href=\"http:\/\/www.oguztansel.org\/wp-content\/uploads\/2015\/12\/%C3%87oban-ile-Bey-K%C4%B1z%C4%B1.jpg\">pls click for the cover<\/a>),<\/p>\n<p>Tansel, O\u011fuz (1985)<strong> <em>Konu\u015fan Bal\u0131kla Yaln\u0131z K\u0131z<\/em><\/strong> \u00a0(Talking Fish and the Lonely Girl) Ankara: Yaz Yay\u0131nlar\u0131 (<a href=\"http:\/\/www.oguztansel.org\/wp-content\/uploads\/2015\/12\/konu%C5%9Fan-bal%C4%B1kla-yaln%C4%B1z-k%C4%B1z.jpg\">pls click for the cover<\/a>).<\/p>\n<p>Tansel, O\u011fuz (2018) <strong><em>Al\u2019l\u0131 ile F\u0131rf\u0131r\u0131<\/em><\/strong> (Translated into Russian by: Anastasia M. Zherdeva) The Crimea: Tarpan Yay\u0131nevi (<a href=\"http:\/\/www.oguztansel.org\/wp-content\/uploads\/2019\/11\/kapak-alli-ile-firfiri-Rusca.jpg\">Pls click for the cover<\/a>).<\/p>\n<p>Tansel, O\u011fuz (2019) <strong><em>Masallar<\/em><\/strong> (Folk Tales) \u0130stanbul: Yap\u0131 Kredi Yay\u0131nlar\u0131 (<a href=\"http:\/\/www.oguztansel.org\/wp-content\/uploads\/2019\/11\/kapak-masallar-kitabi-2019.jpg\">Pls click for the cover<\/a>).<\/p>\n<p><strong>BOOKS ABOUT O\u011eUZ TANSEL:<\/strong><\/p>\n<p>Turan, \u00a0Metin (ed.) (1995) <strong><em>\u00dc\u00e7 Kanatl\u0131 Masal Ku\u015fu: O\u011fuz Tansel <\/em><\/strong>(Mythical Bird with Three Wings: O\u011fuz Tansel)<strong><em>, <\/em><\/strong>Ankara<strong>:<\/strong> \u00dcr\u00fcn Yay\u0131nlar\u0131 (<a href=\"http:\/\/www.oguztansel.org\/wp-content\/uploads\/2016\/01\/%C3%BC%C3%A7kanatl%C4%B1masalku%C5%9Fu.jpg\">pls click for the cover<\/a>).December 2018: Expanded Second Edition, \u00dcr\u00fcn Yay\u0131nlar\u0131,  September 2019: Expanded Third Edition, \u00dcr\u00fcn Yay\u0131nlar\u0131 (<a href=\"http:\/\/www.oguztansel.org\/wp-content\/uploads\/2019\/11\/kapak2019pdf.jpg\">pls click for the cover<\/a>)<\/p>\n<p>Elo\u011flu, Metin, (2012) <strong><em>Can\u0131m O\u011fuzcu\u011fum<\/em><\/strong> \u2013 Letters to O\u011fuz Tansel, \u0130stanbul: Yap\u0131 Kredi Yay\u0131nlar\u0131 (<a href=\"http:\/\/www.oguztansel.org\/wp-content\/uploads\/2016\/01\/can%C4%B1m-o%C4%9Fuzcu%C4%9Fum.jpg\">pls click for the cover<\/a>).<\/p>\n<p><strong>REFERENCE:<\/strong><\/p>\n<p>Alt\u0131nkaynak, Hikmet (2008)<strong> T\u00fcrk Edebiyat\u0131nda Yazarlar ve \u015eairler S\u00f6zl\u00fc\u011f\u00fc <\/strong>(Dictionary of Writers and Poets in the Turkish Literature) Revised Second Edition, \u0130stanbul: Do\u011fan Kitap,\u00a0 pp. 669-670.<\/p>\n<p>Translated from Turkish by \u00dclk\u00fcn Tansel<\/p>\n<p><a href=\"http:\/\/www.oguztansel.org\/wp-content\/uploads\/2015\/12\/TDK-odul-belgesi.jpg\"><img decoding=\"async\" loading=\"lazy\" class=\" wp-image-12113 size-full alignleft\" src=\"http:\/\/www.oguztansel.org\/wp-content\/uploads\/2015\/12\/TDK-odul-belgesi.jpg\" alt=\"TDK odul belgesi\" width=\"962\" height=\"768\" srcset=\"http:\/\/www.oguztansel.org\/wp-content\/uploads\/2015\/12\/TDK-odul-belgesi.jpg 962w, http:\/\/www.oguztansel.org\/wp-content\/uploads\/2015\/12\/TDK-odul-belgesi-300x240.jpg 300w, http:\/\/www.oguztansel.org\/wp-content\/uploads\/2015\/12\/TDK-odul-belgesi-177x142.jpg 177w, http:\/\/www.oguztansel.org\/wp-content\/uploads\/2015\/12\/TDK-odul-belgesi-147x118.jpg 147w\" sizes=\"(max-width: 962px) 100vw, 962px\" \/><\/a><a href=\"http:\/\/www.oguztansel.org\/wp-content\/uploads\/2015\/12\/Tarihte-Bug\u00fcn.jpg\"><img decoding=\"async\" loading=\"lazy\" class=\"alignnone wp-image-12235 size-large\" src=\"http:\/\/www.oguztansel.org\/wp-content\/uploads\/2015\/12\/Tarihte-Bug\u00fcn-1024x322.jpg\" alt=\"Tarihte Bug\u00fcn\" width=\"669\" height=\"210\" srcset=\"http:\/\/www.oguztansel.org\/wp-content\/uploads\/2015\/12\/Tarihte-Bug\u00fcn-1024x322.jpg 1024w, http:\/\/www.oguztansel.org\/wp-content\/uploads\/2015\/12\/Tarihte-Bug\u00fcn-300x94.jpg 300w\" sizes=\"(max-width: 669px) 100vw, 669px\" \/><img decoding=\"async\" loading=\"lazy\" class=\" size-full wp-image-12900 alignnone\" src=\"http:\/\/www.oguztansel.org\/wp-content\/uploads\/2015\/12\/Edebiyatcilar-Dernegi-Belgesi.jpg\" alt=\"Edebiyatcilar Dernegi Belgesi\" width=\"534\" height=\"768\" srcset=\"http:\/\/www.oguztansel.org\/wp-content\/uploads\/2015\/12\/Edebiyatcilar-Dernegi-Belgesi.jpg 534w, http:\/\/www.oguztansel.org\/wp-content\/uploads\/2015\/12\/Edebiyatcilar-Dernegi-Belgesi-209x300.jpg 209w\" sizes=\"(max-width: 534px) 100vw, 534px\" \/><\/a><\/p>","protected":false},"excerpt":{"rendered":"<p>Pause Play O\u011eUZ TANSEL Poet and Folklorist (b. February 15, 1915 &#8211; d. October 30, 1994,) He graduated from the Davut Pa\u015fa Middle School \u00a0in \u0130stanbul and Pertev Niyal High School in \u0130stanbul. He took up teaching as a profession as early as 1938 while studying at the Department of the Turkish Language and Literature [&hellip;]<\/p>\n","protected":false},"author":1,"featured_media":0,"parent":0,"menu_order":0,"comment_status":"closed","ping_status":"open","template":"","meta":[],"_links":{"self":[{"href":"http:\/\/www.oguztansel.org\/en\/wp-json\/wp\/v2\/pages\/12049"}],"collection":[{"href":"http:\/\/www.oguztansel.org\/en\/wp-json\/wp\/v2\/pages"}],"about":[{"href":"http:\/\/www.oguztansel.org\/en\/wp-json\/wp\/v2\/types\/page"}],"author":[{"embeddable":true,"href":"http:\/\/www.oguztansel.org\/en\/wp-json\/wp\/v2\/users\/1"}],"replies":[{"embeddable":true,"href":"http:\/\/www.oguztansel.org\/en\/wp-json\/wp\/v2\/comments?post=12049"}],"version-history":[{"count":59,"href":"http:\/\/www.oguztansel.org\/en\/wp-json\/wp\/v2\/pages\/12049\/revisions"}],"predecessor-version":[{"id":13977,"href":"http:\/\/www.oguztansel.org\/en\/wp-json\/wp\/v2\/pages\/12049\/revisions\/13977"}],"wp:attachment":[{"href":"http:\/\/www.oguztansel.org\/en\/wp-json\/wp\/v2\/media?parent=12049"}],"curies":[{"name":"wp","href":"https:\/\/api.w.org\/{rel}","templated":true}]}}