{"id":12742,"date":"2016-03-05T21:51:45","date_gmt":"2016-03-05T19:51:45","guid":{"rendered":"http:\/\/www.oguztansel.org\/?page_id=12742"},"modified":"2016-08-26T14:19:29","modified_gmt":"2016-08-26T11:19:29","slug":"muziksalkim-sogut","status":"publish","type":"page","link":"http:\/\/www.oguztansel.org\/en\/muziksalkim-sogut\/","title":{"rendered":"Muzik:Salk\u0131m S\u00f6\u011f\u00fct"},"content":{"rendered":"<p><img decoding=\"async\" loading=\"lazy\" class=\"alignleft size-full wp-image-12747\" src=\"http:\/\/www.oguztansel.org\/wp-content\/uploads\/2016\/03\/salkimsogutson.jpg\" alt=\"salkimsogutson\" width=\"297\" height=\"788\" srcset=\"http:\/\/www.oguztansel.org\/wp-content\/uploads\/2016\/03\/salkimsogutson.jpg 297w, http:\/\/www.oguztansel.org\/wp-content\/uploads\/2016\/03\/salkimsogutson-113x300.jpg 113w\" sizes=\"(max-width: 297px) 100vw, 297px\" \/><\/p>\n<p><strong>WEEPING WILLOW\u00a0 <\/strong><\/p>\n<p><strong>Poems by: O\u011fuz Tansel<\/strong><\/p>\n<p><strong>Music Compositions by: Prof. Dr. Bruce Reiprich <\/strong><\/p>\n<p><strong>Project and Realization by: \u015eefik Kahramankaptan <\/strong><\/p>\n<p><strong>All rights reserved: <\/strong>The Copyright on these sound recordings is owned by YESA Ltd.They cannot be copied without written permissin.<\/p>\n<p>\u00a0<\/p>\n<p><strong>Blue Gorge<\/strong><\/p>\n<ul style=\"list-style: none !important;\">\n<li>1)Blue Gorge (<a href=\"http:\/\/www.oguztansel.org\/en\/muzikmavu-bogaz\/\">click pls<\/a>)<\/li>\n<li>2)World of Tales (<a href=\"http:\/\/www.oguztansel.org\/en\/muzikmasal-dunyasiii\/\u200e\">click pls<\/a>)<\/li>\n<li>3)\u0130nvitation (<a href=\"http:\/\/www.oguztansel.org\/en\/muzikcagri\/ \">click pls<\/a>)<\/li>\n<\/ul>\n<p>Soprano: Feryal T\u00fcrko\u011flu, Piano: F\u00fcgen Serbest<\/p>\n<p><strong>Weeeping Willow<\/strong><\/p>\n<ul style=\"list-style: none !important;\">\n<li>4)The Men (<a href=\"http:\/\/www.oguztansel.org\/en\/muzikadamlar\/\">click pls<\/a>)<\/li>\n<li>5)Song of the prisoner (<a href=\"http:\/\/www.oguztansel.org\/en\/muziktutsagin-turkusu\/\">click pls<\/a>)<\/li>\n<li>6)Weeping Willow (<a href=\"http:\/\/www.oguztansel.org\/en\/muziksaklim-sogut\/\">click pls<\/a>)<\/li>\n<li>Soprano: Feryal T\u00fcrko\u011flu, Ankara Opera Quintet<\/li>\n<li>28 November-10 December 2000. Recorded in the presidential Symphony Orchestra Hall, Ankara<\/li>\n<\/ul>\n<p><strong>Two Turkish Songs\u00a0<\/strong><\/p>\n<ul style=\"list-style: none !important;\">\n<li>7)May Rain\u00a0(<a href=\" http:\/\/www.oguztansel.org\/en\/muzikmayis-yagmuru\/\">click pls<\/a>)<\/li>\n<li>8)Poplar Tree\u00a0(<a href=\"http:\/\/www.oguztansel.org\/en\/muzikkavak-agaci\/\">click pls<\/a>)<\/li>\n<li>Soprano: Feryal T\u00fcrko\u011flu, Flute: Ata Aytu\u011f Oral, Piano: F\u00fcgen Serbest<\/li>\n<\/ul>\n<ul style=\"list-style: none !important;\">\n<li>9)<strong>Weeping Willow<\/strong> (<a href=\"http:\/\/www.oguztansel.org\/en\/muziksalkim-sogut-2\/\">click pls<\/a>)<\/li>\n<li>Soprano: Susan Kelly. Conductor Victor Liva. The Performing Arts Institute Chamber Orchestra<\/li>\n<li>10)<strong>In Pursuit of Happiness<\/strong> (<a href=\"http:\/\/www.oguztansel.org\/tr\/muzikmutluluk-pesinde\/\">click pls<\/a>)<\/li>\n<li>Conductor (Jerome Campbell. Wilkes University Wind Ensemble and Chorus<\/li>\n<\/ul>\n<p><\/p>","protected":false},"excerpt":{"rendered":"<p>WEEPING WILLOW\u00a0 Poems by: O\u011fuz Tansel Music Compositions by: Prof. Dr. Bruce Reiprich Project and Realization by: \u015eefik Kahramankaptan All rights reserved: The Copyright on these sound recordings is owned by YESA Ltd.They cannot be copied without written permissin. \u00a0 Blue Gorge 1)Blue Gorge (click pls) 2)World of Tales (click pls) 3)\u0130nvitation (click pls) Soprano: [&hellip;]<\/p>\n","protected":false},"author":1,"featured_media":0,"parent":0,"menu_order":0,"comment_status":"closed","ping_status":"open","template":"","meta":[],"_links":{"self":[{"href":"http:\/\/www.oguztansel.org\/en\/wp-json\/wp\/v2\/pages\/12742"}],"collection":[{"href":"http:\/\/www.oguztansel.org\/en\/wp-json\/wp\/v2\/pages"}],"about":[{"href":"http:\/\/www.oguztansel.org\/en\/wp-json\/wp\/v2\/types\/page"}],"author":[{"embeddable":true,"href":"http:\/\/www.oguztansel.org\/en\/wp-json\/wp\/v2\/users\/1"}],"replies":[{"embeddable":true,"href":"http:\/\/www.oguztansel.org\/en\/wp-json\/wp\/v2\/comments?post=12742"}],"version-history":[{"count":42,"href":"http:\/\/www.oguztansel.org\/en\/wp-json\/wp\/v2\/pages\/12742\/revisions"}],"predecessor-version":[{"id":13247,"href":"http:\/\/www.oguztansel.org\/en\/wp-json\/wp\/v2\/pages\/12742\/revisions\/13247"}],"wp:attachment":[{"href":"http:\/\/www.oguztansel.org\/en\/wp-json\/wp\/v2\/media?parent=12742"}],"curies":[{"name":"wp","href":"https:\/\/api.w.org\/{rel}","templated":true}]}}