{"id":13648,"date":"2019-10-27T11:38:43","date_gmt":"2019-10-27T08:38:43","guid":{"rendered":"http:\/\/www.oguztansel.org\/?page_id=13648"},"modified":"2019-11-26T07:52:10","modified_gmt":"2019-11-26T04:52:10","slug":"pir-sultan-abdal-koca-basli-koca-kadi","status":"publish","type":"page","link":"http:\/\/www.oguztansel.org\/en\/pir-sultan-abdal-koca-basli-koca-kadi\/","title":{"rendered":"Pir Sultan Abdal Koca Ba\u015fl\u0131 Koca Kad\u0131"},"content":{"rendered":"<p><embed hidden=\"true\" src=\"http:\/\/www.oguztansel.org\/Koca_Basli_Koca_Kadi.mp3\" width=\"1\" height=\"1\"><\/embed><br \/>\n<strong>Active: Pir Sultan Abdal: Koca Ba\u015fl\u0131 Koca Kad\u0131<\/strong><\/p>\n<p><strong>Pir Sultan Abdal<\/strong>: Koca Ba\u015fl\u0131 Koca Kad\u0131 (<a href=\"http:\/\/www.oguztansel.org\/tr\/pir-sultan-abdal-koca-basli-koca-kadi\/\">Please Click Here<\/a>)<\/p>\n<p><strong>Pir Sultan Abdal<\/strong>: Katip Ahvalimi \u015eaha B\u00f6yle Yaz (<a href=\"http:\/\/www.oguztansel.org\/pir-sultan-abdal-katip-ahvalimi-saha-boyle-yaz\/\">Please Click Here<\/a>)<\/p>\n<p><strong>Pir Sultan Abdal<\/strong>:\u00a0 Kahpe Felek Sana Net&#8217;tim Ney&#8217;ledim (<a href=\"http:\/\/www.oguztansel.org\/pir-sultan-abdal-kahpe-felek-sana-nettim-neyledim\/\">Please Click Here<\/a>)<\/p>\n<p><strong>Naz\u0131m Hikmet<\/strong>: Salk\u0131m S\u00f6\u011f\u00fct (<a href=\"http:\/\/www.oguztansel.org\/nazim-hikmet-salkim-sogut\/\">Please Click Here<\/a>)<\/p>\n<p><strong>Naz\u0131m Hikmet<\/strong>: Mavi G\u00f6zl\u00fc Dev (<a href=\"http:\/\/www.oguztansel.org\/nazim-hikmet-mavi-gozlu-dev\/\">Please Click Here<\/a>)<\/p>\n<p><strong>O\u011fuz Tansel<\/strong>: Gerekmezdi O Davran\u0131\u015f (<a href=\"http:\/\/www.oguztansel.org\/oguz-tansel-gerekmezdi-o-davranis\/\">Please Click Here<\/a>)<\/p>","protected":false},"excerpt":{"rendered":"<p>Active: Pir Sultan Abdal: Koca Ba\u015fl\u0131 Koca Kad\u0131 Pir Sultan Abdal: Koca Ba\u015fl\u0131 Koca Kad\u0131 (Please Click Here) Pir Sultan Abdal: Katip Ahvalimi \u015eaha B\u00f6yle Yaz (Please Click Here) Pir Sultan Abdal:\u00a0 Kahpe Felek Sana Net&#8217;tim Ney&#8217;ledim (Please Click Here) Naz\u0131m Hikmet: Salk\u0131m S\u00f6\u011f\u00fct (Please Click Here) Naz\u0131m Hikmet: Mavi G\u00f6zl\u00fc Dev (Please Click Here) [&hellip;]<\/p>\n","protected":false},"author":1,"featured_media":0,"parent":0,"menu_order":0,"comment_status":"closed","ping_status":"closed","template":"","meta":[],"_links":{"self":[{"href":"http:\/\/www.oguztansel.org\/en\/wp-json\/wp\/v2\/pages\/13648"}],"collection":[{"href":"http:\/\/www.oguztansel.org\/en\/wp-json\/wp\/v2\/pages"}],"about":[{"href":"http:\/\/www.oguztansel.org\/en\/wp-json\/wp\/v2\/types\/page"}],"author":[{"embeddable":true,"href":"http:\/\/www.oguztansel.org\/en\/wp-json\/wp\/v2\/users\/1"}],"replies":[{"embeddable":true,"href":"http:\/\/www.oguztansel.org\/en\/wp-json\/wp\/v2\/comments?post=13648"}],"version-history":[{"count":10,"href":"http:\/\/www.oguztansel.org\/en\/wp-json\/wp\/v2\/pages\/13648\/revisions"}],"predecessor-version":[{"id":13967,"href":"http:\/\/www.oguztansel.org\/en\/wp-json\/wp\/v2\/pages\/13648\/revisions\/13967"}],"wp:attachment":[{"href":"http:\/\/www.oguztansel.org\/en\/wp-json\/wp\/v2\/media?parent=13648"}],"curies":[{"name":"wp","href":"https:\/\/api.w.org\/{rel}","templated":true}]}}