{"id":11789,"date":"2015-10-25T11:14:59","date_gmt":"2015-10-25T08:14:59","guid":{"rendered":"http:\/\/www.oguztansel.org\/?page_id=11789"},"modified":"2019-09-15T03:40:51","modified_gmt":"2019-09-15T00:40:51","slug":"oguz-tansel-siir-odulu-kosullari","status":"publish","type":"page","link":"http:\/\/www.oguztansel.org\/tr\/oguz-tansel-siir-odulu-kosullari\/","title":{"rendered":"\u00d6d\u00fcl Y\u00f6netmeli\u011fi"},"content":{"rendered":"<p><strong>O\u011eUZ TANSEL 2020 \u00c7OCUK YAZINI <\/strong><\/p>\n<p><strong>ARA\u015eTIRMA \u00d6D\u00dcL\u00dc<\/strong><\/p>\n<p><strong>\u00a0<\/strong><\/p>\n<p>\u00dc\u00e7 kanatl\u0131 masal ku\u015fu O\u011fuz Tansel\u00a0 T\u00fcrk\u00e7e\u2019ye olan tutku d\u00fczeyindeki sevgisiyle g\u00f6rkemli bir \u015fiir dili yaratm\u0131\u015ft\u0131r. 1940 ku\u015fa\u011f\u0131n\u0131n lirik ve \u00f6zg\u00fcn sesi, Sal\u00e2h Birsel\u2019in tan\u0131m\u0131yla: \u201cDo\u011fa vurgunu, da\u011flarda duman duman ormanlardan, karl\u0131 u\u00e7urumlarda mavi sabahlardan ge\u00e7ip giden\u201d O\u011fuz Tansel\u2019i an\u0131larda ya\u015fatmak, ki\u015fili\u011fini, d\u00fc\u015f\u00fcncelerini ve yap\u0131tlar\u0131n\u0131 gelecek ku\u015faklara aktarmak, gen\u00e7 ku\u015faklar\u0131n dil duyarl\u0131l\u0131\u011f\u0131n\u0131 art\u0131rmak, yaz\u0131nsal becerilerini de\u011ferlendirmek amac\u0131yla, <strong>O\u011eUZ TANSEL \u00c7OCUK YAZINI ARA\u015eTIRMA \u00d6D\u00dcL\u00dc<\/strong> verilecektir. \u00d6d\u00fcl, Folklor\/Edebiyat Dergisi, Troya Folklor Ara\u015ft\u0131rmalar\u0131 Derne\u011fi, K\u00f6y Enstit\u00fcleri ve \u00c7a\u011fda\u015f E\u011fitim Vakf\u0131 ve Ankara Ayd\u0131nl\u0131\u011f\u0131 Giri\u015fimi\u2019nin \u00e7abalar\u0131yla ger\u00e7ekle\u015ftirilmektedir.<\/p>\n<p>O\u011fuz Tansel, halkbilimi \u00e7al\u0131\u015fmalar\u0131na masal derlemeleriyle 1930\u2019larda ba\u015flad\u0131. \u201c<strong>Al\u2019l\u0131 ile F\u0131rf\u0131r\u0131<\/strong>\u201d adl\u0131 masal kitab\u0131yla 1977\u2019de T\u00fcrk Dil Kurumu \u00c7ocuk Yaz\u0131n\u0131 \u00d6d\u00fcl\u00fcn\u00fc kazanan O\u011fuz Tansel\u2019in <strong>Alt\u0131 Karde\u015fler, Yedi Devler, \u00dc\u00e7 K\u0131zlar, Mavi Gelin, \u00c7obanla Bey K\u0131z\u0131, Konu\u015fan Bal\u0131kla Yaln\u0131z K\u0131z<\/strong> adl\u0131 masal kitaplar\u0131 ve <strong>Bekta\u015fi Dedikleri<\/strong> (Metin Elo\u011flu\u2019yla birlikte) adl\u0131 \u015fiirle\u015ftirilmi\u015f Bekta\u015fi f\u0131kralar\u0131 ve halkbilimi konulu \u00a0makaleleri vard\u0131r.<\/p>\n<p>&nbsp;<\/p>\n<p><strong>\u00a0\u00a0\u00a0\u00a0\u00a0\u00a0\u00a0\u00a0\u00a0\u00a0\u00a0 \u00d6d\u00fcle kat\u0131l\u0131m ko\u015fullar\u0131: <\/strong><\/p>\n<ul>\n<li>\u00d6d\u00fcl 2020 y\u0131l\u0131nda T\u00fcrk \u00c7ocuk Yaz\u0131n\u0131 alan\u0131nda ger\u00e7ekle\u015ftirilmi\u015f bir inceleme- ara\u015ft\u0131rma yap\u0131t\u0131na verilecektir.<\/li>\n<li>Yay\u0131mlanmam\u0131\u015f dosya ile ba\u015fvurularda, \u00e7al\u0131\u015fman\u0131n ortalama bir kitap b\u00fct\u00fcnl\u00fc\u011f\u00fcnde (en az 40.000 s\u00f6zc\u00fck) olmas\u0131 beklenmektedir.<\/li>\n<li>\u00d6d\u00fcle master, doktora \u00e7al\u0131\u015fmalar\u0131yla da ba\u015fvurulabilir.<\/li>\n<li>\u00d6d\u00fcle yay\u0131mlanm\u0131\u015f kitapla ba\u015fvurularda, yap\u0131t\u0131n 01.01. 2019 &#8211; 31.12.2019 tarihleri aras\u0131nda yay\u0131mlanm\u0131\u015f olmas\u0131 gerekmektedir.<\/li>\n<li>\u00d6d\u00fcle son ba\u015fvuru tarihi 31.12.2019\u2019dur. (Postadaki olas\u0131 gecikmeden d\u00fczenleme kurulu sorumlu de\u011fildir.)<\/li>\n<li>\u00d6d\u00fcl, d\u00fczenleme kurulu ve se\u00e7ici kurul \u00fcyeleri ile birinci dereceden yak\u0131nlar\u0131 d\u0131\u015f\u0131nda t\u00fcm kat\u0131l\u0131mc\u0131lara a\u00e7\u0131kt\u0131r.<\/li>\n<li>\u00d6d\u00fcl tek yap\u0131ta verilecektir.<\/li>\n<li>Yap\u0131t daha \u00f6nce yay\u0131mlanm\u0131\u015f ise 6 adet g\u00f6nderilmelidir. Daha \u00f6nce yay\u0131mlanmam\u0131\u015f yap\u0131tlar, A4 boyutunda ka\u011f\u0131da,12 punto ve 1,5 sat\u0131r aral\u0131\u011f\u0131yla bilgisayarda yaz\u0131lm\u0131\u015f 6 ayr\u0131 dosya bi\u00e7iminde d\u00fczenlenmi\u015f olarak posta ile g\u00f6nderilecektir.<\/li>\n<li>Kat\u0131l\u0131mc\u0131, k\u0131sa \u00f6zge\u00e7mi\u015f, ileti\u015fim bilgileri ve bir adet foto\u011fraf\u0131n\u0131n bulundu\u011fu ayr\u0131 bir zarf\u0131 yap\u0131t\u0131yla birlikte ula\u015ft\u0131racakt\u0131r.<\/li>\n<li>\u00d6d\u00fcl tutar\u0131 2,500 TL olarak belirlenmi\u015ftir.<\/li>\n<li>\u00d6d\u00fcle tek yap\u0131tla ba\u015fvurulmal\u0131d\u0131r.<\/li>\n<li>\u00d6d\u00fcle kat\u0131lmak i\u00e7in g\u00f6nderilen eserler iade edilmeyecektir<\/li>\n<li>\u00d6d\u00fcl t\u00f6reni Ankara\u2019da ileride duyurulacak bir tarihte ger\u00e7ekle\u015ftirilecektir<\/li>\n<li>Se\u00e7ici kurul<strong>, <\/strong><strong>Adnan Binyazar, Prof. Dr. Selahattin Dilid\u00fczg\u00fcn, \u0130lhan G\u00fclek, Prof. Dr. Sedat Sever <\/strong>ve<strong> Metin Turan\u2019<\/strong>dan olu\u015fmaktad\u0131r.<\/li>\n<li>Ba\u015fvurular \u015fu adrese yap\u0131lacakt\u0131r: <em>Metin Turan<\/em>, <strong>O\u011eUZ TANSEL \u00c7OCUK YAZINI \u00d6D\u00dcL KURULU, Konur Sokak 36\/13, K\u0131z\u0131lay, 06650 Ankara<\/strong><\/li>\n<\/ul>\n<p><strong>\u00a0\u00a0\u00a0\u00a0\u00a0\u00a0\u00a0\u00a0\u00a0\u00a0\u00a0\u00a0\u00a0\u00a0\u00a0\u00a0\u00a0\u00a0\u00a0\u00a0\u00a0\u00a0\u00a0\u00a0\u00a0\u00a0\u00a0\u00a0\u00a0\u00a0\u00a0\u00a0\u00a0\u00a0\u00a0\u00a0\u00a0\u00a0 <\/strong><\/p>\n<p><strong>\u00a0\u00a0\u00a0\u00a0\u00a0 <\/strong>Ayr\u0131nt\u0131l\u0131 bilgi i\u00e7in: <a href=\"mailto:folkloredebiyat@gmail.com\">folkloredebiyat@gmail.com<\/a>\u00a0\u00a0 <a href=\"mailto:odultansel@gmail.com\">odultansel@gmail.com<\/a><\/p>\n<p><strong><em><a href=\"http:\/\/www.oguztansel.org\">www.oguztansel.org<\/a><\/em><\/strong><\/p>\n<p><strong><em>\u00a0<\/em><\/strong><\/p>\n<p><strong>Daha \u00f6nceki\u00a0 O\u011fuz Tansel Yaz\u0131n \u00d6d\u00fcllerini Kazananlar:<\/strong><\/p>\n<p><strong>2009 \u015eiir \u00d6d\u00fcl\u00fc: Erg\u00fcl \u00c7etin <\/strong>(\u00dclke Dilsiz kapan\u0131p Y\u00fcz\u00fcst\u00fc).<\/p>\n<p><strong>2010 Halkbilim\u00a0 \u00d6d\u00fcl\u00fc: Melek \u00d6zlem Sezer <\/strong>(Masallar ve Toplumsal Cinsiyet).<\/p>\n<p><strong>2011 \u00c7ocuk Yaz\u0131n\u0131 \u00d6d\u00fcl\u00fc: Ayfer G\u00fcrdal \u00dcnal <\/strong>(T\u00fcrk \u00c7ocuk Yaz\u0131n\u0131nda Engellilik).<\/p>\n<p><strong>2012 Halkbilim \u00d6d\u00fcl\u00fc: G\u00fcls\u00fcm Cengiz <\/strong>(Kad\u0131nlar \u0130\u00e7in S\u00f6ylenmi\u015ftir).<\/p>\n<p><strong>2013 \u015eiir \u00d6d\u00fcl\u00fc: \u0130hsan Top\u00e7u <\/strong>(Kalbinden Kan\u0131yor Zaman).<\/p>\n<p><strong>2014 \u00c7ocuk Yaz\u0131n\u0131 \u00d6d\u00fcl\u00fc: Nilay Y\u0131lmaz <\/strong>(T\u00fcrk \u00c7ocuk\u00a0 Edebiyat\u0131 Kitaplar\u0131nda \u00c7ocuk Ger\u00e7ekli\u011fine Ele\u015ftirel Bir Bak\u0131\u015f).<\/p>\n<p><strong>2015<\/strong> <strong>Halkbilim \u00d6d\u00fcl\u00fc: M\u00fcmtaz F\u0131rat <\/strong>( Kaybolan \u0130zler).<\/p>\n<p><strong>2016 \u015eiir \u00d6d\u00fcl\u00fc: P\u0131nar Aka<\/strong> <strong>(<\/strong>Tenhalar Teni).<\/p>\n<p><strong>2017 \u00c7ocuk Yaz\u0131n\u0131 \u00d6d\u00fcl\u00fc:Yalva\u00e7 Ural<\/strong>\u00a0<strong>(<\/strong>S\u00fcmer Hayvan Masallar\u0131 Yaban\u00f6k\u00fcz\u00fc Boynuzlu Tilki).<\/p>\n<p><strong>2018 Halkbilim \u00d6d\u00fcl\u00fc:<\/strong> <strong>Emir \u0130lhan\u00a0(<\/strong>S\u00f6zl\u00fc K\u00fclt\u00fcrden Yaz\u0131l\u0131 K\u00fclt\u00fcre Hat\u0131rlama ve K\u00fclt\u00fcrel Bellek).<\/p>\n<p><strong>2019 \u015eiir \u00d6d\u00fcl\u00fc:\u00a0 G\u00fcltekin Emre<\/strong> <strong>(<\/strong>Sere Serpe) ve<\/p>\n<p><strong>\u00a0\u00a0\u00a0\u00a0\u00a0\u00a0\u00a0\u00a0\u00a0\u00a0\u00a0\u00a0\u00a0\u00a0\u00a0\u00a0\u00a0\u00a0\u00a0\u00a0\u00a0\u00a0\u00a0\u00a0\u00a0\u00a0\u00a0\u00a0\u00a0 Haydar Ero\u011flu<\/strong> (Hayiq\u2019ler)<\/p>\n<p>&nbsp;<\/p>","protected":false},"excerpt":{"rendered":"<p>O\u011eUZ TANSEL 2020 \u00c7OCUK YAZINI ARA\u015eTIRMA \u00d6D\u00dcL\u00dc \u00a0 \u00dc\u00e7 kanatl\u0131 masal ku\u015fu O\u011fuz Tansel\u00a0 T\u00fcrk\u00e7e\u2019ye olan tutku d\u00fczeyindeki sevgisiyle g\u00f6rkemli bir \u015fiir dili yaratm\u0131\u015ft\u0131r. 1940 ku\u015fa\u011f\u0131n\u0131n lirik ve \u00f6zg\u00fcn sesi, Sal\u00e2h Birsel\u2019in tan\u0131m\u0131yla: \u201cDo\u011fa vurgunu, da\u011flarda duman duman ormanlardan, karl\u0131 u\u00e7urumlarda mavi sabahlardan ge\u00e7ip giden\u201d O\u011fuz Tansel\u2019i an\u0131larda ya\u015fatmak, ki\u015fili\u011fini, d\u00fc\u015f\u00fcncelerini ve yap\u0131tlar\u0131n\u0131 gelecek ku\u015faklara [&hellip;]<\/p>\n","protected":false},"author":1,"featured_media":0,"parent":0,"menu_order":0,"comment_status":"open","ping_status":"open","template":"","meta":[],"_links":{"self":[{"href":"http:\/\/www.oguztansel.org\/tr\/wp-json\/wp\/v2\/pages\/11789"}],"collection":[{"href":"http:\/\/www.oguztansel.org\/tr\/wp-json\/wp\/v2\/pages"}],"about":[{"href":"http:\/\/www.oguztansel.org\/tr\/wp-json\/wp\/v2\/types\/page"}],"author":[{"embeddable":true,"href":"http:\/\/www.oguztansel.org\/tr\/wp-json\/wp\/v2\/users\/1"}],"replies":[{"embeddable":true,"href":"http:\/\/www.oguztansel.org\/tr\/wp-json\/wp\/v2\/comments?post=11789"}],"version-history":[{"count":13,"href":"http:\/\/www.oguztansel.org\/tr\/wp-json\/wp\/v2\/pages\/11789\/revisions"}],"predecessor-version":[{"id":13616,"href":"http:\/\/www.oguztansel.org\/tr\/wp-json\/wp\/v2\/pages\/11789\/revisions\/13616"}],"wp:attachment":[{"href":"http:\/\/www.oguztansel.org\/tr\/wp-json\/wp\/v2\/media?parent=11789"}],"curies":[{"name":"wp","href":"https:\/\/api.w.org\/{rel}","templated":true}]}}