{"id":11804,"date":"2015-12-03T10:36:53","date_gmt":"2015-12-03T08:36:53","guid":{"rendered":"http:\/\/www.oguztansel.org\/?page_id=11804"},"modified":"2018-09-29T16:37:09","modified_gmt":"2018-09-29T13:37:09","slug":"siirleri","status":"publish","type":"page","link":"http:\/\/www.oguztansel.org\/tr\/siirleri\/","title":{"rendered":"\u015eiirleri"},"content":{"rendered":"<p><a href=\"http:\/\/www.oguztansel.org\/tr\/coban-dugmesi\/\"><b>\u00c7oban D\u00fc\u011fmesi <\/b><\/a>( 1936-1937, yay\u0131nlanmam\u0131\u015f \u015fiirlerinden)<br \/>\n<a href=\"http:\/\/www.oguztansel.org\/tr\/bildircin\/\"><b>B\u0131ld\u0131rc\u0131n <\/b><\/a>( 1936-1937, yay\u0131nlanmam\u0131\u015f \u015fiirlerinden)<br \/>\n<a href=\"http:\/\/www.oguztansel.org\/tr\/adamlar\/\"><b>Adamlar<\/b><\/a> (1953, <i>Savrulmay\u0131 bekleyen Harman<\/i>&#8216;dan)<br \/>\n<b><a href=\"http:\/\/www.oguztansel.org\/tr\/mayku-i\/\">Mayku I<\/a> (<\/b>1953,\u00a0 <i>Savrulmay\u0131 Bekleyen Harman&#8217; <\/i>dan)<br \/>\n<a href=\"http:\/\/www.oguztansel.org\/tr\/salkim-sogut\/\"><b>Salk\u0131m S\u00f6\u011f\u00fct<\/b><\/a> (1953, <i>Savrulmay\u0131 Bekleyen Harman&#8217;<\/i> dan)<br \/>\n<a href=\"http:\/\/www.oguztansel.org\/tr\/tutsagin-turkusu\/\"><b>Tutsa\u011f\u0131n T\u00fcrk\u00fcs\u00fc <\/b><\/a>(1953, <i>Savrulmay\u0131 bekleyen Harman<\/i>&#8216;dan)<br \/>\n<a href=\"http:\/\/www.oguztansel.org\/tr\/mayis-yagmuru\/\"><b>May\u0131s Ya\u011fmuru <\/b><\/a>(1953, <i>Savrulmay\u0131 bekleyen Harman<\/i>&#8216;dan)<br \/>\n<a href=\"http:\/\/www.oguztansel.org\/tr\/mavu-bogaz\/\"><b>Mavu Bo\u011faz <\/b><\/a>(1962, <i>G\u00f6z\u00fcn\u00fc Sevdi\u011fim&#8217; <\/i>den)<br \/>\n<a href=\"http:\/\/www.oguztansel.org\/tr\/mutluluk-pesinde\/\"><b>Mutluluk Pe\u015finde <\/b><\/a>(1962, <i>G\u00f6z\u00fcn\u00fc Sevdi\u011fim&#8217; <\/i>den)<br \/>\n<a href=\"http:\/\/www.oguztansel.org\/tr\/cagri\/\"><b>\u00c7a\u011fr\u0131 I <\/b><\/a>(1962, <i>G\u00f6z\u00fcn\u00fc Sevdi\u011fim&#8217; <\/i>den)<br \/>\n<a href=\"http:\/\/www.oguztansel.org\/tr\/cagri-ii\/\"><b>\u00c7a\u011fr\u0131 II <\/b><\/a>(1962, <i>G\u00f6z\u00fcn\u00fc Sevdi\u011fim&#8217; <\/i>den)<br \/>\n<a href=\"http:\/\/www.oguztansel.org\/tr\/cocuklar-ii\/\"><b>\u00c7ocuklar <\/b><\/a>(1986, <i>Sar\u0131k\u0131z Yolu&#8217;<\/i>ndan)<br \/>\n<a href=\"http:\/\/www.oguztansel.org\/tr\/antalya-viii\/\"><b>Antalya VIII <\/b><\/a>(1999, <i>Da\u011f\u0131 \u00d6pmeler&#8217; <\/i>den)<br \/>\n<a href=\"http:\/\/www.oguztansel.org\/tr\/bilitis-i\/\"><b>Bilitis I <\/b><\/a>(1999, <i>Da\u011f\u0131 \u00d6pmeler&#8217; <\/i>den)<br \/>\n<a href=\"http:\/\/www.oguztansel.org\/tr\/kindam-i\/\"><b>K\u0131ndam I <\/b><\/a>(1999, <i>Da\u011f\u0131 \u00d6pmeler&#8217; <\/i>den)<br \/>\n<a href=\"http:\/\/www.oguztansel.org\/tr\/savasa-hayir\/\"><b>Sava\u015fa Hay\u0131r <\/b><\/a>(1999, <i>Da\u011f\u0131 \u00d6pmeler&#8217; <\/i>den)<br \/>\n<a href=\"http:\/\/www.oguztansel.org\/tr\/usa-saygi\/\"><b>Usa Sayg\u0131 <\/b><\/a><i>(1999, Da\u011f\u0131 \u00d6pmeler&#8217; den)<\/i><br \/>\n<a href=\"http:\/\/www.oguztansel.org\/tr\/bir-yanardag-ortadogu\/\"><b>Bir Yanarda\u011f Ortado\u011fu <\/b><\/a><i>(1999, Da\u011f\u0131 \u00d6pmeler&#8217; den)<\/i><br \/>\n<b><a href=\"http:\/\/www.oguztansel.org\/tr\/bilinc-isigi\/\">Bilin\u00e7 I\u015f\u0131\u011f\u0131<\/a>\u00a0 <\/b><i>(1999, Da\u011f\u0131 \u00d6pmeler&#8217; den)<\/i><br \/>\n<a href=\"http:\/\/www.oguztansel.org\/tr\/uyanis\/\"><b>Uyan\u0131\u015f  <\/b><\/a>(1953, <i>Savrulmay\u0131 Bekleyen Harman<\/i>\u2019dan)<br \/>\n<a href=\"http:\/\/www.oguztansel.org\/tr\/yol-1\/\"><b>Yol 1 <\/b><\/a>(1953, <i>Savrulmay\u0131 Bekleyen Harman<\/i>\u2019dan)<br \/>\n<a href=\"http:\/\/www.oguztansel.org\/tr\/adamla-cocuk\/\"><b>Adamla \u00c7ocuk<\/b><\/a> (1962, <i>G\u00f6z\u00fcn\u00fc Sevdi\u011fim<\/i>\u2019den)<\/p>","protected":false},"excerpt":{"rendered":"<p>\u00c7oban D\u00fc\u011fmesi ( 1936-1937, yay\u0131nlanmam\u0131\u015f \u015fiirlerinden) B\u0131ld\u0131rc\u0131n ( 1936-1937, yay\u0131nlanmam\u0131\u015f \u015fiirlerinden) Adamlar (1953, Savrulmay\u0131 bekleyen Harman&#8216;dan) Mayku I (1953,\u00a0 Savrulmay\u0131 Bekleyen Harman&#8217; dan) Salk\u0131m S\u00f6\u011f\u00fct (1953, Savrulmay\u0131 Bekleyen Harman&#8217; dan) Tutsa\u011f\u0131n T\u00fcrk\u00fcs\u00fc (1953, Savrulmay\u0131 bekleyen Harman&#8216;dan) May\u0131s Ya\u011fmuru (1953, Savrulmay\u0131 bekleyen Harman&#8216;dan) Mavu Bo\u011faz (1962, G\u00f6z\u00fcn\u00fc Sevdi\u011fim&#8217; den) Mutluluk Pe\u015finde (1962, G\u00f6z\u00fcn\u00fc Sevdi\u011fim&#8217; den) \u00c7a\u011fr\u0131 [&hellip;]<\/p>\n","protected":false},"author":1,"featured_media":0,"parent":0,"menu_order":0,"comment_status":"open","ping_status":"open","template":"","meta":[],"_links":{"self":[{"href":"http:\/\/www.oguztansel.org\/tr\/wp-json\/wp\/v2\/pages\/11804"}],"collection":[{"href":"http:\/\/www.oguztansel.org\/tr\/wp-json\/wp\/v2\/pages"}],"about":[{"href":"http:\/\/www.oguztansel.org\/tr\/wp-json\/wp\/v2\/types\/page"}],"author":[{"embeddable":true,"href":"http:\/\/www.oguztansel.org\/tr\/wp-json\/wp\/v2\/users\/1"}],"replies":[{"embeddable":true,"href":"http:\/\/www.oguztansel.org\/tr\/wp-json\/wp\/v2\/comments?post=11804"}],"version-history":[{"count":46,"href":"http:\/\/www.oguztansel.org\/tr\/wp-json\/wp\/v2\/pages\/11804\/revisions"}],"predecessor-version":[{"id":13583,"href":"http:\/\/www.oguztansel.org\/tr\/wp-json\/wp\/v2\/pages\/11804\/revisions\/13583"}],"wp:attachment":[{"href":"http:\/\/www.oguztansel.org\/tr\/wp-json\/wp\/v2\/media?parent=11804"}],"curies":[{"name":"wp","href":"https:\/\/api.w.org\/{rel}","templated":true}]}}