{"id":11820,"date":"2015-12-03T13:33:15","date_gmt":"2015-12-03T11:33:15","guid":{"rendered":"http:\/\/www.oguztansel.org\/?page_id=11820"},"modified":"2017-03-20T11:09:21","modified_gmt":"2017-03-20T08:09:21","slug":"salkim-sogut","status":"publish","type":"page","link":"http:\/\/www.oguztansel.org\/tr\/salkim-sogut\/","title":{"rendered":"SALKIM S\u00d6\u011e\u00dcT"},"content":{"rendered":"<p><a class=\"group1\" title=\"Claude Monet\" href=\"http:\/\/www.oguztansel.org\/wp-content\/uploads\/2015\/12\/Salk\u0131m-S\u00f6\u011f\u00fct.jpg\"><img decoding=\"async\" loading=\"lazy\" class=\" size-medium wp-image-12995 alignright\" style=\"margin-right: 20%;\" src=\"http:\/\/www.oguztansel.org\/wp-content\/uploads\/2015\/12\/Salk\u0131m-S\u00f6\u011f\u00fct.jpg\" alt=\"mutluluk pesinde\" width=\"196\" height=\"300\" \/><\/a><\/p>\n<div style=\"margin-left: 20%;\">\n<p style=\"text-align: left;\"><strong>SALKIM S\u00d6\u011e\u00dcT<\/strong><\/p>\n<p>Ayr\u0131l\u0131ktan e\u011flim e\u011flim dallar\u0131n,<br \/>\nD\u00fc\u015f\u00fcncelere dalm\u0131\u015fs\u0131n kapkara.<br \/>\nBa\u015f\u0131n yerde, g\u00f6zlerini mi yitirdin?<br \/>\nG\u00f6lgen topra\u011fa uzanm\u0131\u015f, d\u00fc\u015f\u00fcncelerin suya.<br \/>\nToprak adam\u0131na benzer duru\u015fun,<br \/>\nA\u011fac\u0131m, bana da ver sabr\u0131ndan.<br \/>\nYapraklar\u0131nda taze ay \u0131\u015f\u0131\u011f\u0131,<br \/>\nBezgin de\u011filsin ya\u015famaktan.<\/p>\n<p>\u0130yi insanlar\u0131n d\u00fc\u015f\u00fcn\u00fc azma<br \/>\n\u0130\u00e7li t\u00fcrk\u00fcler s\u00f6yleyerek geceleri.<br \/>\nBu yoldan h\u0131rl\u0131 ge\u00e7er, h\u0131rs\u0131z ge\u00e7er,<br \/>\nYaln\u0131z, can dayanmaz ayr\u0131l\u0131\u011fa.<\/p>\n<p>B\u00fckl\u00fcm b\u00fckl\u00fcm dallar\u0131n \u201cd\u00f6nen yerleri\u201d<br \/>\nTel tel nak\u0131\u015f, kimseye deme.<br \/>\n\u0130nsan\u0131n insan elinden \u00e7ekti\u011fi,<br \/>\nA\u011fac\u0131m, dert oturdu y\u00fcre\u011fime.<\/p>\n<p>Beni, dallar\u0131n bir ho\u015f eder,<br \/>\nBir sevgili yak\u0131nl\u0131\u011f\u0131 sarar i\u00e7imi.<br \/>\nEsmerim, bo\u015f ver de gel,<br \/>\nEkmek, su gibi \u00f6zledim seni.<\/p>\n<p><strong>O\u011fuz Tansel<\/strong><br \/>\n<em>Mutluluk Pe\u015finde, Evrensel Bas\u0131m Yay\u0131n, 2013.<\/em><\/p>\n<\/div>\n<p><\/p>","protected":false},"excerpt":{"rendered":"<p>SALKIM S\u00d6\u011e\u00dcT Ayr\u0131l\u0131ktan e\u011flim e\u011flim dallar\u0131n, D\u00fc\u015f\u00fcncelere dalm\u0131\u015fs\u0131n kapkara. Ba\u015f\u0131n yerde, g\u00f6zlerini mi yitirdin? G\u00f6lgen topra\u011fa uzanm\u0131\u015f, d\u00fc\u015f\u00fcncelerin suya. Toprak adam\u0131na benzer duru\u015fun, A\u011fac\u0131m, bana da ver sabr\u0131ndan. Yapraklar\u0131nda taze ay \u0131\u015f\u0131\u011f\u0131, Bezgin de\u011filsin ya\u015famaktan. \u0130yi insanlar\u0131n d\u00fc\u015f\u00fcn\u00fc azma \u0130\u00e7li t\u00fcrk\u00fcler s\u00f6yleyerek geceleri. Bu yoldan h\u0131rl\u0131 ge\u00e7er, h\u0131rs\u0131z ge\u00e7er, Yaln\u0131z, can dayanmaz ayr\u0131l\u0131\u011fa. B\u00fckl\u00fcm b\u00fckl\u00fcm [&hellip;]<\/p>\n","protected":false},"author":1,"featured_media":0,"parent":0,"menu_order":0,"comment_status":"closed","ping_status":"open","template":"","meta":[],"_links":{"self":[{"href":"http:\/\/www.oguztansel.org\/tr\/wp-json\/wp\/v2\/pages\/11820"}],"collection":[{"href":"http:\/\/www.oguztansel.org\/tr\/wp-json\/wp\/v2\/pages"}],"about":[{"href":"http:\/\/www.oguztansel.org\/tr\/wp-json\/wp\/v2\/types\/page"}],"author":[{"embeddable":true,"href":"http:\/\/www.oguztansel.org\/tr\/wp-json\/wp\/v2\/users\/1"}],"replies":[{"embeddable":true,"href":"http:\/\/www.oguztansel.org\/tr\/wp-json\/wp\/v2\/comments?post=11820"}],"version-history":[{"count":12,"href":"http:\/\/www.oguztansel.org\/tr\/wp-json\/wp\/v2\/pages\/11820\/revisions"}],"predecessor-version":[{"id":13382,"href":"http:\/\/www.oguztansel.org\/tr\/wp-json\/wp\/v2\/pages\/11820\/revisions\/13382"}],"wp:attachment":[{"href":"http:\/\/www.oguztansel.org\/tr\/wp-json\/wp\/v2\/media?parent=11820"}],"curies":[{"name":"wp","href":"https:\/\/api.w.org\/{rel}","templated":true}]}}