{"id":11825,"date":"2015-12-03T13:35:23","date_gmt":"2015-12-03T11:35:23","guid":{"rendered":"http:\/\/www.oguztansel.org\/?page_id=11825"},"modified":"2017-03-20T11:03:44","modified_gmt":"2017-03-20T08:03:44","slug":"mayis-yagmuru","status":"publish","type":"page","link":"http:\/\/www.oguztansel.org\/tr\/mayis-yagmuru\/","title":{"rendered":"MAYIS YA\u011eMURU"},"content":{"rendered":"<p><a class=\"group1\" title=\"Picasso\" href=\"http:\/\/www.oguztansel.org\/wp-content\/uploads\/2015\/12\/May\u0131s-Ya\u011fmuru.jpg\"><img decoding=\"async\" loading=\"lazy\" class=\"  wp-image-12995 alignright\" style=\"margin-right: 20%;\" src=\"http:\/\/www.oguztansel.org\/wp-content\/uploads\/2015\/12\/May\u0131s-Ya\u011fmuru.jpg\" alt=\"mutluluk pesinde\" width=\"282\" height=\"432\" \/><\/a><\/p>\n<div style=\"margin-left: 20%;\">\n<p style=\"text-align: left;\"><strong>MAYIS YA\u011eMURU<\/strong><\/p>\n<p>G\u00fcm\u00fc\u015f tekerlekli alt\u0131n araba<br \/>\nAtlar\u0131 k\u00f6p\u00fck i\u00e7inde<br \/>\nG\u00f6klerin bulu\u015fmas\u0131 toprakla<br \/>\nSiyim siyim, ince ince<br \/>\nYery\u00fcz\u00fcnde d\u00f6n\u00fcp a\u011far.<\/p>\n<p>G\u00fcm\u00fc\u015f tekerlekli alt\u0131n araba<br \/>\n\u00c7ocuklar\u0131n sevincini g\u00f6rmeyin<br \/>\nG\u00fcne\u015f, a\u015fkla besler ya\u015fama g\u00fcc\u00fcn\u00fc<br \/>\nE\u011fri b\u00fc\u011fr\u00fc d\u00f6nse de d\u00fcnya<br \/>\n\u015ea\u015fmaz yasalar\u0131 do\u011fan\u0131n.<\/p>\n<p>G\u00fcm\u00fc\u015f tekerlekli alt\u0131n araba<br \/>\nP\u0131r\u0131l p\u0131r\u0131l, el ele dallar<br \/>\nHava ortak mal\u0131 c\u00fcmlenin<br \/>\nG\u00f6k her evin dam\u0131nda y\u0131ld\u0131zlar\u0131yla<br \/>\nDostluk boy vermede dal dal.<\/p>\n<p>G\u00fcm\u00fc\u015f tekerlekli alt\u0131n araba<br \/>\nTopra\u011f\u0131n \u00f6z\u00fc kokan sevgili<br \/>\nAy\u0131rmaz buras\u0131 da\u011f, \u015furas\u0131 ova<br \/>\nDoyurmak i\u00e7in varl\u0131klar\u0131<br \/>\n\u00d6rnek verir e\u015fitli\u011fe.<\/p>\n<p>G\u00fcm\u00fc\u015f tekerlekli alt\u0131n araba<br \/>\nAte\u015f her eli yakar<br \/>\nOlmas\u0131n be\u015f parmak bir d\u00fczeye<br \/>\nHer elde be\u015f parmak var ya<br \/>\nYa\u011fmur m\u00fcjde g\u00fczel g\u00fcnlere.<\/p>\n<p>G\u00fcm\u00fc\u015f tekerlekli alt\u0131n araba<br \/>\nArzular yaprak yaprak belirir<br \/>\nY\u0131kan\u0131p ar\u0131n\u0131r k\u00f6t\u00fcl\u00fcklerden<br \/>\nBir may\u0131s sabah\u0131 ya\u011fmurdan sonra<br \/>\nD\u00fcnyam\u0131z yepyeni oluverir.<\/p>\n<p><strong>O\u011fuz Tansel<\/strong><br \/>\n<em>Mutluluk Pe\u015finde, Evrensel Bas\u0131m Yay\u0131n, 2013.<\/em>\n<\/p>\n<\/div>\n<p><\/p>","protected":false},"excerpt":{"rendered":"<p>MAYIS YA\u011eMURU G\u00fcm\u00fc\u015f tekerlekli alt\u0131n araba Atlar\u0131 k\u00f6p\u00fck i\u00e7inde G\u00f6klerin bulu\u015fmas\u0131 toprakla Siyim siyim, ince ince Yery\u00fcz\u00fcnde d\u00f6n\u00fcp a\u011far. G\u00fcm\u00fc\u015f tekerlekli alt\u0131n araba \u00c7ocuklar\u0131n sevincini g\u00f6rmeyin G\u00fcne\u015f, a\u015fkla besler ya\u015fama g\u00fcc\u00fcn\u00fc E\u011fri b\u00fc\u011fr\u00fc d\u00f6nse de d\u00fcnya \u015ea\u015fmaz yasalar\u0131 do\u011fan\u0131n. G\u00fcm\u00fc\u015f tekerlekli alt\u0131n araba P\u0131r\u0131l p\u0131r\u0131l, el ele dallar Hava ortak mal\u0131 c\u00fcmlenin G\u00f6k her evin [&hellip;]<\/p>\n","protected":false},"author":1,"featured_media":0,"parent":0,"menu_order":0,"comment_status":"closed","ping_status":"open","template":"","meta":[],"_links":{"self":[{"href":"http:\/\/www.oguztansel.org\/tr\/wp-json\/wp\/v2\/pages\/11825"}],"collection":[{"href":"http:\/\/www.oguztansel.org\/tr\/wp-json\/wp\/v2\/pages"}],"about":[{"href":"http:\/\/www.oguztansel.org\/tr\/wp-json\/wp\/v2\/types\/page"}],"author":[{"embeddable":true,"href":"http:\/\/www.oguztansel.org\/tr\/wp-json\/wp\/v2\/users\/1"}],"replies":[{"embeddable":true,"href":"http:\/\/www.oguztansel.org\/tr\/wp-json\/wp\/v2\/comments?post=11825"}],"version-history":[{"count":16,"href":"http:\/\/www.oguztansel.org\/tr\/wp-json\/wp\/v2\/pages\/11825\/revisions"}],"predecessor-version":[{"id":13379,"href":"http:\/\/www.oguztansel.org\/tr\/wp-json\/wp\/v2\/pages\/11825\/revisions\/13379"}],"wp:attachment":[{"href":"http:\/\/www.oguztansel.org\/tr\/wp-json\/wp\/v2\/media?parent=11825"}],"curies":[{"name":"wp","href":"https:\/\/api.w.org\/{rel}","templated":true}]}}