{"id":11830,"date":"2015-12-03T13:37:50","date_gmt":"2015-12-03T11:37:50","guid":{"rendered":"http:\/\/www.oguztansel.org\/?page_id=11830"},"modified":"2017-04-01T08:27:47","modified_gmt":"2017-04-01T05:27:47","slug":"mutluluk-pesinde","status":"publish","type":"page","link":"http:\/\/www.oguztansel.org\/tr\/mutluluk-pesinde\/","title":{"rendered":"MUTLULUK PE\u015e\u0130NDE"},"content":{"rendered":"<p><a class=\"group1\" title=\"Sava\u015f \u00c7evik\" href=\"http:\/\/www.oguztansel.org\/wp-content\/uploads\/2015\/12\/mutluluk-pesinde.jpg\"><img decoding=\"async\" loading=\"lazy\" class=\" size-medium wp-image-12995 alignright\" style=\"margin-right: 20%;\" src=\"http:\/\/www.oguztansel.org\/wp-content\/uploads\/2015\/12\/mutluluk-pesinde-196x300.jpg\" alt=\"mutluluk pesinde\" width=\"196\" height=\"300\" srcset=\"http:\/\/www.oguztansel.org\/wp-content\/uploads\/2015\/12\/mutluluk-pesinde-196x300.jpg 196w, http:\/\/www.oguztansel.org\/wp-content\/uploads\/2015\/12\/mutluluk-pesinde.jpg 502w\" sizes=\"(max-width: 196px) 100vw, 196px\" \/><\/a><\/p>\n<div style=\"margin-left: 20%;\">\n<p style=\"text-align: left;\"><strong>MUTLULUK PE\u015e\u0130NDE<\/strong><\/p>\n<p>1<br \/>\nKaranl\u0131k D\u00fcnya masal\u0131ndaki<br \/>\nEn k\u00fc\u00e7\u00fck karde\u015fim ben<br \/>\nYaral\u0131 devin indi\u011fi kuyudan<br \/>\nYer alt\u0131 hazinelerine gidiyorum<br \/>\nD\u00f6nersem b\u00fct\u00fcn bezekler sizin<br \/>\nYand\u0131k\u00e7a iniyorum indik\u00e7e yan\u0131yorum<br \/>\nB\u00fct\u00fcn gemilerin halatlar\u0131 belimde<br \/>\nKaranl\u0131k d\u00fcnyalar\u0131n ilkinde<br \/>\nBir demet karanfil gibi ba\u011fl\u0131 duran<br \/>\n\u00dc\u00e7 g\u00fczel k\u0131z\u0131 kavu\u015fturdum \u00f6zg\u00fcrl\u00fc\u011fe<br \/>\nKara koyun koyunlar\u0131n \u015fah\u0131<br \/>\nAk koyun y\u00fcre\u011fimin ya\u011f\u0131<br \/>\nMerkez kat\u0131 s\u0131v\u0131 ate\u015f d\u00fcnyan\u0131n<br \/>\nTam ortas\u0131nda bu kat\u0131n<br \/>\nBir \u00e7ekirdek olmak gerek<br \/>\nO b\u00fct\u00fcn tohumlar\u0131n \u00f6z\u00fc<br \/>\nErimiyen yanm\u0131yan<br \/>\nYer y\u00fcz\u00fcne bir \u00e7\u0131karsak<br \/>\nGereksinmeyiz g\u00fcne\u015fe<br \/>\nO zaman kendili\u011finden da\u011f\u0131l\u0131r<br \/>\nKarde\u015flik iyilik g\u00fczellik<br \/>\nYaban otlar\u0131 gibi b\u00fcr\u00fcr d\u00fcnyam\u0131z\u0131<br \/>\nDev burada kals\u0131n<br \/>\nYaral\u0131 kartala ok atmam<br \/>\nBiz d\u00f6nelim \u00e7ileli yolculu\u011fa<\/p>\n<p>2<br \/>\nBir semender haklad\u0131m \u00f6nce<br \/>\nOnunla de\u011fi\u015ftirdim organlar\u0131m\u0131<br \/>\nAte\u015flerin d\u00fc\u015flere s\u0131\u011fm\u0131yan\u0131nda<br \/>\nZ\u0131rhlara b\u00fcr\u00fcnm\u00fc\u015f gidiyorum<br \/>\nMercanlar\u0131n \u015fafa\u011f\u0131nda<br \/>\n\u00d6nce yitirdi\u011fim g\u00f6zlerimi buldum<br \/>\nEllerim ger\u00e7ek g\u00fcne\u015fler i\u00e7inde<br \/>\nKollar\u0131m kilometrelerce<br \/>\nAlt\u0131n da\u011flar elmas da\u011flar<br \/>\nHi\u00e7 \u00f6nemli de\u011fil g\u00f6z\u00fcmde<br \/>\nK\u0131rm\u0131z\u0131 topazlar\u0131 g\u00f6k yakutlar\u0131<br \/>\nZ\u00fcmr\u00fctleri ye\u015fimleri<br \/>\nG\u00fcne\u015f g\u00f6zlerini ayta\u015flar\u0131n\u0131<br \/>\nYanarda\u011flar gibi at\u0131yorum yer y\u00fcz\u00fcne<br \/>\n\u00c7am g\u00f6vdesi gibi y\u0131lanlar<br \/>\n\u00c7ini \u00e7ini bakar g\u00f6z\u00fcme<br \/>\nGecesi g\u00fcnd\u00fcz\u00fc olm\u0131yan bir d\u00fcnyada<br \/>\nTimsah s\u0131rt\u0131nda bal\u0131k boynunda<br \/>\nBir karabatak gibi dala \u00e7\u0131ka<br \/>\nAr\u0131yorum \u00e7ekirde\u011fi<br \/>\nRenk boy fark\u0131na bak\u0131lmazsa<br \/>\nD\u00fcnyam\u0131z\u0131n t\u0131pk\u0131s\u0131yd\u0131 bu d\u00fcnya<br \/>\nYaln\u0131z tap\u0131nan bir yarat\u0131k g\u00f6rmedim<br \/>\nYoktu sava\u015f bar\u0131\u015f s\u00f6zc\u00fckleri<br \/>\n\u0130lkin \u00f6ld\u00fcrd\u00fc\u011f\u00fcm semenderden utand\u0131m<br \/>\nTimsahlar\u0131n bal\u0131klar\u0131n s\u0131rt\u0131 geldi akl\u0131ma<br \/>\nHayvanlardan \u00f6z\u00fcr dilerim.<\/p>\n<p>3<br \/>\nS\u00f6z\u00fcn k\u0131sas\u0131<br \/>\nAz gittik uzunlu\u011funa<br \/>\nUz gittik derinli\u011fine<br \/>\nMutlu \u00e7ekirde\u011fe ula\u015ft\u0131k<br \/>\nKalbe benziyor kalbe<br \/>\nBal\u0131k gibi o da y\u00fczer<br \/>\nB\u00fct\u00fcn \u00e2\u015f\u0131klar\u0131n ate\u015fi onda<br \/>\nI\u015f\u0131\u011f\u0131 seller gibi \u00e7a\u011flar<br \/>\nElini s\u00fcr el olsun, g\u00f6z\u00fcn\u00fc s\u00fcr g\u00f6z<br \/>\nAlt\u0131n g\u00f6zl\u00fc bal\u0131klar z\u00fcmr\u00fct ku\u015flar<br \/>\nElmas g\u00f6zl\u00fc y\u0131lanlar yakut a\u011fa\u00e7lar<br \/>\nDile geldi sevin\u00e7 i\u00e7inde<br \/>\nD\u00fcnyam\u0131z\u0131 \u00e7evirmek i\u00e7in cennete<br \/>\nElele verip c\u00fcmle yarat\u0131k<br \/>\n\u0130letece\u011fiz yer y\u00fcz\u00fcne<\/p>\n<p><strong>O\u011fuz Tansel<\/strong><br \/>\n<em>Mutluluk Pe\u015finde, Evrensel Bas\u0131m Yay\u0131n, 2013.<\/em><\/p>\n<\/div>\n<p><\/p>","protected":false},"excerpt":{"rendered":"<p>MUTLULUK PE\u015e\u0130NDE 1 Karanl\u0131k D\u00fcnya masal\u0131ndaki En k\u00fc\u00e7\u00fck karde\u015fim ben Yaral\u0131 devin indi\u011fi kuyudan Yer alt\u0131 hazinelerine gidiyorum D\u00f6nersem b\u00fct\u00fcn bezekler sizin Yand\u0131k\u00e7a iniyorum indik\u00e7e yan\u0131yorum B\u00fct\u00fcn gemilerin halatlar\u0131 belimde Karanl\u0131k d\u00fcnyalar\u0131n ilkinde Bir demet karanfil gibi ba\u011fl\u0131 duran \u00dc\u00e7 g\u00fczel k\u0131z\u0131 kavu\u015fturdum \u00f6zg\u00fcrl\u00fc\u011fe Kara koyun koyunlar\u0131n \u015fah\u0131 Ak koyun y\u00fcre\u011fimin ya\u011f\u0131 Merkez kat\u0131 s\u0131v\u0131 [&hellip;]<\/p>\n","protected":false},"author":1,"featured_media":0,"parent":0,"menu_order":0,"comment_status":"closed","ping_status":"open","template":"","meta":[],"_links":{"self":[{"href":"http:\/\/www.oguztansel.org\/tr\/wp-json\/wp\/v2\/pages\/11830"}],"collection":[{"href":"http:\/\/www.oguztansel.org\/tr\/wp-json\/wp\/v2\/pages"}],"about":[{"href":"http:\/\/www.oguztansel.org\/tr\/wp-json\/wp\/v2\/types\/page"}],"author":[{"embeddable":true,"href":"http:\/\/www.oguztansel.org\/tr\/wp-json\/wp\/v2\/users\/1"}],"replies":[{"embeddable":true,"href":"http:\/\/www.oguztansel.org\/tr\/wp-json\/wp\/v2\/comments?post=11830"}],"version-history":[{"count":31,"href":"http:\/\/www.oguztansel.org\/tr\/wp-json\/wp\/v2\/pages\/11830\/revisions"}],"predecessor-version":[{"id":13392,"href":"http:\/\/www.oguztansel.org\/tr\/wp-json\/wp\/v2\/pages\/11830\/revisions\/13392"}],"wp:attachment":[{"href":"http:\/\/www.oguztansel.org\/tr\/wp-json\/wp\/v2\/media?parent=11830"}],"curies":[{"name":"wp","href":"https:\/\/api.w.org\/{rel}","templated":true}]}}