{"id":11832,"date":"2015-12-03T13:38:32","date_gmt":"2015-12-03T11:38:32","guid":{"rendered":"http:\/\/www.oguztansel.org\/?page_id=11832"},"modified":"2017-04-01T08:25:56","modified_gmt":"2017-04-01T05:25:56","slug":"cagri-ii","status":"publish","type":"page","link":"http:\/\/www.oguztansel.org\/tr\/cagri-ii\/","title":{"rendered":"\u00c7A\u011eRI  II"},"content":{"rendered":"<p><a class=\"group1\" title=\"Matisse\" href=\"http:\/\/www.oguztansel.org\/wp-content\/uploads\/2016\/08\/henri-matisse-flowers-and-ceramic.jpg\"><img decoding=\"async\" loading=\"lazy\" class=\" size-medium wp-image-12995 alignright\" style=\"margin-right: 20%;\" src=\"http:\/\/www.oguztansel.org\/wp-content\/uploads\/2016\/08\/henri-matisse-flowers-and-ceramic.jpg\" alt=\"\u00c7A\u011eRI  II\" width=\"196\" height=\"300\" \/><\/a><\/p>\n<div style=\"margin-left: 20%;\">\n<p style=\"text-align: left;\">\n<strong>\u00c7A\u011eRI II<\/strong><\/p>\n<p>G\u00fcnlerden bir g\u00fcn biliverecek<br \/>\nDallar dal k\u00f6kler k\u00f6k oldu\u011funu<br \/>\nUygar g\u00fcc\u00fcm\u00fczle mutluluk ad\u0131na<br \/>\nTopra\u011fa benli\u011fini verece\u011fiz<br \/>\nKurt ku\u015f b\u00f6c\u00fc b\u00f6rt\u00fc alacak pay\u0131n\u0131<br \/>\nDenizler halk\u0131 sular\u0131yla<br \/>\nOrmanlar halk\u0131 ku\u015flar\u0131yla<br \/>\nD\u00f6rt bucaktan adamlar da\u011flar<br \/>\nEllerimizle yap\u0131lm\u0131\u015f her ne ki varsa<br \/>\nAyaklan\u0131p ellenip atl\u0131 yaya<br \/>\nBuyurun insanl\u0131k sofralar\u0131na<br \/>\nG\u00fcr\u00fcl g\u00fcr\u00fcl gelsin c\u00fcmle yarat\u0131k<br \/>\nDile gelsin karde\u015flik insanl\u0131k<\/p>\n<p><strong>O\u011fuz Tansel<\/strong><br \/>\n<em>Mutluluk Pe\u015finde, Evrensel Bas\u0131m Yay\u0131n, 2013.<\/em>\n<\/p>\n<\/div>\n<p><\/p>","protected":false},"excerpt":{"rendered":"<p>\u00c7A\u011eRI II G\u00fcnlerden bir g\u00fcn biliverecek Dallar dal k\u00f6kler k\u00f6k oldu\u011funu Uygar g\u00fcc\u00fcm\u00fczle mutluluk ad\u0131na Topra\u011fa benli\u011fini verece\u011fiz Kurt ku\u015f b\u00f6c\u00fc b\u00f6rt\u00fc alacak pay\u0131n\u0131 Denizler halk\u0131 sular\u0131yla Ormanlar halk\u0131 ku\u015flar\u0131yla D\u00f6rt bucaktan adamlar da\u011flar Ellerimizle yap\u0131lm\u0131\u015f her ne ki varsa Ayaklan\u0131p ellenip atl\u0131 yaya Buyurun insanl\u0131k sofralar\u0131na G\u00fcr\u00fcl g\u00fcr\u00fcl gelsin c\u00fcmle yarat\u0131k Dile gelsin karde\u015flik [&hellip;]<\/p>\n","protected":false},"author":1,"featured_media":0,"parent":0,"menu_order":0,"comment_status":"open","ping_status":"open","template":"","meta":[],"_links":{"self":[{"href":"http:\/\/www.oguztansel.org\/tr\/wp-json\/wp\/v2\/pages\/11832"}],"collection":[{"href":"http:\/\/www.oguztansel.org\/tr\/wp-json\/wp\/v2\/pages"}],"about":[{"href":"http:\/\/www.oguztansel.org\/tr\/wp-json\/wp\/v2\/types\/page"}],"author":[{"embeddable":true,"href":"http:\/\/www.oguztansel.org\/tr\/wp-json\/wp\/v2\/users\/1"}],"replies":[{"embeddable":true,"href":"http:\/\/www.oguztansel.org\/tr\/wp-json\/wp\/v2\/comments?post=11832"}],"version-history":[{"count":12,"href":"http:\/\/www.oguztansel.org\/tr\/wp-json\/wp\/v2\/pages\/11832\/revisions"}],"predecessor-version":[{"id":13391,"href":"http:\/\/www.oguztansel.org\/tr\/wp-json\/wp\/v2\/pages\/11832\/revisions\/13391"}],"wp:attachment":[{"href":"http:\/\/www.oguztansel.org\/tr\/wp-json\/wp\/v2\/media?parent=11832"}],"curies":[{"name":"wp","href":"https:\/\/api.w.org\/{rel}","templated":true}]}}