{"id":11838,"date":"2015-12-03T13:40:24","date_gmt":"2015-12-03T11:40:24","guid":{"rendered":"http:\/\/www.oguztansel.org\/?page_id=11838"},"modified":"2017-03-20T11:15:24","modified_gmt":"2017-03-20T08:15:24","slug":"antalya-viii","status":"publish","type":"page","link":"http:\/\/www.oguztansel.org\/tr\/antalya-viii\/","title":{"rendered":"ANTALYA VIII"},"content":{"rendered":"<p><a class=\"group1\" title=\"Orhan Taylan\" href=\"http:\/\/www.oguztansel.org\/wp-content\/uploads\/2015\/12\/antalya-8.jpg\"><img decoding=\"async\" loading=\"lazy\" class=\" size-medium wp-image-12995 alignright\" style=\"margin-right: 20%;\" src=\"http:\/\/www.oguztansel.org\/wp-content\/uploads\/2015\/12\/antalya-8-209x300.jpg\" alt=\"antalya 8\" width=\"196\" height=\"300\" \/><\/a><\/p>\n<div style=\"margin-left: 20%;\">\n<p style=\"text-align: left;\"><strong>ANTALYA VIII<\/strong><\/p>\n<p>1<br \/>\nZakkum \u00e7i\u00e7e\u011fi tanyerinde<br \/>\nSu kemerince kollar\u0131m\u0131z<br \/>\nBir eski \u00e7a\u011fl\u0131ca dola\u015ft\u0131k<br \/>\n\u00d6zg\u00fcrledik k\u00f6leleri, tutsaklar\u0131.<br \/>\nAyak izimiz alt\u0131n kumlarda,<br \/>\nManavgat\u2019la Serik aras\u0131,<br \/>\nDenizden da\u011flara de\u011fin,<br \/>\nTu\u011fay \u00e7aml\u0131\u011f\u0131 ye\u015fil tapu!<br \/>\nD\u00fc\u015f\u00fcnd\u00fcrd\u00fc \u00dclk\u00fcn\u2019le Erkut\u2019u.<\/p>\n<p>2<br \/>\nSekiz y\u00fczl\u00fc K\u0131z\u0131lkule\u2019de<br \/>\n\u00d6zgen\u2019in i\u00e7li t\u00fcrk\u00fcleri.<br \/>\nU\u00e7tuk mavi \u0131\u015f\u0131kl\u0131 tepeden;<br \/>\nSuyun aynas\u0131nda y\u00fcre\u011fimiz,<br \/>\nG\u00f6zlerimiz, g\u00f6knar ye\u015filinde,<br \/>\nSa\u00e7lar\u0131 portakal, duda\u011f\u0131 nar,<br \/>\nDimdik memeli Amazonlar.<\/p>\n<p>3<br \/>\nMaviye boyad\u0131k yap\u0131 ta\u015flar\u0131n\u0131;<br \/>\nAkdeniz\u2019den Atlanti\u011fe ebemku\u015fa\u011f\u0131,<br \/>\nAlt\u0131ndan ge\u00e7irdik insanlar\u0131;<br \/>\nSayr\u0131 sa\u011f oldu, sakat sa\u011flam;<br \/>\nYoksul vars\u0131l, \u00e7irkin g\u00fczel,<br \/>\nTutsaklar, k\u00f6leler \u00f6zg\u00fcrlendi.<br \/>\n\u00c7al\u0131nan yontular\u0131 koyduk yerine.<br \/>\nMutlu bir evrende, sava\u015fs\u0131z,<br \/>\nY\u00fcrekte tomursun ya\u015fama sevinci,<br \/>\nGelece\u011fin ger\u00e7ek iyeleri<br \/>\nG\u00f6zlerde bar\u0131\u015f\u0131kl\u0131k \u00f6zlemi<br \/>\nYar\u0131\u015fsa: karde\u015flikte, sevgide\u2026<\/p>\n<p><strong>O\u011fuz Tansel<\/strong><br \/>\nDa\u011f\u0131 \u00d6pmeler, Yap\u0131 Kredi Yay\u0131nlar\u0131, 2013.\n<\/p>\n<\/div>\n<p><\/p>","protected":false},"excerpt":{"rendered":"<p>ANTALYA VIII 1 Zakkum \u00e7i\u00e7e\u011fi tanyerinde Su kemerince kollar\u0131m\u0131z Bir eski \u00e7a\u011fl\u0131ca dola\u015ft\u0131k \u00d6zg\u00fcrledik k\u00f6leleri, tutsaklar\u0131. Ayak izimiz alt\u0131n kumlarda, Manavgat\u2019la Serik aras\u0131, Denizden da\u011flara de\u011fin, Tu\u011fay \u00e7aml\u0131\u011f\u0131 ye\u015fil tapu! D\u00fc\u015f\u00fcnd\u00fcrd\u00fc \u00dclk\u00fcn\u2019le Erkut\u2019u. 2 Sekiz y\u00fczl\u00fc K\u0131z\u0131lkule\u2019de \u00d6zgen\u2019in i\u00e7li t\u00fcrk\u00fcleri. U\u00e7tuk mavi \u0131\u015f\u0131kl\u0131 tepeden; Suyun aynas\u0131nda y\u00fcre\u011fimiz, G\u00f6zlerimiz, g\u00f6knar ye\u015filinde, Sa\u00e7lar\u0131 portakal, duda\u011f\u0131 nar, Dimdik [&hellip;]<\/p>\n","protected":false},"author":1,"featured_media":0,"parent":0,"menu_order":0,"comment_status":"closed","ping_status":"open","template":"","meta":[],"_links":{"self":[{"href":"http:\/\/www.oguztansel.org\/tr\/wp-json\/wp\/v2\/pages\/11838"}],"collection":[{"href":"http:\/\/www.oguztansel.org\/tr\/wp-json\/wp\/v2\/pages"}],"about":[{"href":"http:\/\/www.oguztansel.org\/tr\/wp-json\/wp\/v2\/types\/page"}],"author":[{"embeddable":true,"href":"http:\/\/www.oguztansel.org\/tr\/wp-json\/wp\/v2\/users\/1"}],"replies":[{"embeddable":true,"href":"http:\/\/www.oguztansel.org\/tr\/wp-json\/wp\/v2\/comments?post=11838"}],"version-history":[{"count":15,"href":"http:\/\/www.oguztansel.org\/tr\/wp-json\/wp\/v2\/pages\/11838\/revisions"}],"predecessor-version":[{"id":13386,"href":"http:\/\/www.oguztansel.org\/tr\/wp-json\/wp\/v2\/pages\/11838\/revisions\/13386"}],"wp:attachment":[{"href":"http:\/\/www.oguztansel.org\/tr\/wp-json\/wp\/v2\/media?parent=11838"}],"curies":[{"name":"wp","href":"https:\/\/api.w.org\/{rel}","templated":true}]}}