{"id":11841,"date":"2015-12-03T13:43:12","date_gmt":"2015-12-03T11:43:12","guid":{"rendered":"http:\/\/www.oguztansel.org\/?page_id=11841"},"modified":"2017-03-20T11:01:22","modified_gmt":"2017-03-20T08:01:22","slug":"kindam-i","status":"publish","type":"page","link":"http:\/\/www.oguztansel.org\/tr\/kindam-i\/","title":{"rendered":"KINDAM I"},"content":{"rendered":"<p><a class=\"group1\" title=\"Orhan Taylan\" href=\"http:\/\/www.oguztansel.org\/wp-content\/uploads\/2015\/12\/kindam-1.jpg\"><img decoding=\"async\" loading=\"lazy\" class=\" size-medium wp-image-12995 alignright\" style=\"margin-right: 20%;\" src=\"http:\/\/www.oguztansel.org\/wp-content\/uploads\/2015\/12\/kindam-1.jpg\" alt=\"mutluluk pesinde\" width=\"196\" height=\"300\" \/><\/a><\/p>\n<div style=\"margin-left: 20%;\">\n<p style=\"text-align: left;\"><strong>KINDAM I<\/strong><\/p>\n<p>\u0130lksizin ilkinde bi\u00e7imlenmeden Evren,<br \/>\nKarma\u015fa bir b\u00fct\u00fcnd\u00fc, K\u0131ndam uyan\u0131k uykulu<br \/>\nEksiz birdi, \u00f6fkeli; s\u0131cac\u0131k, dipdiri.<br \/>\nG\u00fcne\u015fler, y\u0131ld\u0131zlar, aylar varl\u0131 yoktu,<br \/>\nBir ate\u015f bulutsu, devce devinim uzayl\u0131.<br \/>\nBoyalar, mevsimler birli\u011fin tad\u0131nda,<br \/>\nU\u00e7malar\u0131n \u00f6z\u00fcnde varl\u0131 bi\u00e7im sava\u015f\u0131.<br \/>\nMilyarla \u0131\u015f\u0131k y\u0131l\u0131 akt\u0131 K\u0131ndam\u2019l\u0131 karga\u015fan,<br \/>\n\u00d6zlemli b\u00f6l\u00fcnmeler, k\u00fcmelenmeler sevin\u00e7li<br \/>\nBir nice sonda ald\u0131 yerini g\u00fcne\u015f dopdolu can.<br \/>\n\u0130lklerin birinde K\u0131ndam\u2019l\u0131 d\u00fcnya do\u011fdu,<br \/>\nSevi \u00e7ekirdekli bulut a\u00e7a yuvarlana, u\u00e7a<br \/>\nBur\u00e7lar \u00e7ak\u0131ld\u0131, her gezegen oturdu y\u00f6r\u00fcngesine<br \/>\nI\u015f\u0131kl\u0131 g\u00fcnd\u00fczler, katran geceler \u00e7ok sonra.<br \/>\nBir nicesinde uzay olu\u015fturdu \u00f6z\u00fcnden suyu,<br \/>\nK\u0131ndam\u2019l\u0131 k\u00fcme bulutlar sanc\u0131l\u0131 \u015fim\u015feklerle.<br \/>\nYasal\u0131 sonlar\u0131n birinde k\u00f6rd\u00fc\u011f\u00fcmler \u00e7\u00f6z\u00fcledurdu,<br \/>\nK\u0131ndam\u2019l\u0131 da\u011flar, azg\u0131n sular kavu\u015fman\u0131n tad\u0131nda,<br \/>\nBitkilerin, canl\u0131lar\u0131n d\u00fc\u011f\u00fcn\u00fc masallar boyu.<br \/>\nK\u0131ndam, duyuyu, seviyi mayaland\u0131rd\u0131, us daha sonra.<br \/>\nTemmuzlu Dipsizg\u00f6l\u2019den K\u0131ndam\u2019\u0131 y\u00fcr\u00fcd\u00fck<br \/>\nK\u0131ndam\u2019la.<\/p>\n<p><strong>O\u011fuz Tansel<\/strong><br \/>\n<em>Da\u011f\u0131 \u00d6pmeler, Yap\u0131 Kredi Yay\u0131nlar\u0131, 2013.<\/em><\/p>\n<\/div>\n<p><\/p>","protected":false},"excerpt":{"rendered":"<p>KINDAM I \u0130lksizin ilkinde bi\u00e7imlenmeden Evren, Karma\u015fa bir b\u00fct\u00fcnd\u00fc, K\u0131ndam uyan\u0131k uykulu Eksiz birdi, \u00f6fkeli; s\u0131cac\u0131k, dipdiri. G\u00fcne\u015fler, y\u0131ld\u0131zlar, aylar varl\u0131 yoktu, Bir ate\u015f bulutsu, devce devinim uzayl\u0131. Boyalar, mevsimler birli\u011fin tad\u0131nda, U\u00e7malar\u0131n \u00f6z\u00fcnde varl\u0131 bi\u00e7im sava\u015f\u0131. Milyarla \u0131\u015f\u0131k y\u0131l\u0131 akt\u0131 K\u0131ndam\u2019l\u0131 karga\u015fan, \u00d6zlemli b\u00f6l\u00fcnmeler, k\u00fcmelenmeler sevin\u00e7li Bir nice sonda ald\u0131 yerini g\u00fcne\u015f dopdolu can. [&hellip;]<\/p>\n","protected":false},"author":1,"featured_media":0,"parent":0,"menu_order":0,"comment_status":"closed","ping_status":"open","template":"","meta":[],"_links":{"self":[{"href":"http:\/\/www.oguztansel.org\/tr\/wp-json\/wp\/v2\/pages\/11841"}],"collection":[{"href":"http:\/\/www.oguztansel.org\/tr\/wp-json\/wp\/v2\/pages"}],"about":[{"href":"http:\/\/www.oguztansel.org\/tr\/wp-json\/wp\/v2\/types\/page"}],"author":[{"embeddable":true,"href":"http:\/\/www.oguztansel.org\/tr\/wp-json\/wp\/v2\/users\/1"}],"replies":[{"embeddable":true,"href":"http:\/\/www.oguztansel.org\/tr\/wp-json\/wp\/v2\/comments?post=11841"}],"version-history":[{"count":10,"href":"http:\/\/www.oguztansel.org\/tr\/wp-json\/wp\/v2\/pages\/11841\/revisions"}],"predecessor-version":[{"id":13377,"href":"http:\/\/www.oguztansel.org\/tr\/wp-json\/wp\/v2\/pages\/11841\/revisions\/13377"}],"wp:attachment":[{"href":"http:\/\/www.oguztansel.org\/tr\/wp-json\/wp\/v2\/media?parent=11841"}],"curies":[{"name":"wp","href":"https:\/\/api.w.org\/{rel}","templated":true}]}}