{"id":11847,"date":"2015-12-03T13:45:23","date_gmt":"2015-12-03T11:45:23","guid":{"rendered":"http:\/\/www.oguztansel.org\/?page_id=11847"},"modified":"2017-03-20T10:44:55","modified_gmt":"2017-03-20T07:44:55","slug":"bilitis-i","status":"publish","type":"page","link":"http:\/\/www.oguztansel.org\/tr\/bilitis-i\/","title":{"rendered":"B\u0130L\u0130T\u0130S I"},"content":{"rendered":"<p><a class=\"group1\" title=\"Orhan Taylan\" href=\"http:\/\/www.oguztansel.org\/wp-content\/uploads\/2015\/12\/bilitis-1.jpg\"><img decoding=\"async\" loading=\"lazy\" class=\" size-medium wp-image-12995 alignright\" style=\"margin-right: 20%;\" src=\"http:\/\/www.oguztansel.org\/wp-content\/uploads\/2015\/12\/bilitis-1.jpg\" alt=\"Bilitis 1\" width=\"196\" height=\"300\" \/><\/a><\/p>\n<div style=\"margin-left: 20%;\">\n<p style=\"text-align: left;\">\n<strong>B\u0130L\u0130T\u0130S I<\/strong><br \/>\n<em>Pierre Lou\u00ffs\u2019ye<\/em><\/p>\n<p>A<br \/>\nToruslar! Tomurcuk g\u00f6lgeli orman<br \/>\nSa\u00e7lar\u0131 portakal boyada periler.<br \/>\nOlgunla\u015ft\u0131rd\u0131 di\u015filer sultan\u0131n\u0131<br \/>\nT\u00fcrk\u00fcler s\u00f6yledi\u011fin korulukta<br \/>\nSa\u00e7lar\u0131n zambak, s\u00fcmb\u00fcl kokar,<br \/>\nYosunlanarak g\u00f6ks\u00fcn\u00fc ezdi\u011fin<br \/>\nOrmanl\u0131 derede, y\u0131ld\u0131z \u0131\u015f\u0131\u011f\u0131nda<br \/>\nNar dudaklar\u0131n\u0131 \u00f6pm\u00fc\u015ft\u00fc \u00e7oban<\/p>\n<p>B<br \/>\nSa\u00e7lar\u0131 mavi orman perileri,<br \/>\nBa\u015flar\u0131na takmaya tomurcuk g\u00fcl\u00fc<br \/>\nKu\u015fburnu koya\u011f\u0131na ayl\u0131 yoldan girdi<br \/>\nAkan suda arad\u0131 g\u00f6ks\u00fcn\u00fcn kal\u0131b\u0131n\u0131,<br \/>\nBirka\u00e7 sap \u015febboy d\u00fc\u015ft\u00fc usuna<br \/>\n\u00d6zg\u00fcr a\u015fk\u0131n y\u00fcce tanr\u0131\u00e7as\u0131<br \/>\nKarasu aynas\u0131nda bilir k\u0131zl\u0131\u011f\u0131n\u0131<br \/>\nBulamad\u0131 and\u0131n\u0131 unutan \u00e7oban\u0131<br \/>\nUzun gecede tezin tezi g\u00fcn\u0131\u015f\u0131\u011f\u0131.<\/p>\n<p>C<br \/>\nAh! Periler, o\u011flaklar, ay \u0131\u015f\u0131\u011f\u0131<br \/>\nYan\u0131k t\u00fcrk\u00fc s\u00f6yler y\u00f6r\u00fck k\u0131zlar\u0131.<\/p>\n<p><strong>O\u011fuz Tansel<\/strong><br \/>\n<em>Da\u011f\u0131 \u00d6pmeler, Yap\u0131 Kredi Yay\u0131nlar\u0131, 2013.<\/em>\n<\/p>\n<\/div>\n<p><\/p>","protected":false},"excerpt":{"rendered":"<p>B\u0130L\u0130T\u0130S I Pierre Lou\u00ffs\u2019ye A Toruslar! Tomurcuk g\u00f6lgeli orman Sa\u00e7lar\u0131 portakal boyada periler. Olgunla\u015ft\u0131rd\u0131 di\u015filer sultan\u0131n\u0131 T\u00fcrk\u00fcler s\u00f6yledi\u011fin korulukta Sa\u00e7lar\u0131n zambak, s\u00fcmb\u00fcl kokar, Yosunlanarak g\u00f6ks\u00fcn\u00fc ezdi\u011fin Ormanl\u0131 derede, y\u0131ld\u0131z \u0131\u015f\u0131\u011f\u0131nda Nar dudaklar\u0131n\u0131 \u00f6pm\u00fc\u015ft\u00fc \u00e7oban B Sa\u00e7lar\u0131 mavi orman perileri, Ba\u015flar\u0131na takmaya tomurcuk g\u00fcl\u00fc Ku\u015fburnu koya\u011f\u0131na ayl\u0131 yoldan girdi Akan suda arad\u0131 g\u00f6ks\u00fcn\u00fcn kal\u0131b\u0131n\u0131, Birka\u00e7 sap [&hellip;]<\/p>\n","protected":false},"author":1,"featured_media":0,"parent":0,"menu_order":0,"comment_status":"closed","ping_status":"open","template":"","meta":[],"_links":{"self":[{"href":"http:\/\/www.oguztansel.org\/tr\/wp-json\/wp\/v2\/pages\/11847"}],"collection":[{"href":"http:\/\/www.oguztansel.org\/tr\/wp-json\/wp\/v2\/pages"}],"about":[{"href":"http:\/\/www.oguztansel.org\/tr\/wp-json\/wp\/v2\/types\/page"}],"author":[{"embeddable":true,"href":"http:\/\/www.oguztansel.org\/tr\/wp-json\/wp\/v2\/users\/1"}],"replies":[{"embeddable":true,"href":"http:\/\/www.oguztansel.org\/tr\/wp-json\/wp\/v2\/comments?post=11847"}],"version-history":[{"count":14,"href":"http:\/\/www.oguztansel.org\/tr\/wp-json\/wp\/v2\/pages\/11847\/revisions"}],"predecessor-version":[{"id":13371,"href":"http:\/\/www.oguztansel.org\/tr\/wp-json\/wp\/v2\/pages\/11847\/revisions\/13371"}],"wp:attachment":[{"href":"http:\/\/www.oguztansel.org\/tr\/wp-json\/wp\/v2\/media?parent=11847"}],"curies":[{"name":"wp","href":"https:\/\/api.w.org\/{rel}","templated":true}]}}