{"id":11923,"date":"2015-12-16T12:03:52","date_gmt":"2015-12-16T10:03:52","guid":{"rendered":"http:\/\/www.oguztansel.org\/?page_id=11923"},"modified":"2015-12-27T12:26:40","modified_gmt":"2015-12-27T10:26:40","slug":"anma-gunlerinden","status":"publish","type":"page","link":"http:\/\/www.oguztansel.org\/tr\/anma-gunlerinden\/","title":{"rendered":"Anma G\u00fcnlerinden"},"content":{"rendered":"<div class=\"fusion-one-full fusion-layout-column fusion-column-last fusion-spacing-yes\" style=\"margin-top:0px;margin-bottom:20px;\"><div class=\"fusion-column-wrapper\"><\/div><\/div><div class=\"fusion-clearfix\"><\/div><div class=\"fusion-recent-posts avada-container layout-default layout-columns-4\"><section class=\"fusion-columns columns fusion-columns-4 columns-4\"><div class=\"fusion-column column col col-lg-3 col-md-3 col-sm-3\"><div class=\"fusion-flexslider flexslider\"><ul class=\"slides\"><li><a href=\"http:\/\/www.oguztansel.org\/tr\/aramizdan-ayrilisinin-25-yil-donumunde-oguz-tansel\/\"><img src=\"http:\/\/www.oguztansel.org\/wp-content\/uploads\/2019\/11\/12-May\u0131s-2016-Bombus-Afi\u015fs3.jpg\" alt=\"12-May\u0131s-2016-Bombus-Afi\u015fs3\"\/><\/a><\/li><\/ul><\/div><div class=\"recent-posts-content\"><span class=\"vcard\" style=\"display: none;\"><span class=\"fn\"><a href=\"http:\/\/www.oguztansel.org\/tr\/author\/yonetim\/\" title=\"yonetim taraf\u0131ndan yaz\u0131lan yaz\u0131lar\" rel=\"author\">yonetim<\/a><\/span><\/span><span class=\"updated\" style=\"display:none;\">2019-11-25T16:42:26+00:00<\/span><h4 class=\"entry-title\"><a href=\"http:\/\/www.oguztansel.org\/tr\/aramizdan-ayrilisinin-25-yil-donumunde-oguz-tansel\/\">2 Kas\u0131m 2019-Aram\u0131zdan Ayr\u0131l\u0131\u015f\u0131n\u0131n 25.Y\u0131l D\u00f6n\u00fcm\u00fcnde O\u011fuz Tansel<\/a><\/h4><\/div><\/div><div class=\"fusion-column column col col-lg-3 col-md-3 col-sm-3\"><div class=\"fusion-flexslider flexslider\"><ul class=\"slides\"><li><a href=\"http:\/\/www.oguztansel.org\/tr\/5-ekim-2019-olumunun-25-yil-donumunde-sair-halkbilimci-oguz-tansel\/\"><img src=\"http:\/\/www.oguztansel.org\/wp-content\/uploads\/2019\/11\/12-May\u0131s-2016-Bombus-Afi\u015fs.jpg\" alt=\"12-May\u0131s-2016-Bombus-Afi\u015fs\"\/><\/a><\/li><\/ul><\/div><div class=\"recent-posts-content\"><span class=\"vcard\" style=\"display: none;\"><span class=\"fn\"><a href=\"http:\/\/www.oguztansel.org\/tr\/author\/yonetim\/\" title=\"yonetim taraf\u0131ndan yaz\u0131lan yaz\u0131lar\" rel=\"author\">yonetim<\/a><\/span><\/span><span class=\"updated\" style=\"display:none;\">2019-11-20T19:00:37+00:00<\/span><h4 class=\"entry-title\"><a href=\"http:\/\/www.oguztansel.org\/tr\/5-ekim-2019-olumunun-25-yil-donumunde-sair-halkbilimci-oguz-tansel\/\">5 Ekim 2019-\u00d6l\u00fcm\u00fcn\u00fcn 25. Y\u0131l D\u00f6n\u00fcm\u00fcnde  \u015eair halkbilimci O\u011fuz Tansel<\/a><\/h4><\/div><\/div><div class=\"fusion-column column col col-lg-3 col-md-3 col-sm-3\"><div class=\"fusion-flexslider flexslider\"><ul class=\"slides\"><li><a href=\"http:\/\/www.oguztansel.org\/tr\/12-mayis-2016-oguz-tansel-101-yasinda-anma-toplantisi\/\"><img src=\"http:\/\/www.oguztansel.org\/wp-content\/uploads\/2016\/05\/12-May\u0131s-2016-Bombus-Afi\u015fs.jpg\" alt=\"12-May\u0131s-2016-Bombus-Afi\u015fs\"\/><\/a><\/li><\/ul><\/div><div class=\"recent-posts-content\"><span class=\"vcard\" style=\"display: none;\"><span class=\"fn\"><a href=\"http:\/\/www.oguztansel.org\/tr\/author\/yonetim\/\" title=\"yonetim taraf\u0131ndan yaz\u0131lan yaz\u0131lar\" rel=\"author\">yonetim<\/a><\/span><\/span><span class=\"updated\" style=\"display:none;\">2016-05-23T19:08:13+00:00<\/span><h4 class=\"entry-title\"><a href=\"http:\/\/www.oguztansel.org\/tr\/12-mayis-2016-oguz-tansel-101-yasinda-anma-toplantisi\/\">12 May\u0131s 2016 &#8211; O\u011fuz Tansel  101 Ya\u015f\u0131nda Anma Toplant\u0131s\u0131<\/a><\/h4><\/div><\/div><div class=\"fusion-column column col col-lg-3 col-md-3 col-sm-3\"><div class=\"fusion-flexslider flexslider\"><ul class=\"slides\"><li><a href=\"http:\/\/www.oguztansel.org\/tr\/13-subat-2016-oguz-tansel-semt-kutuphanesi-acilis-toreni\/\"><img src=\"http:\/\/www.oguztansel.org\/wp-content\/uploads\/2016\/02\/k\u00fct\u00fcphane-davetiye-700x441.jpg\" alt=\"k\u00fct\u00fcphane davetiye\"\/><\/a><\/li><\/ul><\/div><div class=\"recent-posts-content\"><span class=\"vcard\" style=\"display: none;\"><span class=\"fn\"><a href=\"http:\/\/www.oguztansel.org\/tr\/author\/yonetim\/\" title=\"yonetim taraf\u0131ndan yaz\u0131lan yaz\u0131lar\" rel=\"author\">yonetim<\/a><\/span><\/span><span class=\"updated\" style=\"display:none;\">2016-07-13T15:05:13+00:00<\/span><h4 class=\"entry-title\"><a href=\"http:\/\/www.oguztansel.org\/tr\/13-subat-2016-oguz-tansel-semt-kutuphanesi-acilis-toreni\/\">13 \u015eubat  2016 &#8211;  O\u011fuz Tansel Semt K\u00fct\u00fcphanesi A\u00e7\u0131l\u0131\u015f T\u00f6reni<\/a><\/h4><\/div><\/div><div class=\"fusion-clearfix\"><\/div><div class=\"fusion-column column col col-lg-3 col-md-3 col-sm-3\"><div class=\"fusion-flexslider flexslider\"><ul class=\"slides\"><li><a href=\"http:\/\/www.oguztansel.org\/tr\/10-subat-2016-barisin-ozani-oguz-tansel-101-yasinda\/\"><img src=\"http:\/\/www.oguztansel.org\/wp-content\/uploads\/2016\/02\/kucuk_resim_sablon.jpg\" alt=\"kucuk_resim_sablon\"\/><\/a><\/li><\/ul><\/div><div class=\"recent-posts-content\"><span class=\"vcard\" style=\"display: none;\"><span class=\"fn\"><a href=\"http:\/\/www.oguztansel.org\/tr\/author\/yonetim\/\" title=\"yonetim taraf\u0131ndan yaz\u0131lan yaz\u0131lar\" rel=\"author\">yonetim<\/a><\/span><\/span><span class=\"updated\" style=\"display:none;\">2016-03-02T11:03:01+00:00<\/span><h4 class=\"entry-title\"><a href=\"http:\/\/www.oguztansel.org\/tr\/10-subat-2016-barisin-ozani-oguz-tansel-101-yasinda\/\">10 \u015eubat 2016- Bar\u0131\u015f\u0131n Ozan\u0131 O\u011fuz Tansel 101 Ya\u015f\u0131nda<\/a><\/h4><\/div><\/div><div class=\"fusion-column column col col-lg-3 col-md-3 col-sm-3\"><div class=\"fusion-flexslider flexslider\"><ul class=\"slides\"><li><a href=\"http:\/\/www.oguztansel.org\/tr\/31-ekim-2015-100-yil-sonra-masalci-dede-oguz-tansel\/\"><img src=\"http:\/\/www.oguztansel.org\/wp-content\/uploads\/2015\/12\/31ekim2015.jpg\" alt=\"31ekim2015\"\/><\/a><\/li><\/ul><\/div><div class=\"recent-posts-content\"><span class=\"vcard\" style=\"display: none;\"><span class=\"fn\"><a href=\"http:\/\/www.oguztansel.org\/tr\/author\/yonetim\/\" title=\"yonetim taraf\u0131ndan yaz\u0131lan yaz\u0131lar\" rel=\"author\">yonetim<\/a><\/span><\/span><span class=\"updated\" style=\"display:none;\">2017-06-18T23:15:57+00:00<\/span><h4 class=\"entry-title\"><a href=\"http:\/\/www.oguztansel.org\/tr\/31-ekim-2015-100-yil-sonra-masalci-dede-oguz-tansel\/\">31 Ekim 2015 &#8211; 100 Y\u0131l Sonra Masalc\u0131 Dede O\u011fuz Tansel<\/a><\/h4><\/div><\/div><div class=\"fusion-column column col col-lg-3 col-md-3 col-sm-3\"><div class=\"fusion-flexslider flexslider\"><ul class=\"slides\"><li><a href=\"http:\/\/www.oguztansel.org\/tr\/30-agustos-2015-barisin-ozani-oguz-tansel-ile-siir-ve-muzik-aksami\/\"><img src=\"http:\/\/www.oguztansel.org\/wp-content\/uploads\/2015\/12\/30agustos2015.jpg\" alt=\"30agustos2015\"\/><\/a><\/li><\/ul><\/div><div class=\"recent-posts-content\"><span class=\"vcard\" style=\"display: none;\"><span class=\"fn\"><a href=\"http:\/\/www.oguztansel.org\/tr\/author\/yonetim\/\" title=\"yonetim taraf\u0131ndan yaz\u0131lan yaz\u0131lar\" rel=\"author\">yonetim<\/a><\/span><\/span><span class=\"updated\" style=\"display:none;\">2016-02-04T20:03:22+00:00<\/span><h4 class=\"entry-title\"><a href=\"http:\/\/www.oguztansel.org\/tr\/30-agustos-2015-barisin-ozani-oguz-tansel-ile-siir-ve-muzik-aksami\/\">30 A\u011fustos 2015 &#8211; Bar\u0131\u015f\u0131n Ozan\u0131 O\u011fuz Tansel ile \u015eiir ve M\u00fczik Ak\u015fam\u0131<\/a><\/h4><\/div><\/div><div class=\"fusion-column column col col-lg-3 col-md-3 col-sm-3\"><div class=\"fusion-flexslider flexslider\"><ul class=\"slides\"><li><a href=\"http:\/\/www.oguztansel.org\/tr\/17-haziran-2015-sair-halkbilimci-oguz-tansel-100-yasinda-anma-gecesi\/\"><img src=\"http:\/\/www.oguztansel.org\/wp-content\/uploads\/2015\/12\/17haziran2015.jpg\" alt=\"17haziran2015\"\/><\/a><\/li><\/ul><\/div><div class=\"recent-posts-content\"><span class=\"vcard\" style=\"display: none;\"><span class=\"fn\"><a href=\"http:\/\/www.oguztansel.org\/tr\/author\/yonetim\/\" title=\"yonetim taraf\u0131ndan yaz\u0131lan yaz\u0131lar\" rel=\"author\">yonetim<\/a><\/span><\/span><span class=\"updated\" style=\"display:none;\">2016-02-04T20:07:26+00:00<\/span><h4 class=\"entry-title\"><a href=\"http:\/\/www.oguztansel.org\/tr\/17-haziran-2015-sair-halkbilimci-oguz-tansel-100-yasinda-anma-gecesi\/\">17 Haziran 2015 &#8211; \u015eair-Halkbilimci O\u011fuz Tansel 100 Ya\u015f\u0131nda Anma Gecesi<\/a><\/h4><\/div><\/div><div class=\"fusion-clearfix\"><\/div><div class=\"fusion-column column col col-lg-3 col-md-3 col-sm-3\"><div class=\"fusion-flexslider flexslider\"><ul class=\"slides\"><li><a href=\"http:\/\/www.oguztansel.org\/tr\/30-mayis-2015-dogumunun-100-yilinda-sair-oguz-tansel-ve-koy-enstituleri\/\"><img src=\"http:\/\/www.oguztansel.org\/wp-content\/uploads\/2015\/12\/30mayis2015.jpg\" alt=\"30mayis2015\"\/><\/a><\/li><\/ul><\/div><div class=\"recent-posts-content\"><span class=\"vcard\" style=\"display: none;\"><span class=\"fn\"><a href=\"http:\/\/www.oguztansel.org\/tr\/author\/yonetim\/\" title=\"yonetim taraf\u0131ndan yaz\u0131lan yaz\u0131lar\" rel=\"author\">yonetim<\/a><\/span><\/span><span class=\"updated\" style=\"display:none;\">2016-01-29T12:55:38+00:00<\/span><h4 class=\"entry-title\"><a href=\"http:\/\/www.oguztansel.org\/tr\/30-mayis-2015-dogumunun-100-yilinda-sair-oguz-tansel-ve-koy-enstituleri\/\">30 May\u0131s 2015 &#8211; Do\u011fumunun 100. Y\u0131l\u0131nda \u015eair O\u011fuz Tansel ve K\u00f6y Enstit\u00fcleri<\/a><\/h4><\/div><\/div><div class=\"fusion-column column col col-lg-3 col-md-3 col-sm-3\"><div class=\"fusion-flexslider flexslider\"><ul class=\"slides\"><li><a href=\"http:\/\/www.oguztansel.org\/tr\/26-mart-2015-dogumunun-100-yilinda-sair-oguz-tansel-ve-turkce-tutkusu\/\"><img src=\"http:\/\/www.oguztansel.org\/wp-content\/uploads\/2015\/12\/standart.jpg\" alt=\"standart\"\/><\/a><\/li><\/ul><\/div><div class=\"recent-posts-content\"><span class=\"vcard\" style=\"display: none;\"><span class=\"fn\"><a href=\"http:\/\/www.oguztansel.org\/tr\/author\/yonetim\/\" title=\"yonetim taraf\u0131ndan yaz\u0131lan yaz\u0131lar\" rel=\"author\">yonetim<\/a><\/span><\/span><span class=\"updated\" style=\"display:none;\">2016-04-01T22:21:21+00:00<\/span><h4 class=\"entry-title\"><a href=\"http:\/\/www.oguztansel.org\/tr\/26-mart-2015-dogumunun-100-yilinda-sair-oguz-tansel-ve-turkce-tutkusu\/\">26 Mart 2015 &#8211; Do\u011fumunun 100. Y\u0131l\u0131nda \u015eair O\u011fuz Tansel ve T\u00fcrk\u00e7e Tutkusu<\/a><\/h4><\/div><\/div><div class=\"fusion-column column col col-lg-3 col-md-3 col-sm-3\"><div class=\"fusion-flexslider flexslider\"><ul class=\"slides\"><li><a href=\"http:\/\/www.oguztansel.org\/tr\/28-subat-2015-sair-oguz-tansel-100-yasinda\/\"><img src=\"http:\/\/www.oguztansel.org\/wp-content\/uploads\/2015\/12\/28-2-2015.jpg\" alt=\"28-2-2015\"\/><\/a><\/li><\/ul><\/div><div class=\"recent-posts-content\"><span class=\"vcard\" style=\"display: none;\"><span class=\"fn\"><a href=\"http:\/\/www.oguztansel.org\/tr\/author\/yonetim\/\" title=\"yonetim taraf\u0131ndan yaz\u0131lan yaz\u0131lar\" rel=\"author\">yonetim<\/a><\/span><\/span><span class=\"updated\" style=\"display:none;\">2016-01-29T22:45:47+00:00<\/span><h4 class=\"entry-title\"><a href=\"http:\/\/www.oguztansel.org\/tr\/28-subat-2015-sair-oguz-tansel-100-yasinda\/\">28 \u015eubat 2015 &#8211; \u015eair O\u011fuz Tansel 100 Ya\u015f\u0131nda<\/a><\/h4><\/div><\/div><div class=\"fusion-column column col col-lg-3 col-md-3 col-sm-3\"><div class=\"fusion-flexslider flexslider\"><ul class=\"slides\"><li><a href=\"http:\/\/www.oguztansel.org\/tr\/16-subat-2015-bir-masalci-sair-oguz-tansel-dogumunun-100-yilinda\/\"><img src=\"http:\/\/www.oguztansel.org\/wp-content\/uploads\/2015\/12\/16subat2015.jpg\" alt=\"16subat2015\"\/><\/a><\/li><\/ul><\/div><div class=\"recent-posts-content\"><span class=\"vcard\" style=\"display: none;\"><span class=\"fn\"><a href=\"http:\/\/www.oguztansel.org\/tr\/author\/yonetim\/\" title=\"yonetim taraf\u0131ndan yaz\u0131lan yaz\u0131lar\" rel=\"author\">yonetim<\/a><\/span><\/span><span class=\"updated\" style=\"display:none;\">2016-02-04T19:47:24+00:00<\/span><h4 class=\"entry-title\"><a href=\"http:\/\/www.oguztansel.org\/tr\/16-subat-2015-bir-masalci-sair-oguz-tansel-dogumunun-100-yilinda\/\">16 \u015eubat 2015 &#8211; Bir Masalc\u0131 \u015eair: O\u011fuz Tansel Do\u011fumunun 100. Y\u0131l\u0131nda<\/a><\/h4><\/div><\/div><div class=\"fusion-clearfix\"><\/div><div class=\"fusion-column column col col-lg-3 col-md-3 col-sm-3\"><div class=\"fusion-flexslider flexslider\"><ul class=\"slides\"><li><a href=\"http:\/\/www.oguztansel.org\/tr\/13-aralik-2014-olumunun-20-yilinda-oguz-tansel\/\"><img src=\"http:\/\/www.oguztansel.org\/wp-content\/uploads\/2015\/12\/13aralik2014.jpg\" alt=\"13aralik2014\"\/><\/a><\/li><\/ul><\/div><div class=\"recent-posts-content\"><span class=\"vcard\" style=\"display: none;\"><span class=\"fn\"><a href=\"http:\/\/www.oguztansel.org\/tr\/author\/yonetim\/\" title=\"yonetim taraf\u0131ndan yaz\u0131lan yaz\u0131lar\" rel=\"author\">yonetim<\/a><\/span><\/span><span class=\"updated\" style=\"display:none;\">2016-01-22T17:35:50+00:00<\/span><h4 class=\"entry-title\"><a href=\"http:\/\/www.oguztansel.org\/tr\/13-aralik-2014-olumunun-20-yilinda-oguz-tansel\/\">13 Aral\u0131k 2014 &#8211; \u00d6l\u00fcm\u00fcn\u00fcn 20. Y\u0131l\u0131nda O\u011fuz Tansel<\/a><\/h4><\/div><\/div><div class=\"fusion-column column col col-lg-3 col-md-3 col-sm-3\"><div class=\"fusion-flexslider flexslider\"><ul class=\"slides\"><li><a href=\"http:\/\/www.oguztansel.org\/tr\/28-kasim-2014-barisin-ozani-oguz-tansel-olumunun-20-yilinda-anma-toplantisi\/\"><img src=\"http:\/\/www.oguztansel.org\/wp-content\/uploads\/2015\/12\/28kas\u0131ma.jpg\" alt=\"28kas\u0131ma\"\/><\/a><\/li><\/ul><\/div><div class=\"recent-posts-content\"><span class=\"vcard\" style=\"display: none;\"><span class=\"fn\"><a href=\"http:\/\/www.oguztansel.org\/tr\/author\/yonetim\/\" title=\"yonetim taraf\u0131ndan yaz\u0131lan yaz\u0131lar\" rel=\"author\">yonetim<\/a><\/span><\/span><span class=\"updated\" style=\"display:none;\">2016-01-18T21:52:18+00:00<\/span><h4 class=\"entry-title\"><a href=\"http:\/\/www.oguztansel.org\/tr\/28-kasim-2014-barisin-ozani-oguz-tansel-olumunun-20-yilinda-anma-toplantisi\/\">28 Kas\u0131m 2014 &#8211; Bar\u0131\u015f\u0131n Ozan\u0131 O\u011fuz Tansel: \u00d6l\u00fcm\u00fcn\u00fcn 20. Y\u0131l\u0131nda Anma Toplant\u0131s\u0131<\/a><\/h4><\/div><\/div><div class=\"fusion-column column col col-lg-3 col-md-3 col-sm-3\"><div class=\"fusion-flexslider flexslider\"><ul class=\"slides\"><li><a href=\"http:\/\/www.oguztansel.org\/tr\/1-kasim-2008-olumunun-14-yildonumunde-yazar-sair-halkbilimci-oguz-tansel\/\"><img src=\"http:\/\/www.oguztansel.org\/wp-content\/uploads\/2015\/12\/1kas\u0131m200ed08.jpg\" alt=\"1kas\u0131m200ed08\"\/><\/a><\/li><\/ul><\/div><div class=\"recent-posts-content\"><span class=\"vcard\" style=\"display: none;\"><span class=\"fn\"><a href=\"http:\/\/www.oguztansel.org\/tr\/author\/yonetim\/\" title=\"yonetim taraf\u0131ndan yaz\u0131lan yaz\u0131lar\" rel=\"author\">yonetim<\/a><\/span><\/span><span class=\"updated\" style=\"display:none;\">2016-07-13T15:28:11+00:00<\/span><h4 class=\"entry-title\"><a href=\"http:\/\/www.oguztansel.org\/tr\/1-kasim-2008-olumunun-14-yildonumunde-yazar-sair-halkbilimci-oguz-tansel\/\">1 Kas\u0131m 2008 &#8211; \u00d6l\u00fcm\u00fcn\u00fcn 14. Y\u0131ld\u00f6n\u00fcm\u00fcnde Yazar, \u015eair, Halkbilimci O\u011fuz Tansel<\/a><\/h4><\/div><\/div><div class=\"fusion-column column col col-lg-3 col-md-3 col-sm-3\"><div class=\"fusion-flexslider flexslider\"><ul class=\"slides\"><li><a href=\"http:\/\/www.oguztansel.org\/tr\/7-aralik-2007-barisin-ozani-oguz-tansel\/\"><img src=\"http:\/\/www.oguztansel.org\/wp-content\/uploads\/2015\/12\/7aralik20072.jpg\" alt=\"7aralik20072\"\/><\/a><\/li><\/ul><\/div><div class=\"recent-posts-content\"><span class=\"vcard\" style=\"display: none;\"><span class=\"fn\"><a href=\"http:\/\/www.oguztansel.org\/tr\/author\/yonetim\/\" title=\"yonetim taraf\u0131ndan yaz\u0131lan yaz\u0131lar\" rel=\"author\">yonetim<\/a><\/span><\/span><span class=\"updated\" style=\"display:none;\">2016-07-13T15:03:25+00:00<\/span><h4 class=\"entry-title\"><a href=\"http:\/\/www.oguztansel.org\/tr\/7-aralik-2007-barisin-ozani-oguz-tansel\/\">7 Aral\u0131k 2007 &#8211; Bar\u0131\u015f\u0131n Ozan\u0131 O\u011fuz Tansel<\/a><\/h4><\/div><\/div><div class=\"fusion-clearfix\"><\/div><div class=\"fusion-column column col col-lg-3 col-md-3 col-sm-3\"><div class=\"fusion-flexslider flexslider\"><ul class=\"slides\"><li><a href=\"http:\/\/www.oguztansel.org\/tr\/21-ocak-2002-oguz-tanselle-bir-gece\/\"><img src=\"http:\/\/www.oguztansel.org\/wp-content\/uploads\/2015\/12\/21ocak2012.jpg\" alt=\"21ocak2012\"\/><\/a><\/li><\/ul><\/div><div class=\"recent-posts-content\"><span class=\"vcard\" style=\"display: none;\"><span class=\"fn\"><a href=\"http:\/\/www.oguztansel.org\/tr\/author\/yonetim\/\" title=\"yonetim taraf\u0131ndan yaz\u0131lan yaz\u0131lar\" rel=\"author\">yonetim<\/a><\/span><\/span><span class=\"updated\" style=\"display:none;\">2016-01-15T22:35:13+00:00<\/span><h4 class=\"entry-title\"><a href=\"http:\/\/www.oguztansel.org\/tr\/21-ocak-2002-oguz-tanselle-bir-gece\/\">21 Ocak 2002 &#8211; O\u011fuz Tansel\u2019le Bir Gece<\/a><\/h4><\/div><\/div><div class=\"fusion-column column col col-lg-3 col-md-3 col-sm-3\"><div class=\"fusion-flexslider flexslider\"><ul class=\"slides\"><li><a href=\"http:\/\/www.oguztansel.org\/tr\/22-kasim-2000-oguz-tansele-saygi\/\"><img src=\"http:\/\/www.oguztansel.org\/wp-content\/uploads\/2015\/12\/standart.jpg\" alt=\"standart\"\/><\/a><\/li><\/ul><\/div><div class=\"recent-posts-content\"><span class=\"vcard\" style=\"display: none;\"><span class=\"fn\"><a href=\"http:\/\/www.oguztansel.org\/tr\/author\/yonetim\/\" title=\"yonetim taraf\u0131ndan yaz\u0131lan yaz\u0131lar\" rel=\"author\">yonetim<\/a><\/span><\/span><span class=\"updated\" style=\"display:none;\">2016-04-01T22:22:32+00:00<\/span><h4 class=\"entry-title\"><a href=\"http:\/\/www.oguztansel.org\/tr\/22-kasim-2000-oguz-tansele-saygi\/\">22 Kas\u0131m 2000 &#8211; O\u011fuz Tansel\u2019e Sayg\u0131<\/a><\/h4><\/div><\/div><div class=\"fusion-column column col col-lg-3 col-md-3 col-sm-3\"><div class=\"fusion-flexslider flexslider\"><ul class=\"slides\"><li><a href=\"http:\/\/www.oguztansel.org\/tr\/27-mayis-2000-oguz-tansele-saygi\/\"><img src=\"http:\/\/www.oguztansel.org\/wp-content\/uploads\/2015\/12\/27masyis2000.jpg\" alt=\"27masyis2000\"\/><\/a><\/li><\/ul><\/div><div class=\"recent-posts-content\"><span class=\"vcard\" style=\"display: none;\"><span class=\"fn\"><a href=\"http:\/\/www.oguztansel.org\/tr\/author\/yonetim\/\" title=\"yonetim taraf\u0131ndan yaz\u0131lan yaz\u0131lar\" rel=\"author\">yonetim<\/a><\/span><\/span><span class=\"updated\" style=\"display:none;\">2016-01-15T22:37:01+00:00<\/span><h4 class=\"entry-title\"><a href=\"http:\/\/www.oguztansel.org\/tr\/27-mayis-2000-oguz-tansele-saygi\/\">27 May\u0131s 2000 &#8211; O\u011fuz Tansel\u2019e Sayg\u0131<\/a><\/h4><\/div><\/div><div class=\"fusion-column column col col-lg-3 col-md-3 col-sm-3\"><div class=\"fusion-flexslider flexslider\"><ul class=\"slides\"><li><a href=\"http:\/\/www.oguztansel.org\/tr\/30-ekim-1999-oguz-tansele-saygi\/\"><img src=\"http:\/\/www.oguztansel.org\/wp-content\/uploads\/2015\/12\/30_10_1999.jpg\" alt=\"30_10_1999\"\/><\/a><\/li><\/ul><\/div><div class=\"recent-posts-content\"><span class=\"vcard\" style=\"display: none;\"><span class=\"fn\"><a href=\"http:\/\/www.oguztansel.org\/tr\/author\/yonetim\/\" title=\"yonetim taraf\u0131ndan yaz\u0131lan yaz\u0131lar\" rel=\"author\">yonetim<\/a><\/span><\/span><span class=\"updated\" style=\"display:none;\">2016-04-01T22:36:33+00:00<\/span><h4 class=\"entry-title\"><a href=\"http:\/\/www.oguztansel.org\/tr\/30-ekim-1999-oguz-tansele-saygi\/\">30 Ekim 1999 &#8211; O\u011fuz Tansel\u2019e Sayg\u0131<\/a><\/h4><\/div><\/div><div class=\"fusion-clearfix\"><\/div><div class=\"fusion-column column col col-lg-3 col-md-3 col-sm-3\"><div class=\"fusion-flexslider flexslider\"><ul class=\"slides\"><li><a href=\"http:\/\/www.oguztansel.org\/tr\/16-aralik-1996-oguz-tansele-saygi\/\"><img src=\"http:\/\/www.oguztansel.org\/wp-content\/uploads\/2015\/12\/16aralik1996.jpg\" alt=\"16aralik1996\"\/><\/a><\/li><\/ul><\/div><div class=\"recent-posts-content\"><span class=\"vcard\" style=\"display: none;\"><span class=\"fn\"><a href=\"http:\/\/www.oguztansel.org\/tr\/author\/yonetim\/\" title=\"yonetim taraf\u0131ndan yaz\u0131lan yaz\u0131lar\" rel=\"author\">yonetim<\/a><\/span><\/span><span class=\"updated\" style=\"display:none;\">2016-01-15T22:38:22+00:00<\/span><h4 class=\"entry-title\"><a href=\"http:\/\/www.oguztansel.org\/tr\/16-aralik-1996-oguz-tansele-saygi\/\">16 Aral\u0131k 1996 &#8211; O\u011fuz Tansel\u2019e Sayg\u0131<\/a><\/h4><\/div><\/div><div class=\"fusion-column column col col-lg-3 col-md-3 col-sm-3\"><div class=\"fusion-flexslider flexslider\"><ul class=\"slides\"><li><a href=\"http:\/\/www.oguztansel.org\/tr\/15-ocak-1996\/\"><img src=\"http:\/\/www.oguztansel.org\/wp-content\/uploads\/2015\/12\/15ocak1996.jpg\" alt=\"15ocak1996\"\/><\/a><\/li><\/ul><\/div><div class=\"recent-posts-content\"><span class=\"vcard\" style=\"display: none;\"><span class=\"fn\"><a href=\"http:\/\/www.oguztansel.org\/tr\/author\/yonetim\/\" title=\"yonetim taraf\u0131ndan yaz\u0131lan yaz\u0131lar\" rel=\"author\">yonetim<\/a><\/span><\/span><span class=\"updated\" style=\"display:none;\">2020-11-10T14:49:56+00:00<\/span><h4 class=\"entry-title\"><a href=\"http:\/\/www.oguztansel.org\/tr\/15-ocak-1996\/\">15 Ocak 1996 &#8211; O\u011fuz Tansel\u2019in An\u0131s\u0131na Sayg\u0131<\/a><\/h4><\/div><\/div><div class=\"fusion-column column col col-lg-3 col-md-3 col-sm-3\"><div class=\"fusion-flexslider flexslider\"><ul class=\"slides\"><li><a href=\"http:\/\/www.oguztansel.org\/tr\/2-aralik-1994-20-00-22-00\/\"><img src=\"http:\/\/www.oguztansel.org\/wp-content\/uploads\/2015\/12\/afiss.jpg\" alt=\"afiss\"\/><\/a><\/li><\/ul><\/div><div class=\"recent-posts-content\"><span class=\"vcard\" style=\"display: none;\"><span class=\"fn\"><a href=\"http:\/\/www.oguztansel.org\/tr\/author\/yonetim\/\" title=\"yonetim taraf\u0131ndan yaz\u0131lan yaz\u0131lar\" rel=\"author\">yonetim<\/a><\/span><\/span><span class=\"updated\" style=\"display:none;\">2020-11-10T14:44:42+00:00<\/span><h4 class=\"entry-title\"><a href=\"http:\/\/www.oguztansel.org\/tr\/2-aralik-1994-20-00-22-00\/\">2 Aral\u0131k 1994 &#8211; O\u011fuz Tansel\u2019in An\u0131s\u0131na Konser<\/a><\/h4><\/div><\/div><\/section><\/div>\n","protected":false},"excerpt":{"rendered":"","protected":false},"author":1,"featured_media":0,"parent":0,"menu_order":0,"comment_status":"closed","ping_status":"open","template":"","meta":[],"_links":{"self":[{"href":"http:\/\/www.oguztansel.org\/tr\/wp-json\/wp\/v2\/pages\/11923"}],"collection":[{"href":"http:\/\/www.oguztansel.org\/tr\/wp-json\/wp\/v2\/pages"}],"about":[{"href":"http:\/\/www.oguztansel.org\/tr\/wp-json\/wp\/v2\/types\/page"}],"author":[{"embeddable":true,"href":"http:\/\/www.oguztansel.org\/tr\/wp-json\/wp\/v2\/users\/1"}],"replies":[{"embeddable":true,"href":"http:\/\/www.oguztansel.org\/tr\/wp-json\/wp\/v2\/comments?post=11923"}],"version-history":[{"count":3,"href":"http:\/\/www.oguztansel.org\/tr\/wp-json\/wp\/v2\/pages\/11923\/revisions"}],"predecessor-version":[{"id":12053,"href":"http:\/\/www.oguztansel.org\/tr\/wp-json\/wp\/v2\/pages\/11923\/revisions\/12053"}],"wp:attachment":[{"href":"http:\/\/www.oguztansel.org\/tr\/wp-json\/wp\/v2\/media?parent=11923"}],"curies":[{"name":"wp","href":"https:\/\/api.w.org\/{rel}","templated":true}]}}