{"id":11937,"date":"2015-12-20T22:10:38","date_gmt":"2015-12-20T20:10:38","guid":{"rendered":"http:\/\/www.oguztansel.org\/?page_id=11937"},"modified":"2018-04-30T07:58:08","modified_gmt":"2018-04-30T04:58:08","slug":"dili-ve-siiri","status":"publish","type":"page","link":"http:\/\/www.oguztansel.org\/tr\/dili-ve-siiri\/","title":{"rendered":"Dili ve \u015eiiri"},"content":{"rendered":"<div class=\"fusion-recent-posts avada-container layout-default layout-columns-1\"><section class=\"fusion-columns columns fusion-columns-1 columns-1\"><div class=\"fusion-column column col col-lg-12 col-md-12 col-sm-12\"><div class=\"recent-posts-content\"><span class=\"vcard\" style=\"display: none;\"><span class=\"fn\"><a href=\"http:\/\/www.oguztansel.org\/tr\/author\/yonetim\/\" title=\"yonetim taraf\u0131ndan yaz\u0131lan yaz\u0131lar\" rel=\"author\">yonetim<\/a><\/span><\/span><span class=\"updated\" style=\"display:none;\">2018-08-19T00:24:05+00:00<\/span><h4 class=\"entry-title\"><a href=\"http:\/\/www.oguztansel.org\/tr\/eray-canberk-oguz-tansel-siiri-icin-bir-yorum-denemesi\/\">Eray CANBERK, O\u011eUZ TANSEL \u015e\u0130\u0130R\u0130 \u0130\u00c7\u0130N B\u0130R YORUM DENEMES\u0130<\/a><\/h4><\/div><\/div><div class=\"fusion-clearfix\"><\/div><\/section><\/div>\n","protected":false},"excerpt":{"rendered":"","protected":false},"author":1,"featured_media":0,"parent":0,"menu_order":0,"comment_status":"closed","ping_status":"open","template":"","meta":[],"_links":{"self":[{"href":"http:\/\/www.oguztansel.org\/tr\/wp-json\/wp\/v2\/pages\/11937"}],"collection":[{"href":"http:\/\/www.oguztansel.org\/tr\/wp-json\/wp\/v2\/pages"}],"about":[{"href":"http:\/\/www.oguztansel.org\/tr\/wp-json\/wp\/v2\/types\/page"}],"author":[{"embeddable":true,"href":"http:\/\/www.oguztansel.org\/tr\/wp-json\/wp\/v2\/users\/1"}],"replies":[{"embeddable":true,"href":"http:\/\/www.oguztansel.org\/tr\/wp-json\/wp\/v2\/comments?post=11937"}],"version-history":[{"count":5,"href":"http:\/\/www.oguztansel.org\/tr\/wp-json\/wp\/v2\/pages\/11937\/revisions"}],"predecessor-version":[{"id":13510,"href":"http:\/\/www.oguztansel.org\/tr\/wp-json\/wp\/v2\/pages\/11937\/revisions\/13510"}],"wp:attachment":[{"href":"http:\/\/www.oguztansel.org\/tr\/wp-json\/wp\/v2\/media?parent=11937"}],"curies":[{"name":"wp","href":"https:\/\/api.w.org\/{rel}","templated":true}]}}