{"id":12049,"date":"2015-12-27T12:23:52","date_gmt":"2015-12-27T10:23:52","guid":{"rendered":"http:\/\/www.oguztansel.org\/?page_id=12049"},"modified":"2019-11-29T09:38:41","modified_gmt":"2019-11-29T06:38:41","slug":"ozgecmis","status":"publish","type":"page","link":"http:\/\/www.oguztansel.org\/tr\/ozgecmis\/","title":{"rendered":"\u00d6zge\u00e7mi\u015f"},"content":{"rendered":"<p><audio id=\"bgsound\" autoplay=\"autoplay\" loop=\"loop\"><source src=\"http:\/\/www.oguztansel.org\/otbs.mp3\" type=\"audio\/mp3\" codecs=\"vorbis&quot;&gt;\" \/><\/audio><\/p>\n<p style=\"position: absolute; right: 230px; top: 13px; z-index: 10013;\" align=\"left\"><button style=\"border-radius: 10px; -moz-border-radius: 10px; -webkit-border-radius: 10px;\" type=\"button\">Durdur<\/button> <button style=\"border-radius: 10px; -moz-border-radius: 10px; -webkit-border-radius: 10px;\" type=\"button\">Y\u00fcr\u00fct<\/button><\/p>\n<p><strong>O\u011fuz Tansel\u2019in Ya\u015fam\u0131<\/strong><\/p>\n<p>O\u011fuz Tansel 15 \u015eubat 1915\u2019te do\u011fdu, 30 Ekim 1994 tarihinde bu d\u00fcnyay\u0131 bize b\u0131rak\u0131p gitti. \u0130stanbul\u2019da Davutpa\u015fa Ortaokulunu ve Pertevniyal Lisesi\u2019ni bitirdi. \u0130stanbul \u00dcniversitesi Edebiyat Fak\u00fcltesi T\u00fcrk Dili ve Edebiyat\u0131 B\u00f6l\u00fcm\u00fcnde okurken ba\u015flad\u0131\u011f\u0131 \u00f6\u011fretmenli\u011fi 1969\u2019da sa\u011fl\u0131k nedeni ile emekliye ayr\u0131l\u0131ncaya dek s\u00fcrd\u00fcrd\u00fc. Mardin, Akhisar, Eski\u015fehir(\u00c7ifteler K\u00f6y Enstit\u00fcs\u00fc), Amasya, Konya ortaokul ve liselerinde \u00f6\u011fretmen ve y\u00f6netici olarak \u00e7al\u0131\u015ft\u0131.<\/p>\n<p>\u00d6l\u00e7\u00fcl\u00fc uyakl\u0131 ilk \u015fiirleri 1937\u2019de <em>Servetif\u00fcnun<\/em>\u2019da ve <em>Varl\u0131k <\/em>dergisinde, ilk yaz\u0131lar\u0131 <em>Halk Bilgisi Haberleri<\/em>\u2019nde yay\u0131nland\u0131 1940\u2019dan sonra serbest \u015fiire ge\u00e7ti\u011fi g\u00f6r\u00fcld\u00fc. Toplumsal ger\u00e7ek\u00e7i \u00e7izgide sevgi, karde\u015flik, \u00f6zg\u00fcrl\u00fck, bar\u0131\u015f, e\u015fitlik temalar\u0131n\u0131 i\u015fledi\u011fi \u015fiirlerinde yal\u0131n bir s\u00f6yleyi\u015fe ula\u015ft\u0131. 1940 ku\u015fa\u011f\u0131n\u0131n toplumcu ger\u00e7ek\u00e7i \u015fairleri aras\u0131nda yer alan O\u011fuz Tansel\u2019in lirik ve \u00f6zg\u00fcn bir \u015fiiri vard\u0131r. \u015eairli\u011fi, halk k\u00fclt\u00fcr\u00fc ara\u015ft\u0131rmac\u0131l\u0131\u011f\u0131 ve \u00f6\u011fretmenli\u011fi ki\u015fili\u011finde birbirinden ayr\u0131lmaz \u00f6geler olarak yer alan O\u011fuz Tansel <em>Varl\u0131k, Yelken, Ayd\u0131nl\u0131k, Yeditepe, Kaynak, Dost, G\u00fcney, T\u00fcrk Sanat\u0131, K\u0131y\u0131, T\u00fcrk Dili <\/em>dergilerinde yay\u0131mlad\u0131\u011f\u0131 \u015fiir ve yaz\u0131lar\u0131yla tan\u0131nd\u0131.<\/p>\n<p>Edebiyata \u015fiirle ba\u015flayan O\u011fuz Tansel, ilk \u015fiirlerini <em>Servetif\u00fcnun\/Uyan\u0131\u015f ve Varl\u0131k\u2019<\/em> ta yay\u0131mlad\u0131(1937). Bu tarihten sonra 1940 ku\u015fa\u011f\u0131 \u015fairleri aras\u0131nda yer ald\u0131. 1940 ku\u015fa\u011f\u0131n\u0131n lirik ve kendine \u00f6zg\u00fc sesi O\u011fuz Tansel\u2019i, Adnan Binyazar\u00a0 \u201c\u00dc\u00e7 Kanatl\u0131 Masal Ku\u015fu\u201dna benzeterek, \u201cBenzemezlikleriyle \u00f6ne \u00e7\u0131km\u0131\u015ft\u0131r, benzerlikleriyle de\u011fil. Halk bilgisiyle \u00e7a\u011fda\u015fl\u0131\u011f\u0131 \u00f6z\u00fcmseyerek kendi bilgeli\u011fini\u00a0 yaratm\u0131\u015ft\u0131r,\u201dder.<\/p>\n<p>Kemal \u00d6zer: \u201cSanatsal ve siyasal ku\u015fatmalar alt\u0131ndaki 1940 ku\u015fa\u011f\u0131n\u0131n ortak s\u00f6yleyi\u015fler ve ortak i\u00e7erikler ta\u015f\u0131yan ozanlar\u0131 aras\u0131nda, O\u011fuz Tansel \u015fiirinin s\u00f6z konusu genel g\u00f6r\u00fcn\u00fcm\u00fcn d\u0131\u015f\u0131na en \u00e7ok \u00e7\u0131kanlardan biri oldu\u011funu g\u00f6r\u00fcyoruz,\u201dder.<\/p>\n<p>Eray Canberk ise Tansel\u2019in \u015fiiri i\u00e7in \u015funlar\u0131 s\u00f6ylemi\u015ftir: \u201c\u2026Bu \u015fiirler eskil bir d\u00fcnyan\u0131n yeni sesi gibi geliyor bana. \u015eiirlerde yaln\u0131z do\u011fa yok; do\u011fay\u0131 seven ama do\u011fayla didi\u015ferek bar\u0131\u015f i\u00e7inde ya\u015famak isteyen, do\u011faya insanm\u0131\u015f gibi davranan biri var. . . Tansel\u2019in en \u00f6zg\u00fcn yan\u0131, ayn\u0131 kara par\u00e7as\u0131nda boy atan eskil uygarl\u0131klar\u0131n \u015fiiriyle, halk \u015fiirimizin bir bile\u015fimini yapm\u0131\u015f olmas\u0131d\u0131r. Bu \u015fiirde insanc\u0131ll\u0131k, bar\u0131\u015f\u00e7\u0131l\u0131k, \u00f6zg\u00fcrl\u00fck\u00e7\u00fcl\u00fck, toplumculuk damarlar\u0131 sonunda bir ana damar olarak birle\u015fir.\u201d<\/p>\n<p>Tansel\u2019in, \u015fairli\u011finin yan\u0131 s\u0131ra y\u00fcr\u00fctt\u00fc\u011f\u00fc masal derlemecili\u011fi O\u2019na 1977 y\u0131l\u0131nda T\u00fcrk Dil Kurumu\u2019nun \u00c7ocuk Yaz\u0131n\u0131 \u00f6d\u00fcl\u00fcn\u00fc kazand\u0131rd\u0131. T\u00fcrk Dil Kurumu \u00c7ocuk Yaz\u0131n\u0131 \u00d6d\u00fcl\u00fc ilk kez O\u011fuz Tansel\u2019e verildi. \u015eiirlerinin yan\u0131 s\u0131ra 1942-1948 y\u0131llar\u0131 aras\u0131nda derledi\u011fi Amasya masallar\u0131n\u0131 kendine \u00f6zg\u00fc bir dille yeniden kaleme ald\u0131. Derledi\u011fi bu masallarla, Profes\u00f6r Pertev Naili Boratav ve Wolfram Eberhard\u2019\u0131n haz\u0131rlad\u0131\u011f\u0131 <em>Typen T\u00fcrkischer Volksm\u00e4rchen <\/em>adl\u0131 T\u00fcrk Masal Tipleri katalo\u011funa, k\u0131rk\u0131n \u00fczerinde masalla, en b\u00fcy\u00fck katk\u0131y\u0131 yapan ara\u015ft\u0131rmac\u0131 oldu; ulusal k\u00fclt\u00fcr\u00fcm\u00fcze de \u00f6nemli bir katk\u0131da bulundu. \u015eairli\u011finden gelen \u00f6zen ve ustal\u0131kla, masal dilini kendine \u00f6zg\u00fc ak\u0131c\u0131 bir hale getirdi. \u00a0S\u00f6zc\u00fck ekonomisine ve matemati\u011fe dayal\u0131, titiz dil i\u015f\u00e7ili\u011fi \u015fiirlerinde oldu\u011fu kadar masallar\u0131nda da g\u00f6r\u00fcl\u00fcr. \u015eiirleri masallar\u0131ndan beslendi, masallar\u0131n\u0131 \u015fiir gibi yo\u011furdu.<\/p>\n<p>\u015eiirleri, ABD\u2019li besteci Profesor Dr. Bruce Reiprich taraf\u0131ndan bestelendi. Bestelenen \u015fiirleri seslendirilerek &#8211; T.C. K\u00fclt\u00fcr Bakanl\u0131\u011f\u0131 destek\u00e7ili\u011finde, YESA yap\u0131m\u0131 olarak &#8211; <strong>\u201cSalk\u0131m S\u00f6\u011f\u00fct<\/strong>\u201d adl\u0131 yo\u011fun\u00e7alarda \u00a0yay\u0131nland\u0131 \u00a01992\u2019de Edebiyat\u00e7\u0131lar Derne\u011fi onur \u00fcyeli\u011fine se\u00e7ildi. \u00d6l\u00fcm\u00fcn\u00fcn birinci y\u0131ld\u00f6n\u00fcm\u00fcnde dostlar\u0131, an\u0131s\u0131na, <strong><span style=\"text-decoration: underline;\">\u00dc\u00e7 Kanatl\u0131 Masal Ku\u015fu: O\u011fuz Tansel <\/span><\/strong>\u00a0(Derleyen: Metin Turan, Ankara: \u00dcr\u00fcn Yay\u0131nlar\u0131, 1995) ba\u015fl\u0131kl\u0131 kitab\u0131 \u00e7\u0131kard\u0131lar.<\/p>\n<p>Edebiyat\u00e7\u0131lar Derne\u011fi onur \u00fcyesi, T\u00fcrkiye Yazarlar Sendikas\u0131 \u00fcyesi idi.<\/p>\n<p>\u00d6l\u00fcm\u00fcnden sonra ailesi ile birlikte, Ankara Ayd\u0131nl\u0131\u011f\u0131 Giri\u015fimi, Folklor Edebiyat Dergisi ve Troya Folklor Derne\u011fi\u2019nin olu\u015fturdu\u011fu, <strong>O\u011fuz Tansel \u015eiir, Halkbilim \u00a0ve \u00c7ocuk Yaz\u0131n\u0131 \u00d6d\u00fclleri<\/strong>\u00a0 her y\u0131l, s\u0131ral\u0131 olarak\u00a0 veriliyor.<br \/>\n<strong>\u00a0<\/strong><\/p>\n<p>Burhaniye (Balikesir) Belediyesi O\u011fuz Tansel ad\u0131na yanda foto\u011fraf\u0131 g\u00f6r\u00fcnen <strong>\u00e7aml\u0131\u011f\u0131<\/strong> yapt\u0131rm\u0131\u015ft\u0131r. (<a href=\"http:\/\/www.oguztansel.org\/wp-content\/uploads\/2017\/01\/DSC_6266.jpg\" target=\"_blank\" rel=\"noopener\">Fotograf icin Tiklayiniz<\/a>)<br \/>\n<strong>\u00a0<\/strong><br \/>\nAnkara \u00c7ankaya Belediyesi \u00c7i\u011fdem Mahallesi semt kitapl\u0131\u011f\u0131na, \u00c7i\u011fdem Mahallesi&#8217; nin istegi \u00fczerine, <strong>&#8220;\u00c7i\u011fdemim Derne\u011fi O\u011fuz Tansel K\u00fct\u00fcphanesi&#8221;<\/strong> adini vermistir. (<a href=\"http:\/\/www.oguztansel.org\/wp-content\/uploads\/2017\/01\/DSCN9526.jpg\" target=\"_blank\" rel=\"noopener\">Fotograf icin Tiklayiniz<\/a>)<\/p>\n<p>Ankara \u00c7ankaya Belediyesi, Beysukent Mahallesi\u00a0 park\u0131na <strong>\u201c\u015eair<\/strong> <strong>\u00a0O\u011fuz Tansel Park\u0131\u201d<\/strong> ad\u0131n\u0131 vermistir. (<a href=\"http:\/\/www.oguztansel.org\/wp-content\/uploads\/2018\/04\/OT-park\u0131-Beysukent-2017.jpg\">Fotograf i\u00e7in T\u0131klay\u0131n\u0131z<\/a>)<\/p>\n<p><strong>\u00d6D\u00dcLLER\u0130:<\/strong><\/p>\n<p>1977 T\u00fcrk Dil Kurumu \u00c7ocuk Yaz\u0131n\u0131 \u00d6d\u00fcl\u00fc<\/p>\n<p><strong>\u00a0K\u0130TAPLARI<\/strong><\/p>\n<p><strong><u>\u015eiir: <\/u><\/strong><\/p>\n<p>Tansel, O\u011fuz (1953) <strong><em>Savrulmay\u0131 Bekleyen Harman<\/em><\/strong>, \u0130stanbul: Yeni Matbaa \u00a0(<a href=\"http:\/\/www.oguztansel.org\/wp-content\/uploads\/2015\/12\/savrulmay%C4%B1-bekleyen-harman.jpg\">Kapak i\u00e7in t\u0131klay\u0131n<\/a>),<\/p>\n<p>Tansel, O\u011fuz (1962) <strong><em>G\u00f6z\u00fcn\u00fc Sevdi\u011fim<\/em><\/strong><em>, <\/em>Ankara: Dost Yay\u0131nlar\u0131 \u00a0(<a href=\"http:\/\/www.oguztansel.org\/wp-content\/uploads\/2015\/12\/g%C3%B6z%C3%BCn%C3%BC-sevdi%C4%9Fim.jpg\">Kapak i\u00e7in t\u0131klay\u0131n<\/a>),<\/p>\n<p>Tansel, O\u011fuz (1986) <strong><em>Sar\u0131k\u0131z Yolu,<\/em><\/strong> Ankara: Yaz Yay\u0131nlar\u0131 \u00a0(<a href=\"http:\/\/www.oguztansel.org\/wp-content\/uploads\/2015\/12\/Sar%C4%B1k%C4%B1z-Yolu.jpg\">Kapak i\u00e7in t\u0131klay\u0131n<\/a>),<\/p>\n<p>Tansel, O\u011fuz ve Elo\u011flu, Metin (1970) <strong><em>Bekta\u015fi Dedikleri<\/em><\/strong> (desenler: Abidin Dino) \u0130stanbul: \u0130\u015f Bankas\u0131 K\u00fclt\u00fcr Yay\u0131nlar\u0131 \u00a0(<a href=\"http:\/\/www.oguztansel.org\/wp-content\/uploads\/2015\/12\/Bekta%C5%9Fi-Dedikleri-1.jpg\">Kapak i\u00e7in t\u0131klay\u0131n<\/a>); (1977) \u0130stanbul: Sander Yay\u0131nlar\u0131 \u00a0(<a href=\"http:\/\/www.oguztansel.org\/wp-content\/uploads\/2015\/12\/bekta%C5%9F-dedikleri-sander-yayinlari-kapak-1.jpg\">Kapak i\u00e7in t\u0131klay\u0131n<\/a>); (1983) \u0130stanbul:\u00a0 Miyatro Yay\u0131nlar\u0131 \u00a0(<a href=\"http:\/\/www.oguztansel.org\/wp-content\/uploads\/2015\/12\/Bekta%C5%9Fi-Dedikleri-2.jpg\">Kapak i\u00e7in t\u0131klay\u0131n<\/a>); (1995) \u0130stanbul: Adam Yay\u0131nlar\u0131 \u00a0(<a href=\"http:\/\/www.oguztansel.org\/wp-content\/uploads\/2015\/12\/Bekta%C5%9Fi-Dedikleri.jpg\">Kapak i\u00e7in t\u0131klay\u0131n<\/a>); (2004, 2008) \u0130stanbul: Evrensel Bas\u0131m Yay\u0131n \u00a0(<a href=\"http:\/\/www.oguztansel.org\/wp-content\/uploads\/2017\/06\/Bekta%C5%9Fi-2004.jpg\">2004 Kapak i\u00e7in t\u0131klay\u0131n <\/a>\u2013 <a href=\"http:\/\/www.oguztansel.org\/wp-content\/uploads\/2017\/06\/bekta%C5%9Fi-2008.jpg\">2008 Kapak i\u00e7in t\u0131klay\u0131n<\/a>),<\/p>\n<p>Tansel, O\u011fuz (1999, 2006, 2013) <strong><em>Da\u011f\u0131 \u00d6pmeler<\/em><\/strong> (\u00f6l\u00fcm\u00fcnden sonra yay\u0131na haz\u0131rlayan: A. Tansel) \u0130stanbul: Yap\u0131 Kredi Yay\u0131nlar\u0131 \u00a0(<a href=\"http:\/\/www.oguztansel.org\/wp-content\/uploads\/2015\/12\/Da%C4%9F%C4%B1-%C3%96pmeler-Kapak.jpg\">Kapak i\u00e7in t\u0131klay\u0131n<\/a>),<\/p>\n<p>Tansel, O\u011fuz (2005, 2013) <strong><em>Mutluluk Pe\u015finde<\/em><\/strong> (Se\u00e7me \u015eiirler), \u0130stanbul: Evrensel Bas\u0131m Yay\u0131n \u00a0(<a href=\"http:\/\/www.oguztansel.org\/wp-content\/uploads\/2015\/12\/Mutluluk-Pe%C5%9Finde-Kapak.jpg\">2005 Kapak i\u00e7in t\u0131klay\u0131n<\/a> \u2013 <a href=\"http:\/\/www.oguztansel.org\/wp-content\/uploads\/2017\/06\/mutluluk-2013.jpg\">2013 Kapak i\u00e7in t\u0131klay\u0131n<\/a>),<\/p>\n<p>Tansel, O\u011fuz (2011) <strong><em>Zakkum \u00c7i\u00e7e\u011fi Tan Yerinde<\/em><\/strong> (\u0130ngilizce-T\u00fcrk\u00e7e Antalya Dolaylar\u0131 Siirleri), Antalya: Suna-\u0130nan K\u0131ra\u00e7 Akdeniz Medeniyetleri Ara\u015ft\u0131rma Enstit\u00fcs\u00fc \u00a0(<a href=\"http:\/\/www.oguztansel.org\/wp-content\/uploads\/2016\/01\/zakkum%C3%A7i%C3%A7e%C4%9Fi.jpg\">Kapak i\u00e7in t\u0131klay\u0131n<\/a>),<\/p>\n<p>Tansel, O\u011fuz (2012) <strong><em>Masal D\u00fcnyas\u0131-World of Tales<\/em><\/strong><em>\u00a0 <\/em>(\u0130ngilizce-T\u00fcrk\u00e7e \u015eiirler), Ankara: Elips Kitap \u00a0(<a href=\"http:\/\/www.oguztansel.org\/wp-content\/uploads\/2015\/12\/Masal-D%C3%BCnyas%C4%B1.jpg\">Kapak i\u00e7in t\u0131klay\u0131n<\/a>),<\/p>\n<p>Tansel, O\u011fuz (2017) <strong><em>G\u00f6kdeniz-Das Meer am Himmel<\/em> <\/strong>(Almanca-T\u00fcrk\u00e7e \u015eiirler \/ Ausgewahlte Gedichte), Wassenberg, Almanya: Schulbuchverlag Anadolu (<a href=\"http:\/\/www.oguztansel.org\/wp-content\/uploads\/2018\/04\/G\u00f6kdeniz-kapak-jpec.jpg\">Kapak i\u00e7in t\u0131klay\u0131n<\/a>).<\/p>\n<p><strong><u>Masal: <\/u><\/strong><\/p>\n<p>Tansel, O\u011fuz (1959) <strong><em>Alt\u0131 Karde\u015fler<\/em><\/strong><em>,<\/em> Ankara: Dost Yay\u0131nlar\u0131 \u00a0(<a href=\"http:\/\/www.oguztansel.org\/wp-content\/uploads\/2015\/12\/alt%C4%B1-karde%C5%9Fler.jpg\">Kapak i\u00e7in t\u0131klay\u0131n<\/a>); (2003) Ankara: MEB Yay\u0131nlar\u0131 \u00a0(<a href=\"http:\/\/www.oguztansel.org\/wp-content\/uploads\/2015\/12\/alt%C4%B1-karde%C5%9Fler-3.jpg\">Kapak i\u00e7in t\u0131klay\u0131n<\/a>); (2011) \u0130stanbul: Yap\u0131 Kredi Yay\u0131nlar\u0131 \u00a0(<a href=\"http:\/\/www.oguztansel.org\/wp-content\/uploads\/2015\/12\/alti-kardesler2.jpg\">Kapak i\u00e7in t\u0131klay\u0131n<\/a>),<\/p>\n<p>Tansel, O\u011fuz\u00a0 (1960) <strong><em>Yedi Devler<\/em><\/strong><em>, <\/em>\u0130stanbul: Kutulmu\u015f Matbaas\u0131 Yay\u0131nevi \u00a0(<a href=\"http:\/\/www.oguztansel.org\/wp-content\/uploads\/2015\/12\/yedi-devler.jpg\">Kapak i\u00e7in t\u0131klay\u0131n<\/a>); (2003) Ankara: MEB Yay\u0131nlar\u0131 \u00a0(<a href=\"http:\/\/www.oguztansel.org\/wp-content\/uploads\/2015\/12\/yedi-devlerrr.jpg\">Kapak i\u00e7in t\u0131klay\u0131n<\/a>); (2011) \u0130stanbul: Yap\u0131 Kredi Yay\u0131nlar\u0131 \u00a0(<a href=\"http:\/\/www.oguztansel.org\/wp-content\/uploads\/2015\/12\/Yedi-Devler-YKY.jpg\">Kapak i\u00e7in t\u0131klay\u0131n<\/a>),<\/p>\n<p>Tansel, O\u011fuz (1963) <strong><em>\u00dc\u00e7 K\u0131zlar<\/em><\/strong><em>,<\/em> Ankara: Dernek Yay\u0131nlar\u0131 \u00a0(<a href=\"http:\/\/www.oguztansel.org\/wp-content\/uploads\/2015\/12\/%C3%9C%C3%A7-K%C4%B1zlar.jpg\">Kapak i\u00e7in t\u0131klay\u0131n<\/a>); (2003) Ankara: MEB Yay\u0131nlar\u0131 \u00a0(<a href=\"http:\/\/www.oguztansel.org\/wp-content\/uploads\/2015\/12\/u%C3%BC%C3%A7-k%C4%B1zlar.jpg\">Kapak i\u00e7in t\u0131klay\u0131n<\/a>); ( 2011) \u0130stanbul: Yap\u0131 Kredi Yay\u0131nlar\u0131 \u00a0(<a href=\"http:\/\/www.oguztansel.org\/wp-content\/uploads\/2015\/12\/uc-kizlar.jpg\">Kapak i\u00e7in t\u0131klay\u0131n<\/a>),<\/p>\n<p>Tansel, O\u011fuz (1966) <strong><em>Mavi Gelin<\/em><\/strong><em>, <\/em>Ankara: Yaz Yay\u0131nlar\u0131 \u00a0(<a href=\"http:\/\/www.oguztansel.org\/wp-content\/uploads\/2016\/01\/mavi-gelinnn.jpg\">Kapak i\u00e7in t\u0131klay\u0131n<\/a>); (2003) Ankara: MEB Yay\u0131nlar\u0131 \u00a0(<a href=\"http:\/\/www.oguztansel.org\/wp-content\/uploads\/2015\/12\/mavi-gelin.jpg\">Kapak i\u00e7in t\u0131klay\u0131n<\/a>); (2011) \u0130stanbul: Yap\u0131 Kredi Yay\u0131nlar\u0131 \u00a0(<a href=\"http:\/\/www.oguztansel.org\/wp-content\/uploads\/2015\/12\/Mavi-Gelin-YKY.jpg\">Kapak i\u00e7in t\u0131klay\u0131n<\/a>),<\/p>\n<p>Tansel, O\u011fuz (1976) <strong><em>Al\u2019l\u0131 ile F\u0131rf\u0131r\u0131<\/em><\/strong><em>, <\/em>2 Cilt, (1977 T\u00fcrk Dil Kurumu \u00f6d\u00fcl\u00fc ald\u0131),\u00a0 \u0130stanbul: Yaz yay\u0131nlar\u0131 \u00a0(<a href=\"http:\/\/www.oguztansel.org\/wp-content\/uploads\/2015\/12\/All%C4%B1-ile-F%C4%B1rf%C4%B1r%C4%B1-1.jpg\">Kapak i\u00e7in t\u0131klay\u0131n<\/a>); (2009, 2012, 2016) Ankara: Elips Kitap \u00a0(2009, <a href=\"http:\/\/www.oguztansel.org\/wp-content\/uploads\/2016\/01\/ali-ile-f%C4%B1rf%C4%B1rl%C4%B1-cilt-1.jpg\">Cilt 1\u00a0Kapak i\u00e7in t\u0131klay\u0131n<\/a>\u00a0\u2013\u00a02009, <a href=\"http:\/\/www.oguztansel.org\/wp-content\/uploads\/2016\/01\/ali-ile-f%C4%B1rf%C4%B1rl%C4%B1-cilt2.jpg\">Cilt 2\u00a0Kapak i\u00e7in t\u0131klay\u0131n<\/a>\u00a0\u2013\u00a0<a href=\"http:\/\/www.oguztansel.org\/wp-content\/uploads\/2017\/06\/al-l%C4%B1-ile-2016.jpg\">Tek Cilt 2012, 2016\u00a0Kapak i\u00e7in t\u0131klay\u0131n<\/a>),<\/p>\n<p>Tansel, O\u011fuz, A. \u00d6zyal\u00e7\u0131ner ve di\u011ferleri<em>\u00a0 <\/em>(1979) <strong><em>Bir de Varm\u0131\u015f \u0130ki de Varm\u0131\u015f<\/em><\/strong><em>, <\/em>\u0130stanbul: Boyut Yay\u0131n, (2006) \u0130stanbul: Boyut Yay\u0131n \u00a0(<a href=\"http:\/\/www.oguztansel.org\/wp-content\/uploads\/2016\/01\/birdevarm%C4%B1%C5%9F.jpg\">Kapak i\u00e7in t\u0131klay\u0131n<\/a>),<\/p>\n<p>Tansel, O\u011fuz\u00a0 (1985) <strong><em>\u00c7obanla Bey K\u0131z\u0131 <\/em><\/strong>Ankara: Yaz Yay\u0131nlar\u0131 \u00a0(<a href=\"http:\/\/www.oguztansel.org\/wp-content\/uploads\/2015\/12\/%C3%87oban-ile-Bey-K%C4%B1z%C4%B1.jpg\">Kapak i\u00e7in t\u0131klay\u0131n<\/a>),<\/p>\n<p>Tansel, O\u011fuz (1985) <strong><em>Konu\u015fan Bal\u0131kla Yaln\u0131z K\u0131z<\/em><\/strong>\u00a0 Ankara: Yaz Yay\u0131nlar\u0131 \u00a0(<a href=\"http:\/\/www.oguztansel.org\/wp-content\/uploads\/2015\/12\/konu%C5%9Fan-bal%C4%B1kla-yaln%C4%B1z-k%C4%B1z.jpg\">Kapak i\u00e7in t\u0131klay\u0131n<\/a>).<\/p>\n<p>Tansel, O\u011fuz (2018) <strong><em>Al\u2019l\u0131 ile F\u0131rf\u0131r\u0131<\/em><\/strong> (Rus\u00e7a\u2019ya \u00c7eviren: Anastasia M. Zherdeva) K\u0131r\u0131m: Tarpan Yay\u0131nevi (<a href=\"http:\/\/www.oguztansel.org\/wp-content\/uploads\/2019\/11\/kapak-alli-ile-firfiri-Rusca.jpg\">Kapak i\u00e7in T\u0131klay\u0131n<\/a>).<\/p>\n<p>Tansel, O\u011fuz (2019) <strong><em>Masallar<\/em><\/strong>\u00a0\u0130stanbul: Yap\u0131 Kredi Yay\u0131nlar\u0131 (<a href=\"http:\/\/www.oguztansel.org\/wp-content\/uploads\/2019\/11\/kapak-masallar-kitabi-2019.jpg\">Kapak i\u00e7in T\u0131klay\u0131n<\/a>).<br \/>\n<strong>\u00a0<\/strong><\/p>\n<p><strong>HAKKINDA \u00c7IKAN K\u0130TAPLAR:<\/strong><\/p>\n<p><strong>\u00a0<\/strong>Metin Turan (Derleyen) (1995) <strong><em>\u00dc\u00e7 Kanatl\u0131 Masal Ku\u015fu: O\u011fuz Tansel<\/em><\/strong>, Ankara: \u00dcr\u00fcn Yay\u0131nlar\u0131 \u00a0(<a href=\"http:\/\/www.oguztansel.org\/wp-content\/uploads\/2016\/01\/%C3%BC%C3%A7kanatl%C4%B1masalku%C5%9Fu.jpg\">Kapak i\u00e7in t\u0131klay\u0131n<\/a>), Aral\u0131k 2018: Geni\u015fletilmi\u015f \u0130kinci Bas\u0131m, \u00dcr\u00fcn Yay\u0131nlar\u0131,  Eyl\u00fcl 2019: Geni\u015fletilmi\u015f \u00dc\u00e7\u00fcnc\u00fc Bas\u0131m, \u00dcr\u00fcn Yay\u0131nlar\u0131 (<a href=\"http:\/\/www.oguztansel.org\/wp-content\/uploads\/2019\/11\/kapak2019pdf.jpg\">Kapak i\u00e7in t\u0131klay\u0131n<\/a>).<\/p>\n<p>Metin Elo\u011flu (2012) <strong><em>Can\u0131m O\u011fuzcu\u011fum<\/em><\/strong> \u2013 O\u011fuz Tansel\u2019e Mektuplar, \u0130stanbul: Yap\u0131 Kredi Yay\u0131nlar\u0131 (<a href=\"http:\/\/www.oguztansel.org\/wp-content\/uploads\/2016\/01\/can%C4%B1m-o%C4%9Fuzcu%C4%9Fum.jpg\">Kapak i\u00e7in t\u0131klay\u0131n<\/a>).<\/p>\n<p><strong>\u00a0<\/strong><\/p>\n<p><strong>KAYNAK:<\/strong><\/p>\n<p>Alt\u0131nkaynak, Hikmet (2008)<strong> <em>T\u00fcrk Edebiyat\u0131nda Yazarlar ve \u015eairler S\u00f6zl\u00fc\u011f\u00fc<\/em>, <\/strong>\u0130stanbul: Do\u011fan Kitap, Geni\u015fletilmi\u015f \u0130kinci Bask\u0131, ss. 669-670.<\/p>\n<p>&nbsp;<\/p>\n<p><a href=\"http:\/\/www.oguztansel.org\/wp-content\/uploads\/2015\/12\/TDK-odul-belgesi1.jpg\"><img decoding=\"async\" loading=\"lazy\" class=\"alignleft wp-image-12234 size-full\" src=\"http:\/\/www.oguztansel.org\/wp-content\/uploads\/2015\/12\/TDK-odul-belgesi1.jpg\" alt=\"TDK odul belgesi\" width=\"962\" height=\"768\" srcset=\"http:\/\/www.oguztansel.org\/wp-content\/uploads\/2015\/12\/TDK-odul-belgesi1.jpg 962w, http:\/\/www.oguztansel.org\/wp-content\/uploads\/2015\/12\/TDK-odul-belgesi1-300x240.jpg 300w, http:\/\/www.oguztansel.org\/wp-content\/uploads\/2015\/12\/TDK-odul-belgesi1-177x142.jpg 177w, http:\/\/www.oguztansel.org\/wp-content\/uploads\/2015\/12\/TDK-odul-belgesi1-147x118.jpg 147w\" sizes=\"(max-width: 962px) 100vw, 962px\" \/><br \/>\n<\/a><\/p>\n<p><a href=\"http:\/\/www.oguztansel.org\/wp-content\/uploads\/2015\/12\/Tarihte-Bug\u00fcn.jpg\"><img decoding=\"async\" loading=\"lazy\" class=\"alignleft wp-image-12235 size-large\" src=\"http:\/\/www.oguztansel.org\/wp-content\/uploads\/2015\/12\/Tarihte-Bug\u00fcn-1024x322.jpg\" alt=\"Tarihte Bug\u00fcn\" width=\"669\" height=\"210\" srcset=\"http:\/\/www.oguztansel.org\/wp-content\/uploads\/2015\/12\/Tarihte-Bug\u00fcn-1024x322.jpg 1024w, http:\/\/www.oguztansel.org\/wp-content\/uploads\/2015\/12\/Tarihte-Bug\u00fcn-300x94.jpg 300w\" sizes=\"(max-width: 669px) 100vw, 669px\" \/><img decoding=\"async\" loading=\"lazy\" class=\"alignleft wp-image-12900 size-full\" src=\"http:\/\/www.oguztansel.org\/wp-content\/uploads\/2015\/12\/Edebiyatcilar-Dernegi-Belgesi.jpg\" alt=\"Edebiyatcilar Dernegi Belgesi\" width=\"534\" height=\"768\" srcset=\"http:\/\/www.oguztansel.org\/wp-content\/uploads\/2015\/12\/Edebiyatcilar-Dernegi-Belgesi.jpg 534w, http:\/\/www.oguztansel.org\/wp-content\/uploads\/2015\/12\/Edebiyatcilar-Dernegi-Belgesi-209x300.jpg 209w\" sizes=\"(max-width: 534px) 100vw, 534px\" \/><\/a><\/p>","protected":false},"excerpt":{"rendered":"<p>Durdur Y\u00fcr\u00fct O\u011fuz Tansel\u2019in Ya\u015fam\u0131 O\u011fuz Tansel 15 \u015eubat 1915\u2019te do\u011fdu, 30 Ekim 1994 tarihinde bu d\u00fcnyay\u0131 bize b\u0131rak\u0131p gitti. \u0130stanbul\u2019da Davutpa\u015fa Ortaokulunu ve Pertevniyal Lisesi\u2019ni bitirdi. \u0130stanbul \u00dcniversitesi Edebiyat Fak\u00fcltesi T\u00fcrk Dili ve Edebiyat\u0131 B\u00f6l\u00fcm\u00fcnde okurken ba\u015flad\u0131\u011f\u0131 \u00f6\u011fretmenli\u011fi 1969\u2019da sa\u011fl\u0131k nedeni ile emekliye ayr\u0131l\u0131ncaya dek s\u00fcrd\u00fcrd\u00fc. Mardin, Akhisar, Eski\u015fehir(\u00c7ifteler K\u00f6y Enstit\u00fcs\u00fc), Amasya, Konya ortaokul [&hellip;]<\/p>\n","protected":false},"author":1,"featured_media":0,"parent":0,"menu_order":0,"comment_status":"closed","ping_status":"open","template":"","meta":[],"_links":{"self":[{"href":"http:\/\/www.oguztansel.org\/tr\/wp-json\/wp\/v2\/pages\/12049"}],"collection":[{"href":"http:\/\/www.oguztansel.org\/tr\/wp-json\/wp\/v2\/pages"}],"about":[{"href":"http:\/\/www.oguztansel.org\/tr\/wp-json\/wp\/v2\/types\/page"}],"author":[{"embeddable":true,"href":"http:\/\/www.oguztansel.org\/tr\/wp-json\/wp\/v2\/users\/1"}],"replies":[{"embeddable":true,"href":"http:\/\/www.oguztansel.org\/tr\/wp-json\/wp\/v2\/comments?post=12049"}],"version-history":[{"count":59,"href":"http:\/\/www.oguztansel.org\/tr\/wp-json\/wp\/v2\/pages\/12049\/revisions"}],"predecessor-version":[{"id":13977,"href":"http:\/\/www.oguztansel.org\/tr\/wp-json\/wp\/v2\/pages\/12049\/revisions\/13977"}],"wp:attachment":[{"href":"http:\/\/www.oguztansel.org\/tr\/wp-json\/wp\/v2\/media?parent=12049"}],"curies":[{"name":"wp","href":"https:\/\/api.w.org\/{rel}","templated":true}]}}