{"id":12828,"date":"2016-03-27T23:05:17","date_gmt":"2016-03-27T20:05:17","guid":{"rendered":"http:\/\/www.oguztansel.org\/?page_id=12828"},"modified":"2016-05-05T19:13:24","modified_gmt":"2016-05-05T16:13:24","slug":"muzikmayis-yagmuru","status":"publish","type":"page","link":"http:\/\/www.oguztansel.org\/tr\/muzikmayis-yagmuru\/","title":{"rendered":"Muzik:May\u0131s Ya\u011fmuru"},"content":{"rendered":"<p><embed hidden=\"true\" src=\"http:\/\/www.oguztansel.org\/Salkim_Sogut_Weeping_Willow.mp3\" width=\"1\" height=\"1\"><\/embed><br \/>\n<strong>\u015euan \u00c7al\u0131nan : May\u0131s Ya\u011fmuru<\/strong><\/p>\n<p><img decoding=\"async\" loading=\"lazy\" class=\"alignleft size-full wp-image-12747\" src=\"http:\/\/www.oguztansel.org\/wp-content\/uploads\/2016\/03\/salkimsogutson.jpg\" alt=\"salkimsogutson\" width=\"297\" height=\"788\" srcset=\"http:\/\/www.oguztansel.org\/wp-content\/uploads\/2016\/03\/salkimsogutson.jpg 297w, http:\/\/www.oguztansel.org\/wp-content\/uploads\/2016\/03\/salkimsogutson-113x300.jpg 113w\" sizes=\"(max-width: 297px) 100vw, 297px\" \/><br \/>\n<strong>SALKIM S\u00d6\u011e\u00dcT <\/strong><\/p>\n<p><strong>\u015eiirler: O\u011fuz Tansel<\/strong><\/p>\n<p><strong>M\u00fczik Beste: Prof. Dr. Bruce Reiprich <\/strong><\/p>\n<p><strong>Projeyi Ger\u00e7ekle\u015ftiren: \u015eefik Kahramankaptan <\/strong><\/p>\n<p><strong>Her Hakk\u0131 Sakl\u0131d\u0131r<\/strong>: Bu ses kay\u0131tlar\u0131n\u0131n sahipli\u011fi YESA Ltd.\u2019ye aittir. Yaz\u0131l\u0131 izin olmadan \u00e7o\u011falt\u0131lamaz.<\/p>\n<p><strong>Mavu Bo\u011faz<\/strong><\/p>\n<ul style=\"list-style: none !important;\">\n<li>1)Mavu Bo\u011faz<strong> \u00a0<\/strong>(<a href=\"http:\/\/www.oguztansel.org\/tr\/muzikmavu-bogaz\/\">T\u0131klay\u0131n\u0131z<\/a>)<\/li>\n<li>2)Masal D\u00fcnyas\u0131<strong> \u00a0<\/strong>(<a href=\"http:\/\/www.oguztansel.org\/tr\/muzikmasal-dunyasiii\/\">T\u0131klay\u0131n\u0131z<\/a>)<\/li>\n<li>3)\u00c7a\u011fr\u0131<strong> \u00a0<\/strong>(<a href=\"http:\/\/www.oguztansel.org\/tr\/muzikcagri\/ \">T\u0131klay\u0131n\u0131z<\/a>)<\/li>\n<li>Soprano: Feryal T\u00fcrko\u011flu, Piyano: F\u00fcgen Serbest<\/li>\n<\/ul>\n<p><strong>Salk\u0131m S\u00f6\u011f\u00fct<\/strong><\/p>\n<ul style=\"list-style: none !important;\">\n<li>4)Adamlar (<a href=\"http:\/\/www.oguztansel.org\/tr\/muzikadamlar\/\">T\u0131klay\u0131n\u0131z<\/a>)<\/li>\n<li>5)Tutsa\u011f\u0131n T\u00fcrk\u00fcs\u00fc (<a href=\"http:\/\/www.oguztansel.org\/tr\/muziktutsagin-turkusu\/\">T\u0131klay\u0131n\u0131z<\/a>)<\/li>\n<li>6)Salk\u0131m S\u00f6\u011f\u00fct (<a href=\"http:\/\/www.oguztansel.org\/tr\/muziksaklim-sogut\/\">T\u0131klay\u0131n\u0131z<\/a>)<\/li>\n<li>Soprano: Feryal T\u00fcrko\u011flu, Ankara Opera Be\u015flisi<\/li>\n<li>(28 Kas\u0131m-10 Aral\u0131k 2000. Ankara Cumhurba\u015fkanl\u0131\u011f\u0131 Konser Salonu)<\/li>\n<\/ul>\n<p><strong>\u00a0<\/strong><\/p>\n<p><strong>\u0130ki T\u00fcrk \u015eark\u0131s\u0131<\/strong><\/p>\n<ul style=\"list-style: none !important;\">\n<li>7)May\u0131s Ya\u011fmuru (<a href=\" http:\/\/www.oguztansel.org\/tr\/muzikmayis-yagmuru\/\">T\u0131klay\u0131n\u0131z<\/a>)<\/li>\n<li>8)Kavak A\u011fac\u0131 (<a href=\"http:\/\/www.oguztansel.org\/tr\/muzikkavak-agaci\/\">T\u0131klay\u0131n\u0131z<\/a>)<br \/>\nSoprano: Feryal T\u00fcrko\u011flu, Fl\u00fct: Ata Aytu\u011f Oral, Piyano: F\u00fcgen Serbest<\/li>\n<li>9)Salk\u0131m S\u00f6\u011f\u00fct (<a href=\"http:\/\/www.oguztansel.org\/tr\/muziksalkim-sogut-2\/\">T\u0131klay\u0131n\u0131z<\/a>)<\/li>\n<li>Soprano: Susan Kelly. \u015eef): Victor Liva. Sahne Sanatlar\u0131 Enstit\u00fcs\u00fc Yayl\u0131 \u00c7alg\u0131lar Orkestras\u0131<\/li>\n<li>10)\u00a0 Mutluluk Pe\u015finde (<a href=\"http:\/\/www.oguztansel.org\/tr\/muzikmutluluk-pesinde\/\">T\u0131klay\u0131n\u0131z<\/a>)<\/li>\n<li>\u015eef: Jerome Campbell.<\/li>\n<li>Wilkes \u00dcniversitesi \u00dcflemeli \u00c7alg\u0131lar Toplulu\u011fu ve Korosu<\/li>\n<\/ul>\n<p><\/p>","protected":false},"excerpt":{"rendered":"<p>\u015euan \u00c7al\u0131nan : May\u0131s Ya\u011fmuru SALKIM S\u00d6\u011e\u00dcT \u015eiirler: O\u011fuz Tansel M\u00fczik Beste: Prof. Dr. Bruce Reiprich Projeyi Ger\u00e7ekle\u015ftiren: \u015eefik Kahramankaptan Her Hakk\u0131 Sakl\u0131d\u0131r: Bu ses kay\u0131tlar\u0131n\u0131n sahipli\u011fi YESA Ltd.\u2019ye aittir. Yaz\u0131l\u0131 izin olmadan \u00e7o\u011falt\u0131lamaz. Mavu Bo\u011faz 1)Mavu Bo\u011faz \u00a0(T\u0131klay\u0131n\u0131z) 2)Masal D\u00fcnyas\u0131 \u00a0(T\u0131klay\u0131n\u0131z) 3)\u00c7a\u011fr\u0131 \u00a0(T\u0131klay\u0131n\u0131z) Soprano: Feryal T\u00fcrko\u011flu, Piyano: F\u00fcgen Serbest Salk\u0131m S\u00f6\u011f\u00fct 4)Adamlar (T\u0131klay\u0131n\u0131z) 5)Tutsa\u011f\u0131n [&hellip;]<\/p>\n","protected":false},"author":1,"featured_media":0,"parent":0,"menu_order":0,"comment_status":"closed","ping_status":"open","template":"","meta":[],"_links":{"self":[{"href":"http:\/\/www.oguztansel.org\/tr\/wp-json\/wp\/v2\/pages\/12828"}],"collection":[{"href":"http:\/\/www.oguztansel.org\/tr\/wp-json\/wp\/v2\/pages"}],"about":[{"href":"http:\/\/www.oguztansel.org\/tr\/wp-json\/wp\/v2\/types\/page"}],"author":[{"embeddable":true,"href":"http:\/\/www.oguztansel.org\/tr\/wp-json\/wp\/v2\/users\/1"}],"replies":[{"embeddable":true,"href":"http:\/\/www.oguztansel.org\/tr\/wp-json\/wp\/v2\/comments?post=12828"}],"version-history":[{"count":5,"href":"http:\/\/www.oguztansel.org\/tr\/wp-json\/wp\/v2\/pages\/12828\/revisions"}],"predecessor-version":[{"id":12976,"href":"http:\/\/www.oguztansel.org\/tr\/wp-json\/wp\/v2\/pages\/12828\/revisions\/12976"}],"wp:attachment":[{"href":"http:\/\/www.oguztansel.org\/tr\/wp-json\/wp\/v2\/media?parent=12828"}],"curies":[{"name":"wp","href":"https:\/\/api.w.org\/{rel}","templated":true}]}}