{"id":13571,"date":"2018-09-29T12:46:46","date_gmt":"2018-09-29T09:46:46","guid":{"rendered":"http:\/\/www.oguztansel.org\/?page_id=13571"},"modified":"2018-09-29T12:46:46","modified_gmt":"2018-09-29T09:46:46","slug":"yol-1","status":"publish","type":"page","link":"http:\/\/www.oguztansel.org\/tr\/yol-1\/","title":{"rendered":"YOL 1"},"content":{"rendered":"<p><a class=\"group1\" title=\" Vincent van Gogh\" href=\"http:\/\/www.oguztansel.org\/wp-content\/uploads\/2018\/09\/i.jpg\"><img decoding=\"async\" loading=\"lazy\" class=\" size-medium wp-image-12995 alignright\" style=\"margin-right: 20%;\" src=\"http:\/\/www.oguztansel.org\/wp-content\/uploads\/2018\/09\/i.jpg\" alt=\"YOL 1\" width=\"196\" height=\"300\" \/><\/a><\/p>\n<div style=\"margin-left: 20%;\">\n<p style=\"text-align: left;\">\n<strong>YOL 1<\/strong><\/p>\n<p>Bu, ya\u011fmurun, g\u00fcne\u015fin asfalt\u0131:<br \/>\nPatron g\u00f6rmeden dayan, Bayram,<br \/>\nAte\u015fi alt\u0131n diye avu\u00e7lat\u0131rlar sonra<br \/>\nMotora su koy So\u011fukkuyu\u2019dan.<\/p>\n<p>Ova, ilk s\u0131cakl\u0131\u011f\u0131n\u0131n geni\u015fli\u011finde;<br \/>\nTemmuz \u00f6\u011flesi, g\u00f6k yitirmi\u015f mavi\u011fini.<br \/>\nMotor g\u00fcr\u00fclt\u00fcs\u00fcnden \u00fcrkm\u00fc\u015f de toprak<br \/>\nDirek direk \u015feytan minareleri.<\/p>\n<p>Yok olmu\u015f baharda ba\u015flayan hayat;<br \/>\nG\u00f6k erir, ate\u015f ya\u011far \u00f6ylesine.<br \/>\nY\u00fczler, kavruk ekinlerden sar\u0131<br \/>\nBitkin dev gibi soluyordu makine.<\/p>\n<p><strong>O\u011fuz Tansel<\/strong><br \/>\n<em>Mutluluk Pe\u015finde, Evrensel Bas\u0131m Yay\u0131n, 2013.<\/em>\n<\/p>\n<\/div>\n<p><\/p>","protected":false},"excerpt":{"rendered":"<p>YOL 1 Bu, ya\u011fmurun, g\u00fcne\u015fin asfalt\u0131: Patron g\u00f6rmeden dayan, Bayram, Ate\u015fi alt\u0131n diye avu\u00e7lat\u0131rlar sonra Motora su koy So\u011fukkuyu\u2019dan. Ova, ilk s\u0131cakl\u0131\u011f\u0131n\u0131n geni\u015fli\u011finde; Temmuz \u00f6\u011flesi, g\u00f6k yitirmi\u015f mavi\u011fini. Motor g\u00fcr\u00fclt\u00fcs\u00fcnden \u00fcrkm\u00fc\u015f de toprak Direk direk \u015feytan minareleri. Yok olmu\u015f baharda ba\u015flayan hayat; G\u00f6k erir, ate\u015f ya\u011far \u00f6ylesine. Y\u00fczler, kavruk ekinlerden sar\u0131 Bitkin dev gibi soluyordu [&hellip;]<\/p>\n","protected":false},"author":1,"featured_media":0,"parent":0,"menu_order":0,"comment_status":"closed","ping_status":"closed","template":"","meta":[],"_links":{"self":[{"href":"http:\/\/www.oguztansel.org\/tr\/wp-json\/wp\/v2\/pages\/13571"}],"collection":[{"href":"http:\/\/www.oguztansel.org\/tr\/wp-json\/wp\/v2\/pages"}],"about":[{"href":"http:\/\/www.oguztansel.org\/tr\/wp-json\/wp\/v2\/types\/page"}],"author":[{"embeddable":true,"href":"http:\/\/www.oguztansel.org\/tr\/wp-json\/wp\/v2\/users\/1"}],"replies":[{"embeddable":true,"href":"http:\/\/www.oguztansel.org\/tr\/wp-json\/wp\/v2\/comments?post=13571"}],"version-history":[{"count":1,"href":"http:\/\/www.oguztansel.org\/tr\/wp-json\/wp\/v2\/pages\/13571\/revisions"}],"predecessor-version":[{"id":13573,"href":"http:\/\/www.oguztansel.org\/tr\/wp-json\/wp\/v2\/pages\/13571\/revisions\/13573"}],"wp:attachment":[{"href":"http:\/\/www.oguztansel.org\/tr\/wp-json\/wp\/v2\/media?parent=13571"}],"curies":[{"name":"wp","href":"https:\/\/api.w.org\/{rel}","templated":true}]}}