{"id":10709,"date":"2014-11-19T15:14:03","date_gmt":"2014-11-19T15:14:03","guid":{"rendered":"http:\/\/theme-fusion.com\/avadaxml\/?page_id=10709"},"modified":"2020-09-29T20:51:53","modified_gmt":"2020-09-29T17:51:53","slug":"home-3","status":"publish","type":"page","link":"https:\/\/www.oguztansel.org\/de\/","title":{"rendered":"Anasayfa"},"content":{"rendered":"<p><div class=\"fusion-one-full fusion-layout-column fusion-column-last fusion-spacing-yes\" style=\"margin-top:0px;margin-bottom:20px;\"><div class=\"fusion-column-wrapper\">\n<div id=\"rev_slider_6_3_wrapper\" class=\"rev_slider_wrapper fullwidthbanner-container\" style=\"margin:0px auto;background-color:#E9E9E9;padding:0px;margin-top:0px;margin-bottom:0px;max-height:700px;\">\n<!-- START REVOLUTION SLIDER 4.6.92 fullwidth mode -->\n\t<div id=\"rev_slider_6_3\" class=\"rev_slider fullwidthabanner\" style=\"display:none;max-height:700px;height:700px;\">\n<ul>\t<!-- SLIDE  -->\n\t<li data-transition=\"random\" data-slotamount=\"7\" data-masterspeed=\"300\"  data-saveperformance=\"off\" >\n\t\t<!-- MAIN IMAGE -->\n\t\t<img src=\"https:\/\/www.oguztansel.org\/wp-content\/uploads\/2015\/10\/sonnOguz-Tansel-Hitit-Kitabevi-Renkli.jpg\"  alt=\"\"  data-bgposition=\"center center\" data-bgfit=\"100% 100%\" data-bgrepeat=\"no-repeat\">\n\t\t<!-- LAYERS -->\n\n\t\t<!-- LAYER NR. 1 -->\n\t\t<div class=\"tp-caption tp-fade fadeout\" \n\t\t\t data-x=\"789\" \n\t\t\t data-y=\"15\"  \n\t\t\tdata-speed=\"500\" \n\t\t\tdata-start=\"0\" \n\t\t\tdata-easing=\"Linear.easeNone\" \n\t\t\tdata-elementdelay=\"0.1\" \n\t\t\tdata-endelementdelay=\"0.1\" \n\t\t\t data-endspeed=\"500\" \n\n\t\t\tstyle=\"z-index: 5;\"><img src=\"https:\/\/demo.gaproje.com\/oguztansel2\/wp-content\/uploads\/2015\/08\/\u00c7a\u011fr\u0131-I.jpg\" alt=\"\" data-ww=\"284.79872204472844\" data-hh=\"358\"> \n\t\t<\/div>\n\n\t\t<!-- LAYER NR. 2 -->\n\t\t<div class=\"tp-caption avada_small_white_text tp-fade ltl tp-resizeme\" \n\t\t\t data-x=\"right\" data-hoffset=\"-15\" \n\t\t\t data-y=\"bottom\" data-voffset=\"-27\" \n\t\t\tdata-speed=\"1000\" \n\t\t\tdata-start=\"1000\" \n\t\t\tdata-easing=\"Power3.easeInOut\" \n\t\t\tdata-splitin=\"none\" \n\t\t\tdata-splitout=\"none\" \n\t\t\tdata-elementdelay=\"0.1\" \n\t\t\tdata-endelementdelay=\"0.1\" \n\t\t\t data-endspeed=\"300\" \n\n\t\t\tstyle=\"z-index: 6; max-width: auto; max-height: auto; white-space: nowrap;\"><div style=\"background:#000; border:1px solid #fff; padding:5px; text-align:center;\"><a href=\"https:\/\/www.youtube.com\/watch?v=P9iI0B45iUA&t=0s\" style=\"text-decoration:none; color:#fff;\" target=\"_blank\">Anerkennung zu O\u011fuz Tansel, Dokumentarfilm<\/a><\/div>\n \n\t\t<\/div>\n\n\t\t<!-- LAYER NR. 3 -->\n\t\t<div class=\"tp-caption avada_small_white_text tp-fade ltl tp-resizeme\" \n\t\t\t data-x=\"right\" data-hoffset=\"-18\" \n\t\t\t data-y=\"bottom\" data-voffset=\"-67\" \n\t\t\tdata-speed=\"1000\" \n\t\t\tdata-start=\"1000\" \n\t\t\tdata-easing=\"Power3.easeInOut\" \n\t\t\tdata-splitin=\"none\" \n\t\t\tdata-splitout=\"none\" \n\t\t\tdata-elementdelay=\"0.1\" \n\t\t\tdata-endelementdelay=\"0.1\" \n\t\t\t data-endspeed=\"300\" \n\n\t\t\tstyle=\"z-index: 7; max-width: auto; max-height: auto; white-space: nowrap;\"><div style=\"background:#000; border:1px solid #fff; padding:5px; text-align:center;\"><a href=\"http:\/\/www.oguztanselsempozyumu.com\" style=\"text-decoration:none; color:#fff;\">SYMPOSIUM \u00dcBER O\u011eUZ TANSEL<br>www.oguztanselsempozyumu.com<\/a><\/div>\n \n\t\t<\/div>\n\t<\/li>\n\t<!-- SLIDE  -->\n\t<li data-transition=\"random\" data-slotamount=\"7\" data-masterspeed=\"300\"  data-saveperformance=\"off\" >\n\t\t<!-- MAIN IMAGE -->\n\t\t<img src=\"https:\/\/www.oguztansel.org\/wp-content\/uploads\/2015\/10\/sonnOguz-Tansel-Hitit-Kitabevi-Renkli.jpg\"  alt=\"\"  data-bgposition=\"center center\" data-bgfit=\"100% 100%\" data-bgrepeat=\"no-repeat\">\n\t\t<!-- LAYERS -->\n\n\t\t<!-- LAYER NR. 1 -->\n\t\t<div class=\"tp-caption tp-fade fadeout\" \n\t\t\t data-x=\"789\" \n\t\t\t data-y=\"15\"  \n\t\t\tdata-speed=\"500\" \n\t\t\tdata-start=\"0\" \n\t\t\tdata-easing=\"Linear.easeNone\" \n\t\t\tdata-elementdelay=\"0.1\" \n\t\t\tdata-endelementdelay=\"0.1\" \n\t\t\t data-endspeed=\"500\" \n\n\t\t\tstyle=\"z-index: 5;\"><img src=\"https:\/\/demo.gaproje.com\/oguztansel2\/wp-content\/uploads\/2015\/08\/\u00c7a\u011fr\u0131-I.jpg\" alt=\"\" data-ww=\"284.79872204472844\" data-hh=\"358\"> \n\t\t<\/div>\n\n\t\t<!-- LAYER NR. 2 -->\n\t\t<div class=\"tp-caption avada_small_white_text tp-fade ltl tp-resizeme\" \n\t\t\t data-x=\"right\" data-hoffset=\"-15\" \n\t\t\t data-y=\"bottom\" data-voffset=\"-27\" \n\t\t\tdata-speed=\"1000\" \n\t\t\tdata-start=\"1000\" \n\t\t\tdata-easing=\"Power3.easeInOut\" \n\t\t\tdata-splitin=\"none\" \n\t\t\tdata-splitout=\"none\" \n\t\t\tdata-elementdelay=\"0.1\" \n\t\t\tdata-endelementdelay=\"0.1\" \n\t\t\t data-endspeed=\"300\" \n\n\t\t\tstyle=\"z-index: 6; max-width: auto; max-height: auto; white-space: nowrap;\"><div style=\"background:#000; border:1px solid #fff; padding:5px; text-align:center;\"><a href=\"https:\/\/www.youtube.com\/watch?v=P9iI0B45iUA&t=0s\" style=\"text-decoration:none; color:#fff;\" target=\"_blank\">Anerkennung zu O\u011fuz Tansel, Dokumentarfilm<\/a><\/div>\n \n\t\t<\/div>\n\n\t\t<!-- LAYER NR. 3 -->\n\t\t<div class=\"tp-caption avada_small_white_text tp-fade ltl tp-resizeme\" \n\t\t\t data-x=\"right\" data-hoffset=\"-18\" \n\t\t\t data-y=\"bottom\" data-voffset=\"-67\" \n\t\t\tdata-speed=\"1000\" \n\t\t\tdata-start=\"1000\" \n\t\t\tdata-easing=\"Power3.easeInOut\" \n\t\t\tdata-splitin=\"none\" \n\t\t\tdata-splitout=\"none\" \n\t\t\tdata-elementdelay=\"0.1\" \n\t\t\tdata-endelementdelay=\"0.1\" \n\t\t\t data-endspeed=\"300\" \n\n\t\t\tstyle=\"z-index: 7; max-width: auto; max-height: auto; white-space: nowrap;\"><div style=\"background:#000; border:1px solid #fff; padding:5px; text-align:center;\"><a href=\"http:\/\/www.oguztanselsempozyumu.com\" style=\"text-decoration:none; color:#fff;\">SYMPOSIUM \u00dcBER O\u011eUZ TANSEL<br>www.oguztanselsempozyumu.com<\/a><\/div>\n \n\t\t<\/div>\n\t<\/li>\n<\/ul>\n<div class=\"tp-bannertimer tp-bottom\" style=\"visibility: hidden !important;\"><\/div>\t<\/div>\n\t\t\t\n\n\t\t\t<style scoped>.tp-caption.avada_small_white_text,.avada_small_white_text{position:absolute;color:#fff;font-size:13px;line-height:20px;font-family:PTSansRegular,Arial,Helvetica,sans-serif;text-shadow:0px 2px 5px rgba(0,0,0,0.5);font-weight:700}<\/style>\n\n\t\t\t<script type=\"text\/javascript\">\n\n\t\t\t\t\/******************************************\n\t\t\t\t\t-\tPREPARE PLACEHOLDER FOR SLIDER\t-\n\t\t\t\t******************************************\/\n\t\t\t\t\n\n\t\t\t\tvar setREVStartSize = function() {\n\t\t\t\t\tvar\ttpopt = new Object();\n\t\t\t\t\t\ttpopt.startwidth = 1100;\n\t\t\t\t\t\ttpopt.startheight = 700;\n\t\t\t\t\t\ttpopt.container = jQuery('#rev_slider_6_3');\n\t\t\t\t\t\ttpopt.fullScreen = \"off\";\n\t\t\t\t\t\ttpopt.forceFullWidth=\"off\";\n\n\t\t\t\t\ttpopt.container.closest(\".rev_slider_wrapper\").css({height:tpopt.container.height()});tpopt.width=parseInt(tpopt.container.width(),0);tpopt.height=parseInt(tpopt.container.height(),0);tpopt.bw=tpopt.width\/tpopt.startwidth;tpopt.bh=tpopt.height\/tpopt.startheight;if(tpopt.bh>tpopt.bw)tpopt.bh=tpopt.bw;if(tpopt.bh<tpopt.bw)tpopt.bw=tpopt.bh;if(tpopt.bw<tpopt.bh)tpopt.bh=tpopt.bw;if(tpopt.bh>1){tpopt.bw=1;tpopt.bh=1}if(tpopt.bw>1){tpopt.bw=1;tpopt.bh=1}tpopt.height=Math.round(tpopt.startheight*(tpopt.width\/tpopt.startwidth));if(tpopt.height>tpopt.startheight&&tpopt.autoHeight!=\"on\")tpopt.height=tpopt.startheight;if(tpopt.fullScreen==\"on\"){tpopt.height=tpopt.bw*tpopt.startheight;var cow=tpopt.container.parent().width();var coh=jQuery(window).height();if(tpopt.fullScreenOffsetContainer!=undefined){try{var offcontainers=tpopt.fullScreenOffsetContainer.split(\",\");jQuery.each(offcontainers,function(e,t){coh=coh-jQuery(t).outerHeight(true);if(coh<tpopt.minFullScreenHeight)coh=tpopt.minFullScreenHeight})}catch(e){}}tpopt.container.parent().height(coh);tpopt.container.height(coh);tpopt.container.closest(\".rev_slider_wrapper\").height(coh);tpopt.container.closest(\".forcefullwidth_wrapper_tp_banner\").find(\".tp-fullwidth-forcer\").height(coh);tpopt.container.css({height:\"100%\"});tpopt.height=coh;}else{tpopt.container.height(tpopt.height);tpopt.container.closest(\".rev_slider_wrapper\").height(tpopt.height);tpopt.container.closest(\".forcefullwidth_wrapper_tp_banner\").find(\".tp-fullwidth-forcer\").height(tpopt.height);}\n\t\t\t\t};\n\n\t\t\t\t\/* CALL PLACEHOLDER *\/\n\t\t\t\tsetREVStartSize();\n\n\n\t\t\t\tvar tpj=jQuery;\n\t\t\t\ttpj.noConflict();\n\t\t\t\tvar revapi6;\n\n\t\t\t\ttpj(document).ready(function() {\n\n\t\t\t\tif(tpj('#rev_slider_6_3').revolution == undefined){\n\t\t\t\t\trevslider_showDoubleJqueryError('#rev_slider_6_3');\n\t\t\t\t}else{\n\t\t\t\t   revapi6 = tpj('#rev_slider_6_3').show().revolution(\n\t\t\t\t\t{\t\n\t\t\t\t\t\t\t\t\t\t\t\tdottedOverlay:\"none\",\n\t\t\t\t\t\tdelay:600000,\n\t\t\t\t\t\tstartwidth:1100,\n\t\t\t\t\t\tstartheight:700,\n\t\t\t\t\t\thideThumbs:200,\n\n\t\t\t\t\t\tthumbWidth:100,\n\t\t\t\t\t\tthumbHeight:50,\n\t\t\t\t\t\tthumbAmount:1,\n\t\t\t\t\t\t\n\t\t\t\t\t\t\t\t\t\t\t\t\n\t\t\t\t\t\tsimplifyAll:\"off\",\n\n\t\t\t\t\t\tnavigationType:\"none\",\n\t\t\t\t\t\tnavigationArrows:\"none\",\n\t\t\t\t\t\tnavigationStyle:\"square-old\",\n\n\t\t\t\t\t\ttouchenabled:\"on\",\n\t\t\t\t\t\tonHoverStop:\"on\",\n\t\t\t\t\t\tnextSlideOnWindowFocus:\"off\",\n\n\t\t\t\t\t\tswipe_threshold: 75,\n\t\t\t\t\t\tswipe_min_touches: 1,\n\t\t\t\t\t\tdrag_block_vertical: false,\n\t\t\t\t\t\t\n\t\t\t\t\t\t\t\t\t\t\t\t\n\t\t\t\t\t\t\t\t\t\t\t\t\n\t\t\t\t\t\tkeyboardNavigation:\"off\",\n\n\t\t\t\t\t\tnavigationHAlign:\"center\",\n\t\t\t\t\t\tnavigationVAlign:\"bottom\",\n\t\t\t\t\t\tnavigationHOffset:0,\n\t\t\t\t\t\tnavigationVOffset:20,\n\n\t\t\t\t\t\tsoloArrowLeftHalign:\"left\",\n\t\t\t\t\t\tsoloArrowLeftValign:\"center\",\n\t\t\t\t\t\tsoloArrowLeftHOffset:20,\n\t\t\t\t\t\tsoloArrowLeftVOffset:0,\n\n\t\t\t\t\t\tsoloArrowRightHalign:\"right\",\n\t\t\t\t\t\tsoloArrowRightValign:\"center\",\n\t\t\t\t\t\tsoloArrowRightHOffset:20,\n\t\t\t\t\t\tsoloArrowRightVOffset:0,\n\n\t\t\t\t\t\tshadow:0,\n\t\t\t\t\t\tfullWidth:\"on\",\n\t\t\t\t\t\tfullScreen:\"off\",\n\n\t\t\t\t\t\t\t\t\t\t\t\tspinner:\"spinner0\",\n\t\t\t\t\t\t\t\t\t\t\t\t\n\t\t\t\t\t\tstopLoop:\"off\",\n\t\t\t\t\t\tstopAfterLoops:-1,\n\t\t\t\t\t\tstopAtSlide:-1,\n\n\t\t\t\t\t\tshuffle:\"off\",\n\n\t\t\t\t\t\tautoHeight:\"off\",\n\t\t\t\t\t\tforceFullWidth:\"off\",\n\t\t\t\t\t\t\n\t\t\t\t\t\t\n\t\t\t\t\t\thideTimerBar:\"on\",\n\t\t\t\t\t\thideThumbsOnMobile:\"off\",\n\t\t\t\t\t\thideNavDelayOnMobile:1500,\n\t\t\t\t\t\thideBulletsOnMobile:\"off\",\n\t\t\t\t\t\thideArrowsOnMobile:\"off\",\n\t\t\t\t\t\thideThumbsUnderResolution:0,\n\n\t\t\t\t\t\t\t\t\t\t\t\thideSliderAtLimit:0,\n\t\t\t\t\t\thideCaptionAtLimit:0,\n\t\t\t\t\t\thideAllCaptionAtLilmit:0,\n\t\t\t\t\t\tstartWithSlide:0\t\t\t\t\t});\n\n\n\n\t\t\t\t\t\t\t\t\t}\n\t\t\t\t});\t\/*ready*\/\n\n\t\t\t<\/script>\n\n\n\t\t\t<\/div><!-- END REVOLUTION SLIDER --><p style=\"text-align: center;\">Dieses Site wurde herausgegeben von Familie Tansel.<\/p>\n<p style=\"text-align: center;\">Der Entwarf : <a href=\"http:\/\/www.gaproje.com\/\">GA Proje Ekibi- September 2016<\/a><\/p>\n<p style=\"text-align: center;\">Die letzte \u00dcberarbeitung : 01.05.2021<\/p>\n<p><audio autoplay=\"true\" id=\"bgsound\" loop=\"-1\"><source src=\"http:\/\/www.oguztansel.org\/homepage.mp3\" type=\"audio\/mp3\" codecs=\"vorbis&quot;&gt;\"><\/source><\/audio><\/p>\n<div align=\"left\" style=\"position:absolute; right:220px; top:-192px; z-index:10013;\">\n    <button type=\"button\" style=\"border-radius:10px; -moz-border-radius:10px; -webkit-border-radius:10px;\" onclick=\"document.getElementById('bgsound').pause();\">Pause<\/button> <button style=\"border-radius:10px; -moz-border-radius:10px; -webkit-border-radius:10px;\" onclick=\"document.getElementById('bgsound').play();\" type=\"button\">Spielen<\/button>\n<\/div>\n<\/div><\/div><div class=\"fusion-clearfix\"><\/div><\/p>","protected":false},"excerpt":{"rendered":"","protected":false},"author":1,"featured_media":0,"parent":0,"menu_order":0,"comment_status":"closed","ping_status":"closed","template":"100-width.php","meta":[],"_links":{"self":[{"href":"https:\/\/www.oguztansel.org\/de\/wp-json\/wp\/v2\/pages\/10709"}],"collection":[{"href":"https:\/\/www.oguztansel.org\/de\/wp-json\/wp\/v2\/pages"}],"about":[{"href":"https:\/\/www.oguztansel.org\/de\/wp-json\/wp\/v2\/types\/page"}],"author":[{"embeddable":true,"href":"https:\/\/www.oguztansel.org\/de\/wp-json\/wp\/v2\/users\/1"}],"replies":[{"embeddable":true,"href":"https:\/\/www.oguztansel.org\/de\/wp-json\/wp\/v2\/comments?post=10709"}],"version-history":[{"count":36,"href":"https:\/\/www.oguztansel.org\/de\/wp-json\/wp\/v2\/pages\/10709\/revisions"}],"predecessor-version":[{"id":13589,"href":"https:\/\/www.oguztansel.org\/de\/wp-json\/wp\/v2\/pages\/10709\/revisions\/13589"}],"wp:attachment":[{"href":"https:\/\/www.oguztansel.org\/de\/wp-json\/wp\/v2\/media?parent=10709"}],"curies":[{"name":"wp","href":"https:\/\/api.w.org\/{rel}","templated":true}]}}