{"id":11800,"date":"2015-11-22T21:08:52","date_gmt":"2015-11-22T19:08:52","guid":{"rendered":"http:\/\/www.oguztansel.org\/?page_id=11800"},"modified":"2017-03-20T10:40:30","modified_gmt":"2017-03-20T07:40:30","slug":"bildircin","status":"publish","type":"page","link":"https:\/\/www.oguztansel.org\/de\/bildircin\/","title":{"rendered":"D\u0131e Wachtel"},"content":{"rendered":"<p><a class=\"group1\" title=\"\" href=\"http:\/\/www.oguztansel.org\/wp-content\/uploads\/2015\/11\/B\u0131ld\u0131rc\u0131n.jpg\"><img decoding=\"async\" loading=\"lazy\" class=\"  wp-image-12995 alignright\" style=\"margin-right: 20%;\" src=\"http:\/\/www.oguztansel.org\/wp-content\/uploads\/2015\/11\/B\u0131ld\u0131rc\u0131n.jpg\" alt=\"B\u0131ld\u0131rc\u0131n\" width=\"201\" height=\"308\" \/><\/a><\/p>\n<div style=\"margin-left: 20%;\">\n<p style=\"text-align: left;\"><strong>Die Wachtel<\/strong><\/p>\n<p>Juli, schon wieder Juli<br \/>\n\u00dcber das Feld<br \/>\nflieht ein r\u00e4udiger Hund.<br \/>\nVom Himmel sinkt H\u00f6llenglut.<br \/>\nAuf den \u00c4hren spielen<br \/>\nGrillen ihr Lied,<br \/>\nF\u00fcr den Schnitter. Er ist doch so verliebt.<br \/>\nDer J\u00e4ger legt an. Ein Schu\u00df f\u00e4llt.<br \/>\nAufb\u00e4umen, ein dumpfer Fall.<br \/>\nDie Blutspur ist leicht zu finden.<br \/>\nVerflucht sei die Hand, M\u00e4nner,<br \/>\ndie mit Leben spielt!<\/p>\n<p><strong>O\u011fuz Tansel<\/strong><br \/>\n<em>\u00dcbersetzt von Thomas Balkenhol<\/em>\n<\/p>\n<\/div>\n<p><\/p>","protected":false},"excerpt":{"rendered":"<p>Die Wachtel Juli, schon wieder Juli \u00dcber das Feld flieht ein r\u00e4udiger Hund. Vom Himmel sinkt H\u00f6llenglut. Auf den \u00c4hren spielen Grillen ihr Lied, F\u00fcr den Schnitter. Er ist doch so verliebt. Der J\u00e4ger legt an. Ein Schu\u00df f\u00e4llt. Aufb\u00e4umen, ein dumpfer Fall. Die Blutspur ist leicht zu finden. Verflucht sei die Hand, M\u00e4nner, die [&hellip;]<\/p>\n","protected":false},"author":1,"featured_media":0,"parent":0,"menu_order":0,"comment_status":"closed","ping_status":"open","template":"","meta":[],"_links":{"self":[{"href":"https:\/\/www.oguztansel.org\/de\/wp-json\/wp\/v2\/pages\/11800"}],"collection":[{"href":"https:\/\/www.oguztansel.org\/de\/wp-json\/wp\/v2\/pages"}],"about":[{"href":"https:\/\/www.oguztansel.org\/de\/wp-json\/wp\/v2\/types\/page"}],"author":[{"embeddable":true,"href":"https:\/\/www.oguztansel.org\/de\/wp-json\/wp\/v2\/users\/1"}],"replies":[{"embeddable":true,"href":"https:\/\/www.oguztansel.org\/de\/wp-json\/wp\/v2\/comments?post=11800"}],"version-history":[{"count":8,"href":"https:\/\/www.oguztansel.org\/de\/wp-json\/wp\/v2\/pages\/11800\/revisions"}],"predecessor-version":[{"id":13367,"href":"https:\/\/www.oguztansel.org\/de\/wp-json\/wp\/v2\/pages\/11800\/revisions\/13367"}],"wp:attachment":[{"href":"https:\/\/www.oguztansel.org\/de\/wp-json\/wp\/v2\/media?parent=11800"}],"curies":[{"name":"wp","href":"https:\/\/api.w.org\/{rel}","templated":true}]}}