{"id":11832,"date":"2015-12-03T13:38:32","date_gmt":"2015-12-03T11:38:32","guid":{"rendered":"http:\/\/www.oguztansel.org\/?page_id=11832"},"modified":"2017-04-01T08:25:56","modified_gmt":"2017-04-01T05:25:56","slug":"cagri-ii","status":"publish","type":"page","link":"https:\/\/www.oguztansel.org\/de\/cagri-ii\/","title":{"rendered":"Aufruf II"},"content":{"rendered":"<p><a class=\"group1\" title=\"Matisse\" href=\"http:\/\/www.oguztansel.org\/wp-content\/uploads\/2016\/08\/henri-matisse-flowers-and-ceramic.jpg\"><img decoding=\"async\" loading=\"lazy\" class=\" size-medium wp-image-12995 alignright\" style=\"margin-right: 20%;\" src=\"http:\/\/www.oguztansel.org\/wp-content\/uploads\/2016\/08\/henri-matisse-flowers-and-ceramic.jpg\" alt=\"\u00c7A\u011eRI  II\" width=\"196\" height=\"300\" \/><\/a><\/p>\n<div style=\"margin-left: 20%;\">\n<p style=\"text-align: left;\">\n<strong>Aufruf II<\/strong><\/p>\n<p>Eines Tages wird man es auf einmal wissen<br \/>\nda\u00df ein Zweig ein Zweig<br \/>\nund eine Wurzel eine Wurzel ist.<br \/>\nMit der Kraft unserer Zivilisation<br \/>\nim Namen des Gl\u00fccks<br \/>\nwerden wir der Erde ihre Identit\u00e4t wiedergeben.<br \/>\nWolf und Vogel, Wurm und K\u00e4fer erhalten ihren Anteil<br \/>\nDas Volk der Meere in ihren Wassern<br \/>\ndas Volk der W\u00e4lder in ihren L\u00fcften<br \/>\nMenschen aus aller L\u00e4nder Berge<br \/>\nmit H\u00e4nden und F\u00fc\u00dfen, zu Pferd und zu Fu\u00df<br \/>\nwerden gebeten zur Tafel der Menschlichkeit<br \/>\nZu Hauf komme dann jedes Gesch\u00f6pf<br \/>\nund zu Wort komme dann Br\u00fcderlichkeit.<\/p>\n<p><strong>O\u011fuz Tansel<\/strong><br \/>\n<em>\u00dcbersetzt von Thomas Balkenhol<\/em>\n<\/p>\n<\/div>\n<p><\/p>","protected":false},"excerpt":{"rendered":"<p>Aufruf II Eines Tages wird man es auf einmal wissen da\u00df ein Zweig ein Zweig und eine Wurzel eine Wurzel ist. Mit der Kraft unserer Zivilisation im Namen des Gl\u00fccks werden wir der Erde ihre Identit\u00e4t wiedergeben. Wolf und Vogel, Wurm und K\u00e4fer erhalten ihren Anteil Das Volk der Meere in ihren Wassern das Volk [&hellip;]<\/p>\n","protected":false},"author":1,"featured_media":0,"parent":0,"menu_order":0,"comment_status":"open","ping_status":"open","template":"","meta":[],"_links":{"self":[{"href":"https:\/\/www.oguztansel.org\/de\/wp-json\/wp\/v2\/pages\/11832"}],"collection":[{"href":"https:\/\/www.oguztansel.org\/de\/wp-json\/wp\/v2\/pages"}],"about":[{"href":"https:\/\/www.oguztansel.org\/de\/wp-json\/wp\/v2\/types\/page"}],"author":[{"embeddable":true,"href":"https:\/\/www.oguztansel.org\/de\/wp-json\/wp\/v2\/users\/1"}],"replies":[{"embeddable":true,"href":"https:\/\/www.oguztansel.org\/de\/wp-json\/wp\/v2\/comments?post=11832"}],"version-history":[{"count":12,"href":"https:\/\/www.oguztansel.org\/de\/wp-json\/wp\/v2\/pages\/11832\/revisions"}],"predecessor-version":[{"id":13391,"href":"https:\/\/www.oguztansel.org\/de\/wp-json\/wp\/v2\/pages\/11832\/revisions\/13391"}],"wp:attachment":[{"href":"https:\/\/www.oguztansel.org\/de\/wp-json\/wp\/v2\/media?parent=11832"}],"curies":[{"name":"wp","href":"https:\/\/api.w.org\/{rel}","templated":true}]}}