{"id":11849,"date":"2015-12-03T13:45:54","date_gmt":"2015-12-03T11:45:54","guid":{"rendered":"http:\/\/www.oguztansel.org\/?page_id=11849"},"modified":"2017-03-20T10:42:27","modified_gmt":"2017-03-20T07:42:27","slug":"bilinc-isigi","status":"publish","type":"page","link":"https:\/\/www.oguztansel.org\/de\/bilinc-isigi\/","title":{"rendered":"LICHT DES BEWUSSTSEINS"},"content":{"rendered":"<p><a class=\"group1\" title=\"Orhan Taylan\" href=\"http:\/\/www.oguztansel.org\/wp-content\/uploads\/2015\/12\/bilin\u00e7-\u0131\u015f\u0131\u011f\u0131.jpg\"><img decoding=\"async\" loading=\"lazy\" class=\" size-medium wp-image-12995 alignright\" style=\"margin-right: 20%;\" src=\"http:\/\/www.oguztansel.org\/wp-content\/uploads\/2015\/12\/bilin\u00e7-\u0131\u015f\u0131\u011f\u0131.jpg\" alt=\"mutluluk pesinde\" width=\"196\" height=\"300\" \/><\/a><\/p>\n<div style=\"margin-left: 20%;\">\n<p style=\"text-align: left;\">\n<strong>LICHT DES BEWUSSTSEINS<\/strong><\/p>\n<p>Ihr Herzen voller Liebe,<br \/>\nKinder der Welt:<br \/>\nLa\u00dft uns einen Teig kneten aus Licht!<br \/>\nMit der Hefe der Br\u00fcderlichkeit, mit Frieden<br \/>\nund daraus Brot backen, das nie zur Neige geht.<br \/>\nDas bieten wir an auf der Tafel der Erde.<br \/>\nWissen formt Berge zu Weinbergen,<br \/>\nwird Sonne in schaffenden H\u00e4nden.<br \/>\nDie Angst um Krieg, um Gemetzel, um Zerst\u00f6rung<br \/>\nsoll nicht mehr die hei\u00df geliebte Sonne verdunkeln.<br \/>\nFreiheit, Frieden, Br\u00fcderlichkeit:<br \/>\nDas sei unser edelstes Grundgesetz!<\/p>\n<p><strong>O\u011fuz Tansel<\/strong><br \/>\n<em>\u00dcbersetzt von Thomas Balkenhol<\/em>\n<\/p>\n<\/div>\n<p><\/p>","protected":false},"excerpt":{"rendered":"<p>LICHT DES BEWUSSTSEINS Ihr Herzen voller Liebe, Kinder der Welt: La\u00dft uns einen Teig kneten aus Licht! Mit der Hefe der Br\u00fcderlichkeit, mit Frieden und daraus Brot backen, das nie zur Neige geht. Das bieten wir an auf der Tafel der Erde. Wissen formt Berge zu Weinbergen, wird Sonne in schaffenden H\u00e4nden. Die Angst um [&hellip;]<\/p>\n","protected":false},"author":1,"featured_media":0,"parent":0,"menu_order":0,"comment_status":"closed","ping_status":"open","template":"","meta":[],"_links":{"self":[{"href":"https:\/\/www.oguztansel.org\/de\/wp-json\/wp\/v2\/pages\/11849"}],"collection":[{"href":"https:\/\/www.oguztansel.org\/de\/wp-json\/wp\/v2\/pages"}],"about":[{"href":"https:\/\/www.oguztansel.org\/de\/wp-json\/wp\/v2\/types\/page"}],"author":[{"embeddable":true,"href":"https:\/\/www.oguztansel.org\/de\/wp-json\/wp\/v2\/users\/1"}],"replies":[{"embeddable":true,"href":"https:\/\/www.oguztansel.org\/de\/wp-json\/wp\/v2\/comments?post=11849"}],"version-history":[{"count":7,"href":"https:\/\/www.oguztansel.org\/de\/wp-json\/wp\/v2\/pages\/11849\/revisions"}],"predecessor-version":[{"id":13369,"href":"https:\/\/www.oguztansel.org\/de\/wp-json\/wp\/v2\/pages\/11849\/revisions\/13369"}],"wp:attachment":[{"href":"https:\/\/www.oguztansel.org\/de\/wp-json\/wp\/v2\/media?parent=11849"}],"curies":[{"name":"wp","href":"https:\/\/api.w.org\/{rel}","templated":true}]}}