{"id":11856,"date":"2015-12-03T14:44:12","date_gmt":"2015-12-03T12:44:12","guid":{"rendered":"http:\/\/www.oguztansel.org\/?page_id=11856"},"modified":"2015-12-06T11:43:58","modified_gmt":"2015-12-06T09:43:58","slug":"yapitlari","status":"publish","type":"page","link":"https:\/\/www.oguztansel.org\/de\/yapitlari\/","title":{"rendered":"Werke"},"content":{"rendered":"<p><strong><b>Gedichte<\/b>:<\/strong><\/p>\n<p>Tansel, O\u011fuz (1953) <em>Savrulmay\u0131 Bekleyen Harman<\/em>, \u0130stanbul: Yeni Matbaa.<\/p>\n<p>Tansel, O\u011fuz (1962) <em>G\u00f6z\u00fcn\u00fc Sevdi\u011fim, <\/em>Ankara: Dost Yay\u0131nlar\u0131.<\/p>\n<p>Tansel, O\u011fuz (1986) <em>Sar\u0131k\u0131z Yolu, <\/em>Ankara: Yaz Yay\u0131nlar\u0131.<\/p>\n<p>Tansel, O\u011fuz ve M. Elo\u011flu (1970) <em>Bekta\u015fi Dedikleri <\/em>(desenler: Abidin Dino) \u0130stanbul: \u0130\u015f Bankas\u0131 K\u00fclt\u00fcr Yay\u0131nlar\u0131, (1977) \u0130stanbul: Sander Yay\u0131nlar\u0131, (1983) \u0130stanbul:\u00a0 Miyatro Yay\u0131nlar\u0131, (1995) \u0130stanbul: Adam Yay\u0131nlar\u0131, (2004, 2008) \u0130stanbul: Evrensel Bas\u0131m Yay\u0131n.<\/p>\n<p>Tansel, O\u011fuz (1999, 2006, 2013) <em>Da\u011f\u0131 \u00d6pmeler <\/em>(\u00f6l\u00fcm\u00fcnden sonra yay\u0131na haz\u0131rlayan: A. Tansel) \u0130stanbul: Yap\u0131 Kredi Yay\u0131nlar\u0131.<em>\u00a0<\/em><\/p>\n<p>Tansel, O\u011fuz (2005, 2013) <em>Mutluluk Pe\u015finde <\/em>(Se\u00e7me \u015eiirler), \u0130stanbul: Evrensel Bas\u0131m Yay\u0131n.<\/p>\n<p>Tansel, O\u011fuz (2011) <em>Zakkum \u00c7i\u00e7e\u011fi Tan Yerinde <\/em>(\u0130ngilizce-T\u00fcrk\u00e7e Antalya Dolaylar\u0131 Siirleri), Antalya: Suna-\u0130nan K\u0131ra\u00e7 Akdeniz Medeniyetleri Ara\u015ft\u0131rma Enstit\u00fcs\u00fc.<\/p>\n<p>Tansel, O\u011fuz (2012) <em>Masal D\u00fcnyas\u0131-World of Tales\u00a0 <\/em>(\u0130ngilizce-T\u00fcrk\u00e7e \u015eiirler), Ankara: Elips\u00a0Kitap.<\/p>\n<p><strong><b>Maerchen<\/b>:<\/strong><\/p>\n<p>Tansel, O\u011fuz (1959) <em>Alt\u0131 Karde\u015fler,<\/em> Ankara: Dost yay\u0131nlar\u0131, (2003) Ankara: MEB Yay\u0131nlar\u0131.(2011) \u0130stanbul: Yap\u0131 Kredi Yay\u0131nlar\u0131.<\/p>\n<p>Tansel, O\u011fuz \u00a0(1962) <em>Yedi Devler, <\/em>\u0130stanbul: Kutulmu\u015f Matbaas\u0131 Yay\u0131nevi \u00a0(2003) Ankara: MEB Yay\u0131nlar\u0131, (2011) \u0130stanbul: Yap\u0131 Kredi Yay\u0131nlar\u0131.<\/p>\n<p>Tansel, O\u011fuz (1963) <em>\u00dc\u00e7 K\u0131zlar,<\/em> Ankara: Dernek Yay\u0131nlar\u0131, (2003) Ankara: MEB Yay\u0131nlar\u0131,\u00a0( 2011) \u0130stanbul: Yap\u0131 Kredi Yay\u0131nlar\u0131.<\/p>\n<p>Tansel, O\u011fuz \u00a0(1966) <em>Mavi Gelin, <\/em>Ankara: Yaz Yay\u0131nlar\u0131, (2003) Ankara: MEB Yay\u0131nlar\u0131,\u00a0(2011) \u0130stanbul: Yap\u0131 Kredi Yay\u0131nlar\u0131.<\/p>\n<p>Tansel, O\u011fuz (1976) <em>Al\u2019l\u0131 ile F\u0131rf\u0131r\u0131, <\/em>2 Cilt, (1977 T\u00fcrk Dil Kurumu \u00f6d\u00fcl\u00fc ald\u0131), \u00a0\u0130stanbul: Yaz yay\u0131nlar\u0131, (2009, 2012) Ankara: Elips Kitap.<\/p>\n<p>Tansel, O\u011fuz, A. \u00d6zyal\u00e7\u0131ner ve di\u011ferleri<em>\u00a0 <\/em>(1979) <em>Bir de Varm\u0131\u015f \u0130ki de Varm\u0131\u015f, <\/em>\u0130stanbul: Boyut Yay\u0131n, (2006) \u0130stanbul: Boyut Yay\u0131n).<\/p>\n<p>Tansel, O\u011fuz (1985) <em>\u00c7obanla Bey K\u0131z\u0131, <\/em>Ankara: Yaz Yay\u0131nlar\u0131.<\/p>\n<p>Tansel, O\u011fuz (1985) <em>Konu\u015fan Bal\u0131kla Yaln\u0131z K\u0131z, <\/em>Ankara: Yaz Yay\u0131nlar\u0131.<\/p>","protected":false},"excerpt":{"rendered":"<p>Gedichte: Tansel, O\u011fuz (1953) Savrulmay\u0131 Bekleyen Harman, \u0130stanbul: Yeni Matbaa. Tansel, O\u011fuz (1962) G\u00f6z\u00fcn\u00fc Sevdi\u011fim, Ankara: Dost Yay\u0131nlar\u0131. Tansel, O\u011fuz (1986) Sar\u0131k\u0131z Yolu, Ankara: Yaz Yay\u0131nlar\u0131. Tansel, O\u011fuz ve M. Elo\u011flu (1970) Bekta\u015fi Dedikleri (desenler: Abidin Dino) \u0130stanbul: \u0130\u015f Bankas\u0131 K\u00fclt\u00fcr Yay\u0131nlar\u0131, (1977) \u0130stanbul: Sander Yay\u0131nlar\u0131, (1983) \u0130stanbul:\u00a0 Miyatro Yay\u0131nlar\u0131, (1995) \u0130stanbul: Adam Yay\u0131nlar\u0131, (2004, [&hellip;]<\/p>\n","protected":false},"author":1,"featured_media":0,"parent":0,"menu_order":0,"comment_status":"closed","ping_status":"open","template":"","meta":[],"_links":{"self":[{"href":"https:\/\/www.oguztansel.org\/de\/wp-json\/wp\/v2\/pages\/11856"}],"collection":[{"href":"https:\/\/www.oguztansel.org\/de\/wp-json\/wp\/v2\/pages"}],"about":[{"href":"https:\/\/www.oguztansel.org\/de\/wp-json\/wp\/v2\/types\/page"}],"author":[{"embeddable":true,"href":"https:\/\/www.oguztansel.org\/de\/wp-json\/wp\/v2\/users\/1"}],"replies":[{"embeddable":true,"href":"https:\/\/www.oguztansel.org\/de\/wp-json\/wp\/v2\/comments?post=11856"}],"version-history":[{"count":2,"href":"https:\/\/www.oguztansel.org\/de\/wp-json\/wp\/v2\/pages\/11856\/revisions"}],"predecessor-version":[{"id":11871,"href":"https:\/\/www.oguztansel.org\/de\/wp-json\/wp\/v2\/pages\/11856\/revisions\/11871"}],"wp:attachment":[{"href":"https:\/\/www.oguztansel.org\/de\/wp-json\/wp\/v2\/media?parent=11856"}],"curies":[{"name":"wp","href":"https:\/\/api.w.org\/{rel}","templated":true}]}}