{"id":13053,"date":"2016-07-13T10:51:12","date_gmt":"2016-07-13T07:51:12","guid":{"rendered":"http:\/\/www.oguztansel.org\/?page_id=13053"},"modified":"2016-07-13T10:51:12","modified_gmt":"2016-07-13T07:51:12","slug":"oguz-tansel-2017-cocuk-yazini-arastirma-odulu","status":"publish","type":"page","link":"https:\/\/www.oguztansel.org\/de\/oguz-tansel-2017-cocuk-yazini-arastirma-odulu\/","title":{"rendered":"Die Anfrage f\u00fcr den O\u011fuz Tansel 2017Kinder Literatur  Preis faengt an"},"content":{"rendered":"<p align=\"CENTER\"><span style=\"font-family: Arial, sans-serif;\"><b>O\u011eUZ TANSEL 2017 \u00c7OCUK YAZINI ARA\u015eTIRMA \u00d6D\u00dcL\u00dc<\/b><\/span><\/p>\n<p align=\"JUSTIFY\"><span style=\"font-family: Arial, sans-serif;\">\u00dc\u00e7 kanatl\u0131 masal ku\u015fu O\u011fuz Tansel \u00d6z T\u00fcrk\u00e7e \u2019ye olan tutku d\u00fczeyindeki sevgisiyle g\u00f6rkemli bir \u015fiir dili yaratm\u0131\u015ft\u0131r. 1940 ku\u015fa\u011f\u0131n\u0131n lirik ve \u00f6zg\u00fcn sesi, Sal\u00e2h Birsel\u2019in tan\u0131m\u0131yla: \u201cDo\u011fa vurgunu, da\u011flarda duman duman ormanlardan, karl\u0131 u\u00e7urumlarda mavi sabahlardan ge\u00e7ip giden\u201d O\u011fuz Tansel\u2019i an\u0131larda ya\u015fatmak, ki\u015fili\u011fini, d\u00fc\u015f\u00fcncelerini ve yap\u0131tlar\u0131n\u0131 gelecek ku\u015faklara aktarmak, gen\u00e7 ku\u015faklar\u0131n dil duyarl\u0131l\u0131\u011f\u0131n\u0131 art\u0131rmak, yaz\u0131nsal becerilerini de\u011ferlendirmek amac\u0131yla, O\u011eUZ TANSEL \u00c7OCUK YAZINI ARA\u015eTIRMA \u00d6D\u00dcL\u00dc verilecektir. \u00d6d\u00fcl, Folklor\/Edebiyat Dergisi, Troya Folklor Ara\u015ft\u0131rmalar\u0131 Derne\u011fi ve Ankara Ayd\u0131nl\u0131\u011f\u0131 Giri\u015fimi\u2019nin \u00e7abalar\u0131yla ger\u00e7ekle\u015ftirilmektedir.<\/span><\/p>\n<p align=\"JUSTIFY\"><span style=\"font-family: Arial, sans-serif;\">O\u011fuz Tansel, Halkbilimi \u00e7al\u0131\u015fmalar\u0131na masal derlemeleriyle 1930\u2019larda ba\u015flad\u0131. \u201cAl\u2019l\u0131 ile F\u0131rf\u0131r\u0131\u201d adl\u0131 masal kitab\u0131yla 1977\u2019de T\u00fcrk Dil Kurumu \u00c7ocuk Yaz\u0131n\u0131 \u00d6d\u00fcl\u00fcn\u00fc kazanan O\u011fuz Tansel\u2019in Alt\u0131 Karde\u015fler, Yedi Devler, \u00dc\u00e7 K\u0131zlar, Mavi Gelin, \u00c7obanla Bey K\u0131z\u0131, Konu\u015fan Bal\u0131kla Yaln\u0131z K\u0131z adl\u0131 masal kitaplar\u0131 ve Bekta\u015fi Dedikleri (Metin Elo\u011flu\u2019yla birlikte) adl\u0131 \u015fiirle\u015ftirilmi\u015f Bekta\u015fi f\u0131kralar\u0131 ve halkbilimi konulu makaleleri vard\u0131r. <\/span><\/p>\n<p align=\"JUSTIFY\"><span style=\"font-family: Arial, sans-serif;\"><b> \u00d6d\u00fcle kat\u0131l\u0131m ko\u015fullar\u0131: <\/b><\/span><\/p>\n<ol>\n<li>\n<p align=\"JUSTIFY\"><span style=\"font-family: Arial, sans-serif;\">\u00d6d\u00fcl 2017 y\u0131l\u0131nda T\u00fcrk \u00c7ocuk Yaz\u0131n\u0131 alan\u0131nda bir inceleme, ara\u015ft\u0131rma yap\u0131t\u0131na verilecektir. \u00d6d\u00fcle master, doktora \u00e7al\u0131\u015fmalar\u0131yla ba\u015fvurulabilir.<\/span><\/p>\n<\/li>\n<li>\n<p align=\"JUSTIFY\"><span style=\"font-family: Arial, sans-serif;\">\u00d6d\u00fcle aday yap\u0131t\u0131n 01.01. 2016 &#8211; 31.12.2016 tarihleri aras\u0131nda yay\u0131mlanm\u0131\u015f kitap ya da kitap oylumunda dosya olmas\u0131 gerekmektedir. <\/span><\/p>\n<\/li>\n<li>\n<p align=\"JUSTIFY\"><span style=\"font-family: Arial, sans-serif;\">\u00d6d\u00fcle son ba\u015fvuru tarihi 31.01.2017\u2019dir. (Postadaki olas\u0131 gecikmeden d\u00fczenleme kurulu sorumlu de\u011fildir.)<\/span><\/p>\n<\/li>\n<li>\n<p align=\"JUSTIFY\"><span style=\"font-family: Arial, sans-serif;\">\u00d6d\u00fcl, d\u00fczenleme kurulu ve se\u00e7ici kurul \u00fcyeleri d\u0131\u015f\u0131nda t\u00fcm kat\u0131l\u0131mc\u0131lara a\u00e7\u0131kt\u0131r.<\/span><\/p>\n<\/li>\n<li>\n<p align=\"JUSTIFY\"><span style=\"font-family: Arial, sans-serif;\">\u00d6d\u00fcl tek yap\u0131ta verilecektir.<\/span><\/p>\n<\/li>\n<li>\n<p align=\"JUSTIFY\"><span style=\"font-family: Arial, sans-serif;\">Yap\u0131t daha \u00f6nce yay\u0131mlanm\u0131\u015f ise 6 adet g\u00f6nderilmelidir. Daha \u00f6nce yay\u0131mlanmam\u0131\u015f yap\u0131tlar, A4 boyutunda ka\u011f\u0131da,12 punto ve 1,5 sat\u0131r aral\u0131\u011f\u0131yla bilgisayarda yaz\u0131lm\u0131\u015f 5 ayr\u0131 dosya bi\u00e7iminde d\u00fczenlenmi\u015f olarak posta ile g\u00f6nderilecektir.<\/span><\/p>\n<\/li>\n<li>\n<p align=\"JUSTIFY\"><span style=\"font-family: Arial, sans-serif;\">Kat\u0131l\u0131mc\u0131, k\u0131sa \u00f6zge\u00e7mi\u015f, ileti\u015fim bilgileri ve bir adet foto\u011fraf\u0131n\u0131n bulundu\u011fu ayr\u0131 bir zarf\u0131 yap\u0131t\u0131yla birlikte ula\u015ft\u0131racakt\u0131r.<\/span><\/p>\n<\/li>\n<li>\n<p align=\"JUSTIFY\"><span style=\"font-family: Arial, sans-serif;\">\u00d6d\u00fcl tutar\u0131 2.000 TL olarak belirlenmi\u015ftir.<\/span><\/p>\n<\/li>\n<li>\n<p align=\"JUSTIFY\"><span style=\"font-family: Arial, sans-serif;\">\u00d6d\u00fcle tek yap\u0131tla ba\u015fvurulmal\u0131d\u0131r.<\/span><\/p>\n<\/li>\n<li>\n<p align=\"JUSTIFY\"><span style=\"font-family: Arial, sans-serif;\">\u00d6d\u00fcle kat\u0131lmak i\u00e7in g\u00f6nderilen eserler iade edilmeyecektir<\/span><\/p>\n<\/li>\n<li>\n<p align=\"JUSTIFY\"><span style=\"font-family: Arial, sans-serif;\">\u00d6d\u00fcl t\u00f6reni 14 Nisan 2017 (Cuma) \u2019da Ankara\u2019da \u00c7ankaya Belediyesi \u00c7a\u011fda\u015f Sanatlar Merkezinde yap\u0131lacakt\u0131r. <\/span><\/p>\n<\/li>\n<li>\n<p align=\"JUSTIFY\"><span style=\"font-family: Arial, sans-serif;\">Se\u00e7ici kurul<\/span><span style=\"font-family: Arial, sans-serif;\"><b>, <\/b><\/span> <span style=\"font-family: Arial, sans-serif;\"><b>Prof. Dr. Cevat Geray, Prof. Dr. Sedat Sever, Prof. Dr. Medine Sivri, \u0130lhan G\u00fclek ve Metin Turan\u2019<\/b><\/span><span style=\"font-family: Arial, sans-serif;\">dan olu\u015fmaktad\u0131r.<\/span><\/p>\n<\/li>\n<li>\n<p align=\"JUSTIFY\"><span style=\"font-family: Arial, sans-serif;\">Ba\u015fvurular \u015fu adrese yap\u0131lacakt\u0131r: <\/span><span style=\"font-family: Arial, sans-serif;\"><b>O\u011eUZ TANSEL \u00c7OCUK YAZINI \u00d6D\u00dcL KURULU, Folklor\/Edebiyat Dergisi, Konur Sokak 36\/13, K\u0131z\u0131lay, 06650 Ankara<\/b><\/span><\/p>\n<\/li>\n<\/ol>\n<p><span style=\"font-family: Arial, sans-serif;\">Ayr\u0131nt\u0131l\u0131 bilgi i\u00e7in: <\/span><span style=\"color: #0000ff;\"><span style=\"text-decoration: underline;\"><a href=\"mailto:folkloredebiyat@gmail.com\"><span style=\"font-family: Arial, sans-serif;\">folkloredebiyat@gmail.com<\/span><\/a><\/span><\/span> <span style=\"color: #0000ff;\"><span style=\"text-decoration: underline;\"><a href=\"mailto:odultansel@gmail.com\"><span style=\"font-family: Arial, sans-serif;\">odultansel@gmail.com<\/span><\/a><\/span><\/span><\/p>\n<p><span style=\"font-family: Arial, sans-serif;\"><i><b>Oguztansel.org.tr<\/b><\/i><\/span><\/p>\n<p><span style=\"font-family: Arial, sans-serif;\"><b>Daha \u00f6nceki O\u011fuz Tansel Yaz\u0131n \u00d6d\u00fcllerini Kazananlar:<\/b><\/span><\/p>\n<p><span style=\"font-family: Arial, sans-serif;\"><b>2009 \u015eiir \u00d6d\u00fcl\u00fc: Erg\u00fcl \u00c7etin <\/b><\/span><span style=\"font-family: Arial, sans-serif;\">(\u00dclke Dilsiz kapan\u0131p Y\u00fcz\u00fcst\u00fc, Edebiyat ve Ele\u015ftiri Kitapl\u0131\u011f\u0131).<\/span><\/p>\n<p><span style=\"font-family: Arial, sans-serif;\"><b>2010 Halkbilim \u00d6d\u00fcl\u00fc: Melek \u00d6zlem Sezer <\/b><\/span><span style=\"font-family: Arial, sans-serif;\">(Masallar ve Toplumsal Cinsiyet, Evrensel Bas\u0131m Yay\u0131n).<\/span><\/p>\n<p><span style=\"font-family: Arial, sans-serif;\"><b>2011 \u00c7ocuk Yaz\u0131n\u0131 \u00d6d\u00fcl\u00fc: Ayfer G\u00fcrdal \u00dcnal <\/b><\/span><span style=\"font-family: Arial, sans-serif;\">(T\u00fcrk \u00c7ocuk Yaz\u0131n\u0131nda Engellilik, Evrensel Bas\u0131m Yay\u0131n).<\/span><\/p>\n<p><span style=\"font-family: Arial, sans-serif;\"><b>2012 Halkbilim \u00d6d\u00fcl\u00fc: G\u00fcls\u00fcm Cengiz <\/b><\/span><span style=\"font-family: Arial, sans-serif;\">(Kad\u0131nlar \u0130\u00e7in S\u00f6ylenmi\u015ftir, Evrensel Bas\u0131m Yay\u0131n).<\/span><\/p>\n<p><span style=\"font-family: Arial, sans-serif;\"><b>2013 \u015eiir \u00d6d\u00fcl\u00fc: \u0130hsan Top\u00e7u <\/b><\/span><span style=\"font-family: Arial, sans-serif;\">(Kalbinden Kan\u0131yor Zaman).<\/span><\/p>\n<p><span style=\"font-family: Arial, sans-serif;\"><b>2014 \u00c7ocuk Yaz\u0131n\u0131 \u00d6d\u00fcl\u00fc: Nilay Y\u0131lmaz <\/b><\/span><span style=\"font-family: Arial, sans-serif;\">(T\u00fcrk \u00c7ocuk Edebiyat\u0131 Kitaplar\u0131nda \u00c7ocuk Ger\u00e7ekli\u011fine Ele\u015ftirel Bir Bak\u0131\u015f).<\/span><\/p>\n<p align=\"JUSTIFY\"><span style=\"font-family: Arial, sans-serif;\"><b>2015<\/b><\/span> <span style=\"font-family: Arial, sans-serif;\"><b>Halkbilim \u00d6d\u00fcl\u00fc: M\u00fcmtaz F\u0131rat <\/b><\/span><span style=\"font-family: Arial, sans-serif;\">( Kaybolan \u0130zler).<\/span><\/p>\n<p align=\"JUSTIFY\"><span style=\"font-family: Arial, sans-serif;\"><b>2016 \u015eiir \u00d6d\u00fcl\u00fc: P\u0131nar Aka<\/b><\/span><span style=\"font-family: Arial, sans-serif;\"> (Tenhalar Teni).<\/span><\/p>\n","protected":false},"excerpt":{"rendered":"<p>O\u011eUZ TANSEL 2017 \u00c7OCUK YAZINI ARA\u015eTIRMA \u00d6D\u00dcL\u00dc \u00dc\u00e7 kanatl\u0131 masal ku\u015fu O\u011fuz Tansel \u00d6z T\u00fcrk\u00e7e \u2019ye olan tutku d\u00fczeyindeki sevgisiyle g\u00f6rkemli bir \u015fiir dili yaratm\u0131\u015ft\u0131r. 1940 ku\u015fa\u011f\u0131n\u0131n lirik ve \u00f6zg\u00fcn sesi, Sal\u00e2h Birsel\u2019in tan\u0131m\u0131yla: \u201cDo\u011fa vurgunu, da\u011flarda duman duman ormanlardan, karl\u0131 u\u00e7urumlarda mavi sabahlardan ge\u00e7ip giden\u201d O\u011fuz Tansel\u2019i an\u0131larda ya\u015fatmak, ki\u015fili\u011fini, d\u00fc\u015f\u00fcncelerini ve yap\u0131tlar\u0131n\u0131 gelecek [&hellip;]<\/p>\n","protected":false},"author":1,"featured_media":0,"parent":0,"menu_order":0,"comment_status":"closed","ping_status":"open","template":"","meta":[],"_links":{"self":[{"href":"https:\/\/www.oguztansel.org\/de\/wp-json\/wp\/v2\/pages\/13053"}],"collection":[{"href":"https:\/\/www.oguztansel.org\/de\/wp-json\/wp\/v2\/pages"}],"about":[{"href":"https:\/\/www.oguztansel.org\/de\/wp-json\/wp\/v2\/types\/page"}],"author":[{"embeddable":true,"href":"https:\/\/www.oguztansel.org\/de\/wp-json\/wp\/v2\/users\/1"}],"replies":[{"embeddable":true,"href":"https:\/\/www.oguztansel.org\/de\/wp-json\/wp\/v2\/comments?post=13053"}],"version-history":[{"count":1,"href":"https:\/\/www.oguztansel.org\/de\/wp-json\/wp\/v2\/pages\/13053\/revisions"}],"predecessor-version":[{"id":13054,"href":"https:\/\/www.oguztansel.org\/de\/wp-json\/wp\/v2\/pages\/13053\/revisions\/13054"}],"wp:attachment":[{"href":"https:\/\/www.oguztansel.org\/de\/wp-json\/wp\/v2\/media?parent=13053"}],"curies":[{"name":"wp","href":"https:\/\/api.w.org\/{rel}","templated":true}]}}