{"id":11792,"date":"2015-11-16T18:35:35","date_gmt":"2015-11-16T16:35:35","guid":{"rendered":"http:\/\/www.oguztansel.org\/?page_id=11792"},"modified":"2015-12-20T22:02:22","modified_gmt":"2015-12-20T20:02:22","slug":"oguz-tansel-yazin-odulu-hakkinda","status":"publish","type":"page","link":"https:\/\/www.oguztansel.org\/en\/oguz-tansel-yazin-odulu-hakkinda\/","title":{"rendered":"O\u011fuz Tansel Yaz\u0131n \u00d6d\u00fcl\u00fc Hakk\u0131nda"},"content":{"rendered":"<p class=\"qtranxs-available-languages-message qtranxs-available-languages-message-en\">Sorry, this entry is only available in <a href=\"https:\/\/www.oguztansel.org\/tr\/wp-json\/wp\/v2\/pages\/11792\" class=\"qtranxs-available-language-link qtranxs-available-language-link-tr\" title=\"T\u00fcrk\u00e7e\">Turkish<\/a>.<\/p>","protected":false},"excerpt":{"rendered":"<p>Sorry, this entry is only available in Turkish.<\/p>\n","protected":false},"author":1,"featured_media":0,"parent":0,"menu_order":0,"comment_status":"closed","ping_status":"closed","template":"","meta":[],"_links":{"self":[{"href":"https:\/\/www.oguztansel.org\/en\/wp-json\/wp\/v2\/pages\/11792"}],"collection":[{"href":"https:\/\/www.oguztansel.org\/en\/wp-json\/wp\/v2\/pages"}],"about":[{"href":"https:\/\/www.oguztansel.org\/en\/wp-json\/wp\/v2\/types\/page"}],"author":[{"embeddable":true,"href":"https:\/\/www.oguztansel.org\/en\/wp-json\/wp\/v2\/users\/1"}],"replies":[{"embeddable":true,"href":"https:\/\/www.oguztansel.org\/en\/wp-json\/wp\/v2\/comments?post=11792"}],"version-history":[{"count":3,"href":"https:\/\/www.oguztansel.org\/en\/wp-json\/wp\/v2\/pages\/11792\/revisions"}],"predecessor-version":[{"id":11935,"href":"https:\/\/www.oguztansel.org\/en\/wp-json\/wp\/v2\/pages\/11792\/revisions\/11935"}],"wp:attachment":[{"href":"https:\/\/www.oguztansel.org\/en\/wp-json\/wp\/v2\/media?parent=11792"}],"curies":[{"name":"wp","href":"https:\/\/api.w.org\/{rel}","templated":true}]}}