{"id":11804,"date":"2015-12-03T10:36:53","date_gmt":"2015-12-03T08:36:53","guid":{"rendered":"http:\/\/www.oguztansel.org\/?page_id=11804"},"modified":"2018-09-29T16:37:09","modified_gmt":"2018-09-29T13:37:09","slug":"siirleri","status":"publish","type":"page","link":"https:\/\/www.oguztansel.org\/en\/siirleri\/","title":{"rendered":"Poems"},"content":{"rendered":"<p><a href=\"http:\/\/www.oguztansel.org\/en\/coban-dugmesi\/\"><span style=\"font-family: Arial, sans-serif;\"><b>Shepherd\u2019s Bloom <\/b><\/span><\/a><span style=\"font-family: Arial, sans-serif;\">(written before 1940)<\/span><\/p>\n<p><a href=\"http:\/\/www.oguztansel.org\/en\/bildircin\/\"><span style=\"font-family: Arial, sans-serif;\"><b>Quail <\/b><\/span><\/a><span style=\"font-family: Arial, sans-serif;\">(written before 1940)<\/span><\/p>\n<p><a href=\"http:\/\/www.oguztansel.org\/en\/adamlar\/\"><span style=\"font-family: Arial, sans-serif;\"><b>Men <\/b><\/span><\/a><span style=\"font-family: Arial, sans-serif;\">(1953,<\/span><b> <\/b><span style=\"font-family: Arial, sans-serif;\">from <\/span><span style=\"font-family: Arial, sans-serif;\"><i>Savrulmay\u0131 Bekleyen Harman<\/i><\/span><span style=\"font-family: Arial, sans-serif;\">)<\/span><\/p>\n<p><a href=\"http:\/\/www.oguztansel.org\/en\/mayku-i\/\"><span style=\"font-family: Arial, sans-serif;\"><b>Mayku I <\/b><\/span><\/a><span style=\"font-family: Arial, sans-serif;\">(1953, from <\/span><span style=\"font-family: Arial, sans-serif;\"><i>Savrulmay\u0131 Bekleyen Harman<\/i><\/span><span style=\"font-family: Arial, sans-serif;\">)<\/span><\/p>\n<p><a href=\"http:\/\/www.oguztansel.org\/en\/salkim-sogut\/\"><span style=\"font-family: Arial, sans-serif;\"><b>Weeping Willow <\/b><\/span><\/a><span style=\"font-family: Arial, sans-serif;\">(1953, from <\/span><span style=\"font-family: Arial, sans-serif;\"><i>Savrulmay\u0131 Bekleyen Harman<\/i><\/span><span style=\"font-family: Arial, sans-serif;\">)<\/span><\/p>\n<p><a href=\"http:\/\/www.oguztansel.org\/en\/tutsagin-turkusu\/\"><span style=\"font-family: Arial, sans-serif;\"><b>Song of the Prisoner<\/b><\/span><\/a><span style=\"font-family: Arial, sans-serif;\"> (1953, from <\/span><span style=\"font-family: Arial, sans-serif;\"><i>Savrulmay\u0131 Bekleyen Harman<\/i><\/span><span style=\"font-family: Arial, sans-serif;\">)<\/span><\/p>\n<p><a href=\"http:\/\/www.oguztansel.org\/en\/mayis-yagmuru\/\"><span style=\"font-family: Arial, sans-serif;\"><b>May Rain <\/b><\/span><\/a><span style=\"font-family: Arial, sans-serif;\">(1953, from <\/span><span style=\"font-family: Arial, sans-serif;\"><i>Savrulmay\u0131 Bekleyen Harman<\/i><\/span><span style=\"font-family: Arial, sans-serif;\">)<\/span><\/p>\n<p><a href=\"http:\/\/www.oguztansel.org\/en\/mavu-bogaz\/\"><span style=\"font-family: Arial, sans-serif;\"><b>Blue Gorge<\/b><\/span><\/a><span style=\"font-family: Arial, sans-serif;\"> (1953, from <\/span><span style=\"font-family: Arial, sans-serif;\"><i>Savrulmay\u0131 Bekleyen Harman<\/i><\/span><span style=\"font-family: Arial, sans-serif;\">)<\/span><\/p>\n<p><span style=\"font-family: Arial, sans-serif;\"><b><a href=\"http:\/\/www.oguztansel.org\/en\/mutluluk-pesinde\/\">In Pursuit of Happiness<\/a> (<\/b><\/span><span style=\"font-family: Arial, sans-serif;\">1962, from <\/span><span style=\"font-family: Arial, sans-serif;\"><i>G\u00f6z\u00fcn\u00fc Sevdi\u011fim<\/i><\/span><span style=\"font-family: Arial, sans-serif;\"> )<\/span><\/p>\n<p><a href=\"http:\/\/www.oguztansel.org\/en\/cagri\/\"><span style=\"font-family: Arial, sans-serif;\"><b>Invitation I <\/b><\/span><\/a><span style=\"font-family: Arial, sans-serif;\">(1962, from <\/span><span style=\"font-family: Arial, sans-serif;\"><i>G\u00f6z\u00fcn\u00fc Sevdi\u011fim<\/i><\/span><span style=\"font-family: Arial, sans-serif;\"> )<\/span><\/p>\n<p><a href=\"http:\/\/www.oguztansel.org\/en\/cagri-ii\/\"><span style=\"font-family: Arial, sans-serif;\"><b>Invitation II <\/b><\/span><\/a><span style=\"font-family: Arial, sans-serif;\">(1962, from <\/span><span style=\"font-family: Arial, sans-serif;\"><i>G\u00f6z\u00fcn\u00fc Sevdi\u011fim<\/i><\/span><span style=\"font-family: Arial, sans-serif;\"> )<\/span><\/p>\n<p><a href=\"http:\/\/www.oguztansel.org\/en\/cocuklar-ii\/\"><span style=\"font-family: Arial, sans-serif;\"><b>Children II <\/b><\/span><\/a><span style=\"font-family: Arial, sans-serif;\">(1986, from <\/span><span style=\"font-family: Arial, sans-serif;\"><i>Sar\u0131k\u0131z Yolu<\/i><\/span><span style=\"font-family: Arial, sans-serif;\">)<\/span><\/p>\n<p><a href=\"http:\/\/www.oguztansel.org\/en\/antalya-viii\/\"><span style=\"font-family: Arial, sans-serif;\"><b>Antalya VIII <\/b><\/span><\/a><span style=\"font-family: Arial, sans-serif;\">(1999, from <\/span><span style=\"font-family: Arial, sans-serif;\"><i>Da\u011f\u0131 \u00d6pmeler <\/i><\/span><span style=\"font-family: Arial, sans-serif;\">)<\/span><\/p>\n<p><a href=\"http:\/\/www.oguztansel.org\/en\/bilitis-i\/\"><span style=\"font-family: Arial, sans-serif;\"><b>Bilitis I <\/b><\/span><span style=\"font-family: Arial, sans-serif;\">(1999, from <\/span><span style=\"font-family: Arial, sans-serif;\"><i>Da\u011f\u0131 \u00d6pmeler <\/i><\/span><span style=\"font-family: Arial, sans-serif;\">)<\/span><\/p>\n<p><a href=\"http:\/\/www.oguztansel.org\/en\/kindam-i\/\"><span style=\"font-family: Arial, sans-serif;\"><b>Dazzling Beauty (K\u0131ndam) I <\/b><\/span><\/a><span style=\"font-family: Arial, sans-serif;\">(1999, from <\/span><span style=\"font-family: Arial, sans-serif;\"><i>Da\u011f\u0131 \u00d6pmeler <\/i><\/span><span style=\"font-family: Arial, sans-serif;\">)<\/span><\/p>\n<p><a href=\"http:\/\/www.oguztansel.org\/en\/savasa-hayir\/\"><span style=\"font-family: Arial, sans-serif;\"><b>No to War <\/b><\/span><\/a><span style=\"font-family: Arial, sans-serif;\">(1999, from <\/span><span style=\"font-family: Arial, sans-serif;\"><i>Da\u011f\u0131 \u00d6pmeler <\/i><\/span><span style=\"font-family: Arial, sans-serif;\">)<\/span><\/p>\n<p><a href=\"http:\/\/www.oguztansel.org\/en\/usa-saygi\/\"><span style=\"font-family: Arial, sans-serif;\"><b>Respect for Reason <\/b><\/span><\/a><span style=\"font-family: Arial, sans-serif;\">(1999, from <\/span><span style=\"font-family: Arial, sans-serif;\"><i>Da\u011f\u0131 \u00d6pmeler <\/i><\/span><span style=\"font-family: Arial, sans-serif;\">)<\/span><\/p>\n<p><a href=\"http:\/\/www.oguztansel.org\/en\/bir-yanardag-ortadogu\/\"><span style=\"font-family: Arial, sans-serif;\"><b>The Middle East: A Volcano <\/b><\/span><\/a><span style=\"font-family: Arial, sans-serif;\">(1999, from <\/span><span style=\"font-family: Arial, sans-serif;\"><i>Da\u011f\u0131 \u00d6pmeler <\/i><\/span><span style=\"font-family: Arial, sans-serif;\">)<\/span><\/p>\n<p><a href=\"http:\/\/www.oguztansel.org\/en\/bilinc-isigi\/\"><span style=\"font-family: Arial, sans-serif;\"><b>The Light of Conscience <\/b><\/span><\/a><span style=\"font-family: Arial, sans-serif;\">(1999, from <\/span><span style=\"font-family: Arial, sans-serif;\"><i>Da\u011f\u0131 \u00d6pmeler <\/i><\/span><span style=\"font-family: Arial, sans-serif;\">)<\/span><\/p>\n<p><a href=\"http:\/\/www.oguztansel.org\/en\/uyanis\/\"><span style=\"font-family: Arial, sans-serif;\"><b>Awakening <\/b><\/span><\/a><span style=\"font-family: Arial, sans-serif;\">(1953, from <\/span><span style=\"font-family: Arial, sans-serif;\"><i>Savrulmay\u0131 Bekleyen Harman<\/i><\/span><span style=\"font-family: Arial, sans-serif;\">)<\/span><\/p>\n<p><a href=\"http:\/\/www.oguztansel.org\/en\/yol-1\/\"><span style=\"font-family: Arial, sans-serif;\"><b>Road 1 <\/b><\/span><\/a><span style=\"font-family: Arial, sans-serif;\">(1953, from <\/span><span style=\"font-family: Arial, sans-serif;\"><i>Savrulmay\u0131 Bekleyen Harman<\/i><\/span><span style=\"font-family: Arial, sans-serif;\">)<\/span><\/p>\n<p><a href=\"http:\/\/www.oguztansel.org\/en\/adamla-cocuk\/\"><span style=\"font-family: Arial, sans-serif;\"><b>A Man and the Child <\/b><\/span><\/a><span style=\"font-family: Arial, sans-serif;\">(1962, from <\/span><span style=\"font-family: Arial, sans-serif;\"><i>G\u00f6z\u00fcn\u00fc Sevdi\u011fim<\/i><\/span><span style=\"font-family: Arial, sans-serif;\">)<\/span><br \/>\n<\/p>","protected":false},"excerpt":{"rendered":"<p>Shepherd\u2019s Bloom (written before 1940) Quail (written before 1940) Men (1953, from Savrulmay\u0131 Bekleyen Harman) Mayku I (1953, from Savrulmay\u0131 Bekleyen Harman) Weeping Willow (1953, from Savrulmay\u0131 Bekleyen Harman) Song of the Prisoner (1953, from Savrulmay\u0131 Bekleyen Harman) May Rain (1953, from Savrulmay\u0131 Bekleyen Harman) Blue Gorge (1953, from Savrulmay\u0131 Bekleyen Harman) In Pursuit of [&hellip;]<\/p>\n","protected":false},"author":1,"featured_media":0,"parent":0,"menu_order":0,"comment_status":"open","ping_status":"open","template":"","meta":[],"_links":{"self":[{"href":"https:\/\/www.oguztansel.org\/en\/wp-json\/wp\/v2\/pages\/11804"}],"collection":[{"href":"https:\/\/www.oguztansel.org\/en\/wp-json\/wp\/v2\/pages"}],"about":[{"href":"https:\/\/www.oguztansel.org\/en\/wp-json\/wp\/v2\/types\/page"}],"author":[{"embeddable":true,"href":"https:\/\/www.oguztansel.org\/en\/wp-json\/wp\/v2\/users\/1"}],"replies":[{"embeddable":true,"href":"https:\/\/www.oguztansel.org\/en\/wp-json\/wp\/v2\/comments?post=11804"}],"version-history":[{"count":46,"href":"https:\/\/www.oguztansel.org\/en\/wp-json\/wp\/v2\/pages\/11804\/revisions"}],"predecessor-version":[{"id":13583,"href":"https:\/\/www.oguztansel.org\/en\/wp-json\/wp\/v2\/pages\/11804\/revisions\/13583"}],"wp:attachment":[{"href":"https:\/\/www.oguztansel.org\/en\/wp-json\/wp\/v2\/media?parent=11804"}],"curies":[{"name":"wp","href":"https:\/\/api.w.org\/{rel}","templated":true}]}}