{"id":11849,"date":"2015-12-03T13:45:54","date_gmt":"2015-12-03T11:45:54","guid":{"rendered":"http:\/\/www.oguztansel.org\/?page_id=11849"},"modified":"2017-03-20T10:42:27","modified_gmt":"2017-03-20T07:42:27","slug":"bilinc-isigi","status":"publish","type":"page","link":"https:\/\/www.oguztansel.org\/en\/bilinc-isigi\/","title":{"rendered":"THE LIGHT OF CONSCIENCE"},"content":{"rendered":"<p><a class=\"group1\" title=\"Orhan Taylan\" href=\"http:\/\/www.oguztansel.org\/wp-content\/uploads\/2015\/12\/bilin\u00e7-\u0131\u015f\u0131\u011f\u0131.jpg\"><img decoding=\"async\" loading=\"lazy\" class=\" size-medium wp-image-12995 alignright\" style=\"margin-right: 20%;\" src=\"http:\/\/www.oguztansel.org\/wp-content\/uploads\/2015\/12\/bilin\u00e7-\u0131\u015f\u0131\u011f\u0131.jpg\" alt=\"mutluluk pesinde\" width=\"196\" height=\"300\" \/><\/a><\/p>\n<div style=\"margin-left: 20%;\">\n<p style=\"text-align: left;\"><strong>THE LIGHT OF CONSCIENCE<\/strong><\/p>\n<p>Full with love are their hearts,<br \/>\nMy precious children of the world;<br \/>\nFrom the dough of essence of light,<br \/>\nIts leaven is brotherhood,<br \/>\nLet us make the everlasting bread of love;<br \/>\nTo serve the tables of the world.<br \/>\nThis conscience<br \/>\nTurns the bare mountain to a vineyard,<br \/>\nBecomes a sun in working hands.<br \/>\nThat fear of war and holocaust<br \/>\nMay never darken our sun again.<br \/>\nFreedom, peace, fraternity<br \/>\nThese are the fundamental, indestructible laws.<\/p>\n<p><strong>O\u011fuz Tansel<\/strong><br \/>\n<em>Translated by Aysit Tansel<br \/>\nWorld of Tales, Elips Kitap, 2012<\/em>\n<\/p>\n<\/div>\n<p><\/p>","protected":false},"excerpt":{"rendered":"<p>THE LIGHT OF CONSCIENCE Full with love are their hearts, My precious children of the world; From the dough of essence of light, Its leaven is brotherhood, Let us make the everlasting bread of love; To serve the tables of the world. This conscience Turns the bare mountain to a vineyard, Becomes a sun in [&hellip;]<\/p>\n","protected":false},"author":1,"featured_media":0,"parent":0,"menu_order":0,"comment_status":"closed","ping_status":"open","template":"","meta":[],"_links":{"self":[{"href":"https:\/\/www.oguztansel.org\/en\/wp-json\/wp\/v2\/pages\/11849"}],"collection":[{"href":"https:\/\/www.oguztansel.org\/en\/wp-json\/wp\/v2\/pages"}],"about":[{"href":"https:\/\/www.oguztansel.org\/en\/wp-json\/wp\/v2\/types\/page"}],"author":[{"embeddable":true,"href":"https:\/\/www.oguztansel.org\/en\/wp-json\/wp\/v2\/users\/1"}],"replies":[{"embeddable":true,"href":"https:\/\/www.oguztansel.org\/en\/wp-json\/wp\/v2\/comments?post=11849"}],"version-history":[{"count":7,"href":"https:\/\/www.oguztansel.org\/en\/wp-json\/wp\/v2\/pages\/11849\/revisions"}],"predecessor-version":[{"id":13369,"href":"https:\/\/www.oguztansel.org\/en\/wp-json\/wp\/v2\/pages\/11849\/revisions\/13369"}],"wp:attachment":[{"href":"https:\/\/www.oguztansel.org\/en\/wp-json\/wp\/v2\/media?parent=11849"}],"curies":[{"name":"wp","href":"https:\/\/api.w.org\/{rel}","templated":true}]}}