{"id":13638,"date":"2019-10-26T21:52:50","date_gmt":"2019-10-26T18:52:50","guid":{"rendered":"http:\/\/www.oguztansel.org\/?page_id=13638"},"modified":"2019-10-26T21:52:50","modified_gmt":"2019-10-26T18:52:50","slug":"haylaz-ogrenci","status":"publish","type":"page","link":"https:\/\/www.oguztansel.org\/en\/haylaz-ogrenci\/","title":{"rendered":"HAYLAZ \u00d6\u011eRENC\u0130"},"content":{"rendered":"<p class=\"qtranxs-available-languages-message qtranxs-available-languages-message-en\">Sorry, this entry is only available in <a href=\"https:\/\/www.oguztansel.org\/tr\/wp-json\/wp\/v2\/pages\/13638\" class=\"qtranxs-available-language-link qtranxs-available-language-link-tr\" title=\"T\u00fcrk\u00e7e\">Turkish<\/a>.<\/p>","protected":false},"excerpt":{"rendered":"<p>Sorry, this entry is only available in Turkish.<\/p>\n","protected":false},"author":1,"featured_media":0,"parent":0,"menu_order":0,"comment_status":"closed","ping_status":"closed","template":"","meta":[],"_links":{"self":[{"href":"https:\/\/www.oguztansel.org\/en\/wp-json\/wp\/v2\/pages\/13638"}],"collection":[{"href":"https:\/\/www.oguztansel.org\/en\/wp-json\/wp\/v2\/pages"}],"about":[{"href":"https:\/\/www.oguztansel.org\/en\/wp-json\/wp\/v2\/types\/page"}],"author":[{"embeddable":true,"href":"https:\/\/www.oguztansel.org\/en\/wp-json\/wp\/v2\/users\/1"}],"replies":[{"embeddable":true,"href":"https:\/\/www.oguztansel.org\/en\/wp-json\/wp\/v2\/comments?post=13638"}],"version-history":[{"count":1,"href":"https:\/\/www.oguztansel.org\/en\/wp-json\/wp\/v2\/pages\/13638\/revisions"}],"predecessor-version":[{"id":13639,"href":"https:\/\/www.oguztansel.org\/en\/wp-json\/wp\/v2\/pages\/13638\/revisions\/13639"}],"wp:attachment":[{"href":"https:\/\/www.oguztansel.org\/en\/wp-json\/wp\/v2\/media?parent=13638"}],"curies":[{"name":"wp","href":"https:\/\/api.w.org\/{rel}","templated":true}]}}